{"id":6491,"date":"2020-09-10T13:28:07","date_gmt":"2020-09-10T13:28:07","guid":{"rendered":"http:\/\/www.recinzionipvc.com\/accessoires\/"},"modified":"2020-11-18T10:24:28","modified_gmt":"2020-11-18T08:24:28","slug":"accessoires-pour-clotures-en-pvc","status":"publish","type":"page","link":"https:\/\/recinzionipvc.com\/fr\/accessoires-pour-clotures-en-pvc\/","title":{"rendered":"Accessoires"},"content":{"rendered":"<div class=\"fusion-fullwidth fullwidth-box fusion-builder-row-1 nonhundred-percent-fullwidth non-hundred-percent-height-scrolling\" style=\"background-color: rgba(255,255,255,0);background-position: center center;background-repeat: no-repeat;padding-top:0px;padding-right:0px;padding-bottom:0px;padding-left:0px;margin-bottom: 0px;margin-top: 0px;border-width: 0px 0px 0px 0px;border-color:#eae9e9;border-style:solid;\" ><div class=\"fusion-builder-row fusion-row\"><div class=\"fusion-layout-column fusion_builder_column fusion-builder-column-0 fusion_builder_column_1_2 1_2 fusion-one-half fusion-column-first\" style=\"width:50%;width:calc(50% - ( ( 4% ) * 0.5 ) );margin-right: 4%;margin-top:0px;margin-bottom:20px;\"><div class=\"fusion-column-wrapper fusion-flex-column-wrapper-legacy\" style=\"background-position:left top;background-repeat:no-repeat;-webkit-background-size:cover;-moz-background-size:cover;-o-background-size:cover;background-size:cover;padding: 0px 0px 0px 0px;\"><div class=\"fusion-text fusion-text-1\"><h1 id=\"tw-target-text\" class=\"tw-data-text tw-text-large XcVN5d tw-ta\" dir=\"ltr\" data-placeholder=\"Traduzione\"><em><span lang=\"fr\">Accessoires pour cl\u00f4tures en PVC<\/span><\/em><\/h1>\n<p id=\"tw-target-text\" class=\"tw-data-text tw-text-large XcVN5d tw-ta\" dir=\"ltr\" data-placeholder=\"Traduzione\"><span lang=\"fr\">Sur cette page, vous trouverez tous les <strong><em>accessoires<\/em> <\/strong>dont vous avez besoin pour pouvoir construire votre propre<em><strong> cl\u00f4ture PVC<\/strong><\/em> en totale autonomie. Vous trouverez alors toutes les <strong><em>pi\u00e8ces<\/em> <\/strong>n\u00e9cessaires pour chaque <em><strong>mod\u00e8le<\/strong><\/em>, qui poss\u00e8de ses propres <strong><em>poteaux<\/em> <\/strong>et <em><strong>portails<\/strong><\/em>; les <strong><em>chapiteaux<\/em><\/strong>, par contre, peuvent \u00eatre mont\u00e9s sur tous les <em><strong>mod\u00e8les<\/strong><\/em>, \u00e0 l&rsquo;exception de la famille Horse \u00e0 laquelle on attribue uniquement le <em><strong>chapiteau<\/strong> <\/em>External Cap <\/span><\/p>\n<p class=\"tw-data-text tw-text-large XcVN5d tw-ta\" dir=\"ltr\" data-placeholder=\"Traduzione\"><span lang=\"fr\">ATTENTION: les poteaux, sur une partie centrale, qui ne sont pas du m\u00eame <em><strong>mod\u00e8le<\/strong> <\/em>ne peuvent pas \u00eatre mont\u00e9s. Les <em><strong>accessoires pour les portails<\/strong><\/em>, par contre, sont \u00e9galement vendus s\u00e9par\u00e9ment et se distinguent selon la fermeture: <em><strong>\u00e9lectrifiable<\/strong> <\/em>ou <em><strong>manuelle<\/strong><\/em>. Pour toute information ou clarification, nous sommes disponibles par email: info@recinzionipvc.com ou au 0174\/681492<\/span><\/p>\n<\/div><div class=\"fusion-clearfix\"><\/div><\/div><\/div><div class=\"fusion-layout-column fusion_builder_column fusion-builder-column-1 fusion_builder_column_1_3 1_3 fusion-one-third fusion-column-last\" style=\"width:33.333333333333%;width:calc(33.333333333333% - ( ( 4% ) * 0.33333333333333 ) );margin-top:0px;margin-bottom:20px;\"><div class=\"fusion-column-wrapper fusion-flex-column-wrapper-legacy\" style=\"background-position:left top;background-repeat:no-repeat;-webkit-background-size:cover;-moz-background-size:cover;-o-background-size:cover;background-size:cover;padding: 0px 0px 0px 0px;\"><div class=\"fusion-image-carousel fusion-image-carousel-auto lightbox-enabled\"><div class=\"fusion-carousel\" data-autoplay=\"yes\" data-columns=\"1\" data-itemmargin=\"13\" data-itemwidth=\"180\" data-touchscroll=\"no\" data-imagesize=\"auto\"><div class=\"fusion-carousel-positioner\"><ul class=\"fusion-carousel-holder\"><li class=\"fusion-carousel-item\"><div class=\"fusion-carousel-item-wrapper\"><div class=\"fusion-image-wrapper hover-type-none\"><a data-rel=\"iLightbox[image_carousel_1]\" data-title=\"Modello Vienna, FC5\" aria-label=\"Modello Vienna, FC5\" href=\"\/?page_id=4341\" target=\"_self\"><img loading=\"lazy\" decoding=\"async\" width=\"2560\" height=\"1440\" src=\"https:\/\/recinzionipvc.com\/wp-content\/uploads\/2019\/05\/Vienna_FC5_06-Trasparente-scaled.jpg\" class=\"attachment-full size-full lazyload\" alt=\"\" srcset=\"data:image\/svg+xml,%3Csvg%20xmlns%3D%27http%3A%2F%2Fwww.w3.org%2F2000%2Fsvg%27%20width%3D%272560%27%20height%3D%271440%27%20viewBox%3D%270%200%202560%201440%27%3E%3Crect%20width%3D%272560%27%20height%3D%2731440%27%20fill-opacity%3D%220%22%2F%3E%3C%2Fsvg%3E\" data-orig-src=\"https:\/\/recinzionipvc.com\/wp-content\/uploads\/2019\/05\/Vienna_FC5_06-Trasparente-scaled.jpg\" data-srcset=\"https:\/\/recinzionipvc.com\/wp-content\/uploads\/2019\/05\/Vienna_FC5_06-Trasparente-200x113.jpg 200w, https:\/\/recinzionipvc.com\/wp-content\/uploads\/2019\/05\/Vienna_FC5_06-Trasparente-300x169.jpg 300w, https:\/\/recinzionipvc.com\/wp-content\/uploads\/2019\/05\/Vienna_FC5_06-Trasparente-400x225.jpg 400w, https:\/\/recinzionipvc.com\/wp-content\/uploads\/2019\/05\/Vienna_FC5_06-Trasparente-500x281.jpg 500w, https:\/\/recinzionipvc.com\/wp-content\/uploads\/2019\/05\/Vienna_FC5_06-Trasparente-600x338.jpg 600w, https:\/\/recinzionipvc.com\/wp-content\/uploads\/2019\/05\/Vienna_FC5_06-Trasparente-700x394.jpg 700w, https:\/\/recinzionipvc.com\/wp-content\/uploads\/2019\/05\/Vienna_FC5_06-Trasparente-768x432.jpg 768w, https:\/\/recinzionipvc.com\/wp-content\/uploads\/2019\/05\/Vienna_FC5_06-Trasparente-800x450.jpg 800w, https:\/\/recinzionipvc.com\/wp-content\/uploads\/2019\/05\/Vienna_FC5_06-Trasparente-1024x576.jpg 1024w, https:\/\/recinzionipvc.com\/wp-content\/uploads\/2019\/05\/Vienna_FC5_06-Trasparente-1200x675.jpg 1200w, https:\/\/recinzionipvc.com\/wp-content\/uploads\/2019\/05\/Vienna_FC5_06-Trasparente-1536x864.jpg 1536w, https:\/\/recinzionipvc.com\/wp-content\/uploads\/2019\/05\/Vienna_FC5_06-Trasparente-scaled.jpg 2560w\" data-sizes=\"auto\" \/><\/a><\/div><\/div><\/li><li class=\"fusion-carousel-item\"><div class=\"fusion-carousel-item-wrapper\"><div class=\"fusion-image-wrapper hover-type-none\"><a data-rel=\"iLightbox[image_carousel_1]\" data-title=\"palo continuazione\" aria-label=\"palo continuazione\" href=\"https:\/\/www.recinzionipvc.com\/wp-content\/uploads\/2019\/06\/palo-continuazione-e1566984613547.png\" target=\"_self\"><img loading=\"lazy\" decoding=\"async\" width=\"125\" height=\"132\" src=\"data:image\/svg+xml,%3Csvg%20xmlns%3D%27http%3A%2F%2Fwww.w3.org%2F2000%2Fsvg%27%20width%3D%27125%27%20height%3D%27132%27%20viewBox%3D%270%200%20125%20132%27%3E%3Crect%20width%3D%27125%27%20height%3D%273132%27%20fill-opacity%3D%220%22%2F%3E%3C%2Fsvg%3E\" class=\"attachment-full size-full lazyload\" alt=\"\" data-orig-src=\"https:\/\/recinzionipvc.com\/wp-content\/uploads\/2019\/06\/palo-continuazione-e1566984613547.png\" \/><\/a><\/div><\/div><\/li><li class=\"fusion-carousel-item\"><div class=\"fusion-carousel-item-wrapper\"><div class=\"fusion-image-wrapper hover-type-none\"><a data-rel=\"iLightbox[image_carousel_1]\" href=\"https:\/\/www.recinzionipvc.com\/recinzione-pvc\/capitello-external-cap\/\" target=\"_self\"><img loading=\"lazy\" decoding=\"async\" width=\"125\" height=\"125\" src=\"https:\/\/recinzionipvc.com\/wp-content\/uploads\/2019\/07\/capitello_external_cap.png\" class=\"attachment-full size-full lazyload\" alt=\"\" srcset=\"data:image\/svg+xml,%3Csvg%20xmlns%3D%27http%3A%2F%2Fwww.w3.org%2F2000%2Fsvg%27%20width%3D%27125%27%20height%3D%27125%27%20viewBox%3D%270%200%20125%20125%27%3E%3Crect%20width%3D%27125%27%20height%3D%273125%27%20fill-opacity%3D%220%22%2F%3E%3C%2Fsvg%3E\" data-orig-src=\"https:\/\/recinzionipvc.com\/wp-content\/uploads\/2019\/07\/capitello_external_cap.png\" data-srcset=\"https:\/\/recinzionipvc.com\/wp-content\/uploads\/2019\/07\/capitello_external_cap-66x66.png 66w, https:\/\/recinzionipvc.com\/wp-content\/uploads\/2019\/07\/capitello_external_cap-100x100.png 100w, https:\/\/recinzionipvc.com\/wp-content\/uploads\/2019\/07\/capitello_external_cap.png 125w\" data-sizes=\"auto\" \/><\/a><\/div><\/div><\/li><li class=\"fusion-carousel-item\"><div class=\"fusion-carousel-item-wrapper\"><div class=\"fusion-image-wrapper hover-type-none\"><a data-rel=\"iLightbox[image_carousel_1]\" data-title=\"Stoccolma_DoppiaAnta_FD3_Grigio\" aria-label=\"Stoccolma_DoppiaAnta_FD3_Grigio\" href=\"https:\/\/www.recinzionipvc.com\/recinzione-pvc\/cancello-doppia-anta-recinzione-stoccolma\/\" target=\"_self\"><img loading=\"lazy\" decoding=\"async\" width=\"2560\" height=\"1440\" src=\"https:\/\/recinzionipvc.com\/wp-content\/uploads\/2019\/12\/DoppiaAnta_FD3_Grigio-scaled.jpg\" class=\"attachment-full size-full lazyload\" alt=\"\" srcset=\"data:image\/svg+xml,%3Csvg%20xmlns%3D%27http%3A%2F%2Fwww.w3.org%2F2000%2Fsvg%27%20width%3D%272560%27%20height%3D%271440%27%20viewBox%3D%270%200%202560%201440%27%3E%3Crect%20width%3D%272560%27%20height%3D%2731440%27%20fill-opacity%3D%220%22%2F%3E%3C%2Fsvg%3E\" data-orig-src=\"https:\/\/recinzionipvc.com\/wp-content\/uploads\/2019\/12\/DoppiaAnta_FD3_Grigio-scaled.jpg\" data-srcset=\"https:\/\/recinzionipvc.com\/wp-content\/uploads\/2019\/12\/DoppiaAnta_FD3_Grigio-200x113.jpg 200w, https:\/\/recinzionipvc.com\/wp-content\/uploads\/2019\/12\/DoppiaAnta_FD3_Grigio-300x169.jpg 300w, https:\/\/recinzionipvc.com\/wp-content\/uploads\/2019\/12\/DoppiaAnta_FD3_Grigio-400x225.jpg 400w, https:\/\/recinzionipvc.com\/wp-content\/uploads\/2019\/12\/DoppiaAnta_FD3_Grigio-500x281.jpg 500w, https:\/\/recinzionipvc.com\/wp-content\/uploads\/2019\/12\/DoppiaAnta_FD3_Grigio-600x338.jpg 600w, https:\/\/recinzionipvc.com\/wp-content\/uploads\/2019\/12\/DoppiaAnta_FD3_Grigio-700x394.jpg 700w, https:\/\/recinzionipvc.com\/wp-content\/uploads\/2019\/12\/DoppiaAnta_FD3_Grigio-768x432.jpg 768w, https:\/\/recinzionipvc.com\/wp-content\/uploads\/2019\/12\/DoppiaAnta_FD3_Grigio-800x450.jpg 800w, https:\/\/recinzionipvc.com\/wp-content\/uploads\/2019\/12\/DoppiaAnta_FD3_Grigio-1024x576.jpg 1024w, https:\/\/recinzionipvc.com\/wp-content\/uploads\/2019\/12\/DoppiaAnta_FD3_Grigio-1200x675.jpg 1200w, https:\/\/recinzionipvc.com\/wp-content\/uploads\/2019\/12\/DoppiaAnta_FD3_Grigio-1536x864.jpg 1536w, https:\/\/recinzionipvc.com\/wp-content\/uploads\/2019\/12\/DoppiaAnta_FD3_Grigio-scaled.jpg 2560w\" data-sizes=\"auto\" \/><\/a><\/div><\/div><\/li><li class=\"fusion-carousel-item\"><div class=\"fusion-carousel-item-wrapper\"><div class=\"fusion-image-wrapper hover-type-none\"><a data-rel=\"iLightbox[image_carousel_1]\" data-title=\"Chiusura elettrificabile_cancello\" aria-label=\"Chiusura elettrificabile_cancello\" href=\"https:\/\/www.recinzionipvc.com\/recinzione-pvc\/chiusura-elettrificabile\/\" target=\"_self\"><img loading=\"lazy\" decoding=\"async\" width=\"395\" height=\"395\" src=\"https:\/\/recinzionipvc.com\/wp-content\/uploads\/2019\/08\/cisa-elettrica.png\" class=\"attachment-full size-full lazyload\" alt=\"\" srcset=\"data:image\/svg+xml,%3Csvg%20xmlns%3D%27http%3A%2F%2Fwww.w3.org%2F2000%2Fsvg%27%20width%3D%27395%27%20height%3D%27395%27%20viewBox%3D%270%200%20395%20395%27%3E%3Crect%20width%3D%27395%27%20height%3D%273395%27%20fill-opacity%3D%220%22%2F%3E%3C%2Fsvg%3E\" data-orig-src=\"https:\/\/recinzionipvc.com\/wp-content\/uploads\/2019\/08\/cisa-elettrica.png\" data-srcset=\"https:\/\/recinzionipvc.com\/wp-content\/uploads\/2019\/08\/cisa-elettrica-66x66.png 66w, https:\/\/recinzionipvc.com\/wp-content\/uploads\/2019\/08\/cisa-elettrica-100x100.png 100w, https:\/\/recinzionipvc.com\/wp-content\/uploads\/2019\/08\/cisa-elettrica-150x150.png 150w, https:\/\/recinzionipvc.com\/wp-content\/uploads\/2019\/08\/cisa-elettrica-200x200.png 200w, https:\/\/recinzionipvc.com\/wp-content\/uploads\/2019\/08\/cisa-elettrica-300x300.png 300w, https:\/\/recinzionipvc.com\/wp-content\/uploads\/2019\/08\/cisa-elettrica.png 395w\" data-sizes=\"auto\" \/><\/a><\/div><\/div><\/li><\/ul><div class=\"fusion-carousel-nav\"><span class=\"fusion-nav-prev\"><\/span><span class=\"fusion-nav-next\"><\/span><\/div><\/div><\/div><\/div><div class=\"fusion-clearfix\"><\/div><\/div><\/div><\/div><\/div>","protected":false},"excerpt":{"rendered":"","protected":false},"author":3,"featured_media":0,"parent":0,"menu_order":0,"comment_status":"closed","ping_status":"closed","template":"","meta":{"footnotes":""},"yoast_head":"<!-- This site is optimized with the Yoast SEO plugin v22.4 - https:\/\/yoast.com\/wordpress\/plugins\/seo\/ -->\n<title>Accessoires pour cl\u00f4tures en PVC<\/title>\n<meta name=\"description\" content=\"Sur cette page, vous trouverez tous les accessoires dont vous avez besoin pour pouvoir construire votre propre Cl\u00f4ture PVC en totale autonomie.\" \/>\n<meta name=\"robots\" content=\"index, follow, max-snippet:-1, max-image-preview:large, max-video-preview:-1\" \/>\n<link rel=\"canonical\" href=\"https:\/\/recinzionipvc.com\/fr\/accessoires-pour-clotures-en-pvc\/\" \/>\n<meta property=\"og:locale\" content=\"fr_FR\" \/>\n<meta property=\"og:type\" content=\"article\" \/>\n<meta property=\"og:title\" content=\"Accessoires pour cl\u00f4tures en PVC\" \/>\n<meta property=\"og:description\" content=\"Sur cette page, vous trouverez tous les accessoires dont vous avez besoin pour pouvoir construire votre propre Cl\u00f4ture PVC en totale autonomie.\" \/>\n<meta property=\"og:url\" content=\"https:\/\/recinzionipvc.com\/fr\/accessoires-pour-clotures-en-pvc\/\" \/>\n<meta property=\"og:site_name\" content=\"Recinzioni PVC\" \/>\n<meta property=\"article:publisher\" content=\"https:\/\/www.facebook.com\/ZucchiRecinzioniPVC\" \/>\n<meta property=\"article:modified_time\" content=\"2020-11-18T08:24:28+00:00\" \/>\n<meta name=\"twitter:card\" content=\"summary_large_image\" \/>\n<meta name=\"twitter:label1\" content=\"Dur\u00e9e de lecture estim\u00e9e\" \/>\n\t<meta name=\"twitter:data1\" content=\"4 minutes\" \/>\n<script type=\"application\/ld+json\" class=\"yoast-schema-graph\">{\"@context\":\"https:\/\/schema.org\",\"@graph\":[{\"@type\":\"WebPage\",\"@id\":\"https:\/\/recinzionipvc.com\/fr\/accessoires-pour-clotures-en-pvc\/\",\"url\":\"https:\/\/recinzionipvc.com\/fr\/accessoires-pour-clotures-en-pvc\/\",\"name\":\"Accessoires pour cl\u00f4tures en PVC\",\"isPartOf\":{\"@id\":\"https:\/\/recinzionipvc.com\/it\/#website\"},\"datePublished\":\"2020-09-10T13:28:07+00:00\",\"dateModified\":\"2020-11-18T08:24:28+00:00\",\"description\":\"Sur cette page, vous trouverez tous les accessoires dont vous avez besoin pour pouvoir construire votre propre Cl\u00f4ture PVC en totale autonomie.\",\"breadcrumb\":{\"@id\":\"https:\/\/recinzionipvc.com\/fr\/accessoires-pour-clotures-en-pvc\/#breadcrumb\"},\"inLanguage\":\"fr-FR\",\"potentialAction\":[{\"@type\":\"ReadAction\",\"target\":[\"https:\/\/recinzionipvc.com\/fr\/accessoires-pour-clotures-en-pvc\/\"]}]},{\"@type\":\"BreadcrumbList\",\"@id\":\"https:\/\/recinzionipvc.com\/fr\/accessoires-pour-clotures-en-pvc\/#breadcrumb\",\"itemListElement\":[{\"@type\":\"ListItem\",\"position\":1,\"name\":\"Home\",\"item\":\"https:\/\/recinzionipvc.com\/fr\/\"},{\"@type\":\"ListItem\",\"position\":2,\"name\":\"Accessoires\"}]},{\"@type\":\"WebSite\",\"@id\":\"https:\/\/recinzionipvc.com\/it\/#website\",\"url\":\"https:\/\/recinzionipvc.com\/it\/\",\"name\":\"Recinzioni PVC\",\"description\":\"La tua prossima recinzione, direttamente creata da te!\",\"potentialAction\":[{\"@type\":\"SearchAction\",\"target\":{\"@type\":\"EntryPoint\",\"urlTemplate\":\"https:\/\/recinzionipvc.com\/it\/?s={search_term_string}\"},\"query-input\":\"required name=search_term_string\"}],\"inLanguage\":\"fr-FR\"}]}<\/script>\n<!-- \/ Yoast SEO plugin. -->","yoast_head_json":{"title":"Accessoires pour cl\u00f4tures en PVC","description":"Sur cette page, vous trouverez tous les accessoires dont vous avez besoin pour pouvoir construire votre propre Cl\u00f4ture PVC en totale autonomie.","robots":{"index":"index","follow":"follow","max-snippet":"max-snippet:-1","max-image-preview":"max-image-preview:large","max-video-preview":"max-video-preview:-1"},"canonical":"https:\/\/recinzionipvc.com\/fr\/accessoires-pour-clotures-en-pvc\/","og_locale":"fr_FR","og_type":"article","og_title":"Accessoires pour cl\u00f4tures en PVC","og_description":"Sur cette page, vous trouverez tous les accessoires dont vous avez besoin pour pouvoir construire votre propre Cl\u00f4ture PVC en totale autonomie.","og_url":"https:\/\/recinzionipvc.com\/fr\/accessoires-pour-clotures-en-pvc\/","og_site_name":"Recinzioni PVC","article_publisher":"https:\/\/www.facebook.com\/ZucchiRecinzioniPVC","article_modified_time":"2020-11-18T08:24:28+00:00","twitter_card":"summary_large_image","twitter_misc":{"Dur\u00e9e de lecture estim\u00e9e":"4 minutes"},"schema":{"@context":"https:\/\/schema.org","@graph":[{"@type":"WebPage","@id":"https:\/\/recinzionipvc.com\/fr\/accessoires-pour-clotures-en-pvc\/","url":"https:\/\/recinzionipvc.com\/fr\/accessoires-pour-clotures-en-pvc\/","name":"Accessoires pour cl\u00f4tures en PVC","isPartOf":{"@id":"https:\/\/recinzionipvc.com\/it\/#website"},"datePublished":"2020-09-10T13:28:07+00:00","dateModified":"2020-11-18T08:24:28+00:00","description":"Sur cette page, vous trouverez tous les accessoires dont vous avez besoin pour pouvoir construire votre propre Cl\u00f4ture PVC en totale autonomie.","breadcrumb":{"@id":"https:\/\/recinzionipvc.com\/fr\/accessoires-pour-clotures-en-pvc\/#breadcrumb"},"inLanguage":"fr-FR","potentialAction":[{"@type":"ReadAction","target":["https:\/\/recinzionipvc.com\/fr\/accessoires-pour-clotures-en-pvc\/"]}]},{"@type":"BreadcrumbList","@id":"https:\/\/recinzionipvc.com\/fr\/accessoires-pour-clotures-en-pvc\/#breadcrumb","itemListElement":[{"@type":"ListItem","position":1,"name":"Home","item":"https:\/\/recinzionipvc.com\/fr\/"},{"@type":"ListItem","position":2,"name":"Accessoires"}]},{"@type":"WebSite","@id":"https:\/\/recinzionipvc.com\/it\/#website","url":"https:\/\/recinzionipvc.com\/it\/","name":"Recinzioni PVC","description":"La tua prossima recinzione, direttamente creata da te!","potentialAction":[{"@type":"SearchAction","target":{"@type":"EntryPoint","urlTemplate":"https:\/\/recinzionipvc.com\/it\/?s={search_term_string}"},"query-input":"required name=search_term_string"}],"inLanguage":"fr-FR"}]}},"_links":{"self":[{"href":"https:\/\/recinzionipvc.com\/fr\/wp-json\/wp\/v2\/pages\/6491"}],"collection":[{"href":"https:\/\/recinzionipvc.com\/fr\/wp-json\/wp\/v2\/pages"}],"about":[{"href":"https:\/\/recinzionipvc.com\/fr\/wp-json\/wp\/v2\/types\/page"}],"author":[{"embeddable":true,"href":"https:\/\/recinzionipvc.com\/fr\/wp-json\/wp\/v2\/users\/3"}],"replies":[{"embeddable":true,"href":"https:\/\/recinzionipvc.com\/fr\/wp-json\/wp\/v2\/comments?post=6491"}],"version-history":[{"count":7,"href":"https:\/\/recinzionipvc.com\/fr\/wp-json\/wp\/v2\/pages\/6491\/revisions"}],"predecessor-version":[{"id":11467,"href":"https:\/\/recinzionipvc.com\/fr\/wp-json\/wp\/v2\/pages\/6491\/revisions\/11467"}],"wp:attachment":[{"href":"https:\/\/recinzionipvc.com\/fr\/wp-json\/wp\/v2\/media?parent=6491"}],"curies":[{"name":"wp","href":"https:\/\/api.w.org\/{rel}","templated":true}]}}