{"id":6518,"date":"2020-09-10T14:23:45","date_gmt":"2020-09-10T14:23:45","guid":{"rendered":"http:\/\/www.recinzionipvc.com\/familles-de-clotures-en-pvc\/classic\/"},"modified":"2021-03-11T11:51:57","modified_gmt":"2021-03-11T09:51:57","slug":"classic","status":"publish","type":"page","link":"https:\/\/recinzionipvc.com\/fr\/familles-de-clotures-en-pvc-cinq-modeles-differents\/classic\/","title":{"rendered":"Classic"},"content":{"rendered":"<div class=\"fusion-fullwidth fullwidth-box fusion-builder-row-1 nonhundred-percent-fullwidth non-hundred-percent-height-scrolling\" style=\"background-color: rgba(255,255,255,0);background-position: center center;background-repeat: no-repeat;padding-top:0px;padding-right:0px;padding-bottom:0px;padding-left:0px;margin-bottom: 0px;margin-top: 0px;border-width: 0px 0px 0px 0px;border-color:#eae9e9;border-style:solid;\" ><div class=\"fusion-builder-row fusion-row\"><div class=\"fusion-layout-column fusion_builder_column fusion-builder-column-0 fusion_builder_column_1_4 1_4 fusion-one-fourth fusion-column-first zucchi-product fusion-column-inner-bg-wrapper\" style=\"width:25%;width:calc(25% - ( ( 4% + 4% + 4% ) * 0.25 ) );margin-right: 4%;margin-top:0px;margin-bottom:20px;\"><div class=\"fusion-column-wrapper fusion-flex-column-wrapper-legacy\" style=\"padding: 0px 0px 0px 0px;\"><div class=\"imageframe-align-center\"><span class=\" fusion-imageframe imageframe-none imageframe-1 hover-type-none\"><img decoding=\"async\" width=\"300\" image_height=\"169\" image_id=\"4408\" title=\"Vienna_FC5_07-Bianco\" src=\"https:\/\/recinzionipvc.com\/wp-content\/uploads\/2020\/02\/Vienna_FC5_07-Bianco-scaled.jpg\" data-orig-src=\"https:\/\/www.recinzionipvc.com\/wp-content\/uploads\/2020\/02\/Vienna_FC5_07-Bianco-300x169.jpg\" class=\"lazyload img-responsive wp-image-4408\" srcset=\"data:image\/svg+xml,%3Csvg%20xmlns%3D%27http%3A%2F%2Fwww.w3.org%2F2000%2Fsvg%27%20width%3D%272560%27%20height%3D%271440%27%20viewBox%3D%270%200%202560%201440%27%3E%3Crect%20width%3D%272560%27%20height%3D%2731440%27%20fill-opacity%3D%220%22%2F%3E%3C%2Fsvg%3E\" data-srcset=\"https:\/\/recinzionipvc.com\/wp-content\/uploads\/2020\/02\/Vienna_FC5_07-Bianco-200x113.jpg 200w, https:\/\/recinzionipvc.com\/wp-content\/uploads\/2020\/02\/Vienna_FC5_07-Bianco-400x225.jpg 400w, https:\/\/recinzionipvc.com\/wp-content\/uploads\/2020\/02\/Vienna_FC5_07-Bianco-600x338.jpg 600w, https:\/\/recinzionipvc.com\/wp-content\/uploads\/2020\/02\/Vienna_FC5_07-Bianco-800x450.jpg 800w, https:\/\/recinzionipvc.com\/wp-content\/uploads\/2020\/02\/Vienna_FC5_07-Bianco-1200x675.jpg 1200w, https:\/\/recinzionipvc.com\/wp-content\/uploads\/2020\/02\/Vienna_FC5_07-Bianco-scaled.jpg 2560w\" data-sizes=\"auto\" data-orig-sizes=\"(max-width: 800px) 100vw, 300px\" \/><\/span><\/div><style type=\"text\/css\"><\/style><div class=\"fusion-title title fusion-title-1 fusion-sep-none fusion-title-center fusion-title-text fusion-title-size-two\" style=\"margin-top:0px;margin-bottom:31px;\"><h2 class=\"title-heading-center\" style=\"margin:0;\"><h2 style=\"text-align: left;\"><em>Vienna\u00a0<\/em><\/h2><\/h2><\/div><div class=\"fusion-text fusion-text-1\"><p id=\"tw-target-text\" class=\"tw-data-text tw-text-large XcVN5d tw-ta\" dir=\"ltr\" data-placeholder=\"Traduzione\"><span lang=\"fr\">Notre cl\u00f4ture en PVC, mod\u00e8le Vienna, est id\u00e9ale lorsque vous voulez avoir une zone bien d\u00e9limit\u00e9e sans abandonner l&rsquo;id\u00e9e de beaut\u00e9 esth\u00e9tique. Le motif des vagues, dans la partie sup\u00e9rieure de la cl\u00f4ture, est ce changement, par rapport aux cl\u00f4tures classiques, qui fait la diff\u00e9rence.<\/span><\/p>\n<\/div><div class=\"fusion-clearfix\"><\/div><\/div><span class=\"fusion-column-inner-bg hover-type-none\"><a href=\"https:\/\/www.recinzionipvc.com\/modelli-di-recinzioni-in-pvc\/vienna\/\"><span class=\"fusion-column-inner-bg-image\" style=\"background-position:left top;background-repeat:no-repeat;-webkit-background-size:cover;-moz-background-size:cover;-o-background-size:cover;background-size:cover;\"><\/span><\/a><\/span><\/div><div class=\"fusion-layout-column fusion_builder_column fusion-builder-column-1 fusion_builder_column_1_4 1_4 fusion-one-fourth zucchi-product fusion-column-inner-bg-wrapper\" style=\"width:25%;width:calc(25% - ( ( 4% + 4% + 4% ) * 0.25 ) );margin-right: 4%;margin-top:0px;margin-bottom:20px;\"><div class=\"fusion-column-wrapper fusion-flex-column-wrapper-legacy\" style=\"padding: 0px 0px 0px 0px;\"><div class=\"imageframe-align-center\"><span class=\" fusion-imageframe imageframe-none imageframe-2 hover-type-none\"><img decoding=\"async\" width=\"300\" image_height=\"169\" image_id=\"12358\" title=\"Modello Atene\" src=\"https:\/\/recinzionipvc.com\/wp-content\/uploads\/2020\/02\/Atene_FC4_07-Bianco-scaled.jpg\" data-orig-src=\"https:\/\/www.recinzionipvc.com\/wp-content\/uploads\/2020\/02\/Atene_FC4_07-Bianco-300x169.jpg\" class=\"lazyload img-responsive wp-image-12358\" srcset=\"data:image\/svg+xml,%3Csvg%20xmlns%3D%27http%3A%2F%2Fwww.w3.org%2F2000%2Fsvg%27%20width%3D%272560%27%20height%3D%271440%27%20viewBox%3D%270%200%202560%201440%27%3E%3Crect%20width%3D%272560%27%20height%3D%2731440%27%20fill-opacity%3D%220%22%2F%3E%3C%2Fsvg%3E\" data-srcset=\"https:\/\/recinzionipvc.com\/wp-content\/uploads\/2020\/02\/Atene_FC4_07-Bianco-200x113.jpg 200w, https:\/\/recinzionipvc.com\/wp-content\/uploads\/2020\/02\/Atene_FC4_07-Bianco-400x225.jpg 400w, https:\/\/recinzionipvc.com\/wp-content\/uploads\/2020\/02\/Atene_FC4_07-Bianco-600x338.jpg 600w, https:\/\/recinzionipvc.com\/wp-content\/uploads\/2020\/02\/Atene_FC4_07-Bianco-800x450.jpg 800w, https:\/\/recinzionipvc.com\/wp-content\/uploads\/2020\/02\/Atene_FC4_07-Bianco-1200x675.jpg 1200w, https:\/\/recinzionipvc.com\/wp-content\/uploads\/2020\/02\/Atene_FC4_07-Bianco-scaled.jpg 2560w\" data-sizes=\"auto\" data-orig-sizes=\"(max-width: 800px) 100vw, 300px\" \/><\/span><\/div><style type=\"text\/css\"><\/style><div class=\"fusion-title title fusion-title-2 fusion-sep-none fusion-title-center fusion-title-text fusion-title-size-two\" style=\"margin-top:0px;margin-bottom:31px;\"><h2 class=\"title-heading-center\" style=\"margin:0;\"><h2><em>Atene<\/em><\/h2><\/h2><\/div><div class=\"fusion-text fusion-text-2\"><p>Notre cl\u00f4ture en PVC, mod\u00e8le Atene, conserve un style classique et \u00e9l\u00e9gant, sans perdre de vue l&rsquo;objectif: prot\u00e9ger la zone dans laquelle elle est install\u00e9e et, pourquoi pas, \u00eatre une touche de design.<\/p>\n<\/div><div class=\"fusion-clearfix\"><\/div><\/div><span class=\"fusion-column-inner-bg hover-type-none\"><a href=\"https:\/\/www.recinzionipvc.com\/modelli-di-recinzioni-in-pvc\/atene\/\"><span class=\"fusion-column-inner-bg-image\" style=\"background-position:left top;background-repeat:no-repeat;-webkit-background-size:cover;-moz-background-size:cover;-o-background-size:cover;background-size:cover;\"><\/span><\/a><\/span><\/div><div class=\"fusion-layout-column fusion_builder_column fusion-builder-column-2 fusion_builder_column_1_4 1_4 fusion-one-fourth zucchi-product fusion-column-inner-bg-wrapper\" style=\"width:25%;width:calc(25% - ( ( 4% + 4% + 4% ) * 0.25 ) );margin-right: 4%;margin-top:0px;margin-bottom:20px;\"><div class=\"fusion-column-wrapper fusion-flex-column-wrapper-legacy\" style=\"padding: 0px 0px 0px 0px;\"><div class=\"imageframe-align-center\"><span class=\" fusion-imageframe imageframe-none imageframe-3 hover-type-none\"><img decoding=\"async\" width=\"300\" image_height=\"169\" image_id=\"12360\" title=\"Modello Parigi\" src=\"https:\/\/recinzionipvc.com\/wp-content\/uploads\/2020\/02\/Parigi_FD1_07-Bianco-scaled.jpg\" data-orig-src=\"https:\/\/www.recinzionipvc.com\/wp-content\/uploads\/2020\/02\/Parigi_FD1_07-Bianco-300x169.jpg\" class=\"lazyload img-responsive wp-image-12360\" srcset=\"data:image\/svg+xml,%3Csvg%20xmlns%3D%27http%3A%2F%2Fwww.w3.org%2F2000%2Fsvg%27%20width%3D%272560%27%20height%3D%271440%27%20viewBox%3D%270%200%202560%201440%27%3E%3Crect%20width%3D%272560%27%20height%3D%2731440%27%20fill-opacity%3D%220%22%2F%3E%3C%2Fsvg%3E\" data-srcset=\"https:\/\/recinzionipvc.com\/wp-content\/uploads\/2020\/02\/Parigi_FD1_07-Bianco-200x113.jpg 200w, https:\/\/recinzionipvc.com\/wp-content\/uploads\/2020\/02\/Parigi_FD1_07-Bianco-400x225.jpg 400w, https:\/\/recinzionipvc.com\/wp-content\/uploads\/2020\/02\/Parigi_FD1_07-Bianco-600x338.jpg 600w, https:\/\/recinzionipvc.com\/wp-content\/uploads\/2020\/02\/Parigi_FD1_07-Bianco-800x450.jpg 800w, https:\/\/recinzionipvc.com\/wp-content\/uploads\/2020\/02\/Parigi_FD1_07-Bianco-1200x675.jpg 1200w, https:\/\/recinzionipvc.com\/wp-content\/uploads\/2020\/02\/Parigi_FD1_07-Bianco-scaled.jpg 2560w\" data-sizes=\"auto\" data-orig-sizes=\"(max-width: 800px) 100vw, 300px\" \/><\/span><\/div><style type=\"text\/css\"><\/style><div class=\"fusion-title title fusion-title-3 fusion-sep-none fusion-title-center fusion-title-text fusion-title-size-two\" style=\"margin-top:0px;margin-bottom:31px;\"><h2 class=\"title-heading-center\" style=\"margin:0;\"><h2><em>Parigi<\/em><\/h2><\/h2><\/div><div class=\"fusion-text fusion-text-3\"><p id=\"tw-target-text\" class=\"tw-data-text tw-text-large XcVN5d tw-ta\" dir=\"ltr\" data-placeholder=\"Traduzione\"><span lang=\"fr\">Notre cl\u00f4ture PVC, mod\u00e8le Parigi, est id\u00e9ale pour ceux qui recherchent l&rsquo;\u00e9l\u00e9gance et le classicisme dans leur cl\u00f4ture, sans pour autant abandonner la lin\u00e9arit\u00e9 et l&rsquo;\u00e9l\u00e9gance.<\/span><\/p>\n<\/div><div class=\"fusion-clearfix\"><\/div><\/div><span class=\"fusion-column-inner-bg hover-type-none\"><a href=\"https:\/\/www.recinzionipvc.com\/modelli-di-recinzioni-in-pvc\/parigi\/\"><span class=\"fusion-column-inner-bg-image\" style=\"background-position:left top;background-repeat:no-repeat;-webkit-background-size:cover;-moz-background-size:cover;-o-background-size:cover;background-size:cover;\"><\/span><\/a><\/span><\/div><div class=\"fusion-layout-column fusion_builder_column fusion-builder-column-3 fusion_builder_column_1_4 1_4 fusion-one-fourth fusion-column-last zucchi-product fusion-column-inner-bg-wrapper\" style=\"width:25%;width:calc(25% - ( ( 4% + 4% + 4% ) * 0.25 ) );margin-top:0px;margin-bottom:20px;\"><div class=\"fusion-column-wrapper fusion-flex-column-wrapper-legacy\" style=\"padding: 0px 0px 0px 0px;\"><div class=\"imageframe-align-center\"><span class=\" fusion-imageframe imageframe-none imageframe-4 hover-type-none\"><img decoding=\"async\" width=\"300\" image_height=\"169\" image_id=\"12362\" title=\"Modello Madrid\" src=\"https:\/\/recinzionipvc.com\/wp-content\/uploads\/2020\/02\/Madrid_FB3_07-Madrid-scaled.jpg\" data-orig-src=\"https:\/\/www.recinzionipvc.com\/wp-content\/uploads\/2020\/02\/Madrid_FB3_07-Madrid-300x169.jpg\" class=\"lazyload img-responsive wp-image-12362\" srcset=\"data:image\/svg+xml,%3Csvg%20xmlns%3D%27http%3A%2F%2Fwww.w3.org%2F2000%2Fsvg%27%20width%3D%272560%27%20height%3D%271440%27%20viewBox%3D%270%200%202560%201440%27%3E%3Crect%20width%3D%272560%27%20height%3D%2731440%27%20fill-opacity%3D%220%22%2F%3E%3C%2Fsvg%3E\" data-srcset=\"https:\/\/recinzionipvc.com\/wp-content\/uploads\/2020\/02\/Madrid_FB3_07-Madrid-200x113.jpg 200w, https:\/\/recinzionipvc.com\/wp-content\/uploads\/2020\/02\/Madrid_FB3_07-Madrid-400x225.jpg 400w, https:\/\/recinzionipvc.com\/wp-content\/uploads\/2020\/02\/Madrid_FB3_07-Madrid-600x338.jpg 600w, https:\/\/recinzionipvc.com\/wp-content\/uploads\/2020\/02\/Madrid_FB3_07-Madrid-800x450.jpg 800w, https:\/\/recinzionipvc.com\/wp-content\/uploads\/2020\/02\/Madrid_FB3_07-Madrid-1200x675.jpg 1200w, https:\/\/recinzionipvc.com\/wp-content\/uploads\/2020\/02\/Madrid_FB3_07-Madrid-scaled.jpg 2560w\" data-sizes=\"auto\" data-orig-sizes=\"(max-width: 800px) 100vw, 300px\" \/><\/span><\/div><style type=\"text\/css\"><\/style><div class=\"fusion-title title fusion-title-4 fusion-sep-none fusion-title-center fusion-title-text fusion-title-size-two\" style=\"margin-top:0px;margin-bottom:31px;\"><h2 class=\"title-heading-center\" style=\"margin:0;\"><h2><em>Madrid<\/em><\/h2><\/h2><\/div><div class=\"fusion-text fusion-text-4\"><p id=\"tw-target-text\" class=\"tw-data-text tw-text-large XcVN5d tw-ta\" dir=\"ltr\" data-placeholder=\"Traduzione\"><span lang=\"fr\">Notre cl\u00f4ture en PVC, mod\u00e8le Madrid, donne une impression de libert\u00e9 car elle n&rsquo;a pas de traverse sup\u00e9rieure pour \u00abfinir les traverses\u00bb, au contraire, les chapiteaux pointent droit vers le ciel.<\/span><\/p>\n<\/div><div class=\"fusion-clearfix\"><\/div><\/div><span class=\"fusion-column-inner-bg hover-type-none\"><a href=\"https:\/\/www.recinzionipvc.com\/modelli-di-recinzioni-in-pvc\/madrid\/\"><span class=\"fusion-column-inner-bg-image\" style=\"background-position:left top;background-repeat:no-repeat;-webkit-background-size:cover;-moz-background-size:cover;-o-background-size:cover;background-size:cover;\"><\/span><\/a><\/span><\/div><\/div><\/div><div class=\"fusion-fullwidth fullwidth-box fusion-builder-row-2 fusion-flex-container nonhundred-percent-fullwidth non-hundred-percent-height-scrolling\" style=\"background-color: rgba(255,255,255,0);background-position: center center;background-repeat: no-repeat;border-width: 0px 0px 0px 0px;border-color:#eae9e9;border-style:solid;\" ><div class=\"fusion-builder-row fusion-row fusion-flex-align-items-flex-start\" style=\"max-width:1144px;margin-left: calc(-4% \/ 2 );margin-right: calc(-4% \/ 2 );\"><div class=\"fusion-layout-column fusion_builder_column fusion-builder-column-4 fusion_builder_column_1_4 1_4 fusion-flex-column fusion-column-inner-bg-wrapper\"><div class=\"fusion-column-wrapper fusion-flex-justify-content-flex-start fusion-content-layout-column\" style=\"padding: 0px 0px 0px 0px;\"><div ><span class=\" fusion-imageframe imageframe-none imageframe-5 hover-type-none\"><img decoding=\"async\" width=\"300\" image_height=\"169\" image_id=\"12300\" title=\"Miami_Bianco\" src=\"https:\/\/recinzionipvc.com\/wp-content\/uploads\/2021\/03\/Miami_Bianco-scaled.jpg\" data-orig-src=\"https:\/\/www.recinzionipvc.com\/wp-content\/uploads\/2021\/03\/Miami_Bianco-300x169.jpg\" class=\"lazyload img-responsive wp-image-12300\" srcset=\"data:image\/svg+xml,%3Csvg%20xmlns%3D%27http%3A%2F%2Fwww.w3.org%2F2000%2Fsvg%27%20width%3D%272560%27%20height%3D%271440%27%20viewBox%3D%270%200%202560%201440%27%3E%3Crect%20width%3D%272560%27%20height%3D%2731440%27%20fill-opacity%3D%220%22%2F%3E%3C%2Fsvg%3E\" data-srcset=\"https:\/\/recinzionipvc.com\/wp-content\/uploads\/2021\/03\/Miami_Bianco-200x113.jpg 200w, https:\/\/recinzionipvc.com\/wp-content\/uploads\/2021\/03\/Miami_Bianco-400x225.jpg 400w, https:\/\/recinzionipvc.com\/wp-content\/uploads\/2021\/03\/Miami_Bianco-600x338.jpg 600w, https:\/\/recinzionipvc.com\/wp-content\/uploads\/2021\/03\/Miami_Bianco-800x450.jpg 800w, https:\/\/recinzionipvc.com\/wp-content\/uploads\/2021\/03\/Miami_Bianco-1200x675.jpg 1200w, https:\/\/recinzionipvc.com\/wp-content\/uploads\/2021\/03\/Miami_Bianco-scaled.jpg 2560w\" data-sizes=\"auto\" data-orig-sizes=\"(max-width: 1024px) 100vw, (max-width: 640px) 100vw, 400px\" \/><\/span><\/div><style type=\"text\/css\">@media only screen and (max-width:1024px) {.fusion-title.fusion-title-5{margin-top:0px!important;margin-bottom:31px!important;}}<\/style><div class=\"fusion-title title fusion-title-5 fusion-sep-none fusion-title-center fusion-title-text fusion-title-size-two\" style=\"margin-top:0px;margin-bottom:31px;\"><h2 class=\"title-heading-center\" style=\"margin:0;\"><h2 style=\"text-align: center;\"><em>Miami<\/em><\/h2><\/h2><\/div><div class=\"fusion-text fusion-text-5\"><p>Notre cl\u00f4ture en PVC, mod\u00e8le Miami, convient parfaitement \u00e0 ceux qui ont besoin de cl\u00f4turer une petite partie d&rsquo;un jardin ou d&rsquo;une terrasse; ce faisant, on obtient \u00e0 la fois une zone cl\u00f4tur\u00e9e et s\u00fbre, mais aussi un produit design au style raffin\u00e9.<\/p>\n<\/div><\/div><span class=\"fusion-column-inner-bg hover-type-none\"><a href=\"https:\/\/www.recinzionipvc.com\/it\/recinzione-pvc-modello-miami-famiglia-classic\/\"><span class=\"fusion-column-inner-bg-image\" style=\"background-position:left top;background-repeat:no-repeat;-webkit-background-size:cover;-moz-background-size:cover;-o-background-size:cover;background-size:cover;\"><\/span><\/a><\/span><\/div><style type=\"text\/css\">.fusion-body .fusion-builder-column-4{width:25% !important;margin-top : 0px;margin-bottom : 20px;}.fusion-builder-column-4 > .fusion-column-wrapper {padding-top : 0px !important;padding-right : 0px !important;margin-right : 7.68%;padding-bottom : 0px !important;padding-left : 0px !important;margin-left : 7.68%;}.fusion-flex-container .fusion-row .fusion-builder-column-4 > .fusion-column-inner-bg { margin-right:7.68%;margin-left:7.68%; }@media only screen and (max-width:1024px) {.fusion-body .fusion-builder-column-4{width:100% !important;order : 0;}.fusion-builder-column-4 > .fusion-column-wrapper {margin-right : 1.92%;margin-left : 1.92%;}.fusion-flex-container .fusion-row .fusion-builder-column-4 > .fusion-column-inner-bg { margin-right:1.92%;margin-left:1.92%; }}@media only screen and (max-width:640px) {.fusion-body .fusion-builder-column-4{width:100% !important;order : 0;}.fusion-builder-column-4 > .fusion-column-wrapper {margin-right : 1.92%;margin-left : 1.92%;}.fusion-flex-container .fusion-row .fusion-builder-column-4 > .fusion-column-inner-bg { margin-right:1.92%;margin-left:1.92%; }}<\/style><div class=\"fusion-layout-column fusion_builder_column fusion-builder-column-5 fusion_builder_column_1_4 1_4 fusion-flex-column\"><div class=\"fusion-column-wrapper fusion-flex-justify-content-flex-start fusion-content-layout-column\" style=\"background-position:left top;background-repeat:no-repeat;-webkit-background-size:cover;-moz-background-size:cover;-o-background-size:cover;background-size:cover;padding: 0px 0px 0px 0px;\"><\/div><\/div><style type=\"text\/css\">.fusion-body .fusion-builder-column-5{width:25% !important;margin-top : 0px;margin-bottom : 20px;}.fusion-builder-column-5 > .fusion-column-wrapper {padding-top : 0px !important;padding-right : 0px !important;margin-right : 7.68%;padding-bottom : 0px !important;padding-left : 0px !important;margin-left : 7.68%;}@media only screen and (max-width:1024px) {.fusion-body .fusion-builder-column-5{width:100% !important;order : 0;}.fusion-builder-column-5 > .fusion-column-wrapper {margin-right : 1.92%;margin-left : 1.92%;}}@media only screen and (max-width:640px) {.fusion-body .fusion-builder-column-5{width:100% !important;order : 0;}.fusion-builder-column-5 > .fusion-column-wrapper {margin-right : 1.92%;margin-left : 1.92%;}}<\/style><\/div><style type=\"text\/css\">.fusion-body .fusion-flex-container.fusion-builder-row-2{ padding-top : 0px;margin-top : 0px;padding-right : 0px;padding-bottom : 0px;margin-bottom : 0px;padding-left : 0px;}<\/style><\/div>","protected":false},"excerpt":{"rendered":"","protected":false},"author":3,"featured_media":0,"parent":6512,"menu_order":0,"comment_status":"closed","ping_status":"closed","template":"","meta":{"footnotes":""},"yoast_head":"<!-- This site is optimized with the Yoast SEO plugin v22.4 - https:\/\/yoast.com\/wordpress\/plugins\/seo\/ -->\n<title>Cl\u00f4tures PVC_Famille Classic<\/title>\n<meta name=\"description\" content=\"Cl\u00f4tures PVC_Famille Classic: cl\u00f4tures id\u00e9ales pour ceux qui recherchent un style classique et design pour leur maison\" \/>\n<meta name=\"robots\" content=\"index, follow, max-snippet:-1, max-image-preview:large, max-video-preview:-1\" \/>\n<link rel=\"canonical\" href=\"https:\/\/recinzionipvc.com\/it\/famiglie-recinzioni-in-pvc\/recinzioni-pvc-famiglia-classic-modelli-giardino\/\" \/>\n<meta property=\"og:locale\" content=\"fr_FR\" \/>\n<meta property=\"og:type\" content=\"article\" \/>\n<meta property=\"og:title\" content=\"Cl\u00f4tures PVC_Famille Classic\" \/>\n<meta property=\"og:description\" content=\"Cl\u00f4tures PVC_Famille Classic: cl\u00f4tures id\u00e9ales pour ceux qui recherchent un style classique et design pour leur maison\" \/>\n<meta property=\"og:url\" content=\"https:\/\/recinzionipvc.com\/it\/famiglie-recinzioni-in-pvc\/recinzioni-pvc-famiglia-classic-modelli-giardino\/\" \/>\n<meta property=\"og:site_name\" content=\"Recinzioni PVC\" \/>\n<meta property=\"article:publisher\" content=\"https:\/\/www.facebook.com\/ZucchiRecinzioniPVC\" \/>\n<meta property=\"article:modified_time\" content=\"2021-03-11T09:51:57+00:00\" \/>\n<meta name=\"twitter:card\" content=\"summary_large_image\" \/>\n<meta name=\"twitter:label1\" content=\"Dur\u00e9e de lecture estim\u00e9e\" \/>\n\t<meta name=\"twitter:data1\" content=\"14 minutes\" \/>\n<script type=\"application\/ld+json\" class=\"yoast-schema-graph\">{\"@context\":\"https:\/\/schema.org\",\"@graph\":[{\"@type\":\"WebPage\",\"@id\":\"https:\/\/recinzionipvc.com\/it\/famiglie-recinzioni-in-pvc\/recinzioni-pvc-famiglia-classic-modelli-giardino\/\",\"url\":\"https:\/\/recinzionipvc.com\/it\/famiglie-recinzioni-in-pvc\/recinzioni-pvc-famiglia-classic-modelli-giardino\/\",\"name\":\"Cl\u00f4tures PVC_Famille Classic\",\"isPartOf\":{\"@id\":\"https:\/\/recinzionipvc.com\/it\/#website\"},\"datePublished\":\"2020-09-10T14:23:45+00:00\",\"dateModified\":\"2021-03-11T09:51:57+00:00\",\"description\":\"Cl\u00f4tures PVC_Famille Classic: cl\u00f4tures id\u00e9ales pour ceux qui recherchent un style classique et design pour leur maison\",\"breadcrumb\":{\"@id\":\"https:\/\/recinzionipvc.com\/it\/famiglie-recinzioni-in-pvc\/recinzioni-pvc-famiglia-classic-modelli-giardino\/#breadcrumb\"},\"inLanguage\":\"fr-FR\",\"potentialAction\":[{\"@type\":\"ReadAction\",\"target\":[\"https:\/\/recinzionipvc.com\/it\/famiglie-recinzioni-in-pvc\/recinzioni-pvc-famiglia-classic-modelli-giardino\/\"]}]},{\"@type\":\"BreadcrumbList\",\"@id\":\"https:\/\/recinzionipvc.com\/it\/famiglie-recinzioni-in-pvc\/recinzioni-pvc-famiglia-classic-modelli-giardino\/#breadcrumb\",\"itemListElement\":[{\"@type\":\"ListItem\",\"position\":1,\"name\":\"Home\",\"item\":\"https:\/\/recinzionipvc.com\/fr\/\"},{\"@type\":\"ListItem\",\"position\":2,\"name\":\"Familles de cl\u00f4tures en PVC\",\"item\":\"https:\/\/recinzionipvc.com\/fr\/familles-de-clotures-en-pvc-cinq-modeles-differents\/\"},{\"@type\":\"ListItem\",\"position\":3,\"name\":\"Classic\"}]},{\"@type\":\"WebSite\",\"@id\":\"https:\/\/recinzionipvc.com\/it\/#website\",\"url\":\"https:\/\/recinzionipvc.com\/it\/\",\"name\":\"Recinzioni PVC\",\"description\":\"La tua prossima recinzione, direttamente creata da te!\",\"potentialAction\":[{\"@type\":\"SearchAction\",\"target\":{\"@type\":\"EntryPoint\",\"urlTemplate\":\"https:\/\/recinzionipvc.com\/it\/?s={search_term_string}\"},\"query-input\":\"required name=search_term_string\"}],\"inLanguage\":\"fr-FR\"}]}<\/script>\n<!-- \/ Yoast SEO plugin. -->","yoast_head_json":{"title":"Cl\u00f4tures PVC_Famille Classic","description":"Cl\u00f4tures PVC_Famille Classic: cl\u00f4tures id\u00e9ales pour ceux qui recherchent un style classique et design pour leur maison","robots":{"index":"index","follow":"follow","max-snippet":"max-snippet:-1","max-image-preview":"max-image-preview:large","max-video-preview":"max-video-preview:-1"},"canonical":"https:\/\/recinzionipvc.com\/it\/famiglie-recinzioni-in-pvc\/recinzioni-pvc-famiglia-classic-modelli-giardino\/","og_locale":"fr_FR","og_type":"article","og_title":"Cl\u00f4tures PVC_Famille Classic","og_description":"Cl\u00f4tures PVC_Famille Classic: cl\u00f4tures id\u00e9ales pour ceux qui recherchent un style classique et design pour leur maison","og_url":"https:\/\/recinzionipvc.com\/it\/famiglie-recinzioni-in-pvc\/recinzioni-pvc-famiglia-classic-modelli-giardino\/","og_site_name":"Recinzioni PVC","article_publisher":"https:\/\/www.facebook.com\/ZucchiRecinzioniPVC","article_modified_time":"2021-03-11T09:51:57+00:00","twitter_card":"summary_large_image","twitter_misc":{"Dur\u00e9e de lecture estim\u00e9e":"14 minutes"},"schema":{"@context":"https:\/\/schema.org","@graph":[{"@type":"WebPage","@id":"https:\/\/recinzionipvc.com\/it\/famiglie-recinzioni-in-pvc\/recinzioni-pvc-famiglia-classic-modelli-giardino\/","url":"https:\/\/recinzionipvc.com\/it\/famiglie-recinzioni-in-pvc\/recinzioni-pvc-famiglia-classic-modelli-giardino\/","name":"Cl\u00f4tures PVC_Famille Classic","isPartOf":{"@id":"https:\/\/recinzionipvc.com\/it\/#website"},"datePublished":"2020-09-10T14:23:45+00:00","dateModified":"2021-03-11T09:51:57+00:00","description":"Cl\u00f4tures PVC_Famille Classic: cl\u00f4tures id\u00e9ales pour ceux qui recherchent un style classique et design pour leur maison","breadcrumb":{"@id":"https:\/\/recinzionipvc.com\/it\/famiglie-recinzioni-in-pvc\/recinzioni-pvc-famiglia-classic-modelli-giardino\/#breadcrumb"},"inLanguage":"fr-FR","potentialAction":[{"@type":"ReadAction","target":["https:\/\/recinzionipvc.com\/it\/famiglie-recinzioni-in-pvc\/recinzioni-pvc-famiglia-classic-modelli-giardino\/"]}]},{"@type":"BreadcrumbList","@id":"https:\/\/recinzionipvc.com\/it\/famiglie-recinzioni-in-pvc\/recinzioni-pvc-famiglia-classic-modelli-giardino\/#breadcrumb","itemListElement":[{"@type":"ListItem","position":1,"name":"Home","item":"https:\/\/recinzionipvc.com\/fr\/"},{"@type":"ListItem","position":2,"name":"Familles de cl\u00f4tures en PVC","item":"https:\/\/recinzionipvc.com\/fr\/familles-de-clotures-en-pvc-cinq-modeles-differents\/"},{"@type":"ListItem","position":3,"name":"Classic"}]},{"@type":"WebSite","@id":"https:\/\/recinzionipvc.com\/it\/#website","url":"https:\/\/recinzionipvc.com\/it\/","name":"Recinzioni PVC","description":"La tua prossima recinzione, direttamente creata da te!","potentialAction":[{"@type":"SearchAction","target":{"@type":"EntryPoint","urlTemplate":"https:\/\/recinzionipvc.com\/it\/?s={search_term_string}"},"query-input":"required name=search_term_string"}],"inLanguage":"fr-FR"}]}},"_links":{"self":[{"href":"https:\/\/recinzionipvc.com\/fr\/wp-json\/wp\/v2\/pages\/6518"}],"collection":[{"href":"https:\/\/recinzionipvc.com\/fr\/wp-json\/wp\/v2\/pages"}],"about":[{"href":"https:\/\/recinzionipvc.com\/fr\/wp-json\/wp\/v2\/types\/page"}],"author":[{"embeddable":true,"href":"https:\/\/recinzionipvc.com\/fr\/wp-json\/wp\/v2\/users\/3"}],"replies":[{"embeddable":true,"href":"https:\/\/recinzionipvc.com\/fr\/wp-json\/wp\/v2\/comments?post=6518"}],"version-history":[{"count":14,"href":"https:\/\/recinzionipvc.com\/fr\/wp-json\/wp\/v2\/pages\/6518\/revisions"}],"predecessor-version":[{"id":12367,"href":"https:\/\/recinzionipvc.com\/fr\/wp-json\/wp\/v2\/pages\/6518\/revisions\/12367"}],"up":[{"embeddable":true,"href":"https:\/\/recinzionipvc.com\/fr\/wp-json\/wp\/v2\/pages\/6512"}],"wp:attachment":[{"href":"https:\/\/recinzionipvc.com\/fr\/wp-json\/wp\/v2\/media?parent=6518"}],"curies":[{"name":"wp","href":"https:\/\/api.w.org\/{rel}","templated":true}]}}