{"id":6530,"date":"2020-09-10T14:28:05","date_gmt":"2020-09-10T14:28:05","guid":{"rendered":"http:\/\/www.recinzionipvc.com\/familles-de-clotures-en-pvc\/privacy\/"},"modified":"2020-11-30T12:30:15","modified_gmt":"2020-11-30T10:30:15","slug":"cloture-pvc-famille-modele-privacy","status":"publish","type":"page","link":"https:\/\/recinzionipvc.com\/fr\/familles-de-clotures-en-pvc-cinq-modeles-differents\/cloture-pvc-famille-modele-privacy\/","title":{"rendered":"Privacy"},"content":{"rendered":"<div class=\"fusion-fullwidth fullwidth-box fusion-builder-row-1 nonhundred-percent-fullwidth non-hundred-percent-height-scrolling\" style=\"background-color: rgba(255,255,255,0);background-position: center center;background-repeat: no-repeat;padding-top:0px;padding-right:0px;padding-bottom:0px;padding-left:0px;margin-bottom: 0px;margin-top: 0px;border-width: 0px 0px 0px 0px;border-color:#eae9e9;border-style:solid;\" ><div class=\"fusion-builder-row fusion-row\"><div class=\"fusion-layout-column fusion_builder_column fusion-builder-column-0 fusion_builder_column_1_2 1_2 fusion-one-half fusion-column-first zucchi-product fusion-column-inner-bg-wrapper\" style=\"width:50%;width:calc(50% - ( ( 4% ) * 0.5 ) );margin-right: 4%;margin-top:0px;margin-bottom:20px;\"><div class=\"fusion-column-wrapper fusion-flex-column-wrapper-legacy\" style=\"padding: 0px 0px 0px 0px;\"><div class=\"imageframe-align-center\"><span class=\" fusion-imageframe imageframe-none imageframe-1 hover-type-none\"><img decoding=\"async\" width=\"300\" image_height=\"169\" image_id=\"4764\" title=\"Roma_FA2_07-Bianco\" src=\"https:\/\/recinzionipvc.com\/wp-content\/uploads\/2020\/02\/Roma_FA2_07-Bianco-1-scaled.jpg\" data-orig-src=\"https:\/\/www.recinzionipvc.com\/wp-content\/uploads\/2020\/02\/Roma_FA2_07-Bianco-1-300x169.jpg\" class=\"lazyload img-responsive wp-image-4764\" srcset=\"data:image\/svg+xml,%3Csvg%20xmlns%3D%27http%3A%2F%2Fwww.w3.org%2F2000%2Fsvg%27%20width%3D%272560%27%20height%3D%271440%27%20viewBox%3D%270%200%202560%201440%27%3E%3Crect%20width%3D%272560%27%20height%3D%2731440%27%20fill-opacity%3D%220%22%2F%3E%3C%2Fsvg%3E\" data-srcset=\"https:\/\/recinzionipvc.com\/wp-content\/uploads\/2020\/02\/Roma_FA2_07-Bianco-1-200x113.jpg 200w, https:\/\/recinzionipvc.com\/wp-content\/uploads\/2020\/02\/Roma_FA2_07-Bianco-1-400x225.jpg 400w, https:\/\/recinzionipvc.com\/wp-content\/uploads\/2020\/02\/Roma_FA2_07-Bianco-1-600x338.jpg 600w, https:\/\/recinzionipvc.com\/wp-content\/uploads\/2020\/02\/Roma_FA2_07-Bianco-1-800x450.jpg 800w, https:\/\/recinzionipvc.com\/wp-content\/uploads\/2020\/02\/Roma_FA2_07-Bianco-1-1200x675.jpg 1200w, https:\/\/recinzionipvc.com\/wp-content\/uploads\/2020\/02\/Roma_FA2_07-Bianco-1-scaled.jpg 2560w\" data-sizes=\"auto\" data-orig-sizes=\"(max-width: 800px) 100vw, 300px\" \/><\/span><\/div><style type=\"text\/css\"><\/style><div class=\"fusion-title title fusion-title-1 fusion-sep-none fusion-title-center fusion-title-text fusion-title-size-three\" style=\"margin-top:0px;margin-bottom:31px;\"><h3 class=\"title-heading-center\" style=\"margin:0;\"><h2><em>Roma<\/em><\/h2><\/h3><\/div><div class=\"fusion-text fusion-text-1\"><p id=\"tw-target-text\" class=\"tw-data-text tw-text-large XcVN5d tw-ta\" dir=\"ltr\" data-placeholder=\"Traduzione\"><span lang=\"fr\">Notre cl\u00f4ture PVC, mod\u00e8le Roma, se pr\u00e9sente comme un mod\u00e8le \u00e9l\u00e9gant et sinueux, la grille all\u00e8ge la structure laissant un jeu de \u00abje vois je ne vois pas\u00bb. Id\u00e9al pour ceux qui aiment l&rsquo;intimit\u00e9 mais veulent un design plus raffin\u00e9 et raffin\u00e9.<\/span><\/p>\n<\/div><div class=\"fusion-clearfix\"><\/div><\/div><span class=\"fusion-column-inner-bg hover-type-none\"><a href=\"https:\/\/www.recinzionipvc.com\/modelli-di-recinzioni-in-pvc\/roma\/\"><span class=\"fusion-column-inner-bg-image\" style=\"background-position:left top;background-repeat:no-repeat;-webkit-background-size:cover;-moz-background-size:cover;-o-background-size:cover;background-size:cover;\"><\/span><\/a><\/span><\/div><div class=\"fusion-layout-column fusion_builder_column fusion-builder-column-1 fusion_builder_column_1_2 1_2 fusion-one-half fusion-column-last zucchi-product fusion-column-inner-bg-wrapper\" style=\"width:50%;width:calc(50% - ( ( 4% ) * 0.5 ) );margin-top:0px;margin-bottom:20px;\"><div class=\"fusion-column-wrapper fusion-flex-column-wrapper-legacy\" style=\"border-width: 0 0 0 0;border-color:#eaeaea;border-style:solid;padding: 0px 0px 0px 0px;\"><div class=\"imageframe-align-center\"><span class=\" fusion-imageframe imageframe-none imageframe-2 hover-type-none\"><img decoding=\"async\" width=\"300\" image_height=\"169\" image_id=\"4404\" src=\"https:\/\/recinzionipvc.com\/wp-content\/uploads\/2020\/02\/Berlino_FA1_07-Bianco-scaled.jpg\" data-orig-src=\"https:\/\/www.recinzionipvc.com\/wp-content\/uploads\/2020\/02\/Berlino_FA1_07-Bianco-300x169.jpg\" class=\"lazyload img-responsive wp-image-4404\" srcset=\"data:image\/svg+xml,%3Csvg%20xmlns%3D%27http%3A%2F%2Fwww.w3.org%2F2000%2Fsvg%27%20width%3D%272560%27%20height%3D%271440%27%20viewBox%3D%270%200%202560%201440%27%3E%3Crect%20width%3D%272560%27%20height%3D%2731440%27%20fill-opacity%3D%220%22%2F%3E%3C%2Fsvg%3E\" data-srcset=\"https:\/\/recinzionipvc.com\/wp-content\/uploads\/2020\/02\/Berlino_FA1_07-Bianco-200x113.jpg 200w, https:\/\/recinzionipvc.com\/wp-content\/uploads\/2020\/02\/Berlino_FA1_07-Bianco-400x225.jpg 400w, https:\/\/recinzionipvc.com\/wp-content\/uploads\/2020\/02\/Berlino_FA1_07-Bianco-600x338.jpg 600w, https:\/\/recinzionipvc.com\/wp-content\/uploads\/2020\/02\/Berlino_FA1_07-Bianco-800x450.jpg 800w, https:\/\/recinzionipvc.com\/wp-content\/uploads\/2020\/02\/Berlino_FA1_07-Bianco-1200x675.jpg 1200w, https:\/\/recinzionipvc.com\/wp-content\/uploads\/2020\/02\/Berlino_FA1_07-Bianco-scaled.jpg 2560w\" data-sizes=\"auto\" data-orig-sizes=\"(max-width: 800px) 100vw, 300px\" \/><\/span><\/div><style type=\"text\/css\"><\/style><div class=\"fusion-title title fusion-title-2 fusion-sep-none fusion-title-center fusion-title-text fusion-title-size-three\" style=\"margin-top:0px;margin-bottom:31px;\"><h3 class=\"title-heading-center\" style=\"margin:0;\"><h2><em>Berlino<\/em><\/h2><\/h3><\/div><div class=\"fusion-text fusion-text-2\"><p>Notre cl\u00f4ture en PVC, mod\u00e8le Berlino, se pr\u00e9sente comme un mod\u00e8le lin\u00e9aire, classique et pr\u00e9cis dans sa simplicit\u00e9. Id\u00e9al pour ceux qui veulent garantir l&rsquo;intimit\u00e9 de leurs espaces ext\u00e9rieurs mais aussi d\u00e9limiter une zone de l&rsquo;ext\u00e9rieur, tant au niveau de la vue que du passage.<\/p>\n<\/div><div class=\"fusion-clearfix\"><\/div><\/div><span class=\"fusion-column-inner-bg hover-type-none\"><a href=\"https:\/\/www.recinzionipvc.com\/modelli-di-recinzioni-in-pvc\/berlino\/\"><span class=\"fusion-column-inner-bg-image\" style=\"background-position:left top;background-repeat:no-repeat;-webkit-background-size:cover;-moz-background-size:cover;-o-background-size:cover;background-size:cover;\"><\/span><\/a><\/span><\/div><\/div><\/div>","protected":false},"excerpt":{"rendered":"","protected":false},"author":2,"featured_media":0,"parent":6512,"menu_order":0,"comment_status":"closed","ping_status":"closed","template":"","meta":{"footnotes":""},"yoast_head":"<!-- This site is optimized with the Yoast SEO plugin v22.4 - https:\/\/yoast.com\/wordpress\/plugins\/seo\/ -->\n<title>Cl\u00f4tures PVC_Famille Privacy<\/title>\n<meta name=\"description\" content=\"Cl\u00f4tures en PVC, Privacy Families: convient \u00e0 ceux qui souhaitent fermer une zone et la rendre aussi prot\u00e9g\u00e9e et couverte que possible\" \/>\n<meta name=\"robots\" content=\"index, follow, max-snippet:-1, max-image-preview:large, max-video-preview:-1\" \/>\n<link rel=\"canonical\" href=\"https:\/\/recinzionipvc.com\/fr\/familles-de-clotures-en-pvc-cinq-modeles-differents\/cloture-pvc-famille-modele-privacy\/\" \/>\n<meta property=\"og:locale\" content=\"fr_FR\" \/>\n<meta property=\"og:type\" content=\"article\" \/>\n<meta property=\"og:title\" content=\"Cl\u00f4tures PVC_Famille Privacy\" \/>\n<meta property=\"og:description\" content=\"Cl\u00f4tures en PVC, Privacy Families: convient \u00e0 ceux qui souhaitent fermer une zone et la rendre aussi prot\u00e9g\u00e9e et couverte que possible\" \/>\n<meta property=\"og:url\" content=\"https:\/\/recinzionipvc.com\/fr\/familles-de-clotures-en-pvc-cinq-modeles-differents\/cloture-pvc-famille-modele-privacy\/\" \/>\n<meta property=\"og:site_name\" content=\"Recinzioni PVC\" \/>\n<meta property=\"article:publisher\" content=\"https:\/\/www.facebook.com\/ZucchiRecinzioniPVC\" \/>\n<meta property=\"article:modified_time\" content=\"2020-11-30T10:30:15+00:00\" \/>\n<meta name=\"twitter:card\" content=\"summary_large_image\" \/>\n<meta name=\"twitter:label1\" content=\"Dur\u00e9e de lecture estim\u00e9e\" \/>\n\t<meta name=\"twitter:data1\" content=\"4 minutes\" \/>\n<script type=\"application\/ld+json\" class=\"yoast-schema-graph\">{\"@context\":\"https:\/\/schema.org\",\"@graph\":[{\"@type\":\"WebPage\",\"@id\":\"https:\/\/recinzionipvc.com\/fr\/familles-de-clotures-en-pvc-cinq-modeles-differents\/cloture-pvc-famille-modele-privacy\/\",\"url\":\"https:\/\/recinzionipvc.com\/fr\/familles-de-clotures-en-pvc-cinq-modeles-differents\/cloture-pvc-famille-modele-privacy\/\",\"name\":\"Cl\u00f4tures PVC_Famille Privacy\",\"isPartOf\":{\"@id\":\"https:\/\/recinzionipvc.com\/it\/#website\"},\"datePublished\":\"2020-09-10T14:28:05+00:00\",\"dateModified\":\"2020-11-30T10:30:15+00:00\",\"description\":\"Cl\u00f4tures en PVC, Privacy Families: convient \u00e0 ceux qui souhaitent fermer une zone et la rendre aussi prot\u00e9g\u00e9e et couverte que possible\",\"breadcrumb\":{\"@id\":\"https:\/\/recinzionipvc.com\/fr\/familles-de-clotures-en-pvc-cinq-modeles-differents\/cloture-pvc-famille-modele-privacy\/#breadcrumb\"},\"inLanguage\":\"fr-FR\",\"potentialAction\":[{\"@type\":\"ReadAction\",\"target\":[\"https:\/\/recinzionipvc.com\/fr\/familles-de-clotures-en-pvc-cinq-modeles-differents\/cloture-pvc-famille-modele-privacy\/\"]}]},{\"@type\":\"BreadcrumbList\",\"@id\":\"https:\/\/recinzionipvc.com\/fr\/familles-de-clotures-en-pvc-cinq-modeles-differents\/cloture-pvc-famille-modele-privacy\/#breadcrumb\",\"itemListElement\":[{\"@type\":\"ListItem\",\"position\":1,\"name\":\"Home\",\"item\":\"https:\/\/recinzionipvc.com\/fr\/\"},{\"@type\":\"ListItem\",\"position\":2,\"name\":\"Familles de cl\u00f4tures en PVC\",\"item\":\"https:\/\/recinzionipvc.com\/fr\/familles-de-clotures-en-pvc-cinq-modeles-differents\/\"},{\"@type\":\"ListItem\",\"position\":3,\"name\":\"Privacy\"}]},{\"@type\":\"WebSite\",\"@id\":\"https:\/\/recinzionipvc.com\/it\/#website\",\"url\":\"https:\/\/recinzionipvc.com\/it\/\",\"name\":\"Recinzioni PVC\",\"description\":\"La tua prossima recinzione, direttamente creata da te!\",\"potentialAction\":[{\"@type\":\"SearchAction\",\"target\":{\"@type\":\"EntryPoint\",\"urlTemplate\":\"https:\/\/recinzionipvc.com\/it\/?s={search_term_string}\"},\"query-input\":\"required name=search_term_string\"}],\"inLanguage\":\"fr-FR\"}]}<\/script>\n<!-- \/ Yoast SEO plugin. -->","yoast_head_json":{"title":"Cl\u00f4tures PVC_Famille Privacy","description":"Cl\u00f4tures en PVC, Privacy Families: convient \u00e0 ceux qui souhaitent fermer une zone et la rendre aussi prot\u00e9g\u00e9e et couverte que possible","robots":{"index":"index","follow":"follow","max-snippet":"max-snippet:-1","max-image-preview":"max-image-preview:large","max-video-preview":"max-video-preview:-1"},"canonical":"https:\/\/recinzionipvc.com\/fr\/familles-de-clotures-en-pvc-cinq-modeles-differents\/cloture-pvc-famille-modele-privacy\/","og_locale":"fr_FR","og_type":"article","og_title":"Cl\u00f4tures PVC_Famille Privacy","og_description":"Cl\u00f4tures en PVC, Privacy Families: convient \u00e0 ceux qui souhaitent fermer une zone et la rendre aussi prot\u00e9g\u00e9e et couverte que possible","og_url":"https:\/\/recinzionipvc.com\/fr\/familles-de-clotures-en-pvc-cinq-modeles-differents\/cloture-pvc-famille-modele-privacy\/","og_site_name":"Recinzioni PVC","article_publisher":"https:\/\/www.facebook.com\/ZucchiRecinzioniPVC","article_modified_time":"2020-11-30T10:30:15+00:00","twitter_card":"summary_large_image","twitter_misc":{"Dur\u00e9e de lecture estim\u00e9e":"4 minutes"},"schema":{"@context":"https:\/\/schema.org","@graph":[{"@type":"WebPage","@id":"https:\/\/recinzionipvc.com\/fr\/familles-de-clotures-en-pvc-cinq-modeles-differents\/cloture-pvc-famille-modele-privacy\/","url":"https:\/\/recinzionipvc.com\/fr\/familles-de-clotures-en-pvc-cinq-modeles-differents\/cloture-pvc-famille-modele-privacy\/","name":"Cl\u00f4tures PVC_Famille Privacy","isPartOf":{"@id":"https:\/\/recinzionipvc.com\/it\/#website"},"datePublished":"2020-09-10T14:28:05+00:00","dateModified":"2020-11-30T10:30:15+00:00","description":"Cl\u00f4tures en PVC, Privacy Families: convient \u00e0 ceux qui souhaitent fermer une zone et la rendre aussi prot\u00e9g\u00e9e et couverte que possible","breadcrumb":{"@id":"https:\/\/recinzionipvc.com\/fr\/familles-de-clotures-en-pvc-cinq-modeles-differents\/cloture-pvc-famille-modele-privacy\/#breadcrumb"},"inLanguage":"fr-FR","potentialAction":[{"@type":"ReadAction","target":["https:\/\/recinzionipvc.com\/fr\/familles-de-clotures-en-pvc-cinq-modeles-differents\/cloture-pvc-famille-modele-privacy\/"]}]},{"@type":"BreadcrumbList","@id":"https:\/\/recinzionipvc.com\/fr\/familles-de-clotures-en-pvc-cinq-modeles-differents\/cloture-pvc-famille-modele-privacy\/#breadcrumb","itemListElement":[{"@type":"ListItem","position":1,"name":"Home","item":"https:\/\/recinzionipvc.com\/fr\/"},{"@type":"ListItem","position":2,"name":"Familles de cl\u00f4tures en PVC","item":"https:\/\/recinzionipvc.com\/fr\/familles-de-clotures-en-pvc-cinq-modeles-differents\/"},{"@type":"ListItem","position":3,"name":"Privacy"}]},{"@type":"WebSite","@id":"https:\/\/recinzionipvc.com\/it\/#website","url":"https:\/\/recinzionipvc.com\/it\/","name":"Recinzioni PVC","description":"La tua prossima recinzione, direttamente creata da te!","potentialAction":[{"@type":"SearchAction","target":{"@type":"EntryPoint","urlTemplate":"https:\/\/recinzionipvc.com\/it\/?s={search_term_string}"},"query-input":"required name=search_term_string"}],"inLanguage":"fr-FR"}]}},"_links":{"self":[{"href":"https:\/\/recinzionipvc.com\/fr\/wp-json\/wp\/v2\/pages\/6530"}],"collection":[{"href":"https:\/\/recinzionipvc.com\/fr\/wp-json\/wp\/v2\/pages"}],"about":[{"href":"https:\/\/recinzionipvc.com\/fr\/wp-json\/wp\/v2\/types\/page"}],"author":[{"embeddable":true,"href":"https:\/\/recinzionipvc.com\/fr\/wp-json\/wp\/v2\/users\/2"}],"replies":[{"embeddable":true,"href":"https:\/\/recinzionipvc.com\/fr\/wp-json\/wp\/v2\/comments?post=6530"}],"version-history":[{"count":12,"href":"https:\/\/recinzionipvc.com\/fr\/wp-json\/wp\/v2\/pages\/6530\/revisions"}],"predecessor-version":[{"id":11626,"href":"https:\/\/recinzionipvc.com\/fr\/wp-json\/wp\/v2\/pages\/6530\/revisions\/11626"}],"up":[{"embeddable":true,"href":"https:\/\/recinzionipvc.com\/fr\/wp-json\/wp\/v2\/pages\/6512"}],"wp:attachment":[{"href":"https:\/\/recinzionipvc.com\/fr\/wp-json\/wp\/v2\/media?parent=6530"}],"curies":[{"name":"wp","href":"https:\/\/api.w.org\/{rel}","templated":true}]}}