{"id":6542,"date":"2020-09-10T14:46:19","date_gmt":"2020-09-10T14:46:19","guid":{"rendered":"http:\/\/www.recinzionipvc.com\/familles-de-clotures-en-pvc\/temporary\/"},"modified":"2021-11-12T16:48:33","modified_gmt":"2021-11-12T14:48:33","slug":"temporary","status":"publish","type":"page","link":"https:\/\/recinzionipvc.com\/fr\/familles-de-clotures-en-pvc-cinq-modeles-differents\/temporary\/","title":{"rendered":"Temporary"},"content":{"rendered":"<div class=\"fusion-fullwidth fullwidth-box fusion-builder-row-1 nonhundred-percent-fullwidth non-hundred-percent-height-scrolling\" style=\"background-color: rgba(255,255,255,0);background-position: center center;background-repeat: no-repeat;padding-top:0px;padding-right:0px;padding-bottom:0px;padding-left:0px;margin-bottom: 0px;margin-top: 0px;border-width: 0px 0px 0px 0px;border-color:#eae9e9;border-style:solid;\" ><div class=\"fusion-builder-row fusion-row\"><div class=\"fusion-layout-column fusion_builder_column fusion-builder-column-0 fusion_builder_column_1_2 1_2 fusion-one-half fusion-column-first fusion-column-inner-bg-wrapper\" style=\"width:50%;width:calc(50% - ( ( 4% ) * 0.5 ) );margin-right: 4%;margin-top:0px;margin-bottom:20px;\"><div class=\"fusion-column-wrapper fusion-flex-column-wrapper-legacy\" style=\"padding: 0px 0px 0px 0px;\"><div class=\"imageframe-align-center\"><span class=\" fusion-imageframe imageframe-none imageframe-1 hover-type-none\"><img decoding=\"async\" width=\"300\" image_height=\"169\" image_id=\"7752\" title=\"Verona\" src=\"https:\/\/recinzionipvc.com\/wp-content\/uploads\/2019\/05\/Verona-scaled.jpg\" data-orig-src=\"https:\/\/www.recinzionipvc.com\/wp-content\/uploads\/2019\/05\/Verona-300x169.jpg\" class=\"lazyload img-responsive wp-image-7752\" srcset=\"data:image\/svg+xml,%3Csvg%20xmlns%3D%27http%3A%2F%2Fwww.w3.org%2F2000%2Fsvg%27%20width%3D%272560%27%20height%3D%271440%27%20viewBox%3D%270%200%202560%201440%27%3E%3Crect%20width%3D%272560%27%20height%3D%2731440%27%20fill-opacity%3D%220%22%2F%3E%3C%2Fsvg%3E\" data-srcset=\"https:\/\/recinzionipvc.com\/wp-content\/uploads\/2019\/05\/Verona-200x113.jpg 200w, https:\/\/recinzionipvc.com\/wp-content\/uploads\/2019\/05\/Verona-400x225.jpg 400w, https:\/\/recinzionipvc.com\/wp-content\/uploads\/2019\/05\/Verona-600x338.jpg 600w, https:\/\/recinzionipvc.com\/wp-content\/uploads\/2019\/05\/Verona-800x450.jpg 800w, https:\/\/recinzionipvc.com\/wp-content\/uploads\/2019\/05\/Verona-1200x675.jpg 1200w, https:\/\/recinzionipvc.com\/wp-content\/uploads\/2019\/05\/Verona-scaled.jpg 2560w\" data-sizes=\"auto\" data-orig-sizes=\"(max-width: 800px) 100vw, 600px\" \/><\/span><\/div><style type=\"text\/css\"><\/style><div class=\"fusion-title title fusion-title-1 fusion-sep-none fusion-title-center fusion-title-text fusion-title-size-one\" style=\"margin-top:0px;margin-bottom:31px;\"><h1 class=\"title-heading-center\" style=\"margin:0;\"><h1><em>Verona<\/em><\/h1><\/h1><\/div><div class=\"fusion-text fusion-text-1\"><p id=\"tw-target-text\" class=\"tw-data-text tw-text-large XcVN5d tw-ta\" dir=\"ltr\" data-placeholder=\"Traduzione\"><span lang=\"fr\">Notre cl\u00f4ture en PVC, mod\u00e8le Verona, est un mod\u00e8le temporaire et mobile. Ce type de cl\u00f4ture est id\u00e9al pour les foires, congr\u00e8s, festivals\u2026 facile \u00e0 monter et d\u00e9monter, utile pour \u00eatre plac\u00e9 o\u00f9 vous voulez; il ne doit pas \u00eatre plant\u00e9 directement dans le sol. La particularit\u00e9 de ce mod\u00e8le sont les traverses horizontales.<\/span><\/p>\n<\/div><div class=\"fusion-clearfix\"><\/div><\/div><span class=\"fusion-column-inner-bg hover-type-none\"><a href=\"https:\/\/www.recinzionipvc.com\/recinzione-pvc\/verona\/\"><span class=\"fusion-column-inner-bg-image\" style=\"background-position:left top;background-repeat:no-repeat;-webkit-background-size:cover;-moz-background-size:cover;-o-background-size:cover;background-size:cover;\"><\/span><\/a><\/span><\/div><div class=\"fusion-layout-column fusion_builder_column fusion-builder-column-1 fusion_builder_column_1_2 1_2 fusion-one-half fusion-column-last fusion-column-inner-bg-wrapper\" style=\"width:50%;width:calc(50% - ( ( 4% ) * 0.5 ) );margin-top:0px;margin-bottom:20px;\"><div class=\"fusion-column-wrapper fusion-flex-column-wrapper-legacy\" style=\"padding: 0px 0px 0px 0px;\"><div class=\"imageframe-align-center\"><span class=\" fusion-imageframe imageframe-none imageframe-2 hover-type-none\"><img decoding=\"async\" width=\"300\" image_height=\"169\" image_id=\"11813\" src=\"https:\/\/recinzionipvc.com\/wp-content\/uploads\/2020\/01\/Firenze-2-scaled.jpg\" data-orig-src=\"https:\/\/www.recinzionipvc.com\/wp-content\/uploads\/2020\/01\/Firenze-2-300x169.jpg\" class=\"lazyload img-responsive wp-image-11813\" srcset=\"data:image\/svg+xml,%3Csvg%20xmlns%3D%27http%3A%2F%2Fwww.w3.org%2F2000%2Fsvg%27%20width%3D%272560%27%20height%3D%271440%27%20viewBox%3D%270%200%202560%201440%27%3E%3Crect%20width%3D%272560%27%20height%3D%2731440%27%20fill-opacity%3D%220%22%2F%3E%3C%2Fsvg%3E\" data-srcset=\"https:\/\/recinzionipvc.com\/wp-content\/uploads\/2020\/01\/Firenze-2-200x113.jpg 200w, https:\/\/recinzionipvc.com\/wp-content\/uploads\/2020\/01\/Firenze-2-400x225.jpg 400w, https:\/\/recinzionipvc.com\/wp-content\/uploads\/2020\/01\/Firenze-2-600x338.jpg 600w, https:\/\/recinzionipvc.com\/wp-content\/uploads\/2020\/01\/Firenze-2-800x450.jpg 800w, https:\/\/recinzionipvc.com\/wp-content\/uploads\/2020\/01\/Firenze-2-1200x675.jpg 1200w, https:\/\/recinzionipvc.com\/wp-content\/uploads\/2020\/01\/Firenze-2-scaled.jpg 2560w\" data-sizes=\"auto\" data-orig-sizes=\"(max-width: 800px) 100vw, 600px\" \/><\/span><\/div><style type=\"text\/css\"><\/style><div class=\"fusion-title title fusion-title-2 fusion-sep-none fusion-title-center fusion-title-text fusion-title-size-one\" style=\"margin-top:0px;margin-bottom:31px;\"><h1 class=\"title-heading-center\" style=\"margin:0;\"><h1><em>Firenze<\/em><\/h1><\/h1><\/div><div class=\"fusion-text fusion-text-2\"><p id=\"tw-target-text\" class=\"tw-data-text tw-text-large XcVN5d tw-ta\" dir=\"ltr\" data-placeholder=\"Traduzione\"><span lang=\"fr\">Notre cl\u00f4ture en PVC, mod\u00e8le Firenze, est un mod\u00e8le temporaire et mobile. Ce type de cl\u00f4ture est id\u00e9al pour les foires, congr\u00e8s, festivals\u2026 facile \u00e0 monter et d\u00e9monter, utile pour \u00eatre plac\u00e9 o\u00f9 vous voulez; il ne doit pas \u00eatre plant\u00e9 directement dans le sol. La particularit\u00e9 de ce mod\u00e8le sont les barres verticales.<\/span><\/p>\n<\/div><div class=\"fusion-clearfix\"><\/div><\/div><span class=\"fusion-column-inner-bg hover-type-none\"><a href=\" https:\/\/www.recinzionipvc.com\/it\/prodotto\/firenze-recinzio\u2026oranea-temporary\/ \u200e\"><span class=\"fusion-column-inner-bg-image\" style=\"background-position:left top;background-repeat:no-repeat;-webkit-background-size:cover;-moz-background-size:cover;-o-background-size:cover;background-size:cover;\"><\/span><\/a><\/span><\/div><\/div><\/div>","protected":false},"excerpt":{"rendered":"","protected":false},"author":3,"featured_media":0,"parent":6512,"menu_order":0,"comment_status":"closed","ping_status":"closed","template":"","meta":{"footnotes":""},"yoast_head":"<!-- This site is optimized with the Yoast SEO plugin v22.4 - https:\/\/yoast.com\/wordpress\/plugins\/seo\/ -->\n<title>Cl\u00f4tures PVC_Famille Temporary<\/title>\n<meta name=\"description\" content=\"Cl\u00f4tures PVC_Famille Temporary: cl\u00f4tures adapt\u00e9es aux \u00e9v\u00e9nements et aux foires car elles peuvent \u00eatre mont\u00e9es et d\u00e9mont\u00e9es\" \/>\n<meta name=\"robots\" content=\"index, follow, max-snippet:-1, max-image-preview:large, max-video-preview:-1\" \/>\n<link rel=\"canonical\" href=\"https:\/\/www.recinzionipvc.com\/fr\/familles-de-clotures-en-pvc-cinq-modeles-differents\/temporary\/\" \/>\n<meta property=\"og:locale\" content=\"fr_FR\" \/>\n<meta property=\"og:type\" content=\"article\" \/>\n<meta property=\"og:title\" content=\"Cl\u00f4tures PVC_Famille Temporary\" \/>\n<meta property=\"og:description\" content=\"Cl\u00f4tures PVC_Famille Temporary: cl\u00f4tures adapt\u00e9es aux \u00e9v\u00e9nements et aux foires car elles peuvent \u00eatre mont\u00e9es et d\u00e9mont\u00e9es\" \/>\n<meta property=\"og:url\" content=\"https:\/\/www.recinzionipvc.com\/fr\/familles-de-clotures-en-pvc-cinq-modeles-differents\/temporary\/\" \/>\n<meta property=\"og:site_name\" content=\"Recinzioni PVC\" \/>\n<meta property=\"article:publisher\" content=\"https:\/\/www.facebook.com\/ZucchiRecinzioniPVC\" \/>\n<meta property=\"article:modified_time\" content=\"2021-11-12T14:48:33+00:00\" \/>\n<meta name=\"twitter:card\" content=\"summary_large_image\" \/>\n<meta name=\"twitter:label1\" content=\"Dur\u00e9e de lecture estim\u00e9e\" \/>\n\t<meta name=\"twitter:data1\" content=\"5 minutes\" \/>\n<script type=\"application\/ld+json\" class=\"yoast-schema-graph\">{\"@context\":\"https:\/\/schema.org\",\"@graph\":[{\"@type\":\"WebPage\",\"@id\":\"https:\/\/www.recinzionipvc.com\/fr\/familles-de-clotures-en-pvc-cinq-modeles-differents\/temporary\/\",\"url\":\"https:\/\/www.recinzionipvc.com\/fr\/familles-de-clotures-en-pvc-cinq-modeles-differents\/temporary\/\",\"name\":\"Cl\u00f4tures PVC_Famille Temporary\",\"isPartOf\":{\"@id\":\"https:\/\/recinzionipvc.com\/es\/#website\"},\"datePublished\":\"2020-09-10T14:46:19+00:00\",\"dateModified\":\"2021-11-12T14:48:33+00:00\",\"description\":\"Cl\u00f4tures PVC_Famille Temporary: cl\u00f4tures adapt\u00e9es aux \u00e9v\u00e9nements et aux foires car elles peuvent \u00eatre mont\u00e9es et d\u00e9mont\u00e9es\",\"breadcrumb\":{\"@id\":\"https:\/\/www.recinzionipvc.com\/fr\/familles-de-clotures-en-pvc-cinq-modeles-differents\/temporary\/#breadcrumb\"},\"inLanguage\":\"fr-FR\",\"potentialAction\":[{\"@type\":\"ReadAction\",\"target\":[\"https:\/\/www.recinzionipvc.com\/fr\/familles-de-clotures-en-pvc-cinq-modeles-differents\/temporary\/\"]}]},{\"@type\":\"BreadcrumbList\",\"@id\":\"https:\/\/www.recinzionipvc.com\/fr\/familles-de-clotures-en-pvc-cinq-modeles-differents\/temporary\/#breadcrumb\",\"itemListElement\":[{\"@type\":\"ListItem\",\"position\":1,\"name\":\"Home\",\"item\":\"https:\/\/www.recinzionipvc.com\/fr\/\"},{\"@type\":\"ListItem\",\"position\":2,\"name\":\"Familles de cl\u00f4tures en PVC\",\"item\":\"https:\/\/www.recinzionipvc.com\/fr\/familles-de-clotures-en-pvc-cinq-modeles-differents\/\"},{\"@type\":\"ListItem\",\"position\":3,\"name\":\"Temporary\"}]},{\"@type\":\"WebSite\",\"@id\":\"https:\/\/recinzionipvc.com\/es\/#website\",\"url\":\"https:\/\/recinzionipvc.com\/es\/\",\"name\":\"Recinzioni PVC\",\"description\":\"La tua prossima recinzione, direttamente creata da te!\",\"potentialAction\":[{\"@type\":\"SearchAction\",\"target\":{\"@type\":\"EntryPoint\",\"urlTemplate\":\"https:\/\/recinzionipvc.com\/es\/?s={search_term_string}\"},\"query-input\":\"required name=search_term_string\"}],\"inLanguage\":\"fr-FR\"}]}<\/script>\n<!-- \/ Yoast SEO plugin. -->","yoast_head_json":{"title":"Cl\u00f4tures PVC_Famille Temporary","description":"Cl\u00f4tures PVC_Famille Temporary: cl\u00f4tures adapt\u00e9es aux \u00e9v\u00e9nements et aux foires car elles peuvent \u00eatre mont\u00e9es et d\u00e9mont\u00e9es","robots":{"index":"index","follow":"follow","max-snippet":"max-snippet:-1","max-image-preview":"max-image-preview:large","max-video-preview":"max-video-preview:-1"},"canonical":"https:\/\/www.recinzionipvc.com\/fr\/familles-de-clotures-en-pvc-cinq-modeles-differents\/temporary\/","og_locale":"fr_FR","og_type":"article","og_title":"Cl\u00f4tures PVC_Famille Temporary","og_description":"Cl\u00f4tures PVC_Famille Temporary: cl\u00f4tures adapt\u00e9es aux \u00e9v\u00e9nements et aux foires car elles peuvent \u00eatre mont\u00e9es et d\u00e9mont\u00e9es","og_url":"https:\/\/www.recinzionipvc.com\/fr\/familles-de-clotures-en-pvc-cinq-modeles-differents\/temporary\/","og_site_name":"Recinzioni PVC","article_publisher":"https:\/\/www.facebook.com\/ZucchiRecinzioniPVC","article_modified_time":"2021-11-12T14:48:33+00:00","twitter_card":"summary_large_image","twitter_misc":{"Dur\u00e9e de lecture estim\u00e9e":"5 minutes"},"schema":{"@context":"https:\/\/schema.org","@graph":[{"@type":"WebPage","@id":"https:\/\/www.recinzionipvc.com\/fr\/familles-de-clotures-en-pvc-cinq-modeles-differents\/temporary\/","url":"https:\/\/www.recinzionipvc.com\/fr\/familles-de-clotures-en-pvc-cinq-modeles-differents\/temporary\/","name":"Cl\u00f4tures PVC_Famille Temporary","isPartOf":{"@id":"https:\/\/recinzionipvc.com\/es\/#website"},"datePublished":"2020-09-10T14:46:19+00:00","dateModified":"2021-11-12T14:48:33+00:00","description":"Cl\u00f4tures PVC_Famille Temporary: cl\u00f4tures adapt\u00e9es aux \u00e9v\u00e9nements et aux foires car elles peuvent \u00eatre mont\u00e9es et d\u00e9mont\u00e9es","breadcrumb":{"@id":"https:\/\/www.recinzionipvc.com\/fr\/familles-de-clotures-en-pvc-cinq-modeles-differents\/temporary\/#breadcrumb"},"inLanguage":"fr-FR","potentialAction":[{"@type":"ReadAction","target":["https:\/\/www.recinzionipvc.com\/fr\/familles-de-clotures-en-pvc-cinq-modeles-differents\/temporary\/"]}]},{"@type":"BreadcrumbList","@id":"https:\/\/www.recinzionipvc.com\/fr\/familles-de-clotures-en-pvc-cinq-modeles-differents\/temporary\/#breadcrumb","itemListElement":[{"@type":"ListItem","position":1,"name":"Home","item":"https:\/\/www.recinzionipvc.com\/fr\/"},{"@type":"ListItem","position":2,"name":"Familles de cl\u00f4tures en PVC","item":"https:\/\/www.recinzionipvc.com\/fr\/familles-de-clotures-en-pvc-cinq-modeles-differents\/"},{"@type":"ListItem","position":3,"name":"Temporary"}]},{"@type":"WebSite","@id":"https:\/\/recinzionipvc.com\/es\/#website","url":"https:\/\/recinzionipvc.com\/es\/","name":"Recinzioni PVC","description":"La tua prossima recinzione, direttamente creata da te!","potentialAction":[{"@type":"SearchAction","target":{"@type":"EntryPoint","urlTemplate":"https:\/\/recinzionipvc.com\/es\/?s={search_term_string}"},"query-input":"required name=search_term_string"}],"inLanguage":"fr-FR"}]}},"_links":{"self":[{"href":"https:\/\/recinzionipvc.com\/fr\/wp-json\/wp\/v2\/pages\/6542"}],"collection":[{"href":"https:\/\/recinzionipvc.com\/fr\/wp-json\/wp\/v2\/pages"}],"about":[{"href":"https:\/\/recinzionipvc.com\/fr\/wp-json\/wp\/v2\/types\/page"}],"author":[{"embeddable":true,"href":"https:\/\/recinzionipvc.com\/fr\/wp-json\/wp\/v2\/users\/3"}],"replies":[{"embeddable":true,"href":"https:\/\/recinzionipvc.com\/fr\/wp-json\/wp\/v2\/comments?post=6542"}],"version-history":[{"count":10,"href":"https:\/\/recinzionipvc.com\/fr\/wp-json\/wp\/v2\/pages\/6542\/revisions"}],"predecessor-version":[{"id":15748,"href":"https:\/\/recinzionipvc.com\/fr\/wp-json\/wp\/v2\/pages\/6542\/revisions\/15748"}],"up":[{"embeddable":true,"href":"https:\/\/recinzionipvc.com\/fr\/wp-json\/wp\/v2\/pages\/6512"}],"wp:attachment":[{"href":"https:\/\/recinzionipvc.com\/fr\/wp-json\/wp\/v2\/media?parent=6542"}],"curies":[{"name":"wp","href":"https:\/\/api.w.org\/{rel}","templated":true}]}}