{"id":6561,"date":"2020-09-10T15:46:00","date_gmt":"2020-09-10T15:46:00","guid":{"rendered":"http:\/\/www.recinzionipvc.com\/landings\/pourquoi-choisir-une-cloture-en-pvc-pour-votre-jardin\/"},"modified":"2021-04-29T08:38:54","modified_gmt":"2021-04-29T06:38:54","slug":"pourquoi-choisir-une-cloture-en-pvc-pour-votre-jardin","status":"publish","type":"page","link":"https:\/\/recinzionipvc.com\/fr\/landings\/pourquoi-choisir-une-cloture-en-pvc-pour-votre-jardin\/","title":{"rendered":"Pourquoi choisir une cl\u00f4ture en PVC pour votre jardin"},"content":{"rendered":"<div class=\"fusion-fullwidth fullwidth-box fusion-builder-row-1 nonhundred-percent-fullwidth non-hundred-percent-height-scrolling\" style=\"background-color: rgba(255,255,255,0);background-position: center center;background-repeat: no-repeat;padding-top:0px;padding-right:0px;padding-bottom:0px;padding-left:0px;margin-bottom: 0px;margin-top: 0px;border-width: 0px 0px 0px 0px;border-color:#eae9e9;border-style:solid;\" ><div class=\"fusion-builder-row fusion-row\"><div class=\"fusion-layout-column fusion_builder_column fusion-builder-column-0 fusion_builder_column_1_1 1_1 fusion-one-full fusion-column-first fusion-column-last\" style=\"margin-top:0px;margin-bottom:20px;\"><div class=\"fusion-column-wrapper fusion-flex-column-wrapper-legacy\" style=\"background-position:left top;background-repeat:no-repeat;-webkit-background-size:cover;-moz-background-size:cover;-o-background-size:cover;background-size:cover;padding: 0px 0px 0px 0px;\"><div class=\"fusion-text fusion-text-1\"><div class=\"jhH5U\">\n<div id=\"tw-ob\" class=\"tw-src-ltr\">\n<div class=\"oSioSc\">\n<div id=\"tw-target\">\n<div id=\"kAz1tf\" class=\"g9WsWb\">\n<div id=\"tw-target-text-container\" class=\"tw-ta-container hide-focus-ring tw-nfl\" tabindex=\"0\">\n<h1 id=\"tw-target-text\" class=\"tw-data-text tw-text-large XcVN5d tw-ta\" dir=\"ltr\" data-placeholder=\"Traduzione\"><span lang=\"fr\">Pourquoi il est important de choisir une cl\u00f4ture en PVC pour votre jardin<\/span><\/h1>\n<\/div>\n<div id=\"tw-target-rmn-container\" class=\"tw-ta-container hide-focus-ring tw-nfl\">\n<p id=\"tw-target-rmn\" class=\"tw-data-placeholder tw-text-small tw-ta\" dir=\"ltr\">Il existe un large choix de prix de <em><strong>cl\u00f4tures<\/strong> <strong>de jardin<\/strong><\/em> en fonction du type de mat\u00e9riau, de la forme et de la fonction que la <em><strong>cl\u00f4ture<\/strong> <\/em>devra ex\u00e9cuter. Ils vont de simples <em><strong>b\u00e2tons de bambou<\/strong><\/em> qui co\u00fbtent 10 \u00e0 30 euros le m\u00e8tre carr\u00e9, \u00e0 des <em><strong>cl\u00f4tures plus artistiques en fer<\/strong><\/em>, en <em><strong>bois<\/strong> <\/em>ou en <strong><em>filet<\/em><\/strong>. Les <em><strong>cl\u00f4tures en bois<\/strong><\/em> co\u00fbtent environ 100 euros le m\u00e8tre carr\u00e9 et sont constitu\u00e9es de poteaux, de poutres verticales en bois et de barres transversales, les palissades horizontales. Le <em><strong>fer forg\u00e9<\/strong><\/em> est \u00e9videmment l&rsquo;un des mat\u00e9riaux les plus chers, le prix d\u00e9pend aussi des motifs d\u00e9coratifs des barres, le co\u00fbt atteint environ 200 euros le m\u00e8tre carr\u00e9. Nos <strong><em>cl\u00f4tures en PVC<\/em><\/strong>, quant \u00e0 elles, sont produites avec la plus haute <em><strong>protection UV<\/strong> <\/em>et avec 1<em><strong>00% de vinyle vierge<\/strong><\/em>. Cela garantit une <em><strong>longue dur\u00e9e de vie<\/strong><\/em>, une <em><strong>flexibilit\u00e9<\/strong> <\/em>et une<strong><em> r\u00e9sistance aux intemp\u00e9ries<\/em><\/strong>, m\u00eame dans les zones \u00e0 climat difficile.<\/p>\n<p class=\"tw-data-placeholder tw-text-small tw-ta\" dir=\"ltr\">Notre conception brevet\u00e9e unique rend l&rsquo;assemblage et le transport beaucoup plus faciles. Nos <strong><em>cl\u00f4tures<\/em> <\/strong>sont <em><strong>construites pour durer<\/strong><\/em>, c&rsquo;est pourquoi elles sont garanties vingt ans. De plus, gr\u00e2ce \u00e0 notre syst\u00e8me de production tr\u00e8s efficace, nous sommes en mesure de maintenir des normes de qualit\u00e9 tr\u00e8s \u00e9lev\u00e9es tout en maintenant un faible co\u00fbt, afin que nos clients puissent profiter d&rsquo;un <em><strong>rapport qualit\u00e9 \/ prix tr\u00e8s avantageux<\/strong><\/em>.<\/p>\n<\/div>\n<div class=\"iYB33c\">\n<div id=\"tw-tmenu\" class=\"tw-menu\"><\/div>\n<\/div>\n<\/div>\n<\/div>\n<\/div>\n<\/div>\n<div id=\"tw-images\"><\/div>\n<div class=\"dURPtb\"><\/div>\n<div>\n<div><\/div>\n<\/div>\n<\/div>\n<\/div><div class=\"fusion-clearfix\"><\/div><\/div><\/div><\/div><\/div><div class=\"fusion-fullwidth fullwidth-box fusion-builder-row-2 nonhundred-percent-fullwidth non-hundred-percent-height-scrolling\" style=\"background-color: rgba(255,255,255,0);background-position: center center;background-repeat: no-repeat;padding-top:0px;padding-right:0px;padding-bottom:0px;padding-left:0px;margin-bottom: 0px;margin-top: 0px;border-width: 0px 0px 0px 0px;border-color:#eae9e9;border-style:solid;\" ><div class=\"fusion-builder-row fusion-row\"><div class=\"fusion-layout-column fusion_builder_column fusion-builder-column-1 fusion_builder_column_1_3 1_3 fusion-one-third fusion-column-first\" style=\"width:33.333333333333%;width:calc(33.333333333333% - ( ( 4% + 4% ) * 0.33333333333333 ) );margin-right: 4%;margin-top:0px;margin-bottom:20px;\"><div class=\"fusion-column-wrapper fusion-flex-column-wrapper-legacy\" style=\"background-position:left top;background-repeat:no-repeat;-webkit-background-size:cover;-moz-background-size:cover;-o-background-size:cover;background-size:cover;padding: 0px 0px 0px 0px;\"><span class=\" fusion-imageframe imageframe-none imageframe-1 hover-type-none\"><a class=\"fusion-no-lightbox\" href=\"https:\/\/www.recinzionipvc.com\/modelli-di-recinzioni-in-pvc\/madrid\/\" target=\"_self\"><img decoding=\"async\" width=\"300\" image_height=\"213\" image_id=\"4361\" src=\"https:\/\/recinzionipvc.com\/wp-content\/uploads\/2020\/01\/MADRID.jpg\" data-orig-src=\"https:\/\/www.recinzionipvc.com\/wp-content\/uploads\/2020\/01\/MADRID-300x213.jpg\" class=\"lazyload img-responsive wp-image-4361\" srcset=\"data:image\/svg+xml,%3Csvg%20xmlns%3D%27http%3A%2F%2Fwww.w3.org%2F2000%2Fsvg%27%20width%3D%27597%27%20height%3D%27423%27%20viewBox%3D%270%200%20597%20423%27%3E%3Crect%20width%3D%27597%27%20height%3D%273423%27%20fill-opacity%3D%220%22%2F%3E%3C%2Fsvg%3E\" data-srcset=\"https:\/\/recinzionipvc.com\/wp-content\/uploads\/2020\/01\/MADRID-200x142.jpg 200w, https:\/\/recinzionipvc.com\/wp-content\/uploads\/2020\/01\/MADRID-400x283.jpg 400w, https:\/\/recinzionipvc.com\/wp-content\/uploads\/2020\/01\/MADRID.jpg 597w\" data-sizes=\"auto\" data-orig-sizes=\"(max-width: 800px) 100vw, 300px\" \/><\/a><\/span><div class=\"fusion-clearfix\"><\/div><\/div><\/div><div class=\"fusion-layout-column fusion_builder_column fusion-builder-column-2 fusion_builder_column_1_3 1_3 fusion-one-third\" style=\"width:33.333333333333%;width:calc(33.333333333333% - ( ( 4% + 4% ) * 0.33333333333333 ) );margin-right: 4%;margin-top:0px;margin-bottom:20px;\"><div class=\"fusion-column-wrapper fusion-flex-column-wrapper-legacy\" style=\"background-position:left top;background-repeat:no-repeat;-webkit-background-size:cover;-moz-background-size:cover;-o-background-size:cover;background-size:cover;padding: 0px 0px 0px 0px;\"><span class=\" fusion-imageframe imageframe-none imageframe-2 hover-type-none\"><a class=\"fusion-no-lightbox\" href=\"https:\/\/www.recinzionipvc.com\/modelli-di-recinzioni-in-pvc\/siena\/\" target=\"_self\"><img decoding=\"async\" width=\"300\" image_height=\"184\" image_id=\"4231\" src=\"https:\/\/recinzionipvc.com\/wp-content\/uploads\/2020\/01\/DSC_0503.jpg\" data-orig-src=\"https:\/\/www.recinzionipvc.com\/wp-content\/uploads\/2020\/01\/DSC_0503-300x184.jpg\" class=\"lazyload img-responsive wp-image-4231\" srcset=\"data:image\/svg+xml,%3Csvg%20xmlns%3D%27http%3A%2F%2Fwww.w3.org%2F2000%2Fsvg%27%20width%3D%271200%27%20height%3D%27736%27%20viewBox%3D%270%200%201200%20736%27%3E%3Crect%20width%3D%271200%27%20height%3D%273736%27%20fill-opacity%3D%220%22%2F%3E%3C%2Fsvg%3E\" data-srcset=\"https:\/\/recinzionipvc.com\/wp-content\/uploads\/2020\/01\/DSC_0503-200x123.jpg 200w, https:\/\/recinzionipvc.com\/wp-content\/uploads\/2020\/01\/DSC_0503-400x245.jpg 400w, https:\/\/recinzionipvc.com\/wp-content\/uploads\/2020\/01\/DSC_0503-600x368.jpg 600w, https:\/\/recinzionipvc.com\/wp-content\/uploads\/2020\/01\/DSC_0503-800x491.jpg 800w, https:\/\/recinzionipvc.com\/wp-content\/uploads\/2020\/01\/DSC_0503.jpg 1200w\" data-sizes=\"auto\" data-orig-sizes=\"(max-width: 800px) 100vw, 400px\" \/><\/a><\/span><div class=\"fusion-clearfix\"><\/div><\/div><\/div><div class=\"fusion-layout-column fusion_builder_column fusion-builder-column-3 fusion_builder_column_1_3 1_3 fusion-one-third fusion-column-last\" style=\"width:33.333333333333%;width:calc(33.333333333333% - ( ( 4% + 4% ) * 0.33333333333333 ) );margin-top:0px;margin-bottom:20px;\"><div class=\"fusion-column-wrapper fusion-flex-column-wrapper-legacy\" style=\"background-position:left top;background-repeat:no-repeat;-webkit-background-size:cover;-moz-background-size:cover;-o-background-size:cover;background-size:cover;padding: 0px 0px 0px 0px;\"><span class=\" fusion-imageframe imageframe-none imageframe-3 hover-type-none\"><a class=\"fusion-no-lightbox\" href=\"https:\/\/www.recinzionipvc.com\/modelli-di-recinzioni-in-pvc\/roma\/\" target=\"_self\" aria-label=\"FA2-25\"><img decoding=\"async\" width=\"300\" image_height=\"225\" image_id=\"7813\" src=\"https:\/\/recinzionipvc.com\/wp-content\/uploads\/2019\/06\/FA2-25-scaled.jpg\" data-orig-src=\"https:\/\/www.recinzionipvc.com\/wp-content\/uploads\/2019\/06\/FA2-25-300x225.jpg\" class=\"lazyload img-responsive wp-image-7813\" srcset=\"data:image\/svg+xml,%3Csvg%20xmlns%3D%27http%3A%2F%2Fwww.w3.org%2F2000%2Fsvg%27%20width%3D%272560%27%20height%3D%271920%27%20viewBox%3D%270%200%202560%201920%27%3E%3Crect%20width%3D%272560%27%20height%3D%2731920%27%20fill-opacity%3D%220%22%2F%3E%3C%2Fsvg%3E\" data-srcset=\"https:\/\/recinzionipvc.com\/wp-content\/uploads\/2019\/06\/FA2-25-200x150.jpg 200w, https:\/\/recinzionipvc.com\/wp-content\/uploads\/2019\/06\/FA2-25-400x300.jpg 400w, https:\/\/recinzionipvc.com\/wp-content\/uploads\/2019\/06\/FA2-25-600x450.jpg 600w, https:\/\/recinzionipvc.com\/wp-content\/uploads\/2019\/06\/FA2-25-800x600.jpg 800w, https:\/\/recinzionipvc.com\/wp-content\/uploads\/2019\/06\/FA2-25-1200x900.jpg 1200w, https:\/\/recinzionipvc.com\/wp-content\/uploads\/2019\/06\/FA2-25-scaled.jpg 2560w\" data-sizes=\"auto\" data-orig-sizes=\"(max-width: 800px) 100vw, 300px\" \/><\/a><\/span><div class=\"fusion-clearfix\"><\/div><\/div><\/div><\/div><\/div>","protected":false},"excerpt":{"rendered":"","protected":false},"author":3,"featured_media":0,"parent":6554,"menu_order":0,"comment_status":"closed","ping_status":"closed","template":"","meta":{"footnotes":""},"yoast_head":"<!-- This site is optimized with the Yoast SEO plugin v22.4 - https:\/\/yoast.com\/wordpress\/plugins\/seo\/ -->\n<title>Pourquoi choisir une cl\u00f4ture en PVC pour votre jardin<\/title>\n<meta name=\"description\" content=\"Choisir une cl\u00f4ture PVC pour votre jardin est un choix aigu: longue dur\u00e9e de vie, elles ne n\u00e9cessitent pas d&#039;entretien et sont garanties 20 ans\" \/>\n<meta name=\"robots\" content=\"index, follow, max-snippet:-1, max-image-preview:large, max-video-preview:-1\" \/>\n<link rel=\"canonical\" href=\"https:\/\/recinzionipvc.com\/fr\/landings\/pourquoi-choisir-une-cloture-en-pvc-pour-votre-jardin\/\" \/>\n<meta property=\"og:locale\" content=\"fr_FR\" \/>\n<meta property=\"og:type\" content=\"article\" \/>\n<meta property=\"og:title\" content=\"Pourquoi choisir une cl\u00f4ture en PVC pour votre jardin\" \/>\n<meta property=\"og:description\" content=\"Choisir une cl\u00f4ture PVC pour votre jardin est un choix aigu: longue dur\u00e9e de vie, elles ne n\u00e9cessitent pas d&#039;entretien et sont garanties 20 ans\" \/>\n<meta property=\"og:url\" content=\"https:\/\/recinzionipvc.com\/fr\/landings\/pourquoi-choisir-une-cloture-en-pvc-pour-votre-jardin\/\" \/>\n<meta property=\"og:site_name\" content=\"Recinzioni PVC\" \/>\n<meta property=\"article:publisher\" content=\"https:\/\/www.facebook.com\/ZucchiRecinzioniPVC\" \/>\n<meta property=\"article:modified_time\" content=\"2021-04-29T06:38:54+00:00\" \/>\n<meta name=\"twitter:card\" content=\"summary_large_image\" \/>\n<meta name=\"twitter:label1\" content=\"Dur\u00e9e de lecture estim\u00e9e\" \/>\n\t<meta name=\"twitter:data1\" content=\"6 minutes\" \/>\n<script type=\"application\/ld+json\" class=\"yoast-schema-graph\">{\"@context\":\"https:\/\/schema.org\",\"@graph\":[{\"@type\":\"WebPage\",\"@id\":\"https:\/\/recinzionipvc.com\/fr\/landings\/pourquoi-choisir-une-cloture-en-pvc-pour-votre-jardin\/\",\"url\":\"https:\/\/recinzionipvc.com\/fr\/landings\/pourquoi-choisir-une-cloture-en-pvc-pour-votre-jardin\/\",\"name\":\"Pourquoi choisir une cl\u00f4ture en PVC pour votre jardin\",\"isPartOf\":{\"@id\":\"https:\/\/recinzionipvc.com\/it\/#website\"},\"datePublished\":\"2020-09-10T15:46:00+00:00\",\"dateModified\":\"2021-04-29T06:38:54+00:00\",\"description\":\"Choisir une cl\u00f4ture PVC pour votre jardin est un choix aigu: longue dur\u00e9e de vie, elles ne n\u00e9cessitent pas d'entretien et sont garanties 20 ans\",\"breadcrumb\":{\"@id\":\"https:\/\/recinzionipvc.com\/fr\/landings\/pourquoi-choisir-une-cloture-en-pvc-pour-votre-jardin\/#breadcrumb\"},\"inLanguage\":\"fr-FR\",\"potentialAction\":[{\"@type\":\"ReadAction\",\"target\":[\"https:\/\/recinzionipvc.com\/fr\/landings\/pourquoi-choisir-une-cloture-en-pvc-pour-votre-jardin\/\"]}]},{\"@type\":\"BreadcrumbList\",\"@id\":\"https:\/\/recinzionipvc.com\/fr\/landings\/pourquoi-choisir-une-cloture-en-pvc-pour-votre-jardin\/#breadcrumb\",\"itemListElement\":[{\"@type\":\"ListItem\",\"position\":1,\"name\":\"Home\",\"item\":\"https:\/\/recinzionipvc.com\/fr\/\"},{\"@type\":\"ListItem\",\"position\":2,\"name\":\"landings\",\"item\":\"https:\/\/recinzionipvc.com\/it\/soluzioni\/\"},{\"@type\":\"ListItem\",\"position\":3,\"name\":\"Pourquoi choisir une cl\u00f4ture en PVC pour votre jardin\"}]},{\"@type\":\"WebSite\",\"@id\":\"https:\/\/recinzionipvc.com\/it\/#website\",\"url\":\"https:\/\/recinzionipvc.com\/it\/\",\"name\":\"Recinzioni PVC\",\"description\":\"La tua prossima recinzione, direttamente creata da te!\",\"potentialAction\":[{\"@type\":\"SearchAction\",\"target\":{\"@type\":\"EntryPoint\",\"urlTemplate\":\"https:\/\/recinzionipvc.com\/it\/?s={search_term_string}\"},\"query-input\":\"required name=search_term_string\"}],\"inLanguage\":\"fr-FR\"}]}<\/script>\n<!-- \/ Yoast SEO plugin. -->","yoast_head_json":{"title":"Pourquoi choisir une cl\u00f4ture en PVC pour votre jardin","description":"Choisir une cl\u00f4ture PVC pour votre jardin est un choix aigu: longue dur\u00e9e de vie, elles ne n\u00e9cessitent pas d'entretien et sont garanties 20 ans","robots":{"index":"index","follow":"follow","max-snippet":"max-snippet:-1","max-image-preview":"max-image-preview:large","max-video-preview":"max-video-preview:-1"},"canonical":"https:\/\/recinzionipvc.com\/fr\/landings\/pourquoi-choisir-une-cloture-en-pvc-pour-votre-jardin\/","og_locale":"fr_FR","og_type":"article","og_title":"Pourquoi choisir une cl\u00f4ture en PVC pour votre jardin","og_description":"Choisir une cl\u00f4ture PVC pour votre jardin est un choix aigu: longue dur\u00e9e de vie, elles ne n\u00e9cessitent pas d'entretien et sont garanties 20 ans","og_url":"https:\/\/recinzionipvc.com\/fr\/landings\/pourquoi-choisir-une-cloture-en-pvc-pour-votre-jardin\/","og_site_name":"Recinzioni PVC","article_publisher":"https:\/\/www.facebook.com\/ZucchiRecinzioniPVC","article_modified_time":"2021-04-29T06:38:54+00:00","twitter_card":"summary_large_image","twitter_misc":{"Dur\u00e9e de lecture estim\u00e9e":"6 minutes"},"schema":{"@context":"https:\/\/schema.org","@graph":[{"@type":"WebPage","@id":"https:\/\/recinzionipvc.com\/fr\/landings\/pourquoi-choisir-une-cloture-en-pvc-pour-votre-jardin\/","url":"https:\/\/recinzionipvc.com\/fr\/landings\/pourquoi-choisir-une-cloture-en-pvc-pour-votre-jardin\/","name":"Pourquoi choisir une cl\u00f4ture en PVC pour votre jardin","isPartOf":{"@id":"https:\/\/recinzionipvc.com\/it\/#website"},"datePublished":"2020-09-10T15:46:00+00:00","dateModified":"2021-04-29T06:38:54+00:00","description":"Choisir une cl\u00f4ture PVC pour votre jardin est un choix aigu: longue dur\u00e9e de vie, elles ne n\u00e9cessitent pas d'entretien et sont garanties 20 ans","breadcrumb":{"@id":"https:\/\/recinzionipvc.com\/fr\/landings\/pourquoi-choisir-une-cloture-en-pvc-pour-votre-jardin\/#breadcrumb"},"inLanguage":"fr-FR","potentialAction":[{"@type":"ReadAction","target":["https:\/\/recinzionipvc.com\/fr\/landings\/pourquoi-choisir-une-cloture-en-pvc-pour-votre-jardin\/"]}]},{"@type":"BreadcrumbList","@id":"https:\/\/recinzionipvc.com\/fr\/landings\/pourquoi-choisir-une-cloture-en-pvc-pour-votre-jardin\/#breadcrumb","itemListElement":[{"@type":"ListItem","position":1,"name":"Home","item":"https:\/\/recinzionipvc.com\/fr\/"},{"@type":"ListItem","position":2,"name":"landings","item":"https:\/\/recinzionipvc.com\/it\/soluzioni\/"},{"@type":"ListItem","position":3,"name":"Pourquoi choisir une cl\u00f4ture en PVC pour votre jardin"}]},{"@type":"WebSite","@id":"https:\/\/recinzionipvc.com\/it\/#website","url":"https:\/\/recinzionipvc.com\/it\/","name":"Recinzioni PVC","description":"La tua prossima recinzione, direttamente creata da te!","potentialAction":[{"@type":"SearchAction","target":{"@type":"EntryPoint","urlTemplate":"https:\/\/recinzionipvc.com\/it\/?s={search_term_string}"},"query-input":"required name=search_term_string"}],"inLanguage":"fr-FR"}]}},"_links":{"self":[{"href":"https:\/\/recinzionipvc.com\/fr\/wp-json\/wp\/v2\/pages\/6561"}],"collection":[{"href":"https:\/\/recinzionipvc.com\/fr\/wp-json\/wp\/v2\/pages"}],"about":[{"href":"https:\/\/recinzionipvc.com\/fr\/wp-json\/wp\/v2\/types\/page"}],"author":[{"embeddable":true,"href":"https:\/\/recinzionipvc.com\/fr\/wp-json\/wp\/v2\/users\/3"}],"replies":[{"embeddable":true,"href":"https:\/\/recinzionipvc.com\/fr\/wp-json\/wp\/v2\/comments?post=6561"}],"version-history":[{"count":7,"href":"https:\/\/recinzionipvc.com\/fr\/wp-json\/wp\/v2\/pages\/6561\/revisions"}],"predecessor-version":[{"id":12667,"href":"https:\/\/recinzionipvc.com\/fr\/wp-json\/wp\/v2\/pages\/6561\/revisions\/12667"}],"up":[{"embeddable":true,"href":"https:\/\/recinzionipvc.com\/fr\/wp-json\/wp\/v2\/pages\/6554"}],"wp:attachment":[{"href":"https:\/\/recinzionipvc.com\/fr\/wp-json\/wp\/v2\/media?parent=6561"}],"curies":[{"name":"wp","href":"https:\/\/api.w.org\/{rel}","templated":true}]}}