{"id":6567,"date":"2020-09-10T15:53:36","date_gmt":"2020-09-10T15:53:36","guid":{"rendered":"http:\/\/www.recinzionipvc.com\/modeles-de-clotures-en-pvc\/"},"modified":"2020-11-20T18:34:48","modified_gmt":"2020-11-20T16:34:48","slug":"modeles-de-clotures-en-pvc","status":"publish","type":"page","link":"https:\/\/recinzionipvc.com\/fr\/modeles-de-clotures-en-pvc\/","title":{"rendered":"Mod\u00e8les de cl\u00f4tures en PVC"},"content":{"rendered":"<div class=\"fusion-fullwidth fullwidth-box fusion-builder-row-1 nonhundred-percent-fullwidth non-hundred-percent-height-scrolling\" style=\"background-color: rgba(255,255,255,0);background-position: center center;background-repeat: no-repeat;padding-top:0px;padding-right:0px;padding-bottom:0px;padding-left:0px;margin-bottom: 0px;margin-top: 0px;border-width: 0px 0px 0px 0px;border-color:#eae9e9;border-style:solid;\" ><div class=\"fusion-builder-row fusion-row\"><div class=\"fusion-layout-column fusion_builder_column fusion-builder-column-0 fusion_builder_column_1_1 1_1 fusion-one-full fusion-column-first fusion-column-last\" style=\"margin-top:0px;margin-bottom:20px;\"><div class=\"fusion-column-wrapper fusion-flex-column-wrapper-legacy\" style=\"background-position:left top;background-repeat:no-repeat;-webkit-background-size:cover;-moz-background-size:cover;-o-background-size:cover;background-size:cover;padding: 0px 0px 0px 0px;\"><style type=\"text\/css\"><\/style><div class=\"fusion-title title fusion-title-1 fusion-sep-none fusion-title-text fusion-title-size-one\" style=\"margin-top:0px;margin-bottom:31px;\"><h1 class=\"title-heading-left\" style=\"margin:0;\"><h1><em> Mod\u00e8les de cl\u00f4tures en PVC<\/em><\/h1>\r\n<p id=\"tw-target-text\" class=\"tw-data-text tw-text-large XcVN5d tw-ta\" dir=\"ltr\" data-placeholder=\"Traduzione\"><span lang=\"fr\">Tous nos mod\u00e8les de <em><strong>cl\u00f4tures en PVC<\/strong><\/em> ont \u00e9t\u00e9 cr\u00e9\u00e9s pour <strong><em>satisfaire<\/em> <\/strong>tout type de besoin qui nous est demand\u00e9. Ainsi naissent cinq types de <strong><em>familles<\/em> <\/strong>diff\u00e9rentes, dont chacune comprend des <strong><em>mod\u00e8les diff\u00e9rents<\/em><\/strong>, r\u00e9pondant \u00e0 tous les <strong><em>besoins<\/em><\/strong>, \u00e0 la fois en termes d&rsquo;esth\u00e9tique mais aussi en termes de besoin. Pour nous, il est tr\u00e8s important de savoir comment <em><strong>satisfaire le client<\/strong><\/em>, pour cette raison, notre gamme de <em><strong>produits<\/strong> <\/em>est en constante \u00e9volution: si un client nous contacte pour un <strong><em>mod\u00e8le<\/em><\/strong>, qui ne fait pas partie de ceux que nous proposons, nous nous engageons \u00e0 ce que cela que nous devons \u00eatre cr\u00e9\u00e9s. Ainsi, apr\u00e8s un petit <strong><em>brief<\/em> <\/strong>avec l&rsquo;acheteur (nous \u00e9tudions ses besoins et toutes les informations possibles qu&rsquo;il fournit) un de nos techniciens collaborera lui-m\u00eame avec le client pour faire en sorte que ce dont il a besoin prenne vie: le voila, qu&rsquo;un nouveau sera ajout\u00e9. Mod\u00e8le de <em><strong>cl\u00f4ture en PVC<\/strong><\/em> \u00e0 nos <em><strong>familles<\/strong> <\/em>existantes. Et vous, recherchez-vous un <em><strong>mod\u00e8le<\/strong> <\/em>en particulier et ne l&rsquo;avez pas trouv\u00e9? Contactez-nous au <strong><em>0174\/681492<\/em><\/strong> ou <em><strong>info@recinzionipvc.com<\/strong><\/em>, nous vous aiderons \u00e0 trouver le mod\u00e8le de <strong><em>cl\u00f4ture en PVC<\/em><\/strong> qui vous convient!<\/span><\/p><\/h1><\/div><div class=\"fusion-clearfix\"><\/div><\/div><\/div><\/div><\/div>","protected":false},"excerpt":{"rendered":"","protected":false},"author":2,"featured_media":0,"parent":0,"menu_order":0,"comment_status":"closed","ping_status":"closed","template":"","meta":{"footnotes":""},"yoast_head":"<!-- This site is optimized with the Yoast SEO plugin v22.4 - https:\/\/yoast.com\/wordpress\/plugins\/seo\/ -->\n<title>Diff\u00e9rents mod\u00e8les de Cl\u00f4tures en PVC en fonction du besoin<\/title>\n<meta name=\"description\" content=\"Zucchi Cl\u00f4tures en PVC propose un vaste catalogue de diff\u00e9rents mod\u00e8les, con\u00e7us en fonction des diff\u00e9rents besoins qui sont demand\u00e9s.\" \/>\n<meta name=\"robots\" content=\"index, follow, max-snippet:-1, max-image-preview:large, max-video-preview:-1\" \/>\n<link rel=\"canonical\" href=\"https:\/\/recinzionipvc.com\/it\/modelli-differenti-di-recinzioni-in-pvc\/\" \/>\n<meta property=\"og:locale\" content=\"fr_FR\" \/>\n<meta property=\"og:type\" content=\"article\" \/>\n<meta property=\"og:title\" content=\"Diff\u00e9rents mod\u00e8les de Cl\u00f4tures en PVC en fonction du besoin\" \/>\n<meta property=\"og:description\" content=\"Zucchi Cl\u00f4tures en PVC propose un vaste catalogue de diff\u00e9rents mod\u00e8les, con\u00e7us en fonction des diff\u00e9rents besoins qui sont demand\u00e9s.\" \/>\n<meta property=\"og:url\" content=\"https:\/\/recinzionipvc.com\/it\/modelli-differenti-di-recinzioni-in-pvc\/\" \/>\n<meta property=\"og:site_name\" content=\"Recinzioni PVC\" \/>\n<meta property=\"article:publisher\" content=\"https:\/\/www.facebook.com\/ZucchiRecinzioniPVC\" \/>\n<meta property=\"article:modified_time\" content=\"2020-11-20T16:34:48+00:00\" \/>\n<meta name=\"twitter:card\" content=\"summary_large_image\" \/>\n<meta name=\"twitter:label1\" content=\"Dur\u00e9e de lecture estim\u00e9e\" \/>\n\t<meta name=\"twitter:data1\" content=\"2 minutes\" \/>\n<script type=\"application\/ld+json\" class=\"yoast-schema-graph\">{\"@context\":\"https:\/\/schema.org\",\"@graph\":[{\"@type\":\"WebPage\",\"@id\":\"https:\/\/recinzionipvc.com\/it\/modelli-differenti-di-recinzioni-in-pvc\/\",\"url\":\"https:\/\/recinzionipvc.com\/it\/modelli-differenti-di-recinzioni-in-pvc\/\",\"name\":\"Diff\u00e9rents mod\u00e8les de Cl\u00f4tures en PVC en fonction du besoin\",\"isPartOf\":{\"@id\":\"https:\/\/www.recinzionipvc.com:443\/it\/#website\"},\"datePublished\":\"2020-09-10T15:53:36+00:00\",\"dateModified\":\"2020-11-20T16:34:48+00:00\",\"description\":\"Zucchi Cl\u00f4tures en PVC propose un vaste catalogue de diff\u00e9rents mod\u00e8les, con\u00e7us en fonction des diff\u00e9rents besoins qui sont demand\u00e9s.\",\"breadcrumb\":{\"@id\":\"https:\/\/recinzionipvc.com\/it\/modelli-differenti-di-recinzioni-in-pvc\/#breadcrumb\"},\"inLanguage\":\"fr-FR\",\"potentialAction\":[{\"@type\":\"ReadAction\",\"target\":[\"https:\/\/recinzionipvc.com\/it\/modelli-differenti-di-recinzioni-in-pvc\/\"]}]},{\"@type\":\"BreadcrumbList\",\"@id\":\"https:\/\/recinzionipvc.com\/it\/modelli-differenti-di-recinzioni-in-pvc\/#breadcrumb\",\"itemListElement\":[{\"@type\":\"ListItem\",\"position\":1,\"name\":\"Home\",\"item\":\"https:\/\/recinzionipvc.com\/fr\/\"},{\"@type\":\"ListItem\",\"position\":2,\"name\":\"Mod\u00e8les de cl\u00f4tures en PVC\"}]},{\"@type\":\"WebSite\",\"@id\":\"https:\/\/www.recinzionipvc.com:443\/it\/#website\",\"url\":\"https:\/\/www.recinzionipvc.com:443\/it\/\",\"name\":\"Recinzioni PVC\",\"description\":\"La tua prossima recinzione, direttamente creata da te!\",\"potentialAction\":[{\"@type\":\"SearchAction\",\"target\":{\"@type\":\"EntryPoint\",\"urlTemplate\":\"https:\/\/www.recinzionipvc.com:443\/it\/?s={search_term_string}\"},\"query-input\":\"required name=search_term_string\"}],\"inLanguage\":\"fr-FR\"}]}<\/script>\n<!-- \/ Yoast SEO plugin. -->","yoast_head_json":{"title":"Diff\u00e9rents mod\u00e8les de Cl\u00f4tures en PVC en fonction du besoin","description":"Zucchi Cl\u00f4tures en PVC propose un vaste catalogue de diff\u00e9rents mod\u00e8les, con\u00e7us en fonction des diff\u00e9rents besoins qui sont demand\u00e9s.","robots":{"index":"index","follow":"follow","max-snippet":"max-snippet:-1","max-image-preview":"max-image-preview:large","max-video-preview":"max-video-preview:-1"},"canonical":"https:\/\/recinzionipvc.com\/it\/modelli-differenti-di-recinzioni-in-pvc\/","og_locale":"fr_FR","og_type":"article","og_title":"Diff\u00e9rents mod\u00e8les de Cl\u00f4tures en PVC en fonction du besoin","og_description":"Zucchi Cl\u00f4tures en PVC propose un vaste catalogue de diff\u00e9rents mod\u00e8les, con\u00e7us en fonction des diff\u00e9rents besoins qui sont demand\u00e9s.","og_url":"https:\/\/recinzionipvc.com\/it\/modelli-differenti-di-recinzioni-in-pvc\/","og_site_name":"Recinzioni PVC","article_publisher":"https:\/\/www.facebook.com\/ZucchiRecinzioniPVC","article_modified_time":"2020-11-20T16:34:48+00:00","twitter_card":"summary_large_image","twitter_misc":{"Dur\u00e9e de lecture estim\u00e9e":"2 minutes"},"schema":{"@context":"https:\/\/schema.org","@graph":[{"@type":"WebPage","@id":"https:\/\/recinzionipvc.com\/it\/modelli-differenti-di-recinzioni-in-pvc\/","url":"https:\/\/recinzionipvc.com\/it\/modelli-differenti-di-recinzioni-in-pvc\/","name":"Diff\u00e9rents mod\u00e8les de Cl\u00f4tures en PVC en fonction du besoin","isPartOf":{"@id":"https:\/\/www.recinzionipvc.com:443\/it\/#website"},"datePublished":"2020-09-10T15:53:36+00:00","dateModified":"2020-11-20T16:34:48+00:00","description":"Zucchi Cl\u00f4tures en PVC propose un vaste catalogue de diff\u00e9rents mod\u00e8les, con\u00e7us en fonction des diff\u00e9rents besoins qui sont demand\u00e9s.","breadcrumb":{"@id":"https:\/\/recinzionipvc.com\/it\/modelli-differenti-di-recinzioni-in-pvc\/#breadcrumb"},"inLanguage":"fr-FR","potentialAction":[{"@type":"ReadAction","target":["https:\/\/recinzionipvc.com\/it\/modelli-differenti-di-recinzioni-in-pvc\/"]}]},{"@type":"BreadcrumbList","@id":"https:\/\/recinzionipvc.com\/it\/modelli-differenti-di-recinzioni-in-pvc\/#breadcrumb","itemListElement":[{"@type":"ListItem","position":1,"name":"Home","item":"https:\/\/recinzionipvc.com\/fr\/"},{"@type":"ListItem","position":2,"name":"Mod\u00e8les de cl\u00f4tures en PVC"}]},{"@type":"WebSite","@id":"https:\/\/www.recinzionipvc.com:443\/it\/#website","url":"https:\/\/www.recinzionipvc.com:443\/it\/","name":"Recinzioni PVC","description":"La tua prossima recinzione, direttamente creata da te!","potentialAction":[{"@type":"SearchAction","target":{"@type":"EntryPoint","urlTemplate":"https:\/\/www.recinzionipvc.com:443\/it\/?s={search_term_string}"},"query-input":"required name=search_term_string"}],"inLanguage":"fr-FR"}]}},"_links":{"self":[{"href":"https:\/\/recinzionipvc.com\/fr\/wp-json\/wp\/v2\/pages\/6567"}],"collection":[{"href":"https:\/\/recinzionipvc.com\/fr\/wp-json\/wp\/v2\/pages"}],"about":[{"href":"https:\/\/recinzionipvc.com\/fr\/wp-json\/wp\/v2\/types\/page"}],"author":[{"embeddable":true,"href":"https:\/\/recinzionipvc.com\/fr\/wp-json\/wp\/v2\/users\/2"}],"replies":[{"embeddable":true,"href":"https:\/\/recinzionipvc.com\/fr\/wp-json\/wp\/v2\/comments?post=6567"}],"version-history":[{"count":7,"href":"https:\/\/recinzionipvc.com\/fr\/wp-json\/wp\/v2\/pages\/6567\/revisions"}],"predecessor-version":[{"id":11525,"href":"https:\/\/recinzionipvc.com\/fr\/wp-json\/wp\/v2\/pages\/6567\/revisions\/11525"}],"wp:attachment":[{"href":"https:\/\/recinzionipvc.com\/fr\/wp-json\/wp\/v2\/media?parent=6567"}],"curies":[{"name":"wp","href":"https:\/\/api.w.org\/{rel}","templated":true}]}}