{"id":6577,"date":"2020-09-14T07:28:05","date_gmt":"2020-09-14T07:28:05","guid":{"rendered":"http:\/\/www.recinzionipvc.com\/quelles-clotures-en-pvc-choisir\/"},"modified":"2021-04-29T08:42:19","modified_gmt":"2021-04-29T06:42:19","slug":"quelles-clotures-en-pvc-choisir","status":"publish","type":"page","link":"https:\/\/recinzionipvc.com\/fr\/quelles-clotures-en-pvc-choisir\/","title":{"rendered":"Quelles cl\u00f4tures en PVC choisir?"},"content":{"rendered":"<div class=\"fusion-fullwidth fullwidth-box fusion-builder-row-1 nonhundred-percent-fullwidth non-hundred-percent-height-scrolling\" style=\"background-color: rgba(255,255,255,0);background-position: center center;background-repeat: no-repeat;padding-top:0px;padding-right:0px;padding-bottom:0px;padding-left:0px;margin-bottom: 0px;margin-top: 0px;border-width: 0px 0px 0px 0px;border-color:#eae9e9;border-style:solid;\" ><div class=\"fusion-builder-row fusion-row\"><div class=\"fusion-layout-column fusion_builder_column fusion-builder-column-0 fusion_builder_column_3_4 3_4 fusion-three-fourth fusion-column-first\" style=\"width:75%;width:calc(75% - ( ( 4% ) * 0.75 ) );margin-right: 4%;margin-top:0px;margin-bottom:20px;\"><div class=\"fusion-column-wrapper fusion-flex-column-wrapper-legacy\" style=\"background-position:left top;background-repeat:no-repeat;-webkit-background-size:cover;-moz-background-size:cover;-o-background-size:cover;background-size:cover;padding: 0px 0px 0px 0px;\"><div class=\"fusion-text fusion-text-1\"><h1 id=\"tw-target-text\" class=\"tw-data-text tw-text-large XcVN5d tw-ta\" dir=\"ltr\" data-placeholder=\"Traduzione\"><span lang=\"fr\">En fonction de quels facteurs puis-je choisir une cl\u00f4ture en PVC?<\/span><\/h1>\n<p id=\"tw-target-text\" class=\"tw-data-text tw-text-large XcVN5d tw-ta\" dir=\"ltr\" data-placeholder=\"Traduzione\"><span lang=\"fr\">Toutes les <em><strong>cl\u00f4tures en vinyle<\/strong><\/em> ne sont pas cr\u00e9\u00e9es \u00e9gales. Nos <em><strong>cl\u00f4tures en PVC<\/strong><\/em> sont fabriqu\u00e9es avec la <em><strong>protection UV<\/strong><\/em> la plus \u00e9lev\u00e9e et avec <em><strong>100% de vinyle vierge<\/strong><\/em>. Cela garantit une<strong><em> longue dur\u00e9e de vie<\/em><\/strong>, une <em><strong>flexibilit\u00e9<\/strong> <\/em>et une <em><strong>r\u00e9sistance aux agents atmosph\u00e9riques<\/strong><\/em>, m\u00eame dans les zones \u00e0 climat difficile. Notre <strong><em>conception<\/em> <\/strong>brevet\u00e9e unique rend l&rsquo;<em><strong>assemblage<\/strong><\/em> et le <em><strong>transport<\/strong> <\/em>beaucoup plus faciles. Nos<em><strong> cl\u00f4tures en PVC<\/strong> <\/em>sont construites pour durer, c&rsquo;est pourquoi elles sont garanties 20 ans pour le blanc et 2 an pour le beige et le gris. De plus, gr\u00e2ce \u00e0 notre syst\u00e8me de production hautement efficace, nous sommes en mesure de maintenir des <em><strong>normes de qualit\u00e9 tr\u00e8s \u00e9lev\u00e9es<\/strong><\/em> tout en maintenant un faible co\u00fbt, afin que nos clients puissent profiter d&rsquo;un rapport<strong> qualit\u00e9 \/ prix<\/strong> tr\u00e8s avantageux.<\/span><\/p>\n<p dir=\"ltr\" data-placeholder=\"Traduzione\">\n<\/div><div class=\"fusion-clearfix\"><\/div><\/div><\/div><\/div><\/div>","protected":false},"excerpt":{"rendered":"","protected":false},"author":3,"featured_media":0,"parent":0,"menu_order":0,"comment_status":"closed","ping_status":"closed","template":"","meta":{"footnotes":""},"yoast_head":"<!-- This site is optimized with the Yoast SEO plugin v22.4 - https:\/\/yoast.com\/wordpress\/plugins\/seo\/ -->\n<title>En fonction de quels facteurs puis-je choisir une Cl\u00f4ture en PVC?<\/title>\n<meta name=\"description\" content=\"Eocologiques, ils ne n\u00e9cessitent pas d&#039;entretien, garantis 20 ans et la conception peut \u00e9voluer en fonction des diff\u00e9rents besoins\" \/>\n<meta name=\"robots\" content=\"index, follow, max-snippet:-1, max-image-preview:large, max-video-preview:-1\" \/>\n<link rel=\"canonical\" href=\"https:\/\/www.recinzionipvc.com\/it\/quali-recinzioni-in-pvc-scegliere-quali-fattori-adottare\/\" \/>\n<meta property=\"og:locale\" content=\"fr_FR\" \/>\n<meta property=\"og:type\" content=\"article\" \/>\n<meta property=\"og:title\" content=\"En fonction de quels facteurs puis-je choisir une Cl\u00f4ture en PVC?\" \/>\n<meta property=\"og:description\" content=\"Eocologiques, ils ne n\u00e9cessitent pas d&#039;entretien, garantis 20 ans et la conception peut \u00e9voluer en fonction des diff\u00e9rents besoins\" \/>\n<meta property=\"og:url\" content=\"https:\/\/www.recinzionipvc.com\/it\/quali-recinzioni-in-pvc-scegliere-quali-fattori-adottare\/\" \/>\n<meta property=\"og:site_name\" content=\"Recinzioni PVC\" \/>\n<meta property=\"article:publisher\" content=\"https:\/\/www.facebook.com\/ZucchiRecinzioniPVC\" \/>\n<meta property=\"article:modified_time\" content=\"2021-04-29T06:42:19+00:00\" \/>\n<meta name=\"twitter:card\" content=\"summary_large_image\" \/>\n<meta name=\"twitter:label1\" content=\"Dur\u00e9e de lecture estim\u00e9e\" \/>\n\t<meta name=\"twitter:data1\" content=\"2 minutes\" \/>\n<script type=\"application\/ld+json\" class=\"yoast-schema-graph\">{\"@context\":\"https:\/\/schema.org\",\"@graph\":[{\"@type\":\"WebPage\",\"@id\":\"https:\/\/www.recinzionipvc.com\/it\/quali-recinzioni-in-pvc-scegliere-quali-fattori-adottare\/\",\"url\":\"https:\/\/www.recinzionipvc.com\/it\/quali-recinzioni-in-pvc-scegliere-quali-fattori-adottare\/\",\"name\":\"En fonction de quels facteurs puis-je choisir une Cl\u00f4ture en PVC?\",\"isPartOf\":{\"@id\":\"https:\/\/recinzionipvc.com\/it\/#website\"},\"datePublished\":\"2020-09-14T07:28:05+00:00\",\"dateModified\":\"2021-04-29T06:42:19+00:00\",\"description\":\"Eocologiques, ils ne n\u00e9cessitent pas d'entretien, garantis 20 ans et la conception peut \u00e9voluer en fonction des diff\u00e9rents besoins\",\"breadcrumb\":{\"@id\":\"https:\/\/www.recinzionipvc.com\/it\/quali-recinzioni-in-pvc-scegliere-quali-fattori-adottare\/#breadcrumb\"},\"inLanguage\":\"fr-FR\",\"potentialAction\":[{\"@type\":\"ReadAction\",\"target\":[\"https:\/\/www.recinzionipvc.com\/it\/quali-recinzioni-in-pvc-scegliere-quali-fattori-adottare\/\"]}]},{\"@type\":\"BreadcrumbList\",\"@id\":\"https:\/\/www.recinzionipvc.com\/it\/quali-recinzioni-in-pvc-scegliere-quali-fattori-adottare\/#breadcrumb\",\"itemListElement\":[{\"@type\":\"ListItem\",\"position\":1,\"name\":\"Home\",\"item\":\"https:\/\/recinzionipvc.com\/fr\/\"},{\"@type\":\"ListItem\",\"position\":2,\"name\":\"Quelles cl\u00f4tures en PVC choisir?\"}]},{\"@type\":\"WebSite\",\"@id\":\"https:\/\/recinzionipvc.com\/it\/#website\",\"url\":\"https:\/\/recinzionipvc.com\/it\/\",\"name\":\"Recinzioni PVC\",\"description\":\"La tua prossima recinzione, direttamente creata da te!\",\"potentialAction\":[{\"@type\":\"SearchAction\",\"target\":{\"@type\":\"EntryPoint\",\"urlTemplate\":\"https:\/\/recinzionipvc.com\/it\/?s={search_term_string}\"},\"query-input\":\"required name=search_term_string\"}],\"inLanguage\":\"fr-FR\"}]}<\/script>\n<!-- \/ Yoast SEO plugin. -->","yoast_head_json":{"title":"En fonction de quels facteurs puis-je choisir une Cl\u00f4ture en PVC?","description":"Eocologiques, ils ne n\u00e9cessitent pas d'entretien, garantis 20 ans et la conception peut \u00e9voluer en fonction des diff\u00e9rents besoins","robots":{"index":"index","follow":"follow","max-snippet":"max-snippet:-1","max-image-preview":"max-image-preview:large","max-video-preview":"max-video-preview:-1"},"canonical":"https:\/\/www.recinzionipvc.com\/it\/quali-recinzioni-in-pvc-scegliere-quali-fattori-adottare\/","og_locale":"fr_FR","og_type":"article","og_title":"En fonction de quels facteurs puis-je choisir une Cl\u00f4ture en PVC?","og_description":"Eocologiques, ils ne n\u00e9cessitent pas d'entretien, garantis 20 ans et la conception peut \u00e9voluer en fonction des diff\u00e9rents besoins","og_url":"https:\/\/www.recinzionipvc.com\/it\/quali-recinzioni-in-pvc-scegliere-quali-fattori-adottare\/","og_site_name":"Recinzioni PVC","article_publisher":"https:\/\/www.facebook.com\/ZucchiRecinzioniPVC","article_modified_time":"2021-04-29T06:42:19+00:00","twitter_card":"summary_large_image","twitter_misc":{"Dur\u00e9e de lecture estim\u00e9e":"2 minutes"},"schema":{"@context":"https:\/\/schema.org","@graph":[{"@type":"WebPage","@id":"https:\/\/www.recinzionipvc.com\/it\/quali-recinzioni-in-pvc-scegliere-quali-fattori-adottare\/","url":"https:\/\/www.recinzionipvc.com\/it\/quali-recinzioni-in-pvc-scegliere-quali-fattori-adottare\/","name":"En fonction de quels facteurs puis-je choisir une Cl\u00f4ture en PVC?","isPartOf":{"@id":"https:\/\/recinzionipvc.com\/it\/#website"},"datePublished":"2020-09-14T07:28:05+00:00","dateModified":"2021-04-29T06:42:19+00:00","description":"Eocologiques, ils ne n\u00e9cessitent pas d'entretien, garantis 20 ans et la conception peut \u00e9voluer en fonction des diff\u00e9rents besoins","breadcrumb":{"@id":"https:\/\/www.recinzionipvc.com\/it\/quali-recinzioni-in-pvc-scegliere-quali-fattori-adottare\/#breadcrumb"},"inLanguage":"fr-FR","potentialAction":[{"@type":"ReadAction","target":["https:\/\/www.recinzionipvc.com\/it\/quali-recinzioni-in-pvc-scegliere-quali-fattori-adottare\/"]}]},{"@type":"BreadcrumbList","@id":"https:\/\/www.recinzionipvc.com\/it\/quali-recinzioni-in-pvc-scegliere-quali-fattori-adottare\/#breadcrumb","itemListElement":[{"@type":"ListItem","position":1,"name":"Home","item":"https:\/\/recinzionipvc.com\/fr\/"},{"@type":"ListItem","position":2,"name":"Quelles cl\u00f4tures en PVC choisir?"}]},{"@type":"WebSite","@id":"https:\/\/recinzionipvc.com\/it\/#website","url":"https:\/\/recinzionipvc.com\/it\/","name":"Recinzioni PVC","description":"La tua prossima recinzione, direttamente creata da te!","potentialAction":[{"@type":"SearchAction","target":{"@type":"EntryPoint","urlTemplate":"https:\/\/recinzionipvc.com\/it\/?s={search_term_string}"},"query-input":"required name=search_term_string"}],"inLanguage":"fr-FR"}]}},"_links":{"self":[{"href":"https:\/\/recinzionipvc.com\/fr\/wp-json\/wp\/v2\/pages\/6577"}],"collection":[{"href":"https:\/\/recinzionipvc.com\/fr\/wp-json\/wp\/v2\/pages"}],"about":[{"href":"https:\/\/recinzionipvc.com\/fr\/wp-json\/wp\/v2\/types\/page"}],"author":[{"embeddable":true,"href":"https:\/\/recinzionipvc.com\/fr\/wp-json\/wp\/v2\/users\/3"}],"replies":[{"embeddable":true,"href":"https:\/\/recinzionipvc.com\/fr\/wp-json\/wp\/v2\/comments?post=6577"}],"version-history":[{"count":14,"href":"https:\/\/recinzionipvc.com\/fr\/wp-json\/wp\/v2\/pages\/6577\/revisions"}],"predecessor-version":[{"id":12669,"href":"https:\/\/recinzionipvc.com\/fr\/wp-json\/wp\/v2\/pages\/6577\/revisions\/12669"}],"wp:attachment":[{"href":"https:\/\/recinzionipvc.com\/fr\/wp-json\/wp\/v2\/media?parent=6577"}],"curies":[{"name":"wp","href":"https:\/\/api.w.org\/{rel}","templated":true}]}}