{"id":6604,"date":"2020-09-14T08:36:34","date_gmt":"2020-09-14T08:36:34","guid":{"rendered":"http:\/\/www.recinzionipvc.com\/recinzioni-pvc\/installation\/"},"modified":"2020-11-20T18:24:55","modified_gmt":"2020-11-20T16:24:55","slug":"installation","status":"publish","type":"page","link":"https:\/\/recinzionipvc.com\/fr\/recinzioni-pvc\/installation\/","title":{"rendered":"Installation"},"content":{"rendered":"<div class=\"fusion-fullwidth fullwidth-box fusion-builder-row-1 nonhundred-percent-fullwidth non-hundred-percent-height-scrolling\" style=\"background-color: rgba(255,255,255,0);background-position: center center;background-repeat: no-repeat;padding-top:0px;padding-right:0px;padding-bottom:0px;padding-left:0px;margin-bottom: 0px;margin-top: 0px;border-width: 0px 0px 0px 0px;border-color:#eae9e9;border-style:solid;\" ><div class=\"fusion-builder-row fusion-row\"><div class=\"fusion-layout-column fusion_builder_column fusion-builder-column-0 fusion_builder_column_1_1 1_1 fusion-one-full fusion-column-first fusion-column-last\" style=\"margin-top:0px;margin-bottom:20px;\"><div class=\"fusion-column-wrapper fusion-flex-column-wrapper-legacy\" style=\"background-position:left top;background-repeat:no-repeat;-webkit-background-size:cover;-moz-background-size:cover;-o-background-size:cover;background-size:cover;padding: 0px 0px 0px 0px;\"><style type=\"text\/css\"><\/style><div class=\"fusion-title title fusion-title-1 fusion-sep-none fusion-title-center fusion-title-text fusion-title-size-one\" style=\"margin-top:0px;margin-bottom:31px;\"><h1 class=\"title-heading-center\" style=\"margin:0;\"><h2 id=\"tw-target-text\" class=\"tw-data-text tw-text-large XcVN5d tw-ta\" dir=\"ltr\" data-placeholder=\"Traduzione\"><em><span lang=\"fr\">Type d&rsquo;installation<\/span><\/em><\/h2>\r\n<p>&nbsp;<\/p><\/h1><\/div><div class=\"fusion-clearfix\"><\/div><\/div><\/div><\/div><\/div><div class=\"fusion-fullwidth fullwidth-box fusion-builder-row-2 nonhundred-percent-fullwidth non-hundred-percent-height-scrolling\" style=\"background-color: rgba(255,255,255,0);background-position: center center;background-repeat: no-repeat;padding-top:0px;padding-right:0px;padding-bottom:0px;padding-left:0px;margin-bottom: 0px;margin-top: 0px;border-width: 0px 0px 0px 0px;border-color:#eae9e9;border-style:solid;\" ><div class=\"fusion-builder-row fusion-row\"><div class=\"fusion-layout-column fusion_builder_column fusion-builder-column-1 fusion_builder_column_1_2 1_2 fusion-one-half fusion-column-first\" style=\"width:50%;width:calc(50% - ( ( 4% ) * 0.5 ) );margin-right: 4%;margin-top:0px;margin-bottom:20px;\"><div class=\"fusion-column-wrapper fusion-flex-column-wrapper-legacy\" style=\"background-position:left top;background-repeat:no-repeat;-webkit-background-size:cover;-moz-background-size:cover;-o-background-size:cover;background-size:cover;padding: 0px 0px 0px 0px;\"><style type=\"text\/css\"><\/style><div class=\"fusion-title title fusion-title-2 fusion-sep-none fusion-title-center fusion-title-text fusion-title-size-two\" style=\"margin-top:0px;margin-bottom:31px;\"><h2 class=\"title-heading-center\" style=\"margin:0;\"><div class=\"jhH5U\"><div id=\"tw-ob\" class=\"tw-src-ltr\"><div class=\"oSioSc\"><div id=\"tw-target\"><div id=\"kAz1tf\" class=\"g9WsWb\"><div id=\"tw-target-text-container\" class=\"tw-ta-container hide-focus-ring tw-nfl\" data-mce-tabindex=\"0\"><h2 id=\"tw-target-text\" class=\"tw-data-text tw-text-large XcVN5d tw-ta\" dir=\"ltr\" data-placeholder=\"Traduzione\"><em><span lang=\"fr\">Installation dans le sol<\/span><\/em><\/h2><\/div><div id=\"tw-target-rmn-container\" class=\"tw-ta-container hide-focus-ring tw-nfl\"><pre id=\"tw-target-rmn\" class=\"tw-data-placeholder tw-text-small tw-ta\" dir=\"ltr\" data-placeholder=\"\"><br><\/pre><\/div><div class=\"iYB33c\"><div id=\"tw-tmenu\" class=\"tw-menu\"><br><\/div><\/div><\/div><\/div><\/div><\/div><div id=\"tw-images\"><br><\/div><div class=\"dURPtb\"><br><\/div><div><div><br data-mce-bogus=\"1\"><\/div><\/div><\/div><\/h2><\/div><div class=\"fusion-text fusion-text-1\"><p>L&rsquo;<strong><em>installation dans le sol<\/em><\/strong> permet d&rsquo;ins\u00e9rer les poteaux directement dans le sol. En simplifiant, nous faisons le trou dans le sol, puis nous ins\u00e9rons le b\u00e9ton et, apr\u00e8s cela, nous ins\u00e9rons le poteau en pvc; une fois le poteau \u00e0 l&rsquo;aplomb, le panneau sera ins\u00e9r\u00e9 et ainsi de suite &#8230;<\/p>\n<\/div><div class=\"imageframe-align-center\"><span class=\" fusion-imageframe imageframe-none imageframe-1 hover-type-none\"><img decoding=\"async\" width=\"300\" image_height=\"197\" image_id=\"4186\" alt=\"https:\/\/www.recinzionipvc.com\/it\/modelli-di-recinzioni-in-pvc\/recinzione-pvc-modello-atene-famiglia-classic\/\" src=\"https:\/\/recinzionipvc.com\/wp-content\/uploads\/2020\/01\/FC4-18-scaled.jpg\" data-orig-src=\"https:\/\/www.recinzionipvc.com\/wp-content\/uploads\/2020\/01\/FC4-18-300x197.jpg\" class=\"lazyload img-responsive wp-image-4186\" srcset=\"data:image\/svg+xml,%3Csvg%20xmlns%3D%27http%3A%2F%2Fwww.w3.org%2F2000%2Fsvg%27%20width%3D%272560%27%20height%3D%271683%27%20viewBox%3D%270%200%202560%201683%27%3E%3Crect%20width%3D%272560%27%20height%3D%2731683%27%20fill-opacity%3D%220%22%2F%3E%3C%2Fsvg%3E\" data-srcset=\"https:\/\/recinzionipvc.com\/wp-content\/uploads\/2020\/01\/FC4-18-200x131.jpg 200w, https:\/\/recinzionipvc.com\/wp-content\/uploads\/2020\/01\/FC4-18-400x263.jpg 400w, https:\/\/recinzionipvc.com\/wp-content\/uploads\/2020\/01\/FC4-18-600x394.jpg 600w, https:\/\/recinzionipvc.com\/wp-content\/uploads\/2020\/01\/FC4-18-800x526.jpg 800w, https:\/\/recinzionipvc.com\/wp-content\/uploads\/2020\/01\/FC4-18-1200x789.jpg 1200w, https:\/\/recinzionipvc.com\/wp-content\/uploads\/2020\/01\/FC4-18-scaled.jpg 2560w\" data-sizes=\"auto\" data-orig-sizes=\"(max-width: 800px) 100vw, 600px\" \/><\/span><\/div><style type=\"text\/css\"><\/style><div class=\"fusion-title title fusion-title-3 fusion-sep-none fusion-title-text fusion-title-size-one\" style=\"margin-top:0px;margin-bottom:31px;\"><h1 class=\"title-heading-left\" style=\"margin:0;\"><\/h1><\/div><div class=\"fusion-clearfix\"><\/div><\/div><\/div><div class=\"fusion-layout-column fusion_builder_column fusion-builder-column-2 fusion_builder_column_1_2 1_2 fusion-one-half fusion-column-last\" style=\"width:50%;width:calc(50% - ( ( 4% ) * 0.5 ) );margin-top:0px;margin-bottom:20px;\"><div class=\"fusion-column-wrapper fusion-flex-column-wrapper-legacy\" style=\"background-position:left top;background-repeat:no-repeat;-webkit-background-size:cover;-moz-background-size:cover;-o-background-size:cover;background-size:cover;padding: 0px 0px 0px 0px;\"><style type=\"text\/css\"><\/style><div class=\"fusion-title title fusion-title-4 fusion-sep-none fusion-title-center fusion-title-text fusion-title-size-two\" style=\"margin-top:0px;margin-bottom:31px;\"><h2 class=\"title-heading-center\" style=\"margin:0;\"><h2 id=\"tw-target-text\" class=\"tw-data-text tw-text-large XcVN5d tw-ta\" dir=\"ltr\" data-placeholder=\"Traduzione\"><em><span lang=\"fr\">Installation dans le b\u00e9ton<\/span><\/em><\/h2><\/h2><\/div><div class=\"fusion-text fusion-text-2\"><p>Dans ce cas, l&rsquo;installation peut avoir lieu sur un <strong><em>socle en b\u00e9ton<\/em> <\/strong>ou sur un <strong><em>muret<\/em><\/strong>. La principale diff\u00e9rence est qu&rsquo;\u00e0 l&rsquo;int\u00e9rieur du poteau en PVC, nous devrons ins\u00e9rer un montant en acier avec une plaque de cheville.<\/p>\n<\/div><div class=\"imageframe-align-center\"><span class=\" fusion-imageframe imageframe-none imageframe-2 hover-type-none\"><a class=\"fusion-no-lightbox\" href=\"https:\/\/www.recinzionipvc.com\/it\/modelli-di-recinzioni-in-pvc\/reciznionie-pvc-roma-privacy\/\" target=\"_self\" aria-label=\"FA2-25\"><img decoding=\"async\" width=\"300\" image_height=\"202\" image_id=\"4167\" src=\"https:\/\/recinzionipvc.com\/wp-content\/uploads\/2020\/01\/FA2-25-scaled.jpg\" data-orig-src=\"https:\/\/www.recinzionipvc.com\/wp-content\/uploads\/2020\/01\/FA2-25-300x202.jpg\" class=\"lazyload img-responsive wp-image-4167\" srcset=\"data:image\/svg+xml,%3Csvg%20xmlns%3D%27http%3A%2F%2Fwww.w3.org%2F2000%2Fsvg%27%20width%3D%272560%27%20height%3D%271722%27%20viewBox%3D%270%200%202560%201722%27%3E%3Crect%20width%3D%272560%27%20height%3D%2731722%27%20fill-opacity%3D%220%22%2F%3E%3C%2Fsvg%3E\" data-srcset=\"https:\/\/recinzionipvc.com\/wp-content\/uploads\/2020\/01\/FA2-25-200x135.jpg 200w, https:\/\/recinzionipvc.com\/wp-content\/uploads\/2020\/01\/FA2-25-400x269.jpg 400w, https:\/\/recinzionipvc.com\/wp-content\/uploads\/2020\/01\/FA2-25-600x404.jpg 600w, https:\/\/recinzionipvc.com\/wp-content\/uploads\/2020\/01\/FA2-25-800x538.jpg 800w, https:\/\/recinzionipvc.com\/wp-content\/uploads\/2020\/01\/FA2-25-1200x807.jpg 1200w, https:\/\/recinzionipvc.com\/wp-content\/uploads\/2020\/01\/FA2-25-scaled.jpg 2560w\" data-sizes=\"auto\" data-orig-sizes=\"(max-width: 800px) 100vw, 600px\" \/><\/a><\/span><\/div><div class=\"fusion-clearfix\"><\/div><\/div><\/div><\/div><\/div>","protected":false},"excerpt":{"rendered":"","protected":false},"author":3,"featured_media":0,"parent":6589,"menu_order":0,"comment_status":"closed","ping_status":"closed","template":"","meta":{"footnotes":""},"yoast_head":"<!-- This site is optimized with the Yoast SEO plugin v22.4 - https:\/\/yoast.com\/wordpress\/plugins\/seo\/ -->\n<title>Deux types d&#039;installation diff\u00e9rents pour les Cl\u00f4tures en PVC<\/title>\n<meta name=\"description\" content=\"Deux types de pose diff\u00e9rents pour les Cl\u00f4tures en PVC: installation au sol ou installation sur b\u00e9ton\" \/>\n<meta name=\"robots\" content=\"index, follow, max-snippet:-1, max-image-preview:large, max-video-preview:-1\" \/>\n<link rel=\"canonical\" href=\"https:\/\/recinzionipvc.com\/fr\/recinzioni-pvc\/installation\/\" \/>\n<meta property=\"og:locale\" content=\"fr_FR\" \/>\n<meta property=\"og:type\" content=\"article\" \/>\n<meta property=\"og:title\" content=\"Deux types d&#039;installation diff\u00e9rents pour les Cl\u00f4tures en PVC\" \/>\n<meta property=\"og:description\" content=\"Deux types de pose diff\u00e9rents pour les Cl\u00f4tures en PVC: installation au sol ou installation sur b\u00e9ton\" \/>\n<meta property=\"og:url\" content=\"https:\/\/recinzionipvc.com\/fr\/recinzioni-pvc\/installation\/\" \/>\n<meta property=\"og:site_name\" content=\"Recinzioni PVC\" \/>\n<meta property=\"article:publisher\" content=\"https:\/\/www.facebook.com\/ZucchiRecinzioniPVC\" \/>\n<meta property=\"article:modified_time\" content=\"2020-11-20T16:24:55+00:00\" \/>\n<meta name=\"twitter:card\" content=\"summary_large_image\" \/>\n<meta name=\"twitter:label1\" content=\"Dur\u00e9e de lecture estim\u00e9e\" \/>\n\t<meta name=\"twitter:data1\" content=\"7 minutes\" \/>\n<script type=\"application\/ld+json\" class=\"yoast-schema-graph\">{\"@context\":\"https:\/\/schema.org\",\"@graph\":[{\"@type\":\"WebPage\",\"@id\":\"https:\/\/recinzionipvc.com\/fr\/recinzioni-pvc\/installation\/\",\"url\":\"https:\/\/recinzionipvc.com\/fr\/recinzioni-pvc\/installation\/\",\"name\":\"Deux types d'installation diff\u00e9rents pour les Cl\u00f4tures en PVC\",\"isPartOf\":{\"@id\":\"https:\/\/www.recinzionipvc.com\/it\/#website\"},\"datePublished\":\"2020-09-14T08:36:34+00:00\",\"dateModified\":\"2020-11-20T16:24:55+00:00\",\"description\":\"Deux types de pose diff\u00e9rents pour les Cl\u00f4tures en PVC: installation au sol ou installation sur b\u00e9ton\",\"breadcrumb\":{\"@id\":\"https:\/\/recinzionipvc.com\/fr\/recinzioni-pvc\/installation\/#breadcrumb\"},\"inLanguage\":\"fr-FR\",\"potentialAction\":[{\"@type\":\"ReadAction\",\"target\":[\"https:\/\/recinzionipvc.com\/fr\/recinzioni-pvc\/installation\/\"]}]},{\"@type\":\"BreadcrumbList\",\"@id\":\"https:\/\/recinzionipvc.com\/fr\/recinzioni-pvc\/installation\/#breadcrumb\",\"itemListElement\":[{\"@type\":\"ListItem\",\"position\":1,\"name\":\"Home\",\"item\":\"https:\/\/www.recinzionipvc.com\/fr\/\"},{\"@type\":\"ListItem\",\"position\":2,\"name\":\"Recinzioni PVC\",\"item\":\"https:\/\/recinzionipvc.com\/fr\/recinzioni-pvc\/\"},{\"@type\":\"ListItem\",\"position\":3,\"name\":\"Installation\"}]},{\"@type\":\"WebSite\",\"@id\":\"https:\/\/www.recinzionipvc.com\/it\/#website\",\"url\":\"https:\/\/www.recinzionipvc.com\/it\/\",\"name\":\"Recinzioni PVC\",\"description\":\"La tua prossima recinzione, direttamente creata da te!\",\"potentialAction\":[{\"@type\":\"SearchAction\",\"target\":{\"@type\":\"EntryPoint\",\"urlTemplate\":\"https:\/\/www.recinzionipvc.com\/it\/?s={search_term_string}\"},\"query-input\":\"required name=search_term_string\"}],\"inLanguage\":\"fr-FR\"}]}<\/script>\n<!-- \/ Yoast SEO plugin. -->","yoast_head_json":{"title":"Deux types d'installation diff\u00e9rents pour les Cl\u00f4tures en PVC","description":"Deux types de pose diff\u00e9rents pour les Cl\u00f4tures en PVC: installation au sol ou installation sur b\u00e9ton","robots":{"index":"index","follow":"follow","max-snippet":"max-snippet:-1","max-image-preview":"max-image-preview:large","max-video-preview":"max-video-preview:-1"},"canonical":"https:\/\/recinzionipvc.com\/fr\/recinzioni-pvc\/installation\/","og_locale":"fr_FR","og_type":"article","og_title":"Deux types d'installation diff\u00e9rents pour les Cl\u00f4tures en PVC","og_description":"Deux types de pose diff\u00e9rents pour les Cl\u00f4tures en PVC: installation au sol ou installation sur b\u00e9ton","og_url":"https:\/\/recinzionipvc.com\/fr\/recinzioni-pvc\/installation\/","og_site_name":"Recinzioni PVC","article_publisher":"https:\/\/www.facebook.com\/ZucchiRecinzioniPVC","article_modified_time":"2020-11-20T16:24:55+00:00","twitter_card":"summary_large_image","twitter_misc":{"Dur\u00e9e de lecture estim\u00e9e":"7 minutes"},"schema":{"@context":"https:\/\/schema.org","@graph":[{"@type":"WebPage","@id":"https:\/\/recinzionipvc.com\/fr\/recinzioni-pvc\/installation\/","url":"https:\/\/recinzionipvc.com\/fr\/recinzioni-pvc\/installation\/","name":"Deux types d'installation diff\u00e9rents pour les Cl\u00f4tures en PVC","isPartOf":{"@id":"https:\/\/www.recinzionipvc.com\/it\/#website"},"datePublished":"2020-09-14T08:36:34+00:00","dateModified":"2020-11-20T16:24:55+00:00","description":"Deux types de pose diff\u00e9rents pour les Cl\u00f4tures en PVC: installation au sol ou installation sur b\u00e9ton","breadcrumb":{"@id":"https:\/\/recinzionipvc.com\/fr\/recinzioni-pvc\/installation\/#breadcrumb"},"inLanguage":"fr-FR","potentialAction":[{"@type":"ReadAction","target":["https:\/\/recinzionipvc.com\/fr\/recinzioni-pvc\/installation\/"]}]},{"@type":"BreadcrumbList","@id":"https:\/\/recinzionipvc.com\/fr\/recinzioni-pvc\/installation\/#breadcrumb","itemListElement":[{"@type":"ListItem","position":1,"name":"Home","item":"https:\/\/www.recinzionipvc.com\/fr\/"},{"@type":"ListItem","position":2,"name":"Recinzioni PVC","item":"https:\/\/recinzionipvc.com\/fr\/recinzioni-pvc\/"},{"@type":"ListItem","position":3,"name":"Installation"}]},{"@type":"WebSite","@id":"https:\/\/www.recinzionipvc.com\/it\/#website","url":"https:\/\/www.recinzionipvc.com\/it\/","name":"Recinzioni PVC","description":"La tua prossima recinzione, direttamente creata da te!","potentialAction":[{"@type":"SearchAction","target":{"@type":"EntryPoint","urlTemplate":"https:\/\/www.recinzionipvc.com\/it\/?s={search_term_string}"},"query-input":"required name=search_term_string"}],"inLanguage":"fr-FR"}]}},"_links":{"self":[{"href":"https:\/\/recinzionipvc.com\/fr\/wp-json\/wp\/v2\/pages\/6604"}],"collection":[{"href":"https:\/\/recinzionipvc.com\/fr\/wp-json\/wp\/v2\/pages"}],"about":[{"href":"https:\/\/recinzionipvc.com\/fr\/wp-json\/wp\/v2\/types\/page"}],"author":[{"embeddable":true,"href":"https:\/\/recinzionipvc.com\/fr\/wp-json\/wp\/v2\/users\/3"}],"replies":[{"embeddable":true,"href":"https:\/\/recinzionipvc.com\/fr\/wp-json\/wp\/v2\/comments?post=6604"}],"version-history":[{"count":12,"href":"https:\/\/recinzionipvc.com\/fr\/wp-json\/wp\/v2\/pages\/6604\/revisions"}],"predecessor-version":[{"id":11520,"href":"https:\/\/recinzionipvc.com\/fr\/wp-json\/wp\/v2\/pages\/6604\/revisions\/11520"}],"up":[{"embeddable":true,"href":"https:\/\/recinzionipvc.com\/fr\/wp-json\/wp\/v2\/pages\/6589"}],"wp:attachment":[{"href":"https:\/\/recinzionipvc.com\/fr\/wp-json\/wp\/v2\/media?parent=6604"}],"curies":[{"name":"wp","href":"https:\/\/api.w.org\/{rel}","templated":true}]}}