{"id":11947,"date":"2021-03-03T15:56:58","date_gmt":"2021-03-03T13:57:34","guid":{"rendered":"http:\/\/www.recinzionipvc.com\/?post_type=product&#038;p=11947"},"modified":"2021-03-19T09:23:37","modified_gmt":"2021-03-19T07:23:37","slug":"miami-partie-centrale","status":"publish","type":"product","link":"https:\/\/recinzionipvc.com\/fr\/produit\/miami-partie-centrale\/","title":{"rendered":"Miami Partie Centrale"},"content":{"rendered":"<p id=\"tw-target-text\" class=\"tw-data-text tw-text-large XcVN5d tw-ta\" dir=\"ltr\" data-placeholder=\"Traduzione\"><em><strong><span lang=\"fr\">Notre Cl\u00f4ture en PVC, mod\u00e8le Miami est le dernier produit arriv\u00e9; n\u00e9 des demandes de plusieurs clients, ce design est enti\u00e8rement form\u00e9 par la grille du mod\u00e8le Roma.\r\n<\/span><\/strong><\/em><\/p><p class=\"tw-data-text tw-text-large XcVN5d tw-ta\" dir=\"ltr\" data-placeholder=\"Traduzione\"><em><strong><span lang=\"fr\">Le mod\u00e8le Miami fait partie de la famille Classic.<\/span><\/strong><\/em><\/p>","protected":false},"excerpt":{"rendered":"<p id=\"tw-target-text\" class=\"tw-data-text tw-text-large XcVN5d tw-ta\" dir=\"ltr\" data-placeholder=\"Traduzione\"><strong><em><span lang=\"fr\">Notre Cl\u00f4ture en PVC, mod\u00e8le Miami est id\u00e9ale pour cl\u00f4turer une petite partie du jardin ou de la terrasse, afin d&rsquo;obtenir deux avantages avec un seul produit: couvrir la zone touch\u00e9e et avoir une pi\u00e8ce de design.\r\n<\/span><\/em><\/strong><\/p><p class=\"tw-data-text tw-text-large XcVN5d tw-ta\" dir=\"ltr\" data-placeholder=\"Traduzione\"><strong><em><span lang=\"fr\">(La partie centrale est d\u00e9mont\u00e9e pour l&rsquo;exp\u00e9dition et n&rsquo;inclut pas les poteaux externes)<\/span><\/em><\/strong><\/p>","protected":false},"featured_media":11962,"comment_status":"open","ping_status":"closed","template":"","meta":[],"product_cat":[446,447,661,449],"product_tag":[450,452,459,457,466,465,461,464,458,462,463,455,454,460,451,453,456],"yoast_head":"<!-- This site is optimized with the Yoast SEO plugin v22.4 - https:\/\/yoast.com\/wordpress\/plugins\/seo\/ -->\n<title>Partie Centrale_Famille de Cl\u00f4ture en PVC_ Mod\u00e8le Miami<\/title>\n<meta name=\"description\" content=\"Partie Centrale de notre famille de Cl\u00f4ture en PVC, Miami, comprend uniquement les panneaux au centre et non les deux poteaux externes\" \/>\n<meta name=\"robots\" content=\"index, follow, max-snippet:-1, max-image-preview:large, max-video-preview:-1\" \/>\n<link rel=\"canonical\" href=\"https:\/\/www.recinzionipvc.com\/fr\/produit\/miami-partie-centrale\/\" \/>\n<meta property=\"og:locale\" content=\"fr_FR\" \/>\n<meta property=\"og:type\" content=\"article\" \/>\n<meta property=\"og:title\" content=\"Partie Centrale_Famille de Cl\u00f4ture en PVC_ Mod\u00e8le Miami\" \/>\n<meta property=\"og:description\" content=\"Partie Centrale de notre famille de Cl\u00f4ture en PVC, Miami, comprend uniquement les panneaux au centre et non les deux poteaux externes\" \/>\n<meta property=\"og:url\" content=\"https:\/\/www.recinzionipvc.com\/fr\/produit\/miami-partie-centrale\/\" \/>\n<meta property=\"og:site_name\" content=\"Recinzioni PVC\" \/>\n<meta property=\"article:publisher\" content=\"https:\/\/www.facebook.com\/ZucchiRecinzioniPVC\" \/>\n<meta property=\"article:modified_time\" content=\"2021-03-19T07:23:37+00:00\" \/>\n<meta property=\"og:image\" content=\"https:\/\/www.recinzionipvc.com\/wp-content\/uploads\/2021\/03\/Miami_PaliTrasparenti-scaled.jpg\" \/>\n\t<meta property=\"og:image:width\" content=\"2560\" \/>\n\t<meta property=\"og:image:height\" content=\"1440\" \/>\n\t<meta property=\"og:image:type\" content=\"image\/jpeg\" \/>\n<meta name=\"twitter:card\" content=\"summary_large_image\" \/>\n<script type=\"application\/ld+json\" class=\"yoast-schema-graph\">{\"@context\":\"https:\/\/schema.org\",\"@graph\":[{\"@type\":\"WebPage\",\"@id\":\"https:\/\/www.recinzionipvc.com\/fr\/produit\/miami-partie-centrale\/\",\"url\":\"https:\/\/www.recinzionipvc.com\/fr\/produit\/miami-partie-centrale\/\",\"name\":\"Partie Centrale_Famille de Cl\u00f4ture en PVC_ Mod\u00e8le Miami\",\"isPartOf\":{\"@id\":\"https:\/\/www.recinzionipvc.com\/it\/#website\"},\"primaryImageOfPage\":{\"@id\":\"https:\/\/www.recinzionipvc.com\/fr\/produit\/miami-partie-centrale\/#primaryimage\"},\"image\":{\"@id\":\"https:\/\/www.recinzionipvc.com\/fr\/produit\/miami-partie-centrale\/#primaryimage\"},\"thumbnailUrl\":\"https:\/\/recinzionipvc.com\/wp-content\/uploads\/2021\/03\/Miami_PaliTrasparenti-scaled.jpg\",\"datePublished\":\"2021-03-03T13:57:34+00:00\",\"dateModified\":\"2021-03-19T07:23:37+00:00\",\"description\":\"Partie Centrale de notre famille de Cl\u00f4ture en PVC, Miami, comprend uniquement les panneaux au centre et non les deux poteaux externes\",\"breadcrumb\":{\"@id\":\"https:\/\/www.recinzionipvc.com\/fr\/produit\/miami-partie-centrale\/#breadcrumb\"},\"inLanguage\":\"fr-FR\",\"potentialAction\":[{\"@type\":\"ReadAction\",\"target\":[\"https:\/\/www.recinzionipvc.com\/fr\/produit\/miami-partie-centrale\/\"]}]},{\"@type\":\"ImageObject\",\"inLanguage\":\"fr-FR\",\"@id\":\"https:\/\/www.recinzionipvc.com\/fr\/produit\/miami-partie-centrale\/#primaryimage\",\"url\":\"https:\/\/recinzionipvc.com\/wp-content\/uploads\/2021\/03\/Miami_PaliTrasparenti-scaled.jpg\",\"contentUrl\":\"https:\/\/recinzionipvc.com\/wp-content\/uploads\/2021\/03\/Miami_PaliTrasparenti-scaled.jpg\",\"width\":2560,\"height\":1440},{\"@type\":\"BreadcrumbList\",\"@id\":\"https:\/\/www.recinzionipvc.com\/fr\/produit\/miami-partie-centrale\/#breadcrumb\",\"itemListElement\":[{\"@type\":\"ListItem\",\"position\":1,\"name\":\"Home\",\"item\":\"https:\/\/www.recinzionipvc.com\/fr\/\"},{\"@type\":\"ListItem\",\"position\":2,\"name\":\"Boutique\",\"item\":\"https:\/\/recinzionipvc.com\/fr\/boutique\/\"},{\"@type\":\"ListItem\",\"position\":3,\"name\":\"Miami Partie Centrale\"}]},{\"@type\":\"WebSite\",\"@id\":\"https:\/\/www.recinzionipvc.com\/it\/#website\",\"url\":\"https:\/\/www.recinzionipvc.com\/it\/\",\"name\":\"Recinzioni PVC\",\"description\":\"La tua prossima recinzione, direttamente creata da te!\",\"potentialAction\":[{\"@type\":\"SearchAction\",\"target\":{\"@type\":\"EntryPoint\",\"urlTemplate\":\"https:\/\/www.recinzionipvc.com\/it\/?s={search_term_string}\"},\"query-input\":\"required name=search_term_string\"}],\"inLanguage\":\"fr-FR\"}]}<\/script>\n<!-- \/ Yoast SEO plugin. -->","yoast_head_json":{"title":"Partie Centrale_Famille de Cl\u00f4ture en PVC_ Mod\u00e8le Miami","description":"Partie Centrale de notre famille de Cl\u00f4ture en PVC, Miami, comprend uniquement les panneaux au centre et non les deux poteaux externes","robots":{"index":"index","follow":"follow","max-snippet":"max-snippet:-1","max-image-preview":"max-image-preview:large","max-video-preview":"max-video-preview:-1"},"canonical":"https:\/\/www.recinzionipvc.com\/fr\/produit\/miami-partie-centrale\/","og_locale":"fr_FR","og_type":"article","og_title":"Partie Centrale_Famille de Cl\u00f4ture en PVC_ Mod\u00e8le Miami","og_description":"Partie Centrale de notre famille de Cl\u00f4ture en PVC, Miami, comprend uniquement les panneaux au centre et non les deux poteaux externes","og_url":"https:\/\/www.recinzionipvc.com\/fr\/produit\/miami-partie-centrale\/","og_site_name":"Recinzioni PVC","article_publisher":"https:\/\/www.facebook.com\/ZucchiRecinzioniPVC","article_modified_time":"2021-03-19T07:23:37+00:00","og_image":[{"width":2560,"height":1440,"url":"https:\/\/www.recinzionipvc.com\/wp-content\/uploads\/2021\/03\/Miami_PaliTrasparenti-scaled.jpg","type":"image\/jpeg"}],"twitter_card":"summary_large_image","schema":{"@context":"https:\/\/schema.org","@graph":[{"@type":"WebPage","@id":"https:\/\/www.recinzionipvc.com\/fr\/produit\/miami-partie-centrale\/","url":"https:\/\/www.recinzionipvc.com\/fr\/produit\/miami-partie-centrale\/","name":"Partie Centrale_Famille de Cl\u00f4ture en PVC_ Mod\u00e8le Miami","isPartOf":{"@id":"https:\/\/www.recinzionipvc.com\/it\/#website"},"primaryImageOfPage":{"@id":"https:\/\/www.recinzionipvc.com\/fr\/produit\/miami-partie-centrale\/#primaryimage"},"image":{"@id":"https:\/\/www.recinzionipvc.com\/fr\/produit\/miami-partie-centrale\/#primaryimage"},"thumbnailUrl":"https:\/\/recinzionipvc.com\/wp-content\/uploads\/2021\/03\/Miami_PaliTrasparenti-scaled.jpg","datePublished":"2021-03-03T13:57:34+00:00","dateModified":"2021-03-19T07:23:37+00:00","description":"Partie Centrale de notre famille de Cl\u00f4ture en PVC, Miami, comprend uniquement les panneaux au centre et non les deux poteaux externes","breadcrumb":{"@id":"https:\/\/www.recinzionipvc.com\/fr\/produit\/miami-partie-centrale\/#breadcrumb"},"inLanguage":"fr-FR","potentialAction":[{"@type":"ReadAction","target":["https:\/\/www.recinzionipvc.com\/fr\/produit\/miami-partie-centrale\/"]}]},{"@type":"ImageObject","inLanguage":"fr-FR","@id":"https:\/\/www.recinzionipvc.com\/fr\/produit\/miami-partie-centrale\/#primaryimage","url":"https:\/\/recinzionipvc.com\/wp-content\/uploads\/2021\/03\/Miami_PaliTrasparenti-scaled.jpg","contentUrl":"https:\/\/recinzionipvc.com\/wp-content\/uploads\/2021\/03\/Miami_PaliTrasparenti-scaled.jpg","width":2560,"height":1440},{"@type":"BreadcrumbList","@id":"https:\/\/www.recinzionipvc.com\/fr\/produit\/miami-partie-centrale\/#breadcrumb","itemListElement":[{"@type":"ListItem","position":1,"name":"Home","item":"https:\/\/www.recinzionipvc.com\/fr\/"},{"@type":"ListItem","position":2,"name":"Boutique","item":"https:\/\/recinzionipvc.com\/fr\/boutique\/"},{"@type":"ListItem","position":3,"name":"Miami Partie Centrale"}]},{"@type":"WebSite","@id":"https:\/\/www.recinzionipvc.com\/it\/#website","url":"https:\/\/www.recinzionipvc.com\/it\/","name":"Recinzioni PVC","description":"La tua prossima recinzione, direttamente creata da te!","potentialAction":[{"@type":"SearchAction","target":{"@type":"EntryPoint","urlTemplate":"https:\/\/www.recinzionipvc.com\/it\/?s={search_term_string}"},"query-input":"required name=search_term_string"}],"inLanguage":"fr-FR"}]}},"_links":{"self":[{"href":"https:\/\/recinzionipvc.com\/fr\/wp-json\/wp\/v2\/product\/11947"}],"collection":[{"href":"https:\/\/recinzionipvc.com\/fr\/wp-json\/wp\/v2\/product"}],"about":[{"href":"https:\/\/recinzionipvc.com\/fr\/wp-json\/wp\/v2\/types\/product"}],"replies":[{"embeddable":true,"href":"https:\/\/recinzionipvc.com\/fr\/wp-json\/wp\/v2\/comments?post=11947"}],"wp:featuredmedia":[{"embeddable":true,"href":"https:\/\/recinzionipvc.com\/fr\/wp-json\/wp\/v2\/media\/11962"}],"wp:attachment":[{"href":"https:\/\/recinzionipvc.com\/fr\/wp-json\/wp\/v2\/media?parent=11947"}],"wp:term":[{"taxonomy":"product_cat","embeddable":true,"href":"https:\/\/recinzionipvc.com\/fr\/wp-json\/wp\/v2\/product_cat?post=11947"},{"taxonomy":"product_tag","embeddable":true,"href":"https:\/\/recinzionipvc.com\/fr\/wp-json\/wp\/v2\/product_tag?post=11947"}],"curies":[{"name":"wp","href":"https:\/\/api.w.org\/{rel}","templated":true}]}}