{"id":6620,"date":"2019-05-10T13:10:00","date_gmt":"2020-09-14T09:04:54","guid":{"rendered":"http:\/\/www.recinzionipvc.com\/prodotto-recinzione-pvc\/partie-centrale-datene\/"},"modified":"2025-08-22T01:36:05","modified_gmt":"2025-08-21T23:36:05","slug":"partie-centrale-atene-cloture-en-pvc","status":"publish","type":"product","link":"https:\/\/recinzionipvc.com\/fr\/produit\/partie-centrale-atene-cloture-en-pvc\/","title":{"rendered":"Atene Partie Centrale"},"content":{"rendered":"<p id=\"tw-target-text\" class=\"tw-data-text tw-text-large XcVN5d tw-ta\" dir=\"ltr\" data-placeholder=\"Traduzione\"><em><strong><span lang=\"fr\">Notre cl\u00f4ture PVC, mod\u00e8le <a href=\"https:\/\/www.recinzionipvc.com\/it\/modelli-differenti-di-recinzioni-in-pvc\/recinzione-pvc-modello-atene-famiglia-classic\/\">Atene<\/a>, conserve un style classique et \u00e9l\u00e9gant, sans pour autant perdre de vue l&rsquo;objectif: prot\u00e9ger la zone dans laquelle elle est install\u00e9e et pourquoi pas, \u00eatre une touche de design. <\/span><\/strong><\/em><\/p>\r\n<p class=\"tw-data-text tw-text-large XcVN5d tw-ta\" dir=\"ltr\" data-placeholder=\"Traduzione\"><em><strong><span lang=\"fr\">Le mod\u00e8le Atene fait partie de la famille <a href=\"https:\/\/www.recinzionipvc.com\/fr\/familles-de-clotures-en-pvc-cinq-modeles-differents\/classic\/\">Classic<\/a>.<\/span><\/strong><\/em><\/p>","protected":false},"excerpt":{"rendered":"<em> <strong> Notre cl\u00f4ture en PVC, mod\u00e8le <a href=\"https:\/\/www.recinzionipvc.com\/it\/modelli-differenti-di-recinzioni-in-pvc\/recinzione-pvc-modello-atene-famiglia-classic\/\">Atene<\/a>, est le produit id\u00e9al pour les nostalgiques du r\u00eave am\u00e9ricain: qui n&rsquo;a jamais voulu une maison avec une pelouse verte et une \u00e9l\u00e9gante cl\u00f4ture blanche? <\/strong> &lt; \/ em&gt;<\/em>\r\n\r\n<em> <strong><a href=\"https:\/\/www.recinzionipvc.com\/it\/modelli-differenti-di-recinzioni-in-pvc\/recinzione-pvc-modello-atene-famiglia-classic\/\"> Atene<\/a> est l&rsquo;article le plus demand\u00e9 par ceux qui souhaitent cl\u00f4turer leur maison, en conservant un style classique, qui souhaitent cr\u00e9er un espace pour leurs animaux de compagnie ou par des stations baln\u00e9aires pour d\u00e9limiter leur zone. &lt;\/ fort&gt; <\/strong><\/em>\r\n\r\n<em> <strong> (La partie centrale est d\u00e9mont\u00e9e pour l&rsquo;exp\u00e9dition et n&rsquo;inclut pas les poteaux externes) <\/strong> <\/em>","protected":false},"featured_media":7198,"comment_status":"open","ping_status":"closed","template":"","meta":[],"product_cat":[448,446,447,449],"product_tag":[450,452,459,457,466,465,461,464,458,462,463,455,454,460,451,453,456],"yoast_head":"<!-- This site is optimized with the Yoast SEO plugin v22.4 - https:\/\/yoast.com\/wordpress\/plugins\/seo\/ -->\n<title>Partie Centrale_Famille de Cl\u00f4ture en PVC_ Mod\u00e8le Atene<\/title>\n<meta name=\"description\" content=\"Partie Centrale de notre famille de Cl\u00f4ture en PVC, Atene, comprend uniquement les panneaux au centre et non les deux poteaux externes\" \/>\n<meta name=\"robots\" content=\"index, follow, max-snippet:-1, max-image-preview:large, max-video-preview:-1\" \/>\n<link rel=\"canonical\" href=\"https:\/\/www.recinzionipvc.com\/it\/produit\/parte-centrale-recinzione-pvc-modello-atene\/\" \/>\n<meta property=\"og:locale\" content=\"fr_FR\" \/>\n<meta property=\"og:type\" content=\"article\" \/>\n<meta property=\"og:title\" content=\"Partie Centrale_Famille de Cl\u00f4ture en PVC_ Mod\u00e8le Atene\" \/>\n<meta property=\"og:description\" content=\"Partie Centrale de notre famille de Cl\u00f4ture en PVC, Atene, comprend uniquement les panneaux au centre et non les deux poteaux externes\" \/>\n<meta property=\"og:url\" content=\"https:\/\/www.recinzionipvc.com\/it\/produit\/parte-centrale-recinzione-pvc-modello-atene\/\" \/>\n<meta property=\"og:site_name\" content=\"Recinzioni PVC\" \/>\n<meta property=\"article:publisher\" content=\"https:\/\/www.facebook.com\/ZucchiRecinzioniPVC\" \/>\n<meta property=\"article:modified_time\" content=\"2025-08-21T23:36:05+00:00\" \/>\n<meta property=\"og:image\" content=\"https:\/\/www.recinzionipvc.com\/wp-content\/uploads\/2020\/09\/Atene_FC4_06-Trasparente-scaled.jpg\" \/>\n\t<meta property=\"og:image:width\" content=\"2560\" \/>\n\t<meta property=\"og:image:height\" content=\"1440\" \/>\n\t<meta property=\"og:image:type\" content=\"image\/jpeg\" \/>\n<meta name=\"twitter:card\" content=\"summary_large_image\" \/>\n<script type=\"application\/ld+json\" class=\"yoast-schema-graph\">{\"@context\":\"https:\/\/schema.org\",\"@graph\":[{\"@type\":\"WebPage\",\"@id\":\"https:\/\/www.recinzionipvc.com\/it\/produit\/parte-centrale-recinzione-pvc-modello-atene\/\",\"url\":\"https:\/\/www.recinzionipvc.com\/it\/produit\/parte-centrale-recinzione-pvc-modello-atene\/\",\"name\":\"Partie Centrale_Famille de Cl\u00f4ture en PVC_ Mod\u00e8le Atene\",\"isPartOf\":{\"@id\":\"https:\/\/www.recinzionipvc.com\/it\/#website\"},\"primaryImageOfPage\":{\"@id\":\"https:\/\/www.recinzionipvc.com\/it\/produit\/parte-centrale-recinzione-pvc-modello-atene\/#primaryimage\"},\"image\":{\"@id\":\"https:\/\/www.recinzionipvc.com\/it\/produit\/parte-centrale-recinzione-pvc-modello-atene\/#primaryimage\"},\"thumbnailUrl\":\"https:\/\/recinzionipvc.com\/wp-content\/uploads\/2020\/09\/Atene_FC4_06-Trasparente-scaled.jpg\",\"datePublished\":\"2020-09-14T09:04:54+00:00\",\"dateModified\":\"2025-08-21T23:36:05+00:00\",\"description\":\"Partie Centrale de notre famille de Cl\u00f4ture en PVC, Atene, comprend uniquement les panneaux au centre et non les deux poteaux externes\",\"breadcrumb\":{\"@id\":\"https:\/\/www.recinzionipvc.com\/it\/produit\/parte-centrale-recinzione-pvc-modello-atene\/#breadcrumb\"},\"inLanguage\":\"fr-FR\",\"potentialAction\":[{\"@type\":\"ReadAction\",\"target\":[\"https:\/\/www.recinzionipvc.com\/it\/produit\/parte-centrale-recinzione-pvc-modello-atene\/\"]}]},{\"@type\":\"ImageObject\",\"inLanguage\":\"fr-FR\",\"@id\":\"https:\/\/www.recinzionipvc.com\/it\/produit\/parte-centrale-recinzione-pvc-modello-atene\/#primaryimage\",\"url\":\"https:\/\/recinzionipvc.com\/wp-content\/uploads\/2020\/09\/Atene_FC4_06-Trasparente-scaled.jpg\",\"contentUrl\":\"https:\/\/recinzionipvc.com\/wp-content\/uploads\/2020\/09\/Atene_FC4_06-Trasparente-scaled.jpg\",\"width\":2560,\"height\":1440},{\"@type\":\"BreadcrumbList\",\"@id\":\"https:\/\/www.recinzionipvc.com\/it\/produit\/parte-centrale-recinzione-pvc-modello-atene\/#breadcrumb\",\"itemListElement\":[{\"@type\":\"ListItem\",\"position\":1,\"name\":\"Home\",\"item\":\"https:\/\/www.recinzionipvc.com\/fr\/\"},{\"@type\":\"ListItem\",\"position\":2,\"name\":\"Boutique\",\"item\":\"https:\/\/recinzionipvc.com\/fr\/boutique\/\"},{\"@type\":\"ListItem\",\"position\":3,\"name\":\"Atene Partie Centrale\"}]},{\"@type\":\"WebSite\",\"@id\":\"https:\/\/www.recinzionipvc.com\/it\/#website\",\"url\":\"https:\/\/www.recinzionipvc.com\/it\/\",\"name\":\"Recinzioni PVC\",\"description\":\"La tua prossima recinzione, direttamente creata da te!\",\"potentialAction\":[{\"@type\":\"SearchAction\",\"target\":{\"@type\":\"EntryPoint\",\"urlTemplate\":\"https:\/\/www.recinzionipvc.com\/it\/?s={search_term_string}\"},\"query-input\":\"required name=search_term_string\"}],\"inLanguage\":\"fr-FR\"}]}<\/script>\n<!-- \/ Yoast SEO plugin. -->","yoast_head_json":{"title":"Partie Centrale_Famille de Cl\u00f4ture en PVC_ Mod\u00e8le Atene","description":"Partie Centrale de notre famille de Cl\u00f4ture en PVC, Atene, comprend uniquement les panneaux au centre et non les deux poteaux externes","robots":{"index":"index","follow":"follow","max-snippet":"max-snippet:-1","max-image-preview":"max-image-preview:large","max-video-preview":"max-video-preview:-1"},"canonical":"https:\/\/www.recinzionipvc.com\/it\/produit\/parte-centrale-recinzione-pvc-modello-atene\/","og_locale":"fr_FR","og_type":"article","og_title":"Partie Centrale_Famille de Cl\u00f4ture en PVC_ Mod\u00e8le Atene","og_description":"Partie Centrale de notre famille de Cl\u00f4ture en PVC, Atene, comprend uniquement les panneaux au centre et non les deux poteaux externes","og_url":"https:\/\/www.recinzionipvc.com\/it\/produit\/parte-centrale-recinzione-pvc-modello-atene\/","og_site_name":"Recinzioni PVC","article_publisher":"https:\/\/www.facebook.com\/ZucchiRecinzioniPVC","article_modified_time":"2025-08-21T23:36:05+00:00","og_image":[{"width":2560,"height":1440,"url":"https:\/\/www.recinzionipvc.com\/wp-content\/uploads\/2020\/09\/Atene_FC4_06-Trasparente-scaled.jpg","type":"image\/jpeg"}],"twitter_card":"summary_large_image","schema":{"@context":"https:\/\/schema.org","@graph":[{"@type":"WebPage","@id":"https:\/\/www.recinzionipvc.com\/it\/produit\/parte-centrale-recinzione-pvc-modello-atene\/","url":"https:\/\/www.recinzionipvc.com\/it\/produit\/parte-centrale-recinzione-pvc-modello-atene\/","name":"Partie Centrale_Famille de Cl\u00f4ture en PVC_ Mod\u00e8le Atene","isPartOf":{"@id":"https:\/\/www.recinzionipvc.com\/it\/#website"},"primaryImageOfPage":{"@id":"https:\/\/www.recinzionipvc.com\/it\/produit\/parte-centrale-recinzione-pvc-modello-atene\/#primaryimage"},"image":{"@id":"https:\/\/www.recinzionipvc.com\/it\/produit\/parte-centrale-recinzione-pvc-modello-atene\/#primaryimage"},"thumbnailUrl":"https:\/\/recinzionipvc.com\/wp-content\/uploads\/2020\/09\/Atene_FC4_06-Trasparente-scaled.jpg","datePublished":"2020-09-14T09:04:54+00:00","dateModified":"2025-08-21T23:36:05+00:00","description":"Partie Centrale de notre famille de Cl\u00f4ture en PVC, Atene, comprend uniquement les panneaux au centre et non les deux poteaux externes","breadcrumb":{"@id":"https:\/\/www.recinzionipvc.com\/it\/produit\/parte-centrale-recinzione-pvc-modello-atene\/#breadcrumb"},"inLanguage":"fr-FR","potentialAction":[{"@type":"ReadAction","target":["https:\/\/www.recinzionipvc.com\/it\/produit\/parte-centrale-recinzione-pvc-modello-atene\/"]}]},{"@type":"ImageObject","inLanguage":"fr-FR","@id":"https:\/\/www.recinzionipvc.com\/it\/produit\/parte-centrale-recinzione-pvc-modello-atene\/#primaryimage","url":"https:\/\/recinzionipvc.com\/wp-content\/uploads\/2020\/09\/Atene_FC4_06-Trasparente-scaled.jpg","contentUrl":"https:\/\/recinzionipvc.com\/wp-content\/uploads\/2020\/09\/Atene_FC4_06-Trasparente-scaled.jpg","width":2560,"height":1440},{"@type":"BreadcrumbList","@id":"https:\/\/www.recinzionipvc.com\/it\/produit\/parte-centrale-recinzione-pvc-modello-atene\/#breadcrumb","itemListElement":[{"@type":"ListItem","position":1,"name":"Home","item":"https:\/\/www.recinzionipvc.com\/fr\/"},{"@type":"ListItem","position":2,"name":"Boutique","item":"https:\/\/recinzionipvc.com\/fr\/boutique\/"},{"@type":"ListItem","position":3,"name":"Atene Partie Centrale"}]},{"@type":"WebSite","@id":"https:\/\/www.recinzionipvc.com\/it\/#website","url":"https:\/\/www.recinzionipvc.com\/it\/","name":"Recinzioni PVC","description":"La tua prossima recinzione, direttamente creata da te!","potentialAction":[{"@type":"SearchAction","target":{"@type":"EntryPoint","urlTemplate":"https:\/\/www.recinzionipvc.com\/it\/?s={search_term_string}"},"query-input":"required name=search_term_string"}],"inLanguage":"fr-FR"}]}},"_links":{"self":[{"href":"https:\/\/recinzionipvc.com\/fr\/wp-json\/wp\/v2\/product\/6620"}],"collection":[{"href":"https:\/\/recinzionipvc.com\/fr\/wp-json\/wp\/v2\/product"}],"about":[{"href":"https:\/\/recinzionipvc.com\/fr\/wp-json\/wp\/v2\/types\/product"}],"replies":[{"embeddable":true,"href":"https:\/\/recinzionipvc.com\/fr\/wp-json\/wp\/v2\/comments?post=6620"}],"wp:featuredmedia":[{"embeddable":true,"href":"https:\/\/recinzionipvc.com\/fr\/wp-json\/wp\/v2\/media\/7198"}],"wp:attachment":[{"href":"https:\/\/recinzionipvc.com\/fr\/wp-json\/wp\/v2\/media?parent=6620"}],"wp:term":[{"taxonomy":"product_cat","embeddable":true,"href":"https:\/\/recinzionipvc.com\/fr\/wp-json\/wp\/v2\/product_cat?post=6620"},{"taxonomy":"product_tag","embeddable":true,"href":"https:\/\/recinzionipvc.com\/fr\/wp-json\/wp\/v2\/product_tag?post=6620"}],"curies":[{"name":"wp","href":"https:\/\/api.w.org\/{rel}","templated":true}]}}