{"id":6626,"date":"2020-02-06T15:11:01","date_gmt":"2020-09-14T12:59:37","guid":{"rendered":"http:\/\/www.recinzionipvc.com\/prodotto-recinzione-pvc\/atene-pole-vierge\/"},"modified":"2020-12-10T11:56:14","modified_gmt":"2020-12-10T09:56:14","slug":"atene-pole-vierge-cloture-en-pvc","status":"publish","type":"product","link":"https:\/\/recinzionipvc.com\/fr\/produit\/atene-pole-vierge-cloture-en-pvc\/","title":{"rendered":"Atene P\u00f4le Vierge"},"content":{"rendered":"<em><strong>Ce type de m\u00e2t ne comporte aucun type de fraisage.<\/strong><\/em>\r\n\r\n<em><strong> Hauteurs disponibles: 0.80m \/ 1.00m \/ 1.22m \/ 1.50m <\/strong><\/em>\r\n\r\n<em><strong>A utiliser uniquement et exclusivement avec le mod\u00e8le <a href=\"https:\/\/www.recinzionipvc.com\/fr\/modeles-de-clotures-en-pvc\/atene\/\">Atene<\/a>.<\/strong><\/em>","protected":false},"excerpt":{"rendered":"<em> <strong> Il n&rsquo;est utilis\u00e9 que lorsqu&rsquo;un poteau d\u00e9tach\u00e9 de la cl\u00f4ture est n\u00e9cessaire, g\u00e9n\u00e9ralement comme ancrage pour une porte. <\/strong> <\/em>\r\n\r\n<em> <strong> Ce b\u00e2ton doit \u00eatre utilis\u00e9 uniquement et exclusivement avec le mod\u00e8le <a href=\"https:\/\/www.recinzionipvc.com\/fr\/modeles-de-clotures-en-pvc\/atene\/\">Atene<\/a>. <\/strong> <\/em>","protected":false},"featured_media":6999,"comment_status":"open","ping_status":"closed","template":"","meta":[],"product_cat":[448,469],"product_tag":[450,471,473,470,476,475,472,474],"yoast_head":"<!-- This site is optimized with the Yoast SEO plugin v22.4 - https:\/\/yoast.com\/wordpress\/plugins\/seo\/ -->\n<title>Virgin Pole pour Cl\u00f4ture en PVC mod\u00e8le Atene<\/title>\n<meta name=\"description\" content=\"Virgin Pole pour Cl\u00f4ture en PVC, mod\u00e8le Atene: Ce type de poteau ne comporte aucun type de fraisage et peut donc \u00eatre travaill\u00e9 \u00e0 volont\u00e9\" \/>\n<meta name=\"robots\" content=\"index, follow, max-snippet:-1, max-image-preview:large, max-video-preview:-1\" \/>\n<link rel=\"canonical\" href=\"https:\/\/recinzionipvc.com\/fr\/produit\/atene-pole-vierge-cloture-en-pvc\/\" \/>\n<meta property=\"og:locale\" content=\"fr_FR\" \/>\n<meta property=\"og:type\" content=\"article\" \/>\n<meta property=\"og:title\" content=\"Virgin Pole pour Cl\u00f4ture en PVC mod\u00e8le Atene\" \/>\n<meta property=\"og:description\" content=\"Virgin Pole pour Cl\u00f4ture en PVC, mod\u00e8le Atene: Ce type de poteau ne comporte aucun type de fraisage et peut donc \u00eatre travaill\u00e9 \u00e0 volont\u00e9\" \/>\n<meta property=\"og:url\" content=\"https:\/\/recinzionipvc.com\/fr\/produit\/atene-pole-vierge-cloture-en-pvc\/\" \/>\n<meta property=\"og:site_name\" content=\"Recinzioni PVC\" \/>\n<meta property=\"article:publisher\" content=\"https:\/\/www.facebook.com\/ZucchiRecinzioniPVC\" \/>\n<meta property=\"article:modified_time\" content=\"2020-12-10T09:56:14+00:00\" \/>\n<meta property=\"og:image\" content=\"https:\/\/recinzionipvc.com\/wp-content\/uploads\/2020\/09\/palo_vergine.png\" \/>\n\t<meta property=\"og:image:width\" content=\"125\" \/>\n\t<meta property=\"og:image:height\" content=\"117\" \/>\n\t<meta property=\"og:image:type\" content=\"image\/png\" \/>\n<meta name=\"twitter:card\" content=\"summary_large_image\" \/>\n<script type=\"application\/ld+json\" class=\"yoast-schema-graph\">{\"@context\":\"https:\/\/schema.org\",\"@graph\":[{\"@type\":\"WebPage\",\"@id\":\"https:\/\/recinzionipvc.com\/fr\/produit\/atene-pole-vierge-cloture-en-pvc\/\",\"url\":\"https:\/\/recinzionipvc.com\/fr\/produit\/atene-pole-vierge-cloture-en-pvc\/\",\"name\":\"Virgin Pole pour Cl\u00f4ture en PVC mod\u00e8le Atene\",\"isPartOf\":{\"@id\":\"https:\/\/recinzionipvc.com\/it\/#website\"},\"primaryImageOfPage\":{\"@id\":\"https:\/\/recinzionipvc.com\/fr\/produit\/atene-pole-vierge-cloture-en-pvc\/#primaryimage\"},\"image\":{\"@id\":\"https:\/\/recinzionipvc.com\/fr\/produit\/atene-pole-vierge-cloture-en-pvc\/#primaryimage\"},\"thumbnailUrl\":\"https:\/\/recinzionipvc.com\/wp-content\/uploads\/2020\/09\/palo_vergine.png\",\"datePublished\":\"2020-09-14T12:59:37+00:00\",\"dateModified\":\"2020-12-10T09:56:14+00:00\",\"description\":\"Virgin Pole pour Cl\u00f4ture en PVC, mod\u00e8le Atene: Ce type de poteau ne comporte aucun type de fraisage et peut donc \u00eatre travaill\u00e9 \u00e0 volont\u00e9\",\"breadcrumb\":{\"@id\":\"https:\/\/recinzionipvc.com\/fr\/produit\/atene-pole-vierge-cloture-en-pvc\/#breadcrumb\"},\"inLanguage\":\"fr-FR\",\"potentialAction\":[{\"@type\":\"ReadAction\",\"target\":[\"https:\/\/recinzionipvc.com\/fr\/produit\/atene-pole-vierge-cloture-en-pvc\/\"]}]},{\"@type\":\"ImageObject\",\"inLanguage\":\"fr-FR\",\"@id\":\"https:\/\/recinzionipvc.com\/fr\/produit\/atene-pole-vierge-cloture-en-pvc\/#primaryimage\",\"url\":\"https:\/\/recinzionipvc.com\/wp-content\/uploads\/2020\/09\/palo_vergine.png\",\"contentUrl\":\"https:\/\/recinzionipvc.com\/wp-content\/uploads\/2020\/09\/palo_vergine.png\",\"width\":125,\"height\":117},{\"@type\":\"BreadcrumbList\",\"@id\":\"https:\/\/recinzionipvc.com\/fr\/produit\/atene-pole-vierge-cloture-en-pvc\/#breadcrumb\",\"itemListElement\":[{\"@type\":\"ListItem\",\"position\":1,\"name\":\"Home\",\"item\":\"https:\/\/recinzionipvc.com\/fr\/\"},{\"@type\":\"ListItem\",\"position\":2,\"name\":\"Boutique\",\"item\":\"https:\/\/www.recinzionipvc.com\/fr\/boutique\/\"},{\"@type\":\"ListItem\",\"position\":3,\"name\":\"Atene P\u00f4le Vierge\"}]},{\"@type\":\"WebSite\",\"@id\":\"https:\/\/recinzionipvc.com\/it\/#website\",\"url\":\"https:\/\/recinzionipvc.com\/it\/\",\"name\":\"Recinzioni PVC\",\"description\":\"La tua prossima recinzione, direttamente creata da te!\",\"potentialAction\":[{\"@type\":\"SearchAction\",\"target\":{\"@type\":\"EntryPoint\",\"urlTemplate\":\"https:\/\/recinzionipvc.com\/it\/?s={search_term_string}\"},\"query-input\":\"required name=search_term_string\"}],\"inLanguage\":\"fr-FR\"}]}<\/script>\n<!-- \/ Yoast SEO plugin. -->","yoast_head_json":{"title":"Virgin Pole pour Cl\u00f4ture en PVC mod\u00e8le Atene","description":"Virgin Pole pour Cl\u00f4ture en PVC, mod\u00e8le Atene: Ce type de poteau ne comporte aucun type de fraisage et peut donc \u00eatre travaill\u00e9 \u00e0 volont\u00e9","robots":{"index":"index","follow":"follow","max-snippet":"max-snippet:-1","max-image-preview":"max-image-preview:large","max-video-preview":"max-video-preview:-1"},"canonical":"https:\/\/recinzionipvc.com\/fr\/produit\/atene-pole-vierge-cloture-en-pvc\/","og_locale":"fr_FR","og_type":"article","og_title":"Virgin Pole pour Cl\u00f4ture en PVC mod\u00e8le Atene","og_description":"Virgin Pole pour Cl\u00f4ture en PVC, mod\u00e8le Atene: Ce type de poteau ne comporte aucun type de fraisage et peut donc \u00eatre travaill\u00e9 \u00e0 volont\u00e9","og_url":"https:\/\/recinzionipvc.com\/fr\/produit\/atene-pole-vierge-cloture-en-pvc\/","og_site_name":"Recinzioni PVC","article_publisher":"https:\/\/www.facebook.com\/ZucchiRecinzioniPVC","article_modified_time":"2020-12-10T09:56:14+00:00","og_image":[{"width":125,"height":117,"url":"https:\/\/recinzionipvc.com\/wp-content\/uploads\/2020\/09\/palo_vergine.png","type":"image\/png"}],"twitter_card":"summary_large_image","schema":{"@context":"https:\/\/schema.org","@graph":[{"@type":"WebPage","@id":"https:\/\/recinzionipvc.com\/fr\/produit\/atene-pole-vierge-cloture-en-pvc\/","url":"https:\/\/recinzionipvc.com\/fr\/produit\/atene-pole-vierge-cloture-en-pvc\/","name":"Virgin Pole pour Cl\u00f4ture en PVC mod\u00e8le Atene","isPartOf":{"@id":"https:\/\/recinzionipvc.com\/it\/#website"},"primaryImageOfPage":{"@id":"https:\/\/recinzionipvc.com\/fr\/produit\/atene-pole-vierge-cloture-en-pvc\/#primaryimage"},"image":{"@id":"https:\/\/recinzionipvc.com\/fr\/produit\/atene-pole-vierge-cloture-en-pvc\/#primaryimage"},"thumbnailUrl":"https:\/\/recinzionipvc.com\/wp-content\/uploads\/2020\/09\/palo_vergine.png","datePublished":"2020-09-14T12:59:37+00:00","dateModified":"2020-12-10T09:56:14+00:00","description":"Virgin Pole pour Cl\u00f4ture en PVC, mod\u00e8le Atene: Ce type de poteau ne comporte aucun type de fraisage et peut donc \u00eatre travaill\u00e9 \u00e0 volont\u00e9","breadcrumb":{"@id":"https:\/\/recinzionipvc.com\/fr\/produit\/atene-pole-vierge-cloture-en-pvc\/#breadcrumb"},"inLanguage":"fr-FR","potentialAction":[{"@type":"ReadAction","target":["https:\/\/recinzionipvc.com\/fr\/produit\/atene-pole-vierge-cloture-en-pvc\/"]}]},{"@type":"ImageObject","inLanguage":"fr-FR","@id":"https:\/\/recinzionipvc.com\/fr\/produit\/atene-pole-vierge-cloture-en-pvc\/#primaryimage","url":"https:\/\/recinzionipvc.com\/wp-content\/uploads\/2020\/09\/palo_vergine.png","contentUrl":"https:\/\/recinzionipvc.com\/wp-content\/uploads\/2020\/09\/palo_vergine.png","width":125,"height":117},{"@type":"BreadcrumbList","@id":"https:\/\/recinzionipvc.com\/fr\/produit\/atene-pole-vierge-cloture-en-pvc\/#breadcrumb","itemListElement":[{"@type":"ListItem","position":1,"name":"Home","item":"https:\/\/recinzionipvc.com\/fr\/"},{"@type":"ListItem","position":2,"name":"Boutique","item":"https:\/\/www.recinzionipvc.com\/fr\/boutique\/"},{"@type":"ListItem","position":3,"name":"Atene P\u00f4le Vierge"}]},{"@type":"WebSite","@id":"https:\/\/recinzionipvc.com\/it\/#website","url":"https:\/\/recinzionipvc.com\/it\/","name":"Recinzioni PVC","description":"La tua prossima recinzione, direttamente creata da te!","potentialAction":[{"@type":"SearchAction","target":{"@type":"EntryPoint","urlTemplate":"https:\/\/recinzionipvc.com\/it\/?s={search_term_string}"},"query-input":"required name=search_term_string"}],"inLanguage":"fr-FR"}]}},"_links":{"self":[{"href":"https:\/\/recinzionipvc.com\/fr\/wp-json\/wp\/v2\/product\/6626"}],"collection":[{"href":"https:\/\/recinzionipvc.com\/fr\/wp-json\/wp\/v2\/product"}],"about":[{"href":"https:\/\/recinzionipvc.com\/fr\/wp-json\/wp\/v2\/types\/product"}],"replies":[{"embeddable":true,"href":"https:\/\/recinzionipvc.com\/fr\/wp-json\/wp\/v2\/comments?post=6626"}],"wp:featuredmedia":[{"embeddable":true,"href":"https:\/\/recinzionipvc.com\/fr\/wp-json\/wp\/v2\/media\/6999"}],"wp:attachment":[{"href":"https:\/\/recinzionipvc.com\/fr\/wp-json\/wp\/v2\/media?parent=6626"}],"wp:term":[{"taxonomy":"product_cat","embeddable":true,"href":"https:\/\/recinzionipvc.com\/fr\/wp-json\/wp\/v2\/product_cat?post=6626"},{"taxonomy":"product_tag","embeddable":true,"href":"https:\/\/recinzionipvc.com\/fr\/wp-json\/wp\/v2\/product_tag?post=6626"}],"curies":[{"name":"wp","href":"https:\/\/api.w.org\/{rel}","templated":true}]}}