{"id":6635,"date":"2019-12-06T15:17:20","date_gmt":"2020-09-15T12:33:57","guid":{"rendered":"http:\/\/www.recinzionipvc.com\/prodotto-recinzione-pvc\/porte-a-un-vantail-de-vienna\/"},"modified":"2020-12-07T18:31:48","modified_gmt":"2020-12-07T16:31:48","slug":"porte-a-un-vantail-de-vienna-cloture-en-pvc","status":"publish","type":"product","link":"https:\/\/recinzionipvc.com\/fr\/produit\/porte-a-un-vantail-de-vienna-cloture-en-pvc\/","title":{"rendered":"Porte \u00e0 un vantail de Vienna"},"content":{"rendered":"<em><strong>La porte a deux types de fermeture diff\u00e9rents: manuelle et \u00e9lectrifiable. Les accessoires sont vendus s\u00e9par\u00e9ment sur la page \u00ab<a href=\"https:\/\/www.recinzionipvc.com\/it\/parti-recinzioni-pvc\/accessori-cancelli\/\">Accessoires pour portail<\/a>\u00bb. Ce portail peut \u00eatre r\u00e9alis\u00e9 sur mesure selon les besoins du client et peut \u00eatre adapt\u00e9 \u00e0 tout type d&rsquo;automatisation.<\/strong><\/em>","protected":false},"excerpt":{"rendered":"<em> <strong> Le portail \u00e0 un vantail de <a href=\"https:\/\/www.recinzionipvc.com\/it\/modelli-differenti-di-recinzioni-in-pvc\/recinzione-pvc-modello-vienna-famiglia-classic\/\">Vienna<\/a> est n\u00e9 de la n\u00e9cessit\u00e9 de cr\u00e9er un portail qui puisse \u00eatre parfaitement combin\u00e9 avec la cl\u00f4ture du m\u00eame nom. <\/strong> <\/em>\r\n\r\n<em> <strong> Cette porte avec un style classique, maintient un effet d&rsquo;intimit\u00e9 et en m\u00eame temps intemporel. <\/strong> <\/em>\r\n\r\n<em> <strong> Le portail a deux types de fermeture diff\u00e9rents: manuel et \u00e9lectrifiable. <\/strong> <\/em>\r\n\r\n<em> <strong> Le portail est vendu s\u00e9par\u00e9ment des accessoires; ceux-ci peuvent \u00eatre trouv\u00e9s sur la page <\/strong> <\/em> <a href=\"https:\/\/www.recinzionipvc.com\/product-category\/accessori-cancelli\/\"> \u00abAccessoires pour portail\u00bb <\/a>.\r\n\r\n&nbsp;","protected":false},"featured_media":7176,"comment_status":"open","ping_status":"closed","template":"","meta":[],"product_cat":[479,497],"product_tag":[450,471,483,473,452,481,484,487,485,505,504,486,480,482,453],"yoast_head":"<!-- This site is optimized with the Yoast SEO plugin v22.4 - https:\/\/yoast.com\/wordpress\/plugins\/seo\/ -->\n<title>Porte Pi\u00e9tonne \u00e0 un Vantail mod\u00e8le de Cl\u00f4ture en PVC Vienna<\/title>\n<meta name=\"description\" content=\"Porte Pi\u00e9tonne \u00e0 un Vantail, mod\u00e8le de Cl\u00f4ture en PVC Vienna: c&#039;est le produit combin\u00e9 pour le mod\u00e8le homonyme de cl\u00f4ture en PVC\" \/>\n<meta name=\"robots\" content=\"index, follow, max-snippet:-1, max-image-preview:large, max-video-preview:-1\" \/>\n<link rel=\"canonical\" href=\"https:\/\/recinzionipvc.com\/fr\/produit\/porte-a-un-vantail-de-vienna-cloture-en-pvc\/\" \/>\n<meta property=\"og:locale\" content=\"fr_FR\" \/>\n<meta property=\"og:type\" content=\"article\" \/>\n<meta property=\"og:title\" content=\"Porte Pi\u00e9tonne \u00e0 un Vantail mod\u00e8le de Cl\u00f4ture en PVC Vienna\" \/>\n<meta property=\"og:description\" content=\"Porte Pi\u00e9tonne \u00e0 un Vantail, mod\u00e8le de Cl\u00f4ture en PVC Vienna: c&#039;est le produit combin\u00e9 pour le mod\u00e8le homonyme de cl\u00f4ture en PVC\" \/>\n<meta property=\"og:url\" content=\"https:\/\/recinzionipvc.com\/fr\/produit\/porte-a-un-vantail-de-vienna-cloture-en-pvc\/\" \/>\n<meta property=\"og:site_name\" content=\"Recinzioni PVC\" \/>\n<meta property=\"article:publisher\" content=\"https:\/\/www.facebook.com\/ZucchiRecinzioniPVC\" \/>\n<meta property=\"article:modified_time\" content=\"2020-12-07T16:31:48+00:00\" \/>\n<meta property=\"og:image\" content=\"https:\/\/recinzionipvc.com\/wp-content\/uploads\/2020\/09\/MonoAnta_FC5_Bianco-scaled.jpg\" \/>\n\t<meta property=\"og:image:width\" content=\"2560\" \/>\n\t<meta property=\"og:image:height\" content=\"1440\" \/>\n\t<meta property=\"og:image:type\" content=\"image\/jpeg\" \/>\n<meta name=\"twitter:card\" content=\"summary_large_image\" \/>\n<script type=\"application\/ld+json\" class=\"yoast-schema-graph\">{\"@context\":\"https:\/\/schema.org\",\"@graph\":[{\"@type\":\"WebPage\",\"@id\":\"https:\/\/recinzionipvc.com\/fr\/produit\/porte-a-un-vantail-de-vienna-cloture-en-pvc\/\",\"url\":\"https:\/\/recinzionipvc.com\/fr\/produit\/porte-a-un-vantail-de-vienna-cloture-en-pvc\/\",\"name\":\"Porte Pi\u00e9tonne \u00e0 un Vantail mod\u00e8le de Cl\u00f4ture en PVC Vienna\",\"isPartOf\":{\"@id\":\"https:\/\/recinzionipvc.com\/it\/#website\"},\"primaryImageOfPage\":{\"@id\":\"https:\/\/recinzionipvc.com\/fr\/produit\/porte-a-un-vantail-de-vienna-cloture-en-pvc\/#primaryimage\"},\"image\":{\"@id\":\"https:\/\/recinzionipvc.com\/fr\/produit\/porte-a-un-vantail-de-vienna-cloture-en-pvc\/#primaryimage\"},\"thumbnailUrl\":\"https:\/\/recinzionipvc.com\/wp-content\/uploads\/2020\/09\/MonoAnta_FC5_Bianco-scaled.jpg\",\"datePublished\":\"2020-09-15T12:33:57+00:00\",\"dateModified\":\"2020-12-07T16:31:48+00:00\",\"description\":\"Porte Pi\u00e9tonne \u00e0 un Vantail, mod\u00e8le de Cl\u00f4ture en PVC Vienna: c'est le produit combin\u00e9 pour le mod\u00e8le homonyme de cl\u00f4ture en PVC\",\"breadcrumb\":{\"@id\":\"https:\/\/recinzionipvc.com\/fr\/produit\/porte-a-un-vantail-de-vienna-cloture-en-pvc\/#breadcrumb\"},\"inLanguage\":\"fr-FR\",\"potentialAction\":[{\"@type\":\"ReadAction\",\"target\":[\"https:\/\/recinzionipvc.com\/fr\/produit\/porte-a-un-vantail-de-vienna-cloture-en-pvc\/\"]}]},{\"@type\":\"ImageObject\",\"inLanguage\":\"fr-FR\",\"@id\":\"https:\/\/recinzionipvc.com\/fr\/produit\/porte-a-un-vantail-de-vienna-cloture-en-pvc\/#primaryimage\",\"url\":\"https:\/\/recinzionipvc.com\/wp-content\/uploads\/2020\/09\/MonoAnta_FC5_Bianco-scaled.jpg\",\"contentUrl\":\"https:\/\/recinzionipvc.com\/wp-content\/uploads\/2020\/09\/MonoAnta_FC5_Bianco-scaled.jpg\",\"width\":2560,\"height\":1440},{\"@type\":\"BreadcrumbList\",\"@id\":\"https:\/\/recinzionipvc.com\/fr\/produit\/porte-a-un-vantail-de-vienna-cloture-en-pvc\/#breadcrumb\",\"itemListElement\":[{\"@type\":\"ListItem\",\"position\":1,\"name\":\"Home\",\"item\":\"https:\/\/recinzionipvc.com\/fr\/\"},{\"@type\":\"ListItem\",\"position\":2,\"name\":\"Boutique\",\"item\":\"https:\/\/www.recinzionipvc.com\/fr\/boutique\/\"},{\"@type\":\"ListItem\",\"position\":3,\"name\":\"Porte \u00e0 un vantail de Vienna\"}]},{\"@type\":\"WebSite\",\"@id\":\"https:\/\/recinzionipvc.com\/it\/#website\",\"url\":\"https:\/\/recinzionipvc.com\/it\/\",\"name\":\"Recinzioni PVC\",\"description\":\"La tua prossima recinzione, direttamente creata da te!\",\"potentialAction\":[{\"@type\":\"SearchAction\",\"target\":{\"@type\":\"EntryPoint\",\"urlTemplate\":\"https:\/\/recinzionipvc.com\/it\/?s={search_term_string}\"},\"query-input\":\"required name=search_term_string\"}],\"inLanguage\":\"fr-FR\"}]}<\/script>\n<!-- \/ Yoast SEO plugin. -->","yoast_head_json":{"title":"Porte Pi\u00e9tonne \u00e0 un Vantail mod\u00e8le de Cl\u00f4ture en PVC Vienna","description":"Porte Pi\u00e9tonne \u00e0 un Vantail, mod\u00e8le de Cl\u00f4ture en PVC Vienna: c'est le produit combin\u00e9 pour le mod\u00e8le homonyme de cl\u00f4ture en PVC","robots":{"index":"index","follow":"follow","max-snippet":"max-snippet:-1","max-image-preview":"max-image-preview:large","max-video-preview":"max-video-preview:-1"},"canonical":"https:\/\/recinzionipvc.com\/fr\/produit\/porte-a-un-vantail-de-vienna-cloture-en-pvc\/","og_locale":"fr_FR","og_type":"article","og_title":"Porte Pi\u00e9tonne \u00e0 un Vantail mod\u00e8le de Cl\u00f4ture en PVC Vienna","og_description":"Porte Pi\u00e9tonne \u00e0 un Vantail, mod\u00e8le de Cl\u00f4ture en PVC Vienna: c'est le produit combin\u00e9 pour le mod\u00e8le homonyme de cl\u00f4ture en PVC","og_url":"https:\/\/recinzionipvc.com\/fr\/produit\/porte-a-un-vantail-de-vienna-cloture-en-pvc\/","og_site_name":"Recinzioni PVC","article_publisher":"https:\/\/www.facebook.com\/ZucchiRecinzioniPVC","article_modified_time":"2020-12-07T16:31:48+00:00","og_image":[{"width":2560,"height":1440,"url":"https:\/\/recinzionipvc.com\/wp-content\/uploads\/2020\/09\/MonoAnta_FC5_Bianco-scaled.jpg","type":"image\/jpeg"}],"twitter_card":"summary_large_image","schema":{"@context":"https:\/\/schema.org","@graph":[{"@type":"WebPage","@id":"https:\/\/recinzionipvc.com\/fr\/produit\/porte-a-un-vantail-de-vienna-cloture-en-pvc\/","url":"https:\/\/recinzionipvc.com\/fr\/produit\/porte-a-un-vantail-de-vienna-cloture-en-pvc\/","name":"Porte Pi\u00e9tonne \u00e0 un Vantail mod\u00e8le de Cl\u00f4ture en PVC Vienna","isPartOf":{"@id":"https:\/\/recinzionipvc.com\/it\/#website"},"primaryImageOfPage":{"@id":"https:\/\/recinzionipvc.com\/fr\/produit\/porte-a-un-vantail-de-vienna-cloture-en-pvc\/#primaryimage"},"image":{"@id":"https:\/\/recinzionipvc.com\/fr\/produit\/porte-a-un-vantail-de-vienna-cloture-en-pvc\/#primaryimage"},"thumbnailUrl":"https:\/\/recinzionipvc.com\/wp-content\/uploads\/2020\/09\/MonoAnta_FC5_Bianco-scaled.jpg","datePublished":"2020-09-15T12:33:57+00:00","dateModified":"2020-12-07T16:31:48+00:00","description":"Porte Pi\u00e9tonne \u00e0 un Vantail, mod\u00e8le de Cl\u00f4ture en PVC Vienna: c'est le produit combin\u00e9 pour le mod\u00e8le homonyme de cl\u00f4ture en PVC","breadcrumb":{"@id":"https:\/\/recinzionipvc.com\/fr\/produit\/porte-a-un-vantail-de-vienna-cloture-en-pvc\/#breadcrumb"},"inLanguage":"fr-FR","potentialAction":[{"@type":"ReadAction","target":["https:\/\/recinzionipvc.com\/fr\/produit\/porte-a-un-vantail-de-vienna-cloture-en-pvc\/"]}]},{"@type":"ImageObject","inLanguage":"fr-FR","@id":"https:\/\/recinzionipvc.com\/fr\/produit\/porte-a-un-vantail-de-vienna-cloture-en-pvc\/#primaryimage","url":"https:\/\/recinzionipvc.com\/wp-content\/uploads\/2020\/09\/MonoAnta_FC5_Bianco-scaled.jpg","contentUrl":"https:\/\/recinzionipvc.com\/wp-content\/uploads\/2020\/09\/MonoAnta_FC5_Bianco-scaled.jpg","width":2560,"height":1440},{"@type":"BreadcrumbList","@id":"https:\/\/recinzionipvc.com\/fr\/produit\/porte-a-un-vantail-de-vienna-cloture-en-pvc\/#breadcrumb","itemListElement":[{"@type":"ListItem","position":1,"name":"Home","item":"https:\/\/recinzionipvc.com\/fr\/"},{"@type":"ListItem","position":2,"name":"Boutique","item":"https:\/\/www.recinzionipvc.com\/fr\/boutique\/"},{"@type":"ListItem","position":3,"name":"Porte \u00e0 un vantail de Vienna"}]},{"@type":"WebSite","@id":"https:\/\/recinzionipvc.com\/it\/#website","url":"https:\/\/recinzionipvc.com\/it\/","name":"Recinzioni PVC","description":"La tua prossima recinzione, direttamente creata da te!","potentialAction":[{"@type":"SearchAction","target":{"@type":"EntryPoint","urlTemplate":"https:\/\/recinzionipvc.com\/it\/?s={search_term_string}"},"query-input":"required name=search_term_string"}],"inLanguage":"fr-FR"}]}},"_links":{"self":[{"href":"https:\/\/recinzionipvc.com\/fr\/wp-json\/wp\/v2\/product\/6635"}],"collection":[{"href":"https:\/\/recinzionipvc.com\/fr\/wp-json\/wp\/v2\/product"}],"about":[{"href":"https:\/\/recinzionipvc.com\/fr\/wp-json\/wp\/v2\/types\/product"}],"replies":[{"embeddable":true,"href":"https:\/\/recinzionipvc.com\/fr\/wp-json\/wp\/v2\/comments?post=6635"}],"wp:featuredmedia":[{"embeddable":true,"href":"https:\/\/recinzionipvc.com\/fr\/wp-json\/wp\/v2\/media\/7176"}],"wp:attachment":[{"href":"https:\/\/recinzionipvc.com\/fr\/wp-json\/wp\/v2\/media?parent=6635"}],"wp:term":[{"taxonomy":"product_cat","embeddable":true,"href":"https:\/\/recinzionipvc.com\/fr\/wp-json\/wp\/v2\/product_cat?post=6635"},{"taxonomy":"product_tag","embeddable":true,"href":"https:\/\/recinzionipvc.com\/fr\/wp-json\/wp\/v2\/product_tag?post=6635"}],"curies":[{"name":"wp","href":"https:\/\/api.w.org\/{rel}","templated":true}]}}