{"id":6665,"date":"2019-08-07T10:13:37","date_gmt":"2020-09-16T08:17:24","guid":{"rendered":"http:\/\/www.recinzionipvc.com\/prodotto-recinzione-pvc\/roma-porte-a-un-vantail\/"},"modified":"2020-12-02T16:15:21","modified_gmt":"2020-12-02T14:15:21","slug":"roma-porte-a-un-vantail-pietonne-cloture-en-pvc-roma","status":"publish","type":"product","link":"https:\/\/recinzionipvc.com\/fr\/produit\/roma-porte-a-un-vantail-pietonne-cloture-en-pvc-roma\/","title":{"rendered":"Roma Porte \u00e0 un Vantail"},"content":{"rendered":"<p id=\"tw-target-text\" class=\"tw-data-text tw-text-large XcVN5d tw-ta\" dir=\"ltr\" data-placeholder=\"Traduzione\"><em><strong><span lang=\"fr\">Des accessoires suppl\u00e9mentaires sont vendus s\u00e9par\u00e9ment sur la page \u00ab<a href=\"https:\/\/www.recinzionipvc.com\/it\/parti-recinzioni-pvc\/accessori-cancelli\/\">Accessoires pour portail<\/a>\u00bb. Ce portail peut \u00eatre r\u00e9alis\u00e9 sur mesure selon les besoins du client et peut \u00eatre adapt\u00e9 \u00e0 tout type d&rsquo;automatisation.<\/span><\/strong><\/em><\/p>","protected":false},"excerpt":{"rendered":"<em> <strong> Le portail \u00e0 un vantail Roma est n\u00e9 de la n\u00e9cessit\u00e9 de cr\u00e9er un portail qui puisse \u00eatre parfaitement combin\u00e9 avec la cl\u00f4ture homonyme. <\/strong> <\/em>\r\n\r\n<em> <strong> Cette porte avec un style classique, maintient un effet d&rsquo;intimit\u00e9 et en m\u00eame temps classique. <\/strong> <\/em>\r\n\r\n<em> <strong> La cl\u00f4ture Roma pour porte \u00e0 porte unique comprend 1 vantail, deux charni\u00e8res, une fermeture \u00e0 loquet et, pour une largeur de 1,50 m, 1 roue. <\/strong> <\/em>\r\n\r\n<em> <strong> Pour la hauteur de 1,93 m, 3 charni\u00e8res sont incluses au lieu de 2. <\/strong> <\/em>","protected":false},"featured_media":6943,"comment_status":"open","ping_status":"closed","template":"","meta":[],"product_cat":[479,526],"product_tag":[450,471,452,459,464,462,455,460,481,520,480,482,451,453,456],"yoast_head":"<!-- This site is optimized with the Yoast SEO plugin v22.4 - https:\/\/yoast.com\/wordpress\/plugins\/seo\/ -->\n<title>Roma Porte \u00e0 un Vantail Pi\u00e9tonne Cl\u00f4ture en PVC Roma<\/title>\n<meta name=\"description\" content=\"Porte Pi\u00e9tonne \u00e0 un Vantail, Mod\u00e8le de Cl\u00f4ture en PVC Roma: c&#039;est le produit combin\u00e9 pour le mod\u00e8le homonyme de cl\u00f4ture en PVC\" \/>\n<meta name=\"robots\" content=\"index, follow, max-snippet:-1, max-image-preview:large, max-video-preview:-1\" \/>\n<link rel=\"canonical\" href=\"https:\/\/recinzionipvc.com\/fr\/produit\/roma-porte-a-un-vantail-pietonne-cloture-en-pvc-roma\/\" \/>\n<meta property=\"og:locale\" content=\"fr_FR\" \/>\n<meta property=\"og:type\" content=\"article\" \/>\n<meta property=\"og:title\" content=\"Roma Porte \u00e0 un Vantail Pi\u00e9tonne Cl\u00f4ture en PVC Roma\" \/>\n<meta property=\"og:description\" content=\"Porte Pi\u00e9tonne \u00e0 un Vantail, Mod\u00e8le de Cl\u00f4ture en PVC Roma: c&#039;est le produit combin\u00e9 pour le mod\u00e8le homonyme de cl\u00f4ture en PVC\" \/>\n<meta property=\"og:url\" content=\"https:\/\/recinzionipvc.com\/fr\/produit\/roma-porte-a-un-vantail-pietonne-cloture-en-pvc-roma\/\" \/>\n<meta property=\"og:site_name\" content=\"Recinzioni PVC\" \/>\n<meta property=\"article:publisher\" content=\"https:\/\/www.facebook.com\/ZucchiRecinzioniPVC\" \/>\n<meta property=\"article:modified_time\" content=\"2020-12-02T14:15:21+00:00\" \/>\n<meta property=\"og:image\" content=\"https:\/\/recinzionipvc.com\/wp-content\/uploads\/2020\/09\/MonoAnta_FA2_Bianco-scaled.jpg\" \/>\n\t<meta property=\"og:image:width\" content=\"2560\" \/>\n\t<meta property=\"og:image:height\" content=\"1440\" \/>\n\t<meta property=\"og:image:type\" content=\"image\/jpeg\" \/>\n<meta name=\"twitter:card\" content=\"summary_large_image\" \/>\n<script type=\"application\/ld+json\" class=\"yoast-schema-graph\">{\"@context\":\"https:\/\/schema.org\",\"@graph\":[{\"@type\":\"WebPage\",\"@id\":\"https:\/\/recinzionipvc.com\/fr\/produit\/roma-porte-a-un-vantail-pietonne-cloture-en-pvc-roma\/\",\"url\":\"https:\/\/recinzionipvc.com\/fr\/produit\/roma-porte-a-un-vantail-pietonne-cloture-en-pvc-roma\/\",\"name\":\"Roma Porte \u00e0 un Vantail Pi\u00e9tonne Cl\u00f4ture en PVC Roma\",\"isPartOf\":{\"@id\":\"https:\/\/recinzionipvc.com\/it\/#website\"},\"primaryImageOfPage\":{\"@id\":\"https:\/\/recinzionipvc.com\/fr\/produit\/roma-porte-a-un-vantail-pietonne-cloture-en-pvc-roma\/#primaryimage\"},\"image\":{\"@id\":\"https:\/\/recinzionipvc.com\/fr\/produit\/roma-porte-a-un-vantail-pietonne-cloture-en-pvc-roma\/#primaryimage\"},\"thumbnailUrl\":\"https:\/\/recinzionipvc.com\/wp-content\/uploads\/2020\/09\/MonoAnta_FA2_Bianco-scaled.jpg\",\"datePublished\":\"2020-09-16T08:17:24+00:00\",\"dateModified\":\"2020-12-02T14:15:21+00:00\",\"description\":\"Porte Pi\u00e9tonne \u00e0 un Vantail, Mod\u00e8le de Cl\u00f4ture en PVC Roma: c'est le produit combin\u00e9 pour le mod\u00e8le homonyme de cl\u00f4ture en PVC\",\"breadcrumb\":{\"@id\":\"https:\/\/recinzionipvc.com\/fr\/produit\/roma-porte-a-un-vantail-pietonne-cloture-en-pvc-roma\/#breadcrumb\"},\"inLanguage\":\"fr-FR\",\"potentialAction\":[{\"@type\":\"ReadAction\",\"target\":[\"https:\/\/recinzionipvc.com\/fr\/produit\/roma-porte-a-un-vantail-pietonne-cloture-en-pvc-roma\/\"]}]},{\"@type\":\"ImageObject\",\"inLanguage\":\"fr-FR\",\"@id\":\"https:\/\/recinzionipvc.com\/fr\/produit\/roma-porte-a-un-vantail-pietonne-cloture-en-pvc-roma\/#primaryimage\",\"url\":\"https:\/\/recinzionipvc.com\/wp-content\/uploads\/2020\/09\/MonoAnta_FA2_Bianco-scaled.jpg\",\"contentUrl\":\"https:\/\/recinzionipvc.com\/wp-content\/uploads\/2020\/09\/MonoAnta_FA2_Bianco-scaled.jpg\",\"width\":2560,\"height\":1440},{\"@type\":\"BreadcrumbList\",\"@id\":\"https:\/\/recinzionipvc.com\/fr\/produit\/roma-porte-a-un-vantail-pietonne-cloture-en-pvc-roma\/#breadcrumb\",\"itemListElement\":[{\"@type\":\"ListItem\",\"position\":1,\"name\":\"Home\",\"item\":\"https:\/\/recinzionipvc.com\/fr\/\"},{\"@type\":\"ListItem\",\"position\":2,\"name\":\"Boutique\",\"item\":\"https:\/\/www.recinzionipvc.com\/fr\/boutique\/\"},{\"@type\":\"ListItem\",\"position\":3,\"name\":\"Roma Porte \u00e0 un Vantail\"}]},{\"@type\":\"WebSite\",\"@id\":\"https:\/\/recinzionipvc.com\/it\/#website\",\"url\":\"https:\/\/recinzionipvc.com\/it\/\",\"name\":\"Recinzioni PVC\",\"description\":\"La tua prossima recinzione, direttamente creata da te!\",\"potentialAction\":[{\"@type\":\"SearchAction\",\"target\":{\"@type\":\"EntryPoint\",\"urlTemplate\":\"https:\/\/recinzionipvc.com\/it\/?s={search_term_string}\"},\"query-input\":\"required name=search_term_string\"}],\"inLanguage\":\"fr-FR\"}]}<\/script>\n<!-- \/ Yoast SEO plugin. -->","yoast_head_json":{"title":"Roma Porte \u00e0 un Vantail Pi\u00e9tonne Cl\u00f4ture en PVC Roma","description":"Porte Pi\u00e9tonne \u00e0 un Vantail, Mod\u00e8le de Cl\u00f4ture en PVC Roma: c'est le produit combin\u00e9 pour le mod\u00e8le homonyme de cl\u00f4ture en PVC","robots":{"index":"index","follow":"follow","max-snippet":"max-snippet:-1","max-image-preview":"max-image-preview:large","max-video-preview":"max-video-preview:-1"},"canonical":"https:\/\/recinzionipvc.com\/fr\/produit\/roma-porte-a-un-vantail-pietonne-cloture-en-pvc-roma\/","og_locale":"fr_FR","og_type":"article","og_title":"Roma Porte \u00e0 un Vantail Pi\u00e9tonne Cl\u00f4ture en PVC Roma","og_description":"Porte Pi\u00e9tonne \u00e0 un Vantail, Mod\u00e8le de Cl\u00f4ture en PVC Roma: c'est le produit combin\u00e9 pour le mod\u00e8le homonyme de cl\u00f4ture en PVC","og_url":"https:\/\/recinzionipvc.com\/fr\/produit\/roma-porte-a-un-vantail-pietonne-cloture-en-pvc-roma\/","og_site_name":"Recinzioni PVC","article_publisher":"https:\/\/www.facebook.com\/ZucchiRecinzioniPVC","article_modified_time":"2020-12-02T14:15:21+00:00","og_image":[{"width":2560,"height":1440,"url":"https:\/\/recinzionipvc.com\/wp-content\/uploads\/2020\/09\/MonoAnta_FA2_Bianco-scaled.jpg","type":"image\/jpeg"}],"twitter_card":"summary_large_image","schema":{"@context":"https:\/\/schema.org","@graph":[{"@type":"WebPage","@id":"https:\/\/recinzionipvc.com\/fr\/produit\/roma-porte-a-un-vantail-pietonne-cloture-en-pvc-roma\/","url":"https:\/\/recinzionipvc.com\/fr\/produit\/roma-porte-a-un-vantail-pietonne-cloture-en-pvc-roma\/","name":"Roma Porte \u00e0 un Vantail Pi\u00e9tonne Cl\u00f4ture en PVC Roma","isPartOf":{"@id":"https:\/\/recinzionipvc.com\/it\/#website"},"primaryImageOfPage":{"@id":"https:\/\/recinzionipvc.com\/fr\/produit\/roma-porte-a-un-vantail-pietonne-cloture-en-pvc-roma\/#primaryimage"},"image":{"@id":"https:\/\/recinzionipvc.com\/fr\/produit\/roma-porte-a-un-vantail-pietonne-cloture-en-pvc-roma\/#primaryimage"},"thumbnailUrl":"https:\/\/recinzionipvc.com\/wp-content\/uploads\/2020\/09\/MonoAnta_FA2_Bianco-scaled.jpg","datePublished":"2020-09-16T08:17:24+00:00","dateModified":"2020-12-02T14:15:21+00:00","description":"Porte Pi\u00e9tonne \u00e0 un Vantail, Mod\u00e8le de Cl\u00f4ture en PVC Roma: c'est le produit combin\u00e9 pour le mod\u00e8le homonyme de cl\u00f4ture en PVC","breadcrumb":{"@id":"https:\/\/recinzionipvc.com\/fr\/produit\/roma-porte-a-un-vantail-pietonne-cloture-en-pvc-roma\/#breadcrumb"},"inLanguage":"fr-FR","potentialAction":[{"@type":"ReadAction","target":["https:\/\/recinzionipvc.com\/fr\/produit\/roma-porte-a-un-vantail-pietonne-cloture-en-pvc-roma\/"]}]},{"@type":"ImageObject","inLanguage":"fr-FR","@id":"https:\/\/recinzionipvc.com\/fr\/produit\/roma-porte-a-un-vantail-pietonne-cloture-en-pvc-roma\/#primaryimage","url":"https:\/\/recinzionipvc.com\/wp-content\/uploads\/2020\/09\/MonoAnta_FA2_Bianco-scaled.jpg","contentUrl":"https:\/\/recinzionipvc.com\/wp-content\/uploads\/2020\/09\/MonoAnta_FA2_Bianco-scaled.jpg","width":2560,"height":1440},{"@type":"BreadcrumbList","@id":"https:\/\/recinzionipvc.com\/fr\/produit\/roma-porte-a-un-vantail-pietonne-cloture-en-pvc-roma\/#breadcrumb","itemListElement":[{"@type":"ListItem","position":1,"name":"Home","item":"https:\/\/recinzionipvc.com\/fr\/"},{"@type":"ListItem","position":2,"name":"Boutique","item":"https:\/\/www.recinzionipvc.com\/fr\/boutique\/"},{"@type":"ListItem","position":3,"name":"Roma Porte \u00e0 un Vantail"}]},{"@type":"WebSite","@id":"https:\/\/recinzionipvc.com\/it\/#website","url":"https:\/\/recinzionipvc.com\/it\/","name":"Recinzioni PVC","description":"La tua prossima recinzione, direttamente creata da te!","potentialAction":[{"@type":"SearchAction","target":{"@type":"EntryPoint","urlTemplate":"https:\/\/recinzionipvc.com\/it\/?s={search_term_string}"},"query-input":"required name=search_term_string"}],"inLanguage":"fr-FR"}]}},"_links":{"self":[{"href":"https:\/\/recinzionipvc.com\/fr\/wp-json\/wp\/v2\/product\/6665"}],"collection":[{"href":"https:\/\/recinzionipvc.com\/fr\/wp-json\/wp\/v2\/product"}],"about":[{"href":"https:\/\/recinzionipvc.com\/fr\/wp-json\/wp\/v2\/types\/product"}],"replies":[{"embeddable":true,"href":"https:\/\/recinzionipvc.com\/fr\/wp-json\/wp\/v2\/comments?post=6665"}],"wp:featuredmedia":[{"embeddable":true,"href":"https:\/\/recinzionipvc.com\/fr\/wp-json\/wp\/v2\/media\/6943"}],"wp:attachment":[{"href":"https:\/\/recinzionipvc.com\/fr\/wp-json\/wp\/v2\/media?parent=6665"}],"wp:term":[{"taxonomy":"product_cat","embeddable":true,"href":"https:\/\/recinzionipvc.com\/fr\/wp-json\/wp\/v2\/product_cat?post=6665"},{"taxonomy":"product_tag","embeddable":true,"href":"https:\/\/recinzionipvc.com\/fr\/wp-json\/wp\/v2\/product_tag?post=6665"}],"curies":[{"name":"wp","href":"https:\/\/api.w.org\/{rel}","templated":true}]}}