{"id":6709,"date":"2019-05-10T13:06:54","date_gmt":"2020-09-17T09:31:11","guid":{"rendered":"http:\/\/www.recinzionipvc.com\/prodotto-recinzione-pvc\/copenaghen-partie-centrale\/"},"modified":"2026-01-08T13:19:22","modified_gmt":"2026-01-08T11:19:22","slug":"copenaghen-partie-centrale-cloture-en-pvc","status":"publish","type":"product","link":"https:\/\/recinzionipvc.com\/fr\/produit\/copenaghen-partie-centrale-cloture-en-pvc\/","title":{"rendered":"Copenaghen Partie Centrale"},"content":{"rendered":"<div class=\"jhH5U\">\r\n<div id=\"tw-ob\" class=\"tw-src-ltr\">\r\n<div class=\"oSioSc\">\r\n<div id=\"tw-target\">\r\n<div id=\"kAz1tf\" class=\"g9WsWb\">\r\n<div id=\"tw-target-text-container\" class=\"tw-ta-container hide-focus-ring tw-nfl\" tabindex=\"0\">\r\n<p id=\"tw-target-text\" class=\"tw-data-text tw-text-large XcVN5d tw-ta\" dir=\"ltr\" data-placeholder=\"Traduzione\"><em><strong><span lang=\"fr\">Notre cl\u00f4ture en PVC, mod\u00e8le <a href=\"https:\/\/www.recinzionipvc.com\/fr\/modeles-de-clotures-en-pvc\/copenaghen\/\">Copenaghen<\/a><\/span><\/strong><\/em><em><strong><span lang=\"fr\">, est le produit id\u00e9al pour ceux qui veulent de l&rsquo;intimit\u00e9 mais sans n\u00e9gliger une touche de design et d&rsquo;esth\u00e9tique. <\/span><\/strong><\/em><\/p>\r\n<p class=\"tw-data-text tw-text-large XcVN5d tw-ta\" dir=\"ltr\" data-placeholder=\"Traduzione\"><em><strong><span lang=\"fr\">Le mod\u00e8le Copenaghen fait partie de la famille <a href=\"https:\/\/www.recinzionipvc.com\/fr\/familles-de-clotures-en-pvc-cinq-modeles-differents\/clotures-pvc-semi-privacy\/\">SemiPrivacy<\/a>.<\/span><\/strong><\/em><\/p>\r\n\r\n<\/div>\r\n<div class=\"iYB33c\">\r\n<div id=\"tw-tmenu\" class=\"tw-menu\"><\/div>\r\n<\/div>\r\n<\/div>\r\n<\/div>\r\n<\/div>\r\n<\/div>\r\n<div id=\"tw-images\"><\/div>\r\n<div class=\"dURPtb\"><\/div>\r\n<div>\r\n<div><\/div>\r\n<\/div>\r\n<\/div>","protected":false},"excerpt":{"rendered":"<strong> <em> Nos cl\u00f4tures en PVC, mod\u00e8le <a href=\"https:\/\/www.recinzionipvc.com\/fr\/modeles-de-clotures-en-pvc\/copenaghen\/\">Copenaghen<\/a>, se caract\u00e9risent par la contemporan\u00e9it\u00e9 <\/em> et le <em> classicisme. Ces deux facteurs <\/em> \u00e9quilibrent l&rsquo;esth\u00e9tique de ce mod\u00e8le, adaptable aux styles de mobilier d&rsquo;ext\u00e9rieur les plus divers. <\/strong>\r\n\r\n<strong> Le mod\u00e8le <a href=\"https:\/\/www.recinzionipvc.com\/fr\/modeles-de-clotures-en-pvc\/copenaghen\/\">Copenaghen<\/a> poss\u00e8de ce jeu de lumi\u00e8res qui se forment entre les lamelles, formant une vue de mon c\u00f4t\u00e9. <\/strong>\r\n\r\n<em> <strong> (La partie centrale est d\u00e9mont\u00e9e pour l&rsquo;exp\u00e9dition et n&rsquo;inclut pas les poteaux externes) <\/strong> <\/em>","protected":false},"featured_media":7080,"comment_status":"open","ping_status":"closed","template":"","meta":[],"product_cat":[447,548,449,547],"product_tag":[551,539,549,450,471,473,452,459,457,466,465,461,464,458,462,550,463,455,454,460,518,498,451,499,453,456],"yoast_head":"<!-- This site is optimized with the Yoast SEO plugin v22.4 - https:\/\/yoast.com\/wordpress\/plugins\/seo\/ -->\n<title>Partie Centrale de Cl\u00f4ture en PVC Model\u00e8le Copenaghen<\/title>\n<meta name=\"description\" content=\"La Partie Centrale de notre Famille de Cl\u00f4ture en PVC, Copenaghen comprend uniquement les panneaux au centre et non les deux poteaux externes\" \/>\n<meta name=\"robots\" content=\"index, follow, max-snippet:-1, max-image-preview:large, max-video-preview:-1\" \/>\n<link rel=\"canonical\" href=\"https:\/\/recinzionipvc.com\/fr\/produit\/copenaghen-partie-centrale-cloture-en-pvc\/\" \/>\n<meta property=\"og:locale\" content=\"fr_FR\" \/>\n<meta property=\"og:type\" content=\"article\" \/>\n<meta property=\"og:title\" content=\"Partie Centrale de Cl\u00f4ture en PVC Model\u00e8le Copenaghen\" \/>\n<meta property=\"og:description\" content=\"La Partie Centrale de notre Famille de Cl\u00f4ture en PVC, Copenaghen comprend uniquement les panneaux au centre et non les deux poteaux externes\" \/>\n<meta property=\"og:url\" content=\"https:\/\/recinzionipvc.com\/fr\/produit\/copenaghen-partie-centrale-cloture-en-pvc\/\" \/>\n<meta property=\"og:site_name\" content=\"Recinzioni PVC\" \/>\n<meta property=\"article:publisher\" content=\"https:\/\/www.facebook.com\/ZucchiRecinzioniPVC\" \/>\n<meta property=\"article:modified_time\" content=\"2026-01-08T11:19:22+00:00\" \/>\n<meta property=\"og:image\" content=\"https:\/\/recinzionipvc.com\/wp-content\/uploads\/2020\/09\/Copenaghen_FD3B_06-Trasparente-scaled.jpg\" \/>\n\t<meta property=\"og:image:width\" content=\"2560\" \/>\n\t<meta property=\"og:image:height\" content=\"1440\" \/>\n\t<meta property=\"og:image:type\" content=\"image\/jpeg\" \/>\n<meta name=\"twitter:card\" content=\"summary_large_image\" \/>\n<script type=\"application\/ld+json\" class=\"yoast-schema-graph\">{\"@context\":\"https:\/\/schema.org\",\"@graph\":[{\"@type\":\"WebPage\",\"@id\":\"https:\/\/recinzionipvc.com\/fr\/produit\/copenaghen-partie-centrale-cloture-en-pvc\/\",\"url\":\"https:\/\/recinzionipvc.com\/fr\/produit\/copenaghen-partie-centrale-cloture-en-pvc\/\",\"name\":\"Partie Centrale de Cl\u00f4ture en PVC Model\u00e8le Copenaghen\",\"isPartOf\":{\"@id\":\"https:\/\/www.recinzionipvc.com\/it\/#website\"},\"primaryImageOfPage\":{\"@id\":\"https:\/\/recinzionipvc.com\/fr\/produit\/copenaghen-partie-centrale-cloture-en-pvc\/#primaryimage\"},\"image\":{\"@id\":\"https:\/\/recinzionipvc.com\/fr\/produit\/copenaghen-partie-centrale-cloture-en-pvc\/#primaryimage\"},\"thumbnailUrl\":\"https:\/\/recinzionipvc.com\/wp-content\/uploads\/2020\/09\/Copenaghen_FD3B_06-Trasparente-scaled.jpg\",\"datePublished\":\"2020-09-17T09:31:11+00:00\",\"dateModified\":\"2026-01-08T11:19:22+00:00\",\"description\":\"La Partie Centrale de notre Famille de Cl\u00f4ture en PVC, Copenaghen comprend uniquement les panneaux au centre et non les deux poteaux externes\",\"breadcrumb\":{\"@id\":\"https:\/\/recinzionipvc.com\/fr\/produit\/copenaghen-partie-centrale-cloture-en-pvc\/#breadcrumb\"},\"inLanguage\":\"fr-FR\",\"potentialAction\":[{\"@type\":\"ReadAction\",\"target\":[\"https:\/\/recinzionipvc.com\/fr\/produit\/copenaghen-partie-centrale-cloture-en-pvc\/\"]}]},{\"@type\":\"ImageObject\",\"inLanguage\":\"fr-FR\",\"@id\":\"https:\/\/recinzionipvc.com\/fr\/produit\/copenaghen-partie-centrale-cloture-en-pvc\/#primaryimage\",\"url\":\"https:\/\/recinzionipvc.com\/wp-content\/uploads\/2020\/09\/Copenaghen_FD3B_06-Trasparente-scaled.jpg\",\"contentUrl\":\"https:\/\/recinzionipvc.com\/wp-content\/uploads\/2020\/09\/Copenaghen_FD3B_06-Trasparente-scaled.jpg\",\"width\":2560,\"height\":1440},{\"@type\":\"BreadcrumbList\",\"@id\":\"https:\/\/recinzionipvc.com\/fr\/produit\/copenaghen-partie-centrale-cloture-en-pvc\/#breadcrumb\",\"itemListElement\":[{\"@type\":\"ListItem\",\"position\":1,\"name\":\"Home\",\"item\":\"https:\/\/www.recinzionipvc.com\/fr\/\"},{\"@type\":\"ListItem\",\"position\":2,\"name\":\"Boutique\",\"item\":\"https:\/\/recinzionipvc.com\/fr\/boutique\/\"},{\"@type\":\"ListItem\",\"position\":3,\"name\":\"Copenaghen Partie Centrale\"}]},{\"@type\":\"WebSite\",\"@id\":\"https:\/\/www.recinzionipvc.com\/it\/#website\",\"url\":\"https:\/\/www.recinzionipvc.com\/it\/\",\"name\":\"Recinzioni PVC\",\"description\":\"La tua prossima recinzione, direttamente creata da te!\",\"potentialAction\":[{\"@type\":\"SearchAction\",\"target\":{\"@type\":\"EntryPoint\",\"urlTemplate\":\"https:\/\/www.recinzionipvc.com\/it\/?s={search_term_string}\"},\"query-input\":\"required name=search_term_string\"}],\"inLanguage\":\"fr-FR\"}]}<\/script>\n<!-- \/ Yoast SEO plugin. -->","yoast_head_json":{"title":"Partie Centrale de Cl\u00f4ture en PVC Model\u00e8le Copenaghen","description":"La Partie Centrale de notre Famille de Cl\u00f4ture en PVC, Copenaghen comprend uniquement les panneaux au centre et non les deux poteaux externes","robots":{"index":"index","follow":"follow","max-snippet":"max-snippet:-1","max-image-preview":"max-image-preview:large","max-video-preview":"max-video-preview:-1"},"canonical":"https:\/\/recinzionipvc.com\/fr\/produit\/copenaghen-partie-centrale-cloture-en-pvc\/","og_locale":"fr_FR","og_type":"article","og_title":"Partie Centrale de Cl\u00f4ture en PVC Model\u00e8le Copenaghen","og_description":"La Partie Centrale de notre Famille de Cl\u00f4ture en PVC, Copenaghen comprend uniquement les panneaux au centre et non les deux poteaux externes","og_url":"https:\/\/recinzionipvc.com\/fr\/produit\/copenaghen-partie-centrale-cloture-en-pvc\/","og_site_name":"Recinzioni PVC","article_publisher":"https:\/\/www.facebook.com\/ZucchiRecinzioniPVC","article_modified_time":"2026-01-08T11:19:22+00:00","og_image":[{"width":2560,"height":1440,"url":"https:\/\/recinzionipvc.com\/wp-content\/uploads\/2020\/09\/Copenaghen_FD3B_06-Trasparente-scaled.jpg","type":"image\/jpeg"}],"twitter_card":"summary_large_image","schema":{"@context":"https:\/\/schema.org","@graph":[{"@type":"WebPage","@id":"https:\/\/recinzionipvc.com\/fr\/produit\/copenaghen-partie-centrale-cloture-en-pvc\/","url":"https:\/\/recinzionipvc.com\/fr\/produit\/copenaghen-partie-centrale-cloture-en-pvc\/","name":"Partie Centrale de Cl\u00f4ture en PVC Model\u00e8le Copenaghen","isPartOf":{"@id":"https:\/\/www.recinzionipvc.com\/it\/#website"},"primaryImageOfPage":{"@id":"https:\/\/recinzionipvc.com\/fr\/produit\/copenaghen-partie-centrale-cloture-en-pvc\/#primaryimage"},"image":{"@id":"https:\/\/recinzionipvc.com\/fr\/produit\/copenaghen-partie-centrale-cloture-en-pvc\/#primaryimage"},"thumbnailUrl":"https:\/\/recinzionipvc.com\/wp-content\/uploads\/2020\/09\/Copenaghen_FD3B_06-Trasparente-scaled.jpg","datePublished":"2020-09-17T09:31:11+00:00","dateModified":"2026-01-08T11:19:22+00:00","description":"La Partie Centrale de notre Famille de Cl\u00f4ture en PVC, Copenaghen comprend uniquement les panneaux au centre et non les deux poteaux externes","breadcrumb":{"@id":"https:\/\/recinzionipvc.com\/fr\/produit\/copenaghen-partie-centrale-cloture-en-pvc\/#breadcrumb"},"inLanguage":"fr-FR","potentialAction":[{"@type":"ReadAction","target":["https:\/\/recinzionipvc.com\/fr\/produit\/copenaghen-partie-centrale-cloture-en-pvc\/"]}]},{"@type":"ImageObject","inLanguage":"fr-FR","@id":"https:\/\/recinzionipvc.com\/fr\/produit\/copenaghen-partie-centrale-cloture-en-pvc\/#primaryimage","url":"https:\/\/recinzionipvc.com\/wp-content\/uploads\/2020\/09\/Copenaghen_FD3B_06-Trasparente-scaled.jpg","contentUrl":"https:\/\/recinzionipvc.com\/wp-content\/uploads\/2020\/09\/Copenaghen_FD3B_06-Trasparente-scaled.jpg","width":2560,"height":1440},{"@type":"BreadcrumbList","@id":"https:\/\/recinzionipvc.com\/fr\/produit\/copenaghen-partie-centrale-cloture-en-pvc\/#breadcrumb","itemListElement":[{"@type":"ListItem","position":1,"name":"Home","item":"https:\/\/www.recinzionipvc.com\/fr\/"},{"@type":"ListItem","position":2,"name":"Boutique","item":"https:\/\/recinzionipvc.com\/fr\/boutique\/"},{"@type":"ListItem","position":3,"name":"Copenaghen Partie Centrale"}]},{"@type":"WebSite","@id":"https:\/\/www.recinzionipvc.com\/it\/#website","url":"https:\/\/www.recinzionipvc.com\/it\/","name":"Recinzioni PVC","description":"La tua prossima recinzione, direttamente creata da te!","potentialAction":[{"@type":"SearchAction","target":{"@type":"EntryPoint","urlTemplate":"https:\/\/www.recinzionipvc.com\/it\/?s={search_term_string}"},"query-input":"required name=search_term_string"}],"inLanguage":"fr-FR"}]}},"_links":{"self":[{"href":"https:\/\/recinzionipvc.com\/fr\/wp-json\/wp\/v2\/product\/6709"}],"collection":[{"href":"https:\/\/recinzionipvc.com\/fr\/wp-json\/wp\/v2\/product"}],"about":[{"href":"https:\/\/recinzionipvc.com\/fr\/wp-json\/wp\/v2\/types\/product"}],"replies":[{"embeddable":true,"href":"https:\/\/recinzionipvc.com\/fr\/wp-json\/wp\/v2\/comments?post=6709"}],"wp:featuredmedia":[{"embeddable":true,"href":"https:\/\/recinzionipvc.com\/fr\/wp-json\/wp\/v2\/media\/7080"}],"wp:attachment":[{"href":"https:\/\/recinzionipvc.com\/fr\/wp-json\/wp\/v2\/media?parent=6709"}],"wp:term":[{"taxonomy":"product_cat","embeddable":true,"href":"https:\/\/recinzionipvc.com\/fr\/wp-json\/wp\/v2\/product_cat?post=6709"},{"taxonomy":"product_tag","embeddable":true,"href":"https:\/\/recinzionipvc.com\/fr\/wp-json\/wp\/v2\/product_tag?post=6709"}],"curies":[{"name":"wp","href":"https:\/\/api.w.org\/{rel}","templated":true}]}}