{"id":6754,"date":"2020-01-10T09:17:32","date_gmt":"2020-10-02T12:17:16","guid":{"rendered":"http:\/\/18.185.64.121\/prodotto-recinzione-pvc\/copenaghen-poste-dangle\/"},"modified":"2020-12-07T11:51:59","modified_gmt":"2020-12-07T09:51:59","slug":"copenaghen-poste-dangle-cloture-en-pvc","status":"publish","type":"product","link":"https:\/\/recinzionipvc.com\/fr\/produit\/copenaghen-poste-dangle-cloture-en-pvc\/","title":{"rendered":"Copenaghen Poste d&rsquo;Angle"},"content":{"rendered":"<em><strong>Poteau d&rsquo;angle utile pour connecter une partie centrale \u00e0 une autre lorsqu&rsquo;il y a un coin \u00e0 90 \u00b0. <\/strong><\/em>\r\n\r\n<em><strong>Tailles disponibles: 1.00mt \/ 1.50mt \/ 1.93mt <\/strong><\/em>\r\n<p id=\"tw-target-text\" class=\"tw-data-text tw-text-large XcVN5d tw-ta\" dir=\"ltr\" data-placeholder=\"Traduzione\"><em><strong><span lang=\"fr\">\u00c0<\/span> utiliser uniquement et exclusivement avec le mod\u00e8le <a href=\"https:\/\/www.recinzionipvc.com\/fr\/modeles-de-clotures-en-pvc\/copenaghen\/\">Copenaghen<\/a>.<\/strong><\/em><\/p>","protected":false},"excerpt":{"rendered":"<strong> <i> Le poteau d&rsquo;angle est frais\u00e9 sur deux c\u00f4t\u00e9s \u00e0 90 \u00b0 et est utilis\u00e9 lorsqu&rsquo;il y a un coin et qu&rsquo;il est n\u00e9cessaire de joindre deux parties centrales. <\/i> <\/strong>\r\n\r\n<strong> <i> Ce type de m\u00e2t, lorsqu&rsquo;il s&rsquo;agit d&rsquo;une installation dans le b\u00e9ton, n\u00e9cessite un couplage avec le m\u00e2t en acier (qui est s\u00e9par\u00e9) pour pouvoir l&rsquo;utiliser sur un mur ou une base en b\u00e9ton. i&gt; <\/i><\/strong>\r\n\r\n<em> <strong> Ce b\u00e2ton doit \u00eatre utilis\u00e9 uniquement et exclusivement avec le mod\u00e8le <a href=\"https:\/\/www.recinzionipvc.com\/fr\/modeles-de-clotures-en-pvc\/copenaghen\/\">Copenaghen<\/a>. <\/strong> <\/em>","protected":false},"featured_media":6996,"comment_status":"open","ping_status":"closed","template":"","meta":[],"product_cat":[469,526,527],"product_tag":[473,528,529,472,474],"yoast_head":"<!-- This site is optimized with the Yoast SEO plugin v22.4 - https:\/\/yoast.com\/wordpress\/plugins\/seo\/ -->\n<title>Poteau d&#039;Angle en PVC pour Cl\u00f4ture Mod\u00e8le Copenaghen<\/title>\n<meta name=\"description\" content=\"Poteau d&#039;Angle en PVC pour Cl\u00f4ture, mod\u00e8le Copenaghen: il est utilis\u00e9 lorsqu&#039;il y a un ou plusieurs coins dans la section \u00e0 cl\u00f4turer\" \/>\n<meta name=\"robots\" content=\"index, follow, max-snippet:-1, max-image-preview:large, max-video-preview:-1\" \/>\n<link rel=\"canonical\" href=\"https:\/\/recinzionipvc.com\/fr\/produit\/copenaghen-poste-dangle-cloture-en-pvc\/\" \/>\n<meta property=\"og:locale\" content=\"fr_FR\" \/>\n<meta property=\"og:type\" content=\"article\" \/>\n<meta property=\"og:title\" content=\"Poteau d&#039;Angle en PVC pour Cl\u00f4ture Mod\u00e8le Copenaghen\" \/>\n<meta property=\"og:description\" content=\"Poteau d&#039;Angle en PVC pour Cl\u00f4ture, mod\u00e8le Copenaghen: il est utilis\u00e9 lorsqu&#039;il y a un ou plusieurs coins dans la section \u00e0 cl\u00f4turer\" \/>\n<meta property=\"og:url\" content=\"https:\/\/recinzionipvc.com\/fr\/produit\/copenaghen-poste-dangle-cloture-en-pvc\/\" \/>\n<meta property=\"og:site_name\" content=\"Recinzioni PVC\" \/>\n<meta property=\"article:publisher\" content=\"https:\/\/www.facebook.com\/ZucchiRecinzioniPVC\" \/>\n<meta property=\"article:modified_time\" content=\"2020-12-07T09:51:59+00:00\" \/>\n<meta property=\"og:image\" content=\"https:\/\/recinzionipvc.com\/wp-content\/uploads\/2020\/09\/palo_angolo-1.png\" \/>\n\t<meta property=\"og:image:width\" content=\"125\" \/>\n\t<meta property=\"og:image:height\" content=\"128\" \/>\n\t<meta property=\"og:image:type\" content=\"image\/png\" \/>\n<meta name=\"twitter:card\" content=\"summary_large_image\" \/>\n<script type=\"application\/ld+json\" class=\"yoast-schema-graph\">{\"@context\":\"https:\/\/schema.org\",\"@graph\":[{\"@type\":\"WebPage\",\"@id\":\"https:\/\/recinzionipvc.com\/fr\/produit\/copenaghen-poste-dangle-cloture-en-pvc\/\",\"url\":\"https:\/\/recinzionipvc.com\/fr\/produit\/copenaghen-poste-dangle-cloture-en-pvc\/\",\"name\":\"Poteau d'Angle en PVC pour Cl\u00f4ture Mod\u00e8le Copenaghen\",\"isPartOf\":{\"@id\":\"https:\/\/www.recinzionipvc.com\/it\/#website\"},\"primaryImageOfPage\":{\"@id\":\"https:\/\/recinzionipvc.com\/fr\/produit\/copenaghen-poste-dangle-cloture-en-pvc\/#primaryimage\"},\"image\":{\"@id\":\"https:\/\/recinzionipvc.com\/fr\/produit\/copenaghen-poste-dangle-cloture-en-pvc\/#primaryimage\"},\"thumbnailUrl\":\"https:\/\/recinzionipvc.com\/wp-content\/uploads\/2020\/09\/palo_angolo-1.png\",\"datePublished\":\"2020-10-02T12:17:16+00:00\",\"dateModified\":\"2020-12-07T09:51:59+00:00\",\"description\":\"Poteau d'Angle en PVC pour Cl\u00f4ture, mod\u00e8le Copenaghen: il est utilis\u00e9 lorsqu'il y a un ou plusieurs coins dans la section \u00e0 cl\u00f4turer\",\"breadcrumb\":{\"@id\":\"https:\/\/recinzionipvc.com\/fr\/produit\/copenaghen-poste-dangle-cloture-en-pvc\/#breadcrumb\"},\"inLanguage\":\"fr-FR\",\"potentialAction\":[{\"@type\":\"ReadAction\",\"target\":[\"https:\/\/recinzionipvc.com\/fr\/produit\/copenaghen-poste-dangle-cloture-en-pvc\/\"]}]},{\"@type\":\"ImageObject\",\"inLanguage\":\"fr-FR\",\"@id\":\"https:\/\/recinzionipvc.com\/fr\/produit\/copenaghen-poste-dangle-cloture-en-pvc\/#primaryimage\",\"url\":\"https:\/\/recinzionipvc.com\/wp-content\/uploads\/2020\/09\/palo_angolo-1.png\",\"contentUrl\":\"https:\/\/recinzionipvc.com\/wp-content\/uploads\/2020\/09\/palo_angolo-1.png\",\"width\":125,\"height\":128},{\"@type\":\"BreadcrumbList\",\"@id\":\"https:\/\/recinzionipvc.com\/fr\/produit\/copenaghen-poste-dangle-cloture-en-pvc\/#breadcrumb\",\"itemListElement\":[{\"@type\":\"ListItem\",\"position\":1,\"name\":\"Home\",\"item\":\"https:\/\/www.recinzionipvc.com\/fr\/\"},{\"@type\":\"ListItem\",\"position\":2,\"name\":\"Boutique\",\"item\":\"https:\/\/recinzionipvc.com\/fr\/boutique\/\"},{\"@type\":\"ListItem\",\"position\":3,\"name\":\"Copenaghen Poste d&rsquo;Angle\"}]},{\"@type\":\"WebSite\",\"@id\":\"https:\/\/www.recinzionipvc.com\/it\/#website\",\"url\":\"https:\/\/www.recinzionipvc.com\/it\/\",\"name\":\"Recinzioni PVC\",\"description\":\"La tua prossima recinzione, direttamente creata da te!\",\"potentialAction\":[{\"@type\":\"SearchAction\",\"target\":{\"@type\":\"EntryPoint\",\"urlTemplate\":\"https:\/\/www.recinzionipvc.com\/it\/?s={search_term_string}\"},\"query-input\":\"required name=search_term_string\"}],\"inLanguage\":\"fr-FR\"}]}<\/script>\n<!-- \/ Yoast SEO plugin. -->","yoast_head_json":{"title":"Poteau d'Angle en PVC pour Cl\u00f4ture Mod\u00e8le Copenaghen","description":"Poteau d'Angle en PVC pour Cl\u00f4ture, mod\u00e8le Copenaghen: il est utilis\u00e9 lorsqu'il y a un ou plusieurs coins dans la section \u00e0 cl\u00f4turer","robots":{"index":"index","follow":"follow","max-snippet":"max-snippet:-1","max-image-preview":"max-image-preview:large","max-video-preview":"max-video-preview:-1"},"canonical":"https:\/\/recinzionipvc.com\/fr\/produit\/copenaghen-poste-dangle-cloture-en-pvc\/","og_locale":"fr_FR","og_type":"article","og_title":"Poteau d'Angle en PVC pour Cl\u00f4ture Mod\u00e8le Copenaghen","og_description":"Poteau d'Angle en PVC pour Cl\u00f4ture, mod\u00e8le Copenaghen: il est utilis\u00e9 lorsqu'il y a un ou plusieurs coins dans la section \u00e0 cl\u00f4turer","og_url":"https:\/\/recinzionipvc.com\/fr\/produit\/copenaghen-poste-dangle-cloture-en-pvc\/","og_site_name":"Recinzioni PVC","article_publisher":"https:\/\/www.facebook.com\/ZucchiRecinzioniPVC","article_modified_time":"2020-12-07T09:51:59+00:00","og_image":[{"width":125,"height":128,"url":"https:\/\/recinzionipvc.com\/wp-content\/uploads\/2020\/09\/palo_angolo-1.png","type":"image\/png"}],"twitter_card":"summary_large_image","schema":{"@context":"https:\/\/schema.org","@graph":[{"@type":"WebPage","@id":"https:\/\/recinzionipvc.com\/fr\/produit\/copenaghen-poste-dangle-cloture-en-pvc\/","url":"https:\/\/recinzionipvc.com\/fr\/produit\/copenaghen-poste-dangle-cloture-en-pvc\/","name":"Poteau d'Angle en PVC pour Cl\u00f4ture Mod\u00e8le Copenaghen","isPartOf":{"@id":"https:\/\/www.recinzionipvc.com\/it\/#website"},"primaryImageOfPage":{"@id":"https:\/\/recinzionipvc.com\/fr\/produit\/copenaghen-poste-dangle-cloture-en-pvc\/#primaryimage"},"image":{"@id":"https:\/\/recinzionipvc.com\/fr\/produit\/copenaghen-poste-dangle-cloture-en-pvc\/#primaryimage"},"thumbnailUrl":"https:\/\/recinzionipvc.com\/wp-content\/uploads\/2020\/09\/palo_angolo-1.png","datePublished":"2020-10-02T12:17:16+00:00","dateModified":"2020-12-07T09:51:59+00:00","description":"Poteau d'Angle en PVC pour Cl\u00f4ture, mod\u00e8le Copenaghen: il est utilis\u00e9 lorsqu'il y a un ou plusieurs coins dans la section \u00e0 cl\u00f4turer","breadcrumb":{"@id":"https:\/\/recinzionipvc.com\/fr\/produit\/copenaghen-poste-dangle-cloture-en-pvc\/#breadcrumb"},"inLanguage":"fr-FR","potentialAction":[{"@type":"ReadAction","target":["https:\/\/recinzionipvc.com\/fr\/produit\/copenaghen-poste-dangle-cloture-en-pvc\/"]}]},{"@type":"ImageObject","inLanguage":"fr-FR","@id":"https:\/\/recinzionipvc.com\/fr\/produit\/copenaghen-poste-dangle-cloture-en-pvc\/#primaryimage","url":"https:\/\/recinzionipvc.com\/wp-content\/uploads\/2020\/09\/palo_angolo-1.png","contentUrl":"https:\/\/recinzionipvc.com\/wp-content\/uploads\/2020\/09\/palo_angolo-1.png","width":125,"height":128},{"@type":"BreadcrumbList","@id":"https:\/\/recinzionipvc.com\/fr\/produit\/copenaghen-poste-dangle-cloture-en-pvc\/#breadcrumb","itemListElement":[{"@type":"ListItem","position":1,"name":"Home","item":"https:\/\/www.recinzionipvc.com\/fr\/"},{"@type":"ListItem","position":2,"name":"Boutique","item":"https:\/\/recinzionipvc.com\/fr\/boutique\/"},{"@type":"ListItem","position":3,"name":"Copenaghen Poste d&rsquo;Angle"}]},{"@type":"WebSite","@id":"https:\/\/www.recinzionipvc.com\/it\/#website","url":"https:\/\/www.recinzionipvc.com\/it\/","name":"Recinzioni PVC","description":"La tua prossima recinzione, direttamente creata da te!","potentialAction":[{"@type":"SearchAction","target":{"@type":"EntryPoint","urlTemplate":"https:\/\/www.recinzionipvc.com\/it\/?s={search_term_string}"},"query-input":"required name=search_term_string"}],"inLanguage":"fr-FR"}]}},"_links":{"self":[{"href":"https:\/\/recinzionipvc.com\/fr\/wp-json\/wp\/v2\/product\/6754"}],"collection":[{"href":"https:\/\/recinzionipvc.com\/fr\/wp-json\/wp\/v2\/product"}],"about":[{"href":"https:\/\/recinzionipvc.com\/fr\/wp-json\/wp\/v2\/types\/product"}],"replies":[{"embeddable":true,"href":"https:\/\/recinzionipvc.com\/fr\/wp-json\/wp\/v2\/comments?post=6754"}],"wp:featuredmedia":[{"embeddable":true,"href":"https:\/\/recinzionipvc.com\/fr\/wp-json\/wp\/v2\/media\/6996"}],"wp:attachment":[{"href":"https:\/\/recinzionipvc.com\/fr\/wp-json\/wp\/v2\/media?parent=6754"}],"wp:term":[{"taxonomy":"product_cat","embeddable":true,"href":"https:\/\/recinzionipvc.com\/fr\/wp-json\/wp\/v2\/product_cat?post=6754"},{"taxonomy":"product_tag","embeddable":true,"href":"https:\/\/recinzionipvc.com\/fr\/wp-json\/wp\/v2\/product_tag?post=6754"}],"curies":[{"name":"wp","href":"https:\/\/api.w.org\/{rel}","templated":true}]}}