{"id":6759,"date":"2019-05-10T13:00:55","date_gmt":"2020-10-02T12:32:48","guid":{"rendered":"http:\/\/18.185.64.121\/prodotto-recinzione-pvc\/stoccolma-partie-centrale\/"},"modified":"2020-12-04T18:24:52","modified_gmt":"2020-12-04T16:24:52","slug":"stoccolma-partie-centrale-famille-cloture-pvc","status":"publish","type":"product","link":"https:\/\/recinzionipvc.com\/fr\/produit\/stoccolma-partie-centrale-famille-cloture-pvc\/","title":{"rendered":"Stoccolma Partie Centrale"},"content":{"rendered":"<em><strong>Notre cl\u00f4ture en PVC, mod\u00e8le <a href=\"https:\/\/www.recinzionipvc.com\/fr\/modeles-de-clotures-en-pvc\/stoccolma\/\">Stoccolma<\/a>, est ce dont vous avez besoin lorsque vous souhaitez pr\u00e9server l&rsquo;intimit\u00e9 de votre propre terrain. <a href=\"https:\/\/www.recinzionipvc.com\/fr\/modeles-de-clotures-en-pvc\/stoccolma\/\">Stoccolma<\/a> est ce qu&rsquo;il faut quand, en plus du besoin d&rsquo;intimit\u00e9, il y a aussi le besoin d&rsquo;avoir un produit qui peut rendre votre maison esth\u00e9tiquement belle.<\/strong><\/em>\r\n\r\n<em><strong> Le mod\u00e8le Stoccolma fait partie de la famille <a href=\"https:\/\/www.recinzionipvc.com\/fr\/familles-de-clotures-en-pvc-cinq-modeles-differents\/clotures-pvc-semi-privacy\/\">Semi Privacy<\/a>.<\/strong><\/em>","protected":false},"excerpt":{"rendered":"<em> <strong> Notre cl\u00f4ture en PVC, mod\u00e8le <a href=\"https:\/\/www.recinzionipvc.com\/fr\/modeles-de-clotures-en-pvc\/stoccolma\/\">Stoccolma<\/a>, est le produit id\u00e9al pour ceux qui veulent prot\u00e9ger leur jardin des regards indiscrets, sans renoncer au jeu de la lumi\u00e8re et de l&rsquo;esth\u00e9tique. <\/strong> <\/em>\r\n\r\n<em> <b> Le mod\u00e8le <a href=\"https:\/\/www.recinzionipvc.com\/fr\/modeles-de-clotures-en-pvc\/stoccolma\/\">Stoccolma<\/a> convient pour cl\u00f4turer les maisons, les jardins ou pourquoi pas, une aire de jeux pour enfants. <\/b> <\/em>\r\n\r\n<em> <strong> (La partie centrale est d\u00e9mont\u00e9e pour l&rsquo;exp\u00e9dition et n&rsquo;inclut pas les poteaux externes) <\/strong> <\/em>\r\n\r\n&nbsp;","protected":false},"featured_media":7041,"comment_status":"open","ping_status":"closed","template":"","meta":[],"product_cat":[447,449,547,556],"product_tag":[557,558,450,471,452,459,457,466,465,461,464,458,462,463,455,454,460,498,451,453,456],"yoast_head":"<!-- This site is optimized with the Yoast SEO plugin v22.4 - https:\/\/yoast.com\/wordpress\/plugins\/seo\/ -->\n<title>Partie Centrale_Famille de Cl\u00f4ture en PVC_Stoccolma<\/title>\n<meta name=\"description\" content=\"La Partie Centrale de notre Famille de Cl\u00f4ture en PVC, Stoccolma, comprend uniquement les panneaux au centre et non les deux poteaux externes\" \/>\n<meta name=\"robots\" content=\"index, follow, max-snippet:-1, max-image-preview:large, max-video-preview:-1\" \/>\n<link rel=\"canonical\" href=\"https:\/\/www.recinzionipvc.com\/it\/produit\/parte-centrale-recinzione-pvc-modello-stoccolma\/\" \/>\n<meta property=\"og:locale\" content=\"fr_FR\" \/>\n<meta property=\"og:type\" content=\"article\" \/>\n<meta property=\"og:title\" content=\"Partie Centrale_Famille de Cl\u00f4ture en PVC_Stoccolma\" \/>\n<meta property=\"og:description\" content=\"La Partie Centrale de notre Famille de Cl\u00f4ture en PVC, Stoccolma, comprend uniquement les panneaux au centre et non les deux poteaux externes\" \/>\n<meta property=\"og:url\" content=\"https:\/\/www.recinzionipvc.com\/it\/produit\/parte-centrale-recinzione-pvc-modello-stoccolma\/\" \/>\n<meta property=\"og:site_name\" content=\"Recinzioni PVC\" \/>\n<meta property=\"article:publisher\" content=\"https:\/\/www.facebook.com\/ZucchiRecinzioniPVC\" \/>\n<meta property=\"article:modified_time\" content=\"2020-12-04T16:24:52+00:00\" \/>\n<meta property=\"og:image\" content=\"https:\/\/www.recinzionipvc.com\/wp-content\/uploads\/2020\/10\/Stoccolma_FD3_06-Trasparente-scaled.jpg\" \/>\n\t<meta property=\"og:image:width\" content=\"2560\" \/>\n\t<meta property=\"og:image:height\" content=\"1440\" \/>\n\t<meta property=\"og:image:type\" content=\"image\/jpeg\" \/>\n<meta name=\"twitter:card\" content=\"summary_large_image\" \/>\n<script type=\"application\/ld+json\" class=\"yoast-schema-graph\">{\"@context\":\"https:\/\/schema.org\",\"@graph\":[{\"@type\":\"WebPage\",\"@id\":\"https:\/\/www.recinzionipvc.com\/it\/produit\/parte-centrale-recinzione-pvc-modello-stoccolma\/\",\"url\":\"https:\/\/www.recinzionipvc.com\/it\/produit\/parte-centrale-recinzione-pvc-modello-stoccolma\/\",\"name\":\"Partie Centrale_Famille de Cl\u00f4ture en PVC_Stoccolma\",\"isPartOf\":{\"@id\":\"https:\/\/www.recinzionipvc.com\/it\/#website\"},\"primaryImageOfPage\":{\"@id\":\"https:\/\/www.recinzionipvc.com\/it\/produit\/parte-centrale-recinzione-pvc-modello-stoccolma\/#primaryimage\"},\"image\":{\"@id\":\"https:\/\/www.recinzionipvc.com\/it\/produit\/parte-centrale-recinzione-pvc-modello-stoccolma\/#primaryimage\"},\"thumbnailUrl\":\"https:\/\/recinzionipvc.com\/wp-content\/uploads\/2020\/10\/Stoccolma_FD3_06-Trasparente-scaled.jpg\",\"datePublished\":\"2020-10-02T12:32:48+00:00\",\"dateModified\":\"2020-12-04T16:24:52+00:00\",\"description\":\"La Partie Centrale de notre Famille de Cl\u00f4ture en PVC, Stoccolma, comprend uniquement les panneaux au centre et non les deux poteaux externes\",\"breadcrumb\":{\"@id\":\"https:\/\/www.recinzionipvc.com\/it\/produit\/parte-centrale-recinzione-pvc-modello-stoccolma\/#breadcrumb\"},\"inLanguage\":\"fr-FR\",\"potentialAction\":[{\"@type\":\"ReadAction\",\"target\":[\"https:\/\/www.recinzionipvc.com\/it\/produit\/parte-centrale-recinzione-pvc-modello-stoccolma\/\"]}]},{\"@type\":\"ImageObject\",\"inLanguage\":\"fr-FR\",\"@id\":\"https:\/\/www.recinzionipvc.com\/it\/produit\/parte-centrale-recinzione-pvc-modello-stoccolma\/#primaryimage\",\"url\":\"https:\/\/recinzionipvc.com\/wp-content\/uploads\/2020\/10\/Stoccolma_FD3_06-Trasparente-scaled.jpg\",\"contentUrl\":\"https:\/\/recinzionipvc.com\/wp-content\/uploads\/2020\/10\/Stoccolma_FD3_06-Trasparente-scaled.jpg\",\"width\":2560,\"height\":1440},{\"@type\":\"BreadcrumbList\",\"@id\":\"https:\/\/www.recinzionipvc.com\/it\/produit\/parte-centrale-recinzione-pvc-modello-stoccolma\/#breadcrumb\",\"itemListElement\":[{\"@type\":\"ListItem\",\"position\":1,\"name\":\"Home\",\"item\":\"https:\/\/www.recinzionipvc.com\/fr\/\"},{\"@type\":\"ListItem\",\"position\":2,\"name\":\"Boutique\",\"item\":\"https:\/\/recinzionipvc.com\/fr\/boutique\/\"},{\"@type\":\"ListItem\",\"position\":3,\"name\":\"Stoccolma Partie Centrale\"}]},{\"@type\":\"WebSite\",\"@id\":\"https:\/\/www.recinzionipvc.com\/it\/#website\",\"url\":\"https:\/\/www.recinzionipvc.com\/it\/\",\"name\":\"Recinzioni PVC\",\"description\":\"La tua prossima recinzione, direttamente creata da te!\",\"potentialAction\":[{\"@type\":\"SearchAction\",\"target\":{\"@type\":\"EntryPoint\",\"urlTemplate\":\"https:\/\/www.recinzionipvc.com\/it\/?s={search_term_string}\"},\"query-input\":\"required name=search_term_string\"}],\"inLanguage\":\"fr-FR\"}]}<\/script>\n<!-- \/ Yoast SEO plugin. -->","yoast_head_json":{"title":"Partie Centrale_Famille de Cl\u00f4ture en PVC_Stoccolma","description":"La Partie Centrale de notre Famille de Cl\u00f4ture en PVC, Stoccolma, comprend uniquement les panneaux au centre et non les deux poteaux externes","robots":{"index":"index","follow":"follow","max-snippet":"max-snippet:-1","max-image-preview":"max-image-preview:large","max-video-preview":"max-video-preview:-1"},"canonical":"https:\/\/www.recinzionipvc.com\/it\/produit\/parte-centrale-recinzione-pvc-modello-stoccolma\/","og_locale":"fr_FR","og_type":"article","og_title":"Partie Centrale_Famille de Cl\u00f4ture en PVC_Stoccolma","og_description":"La Partie Centrale de notre Famille de Cl\u00f4ture en PVC, Stoccolma, comprend uniquement les panneaux au centre et non les deux poteaux externes","og_url":"https:\/\/www.recinzionipvc.com\/it\/produit\/parte-centrale-recinzione-pvc-modello-stoccolma\/","og_site_name":"Recinzioni PVC","article_publisher":"https:\/\/www.facebook.com\/ZucchiRecinzioniPVC","article_modified_time":"2020-12-04T16:24:52+00:00","og_image":[{"width":2560,"height":1440,"url":"https:\/\/www.recinzionipvc.com\/wp-content\/uploads\/2020\/10\/Stoccolma_FD3_06-Trasparente-scaled.jpg","type":"image\/jpeg"}],"twitter_card":"summary_large_image","schema":{"@context":"https:\/\/schema.org","@graph":[{"@type":"WebPage","@id":"https:\/\/www.recinzionipvc.com\/it\/produit\/parte-centrale-recinzione-pvc-modello-stoccolma\/","url":"https:\/\/www.recinzionipvc.com\/it\/produit\/parte-centrale-recinzione-pvc-modello-stoccolma\/","name":"Partie Centrale_Famille de Cl\u00f4ture en PVC_Stoccolma","isPartOf":{"@id":"https:\/\/www.recinzionipvc.com\/it\/#website"},"primaryImageOfPage":{"@id":"https:\/\/www.recinzionipvc.com\/it\/produit\/parte-centrale-recinzione-pvc-modello-stoccolma\/#primaryimage"},"image":{"@id":"https:\/\/www.recinzionipvc.com\/it\/produit\/parte-centrale-recinzione-pvc-modello-stoccolma\/#primaryimage"},"thumbnailUrl":"https:\/\/recinzionipvc.com\/wp-content\/uploads\/2020\/10\/Stoccolma_FD3_06-Trasparente-scaled.jpg","datePublished":"2020-10-02T12:32:48+00:00","dateModified":"2020-12-04T16:24:52+00:00","description":"La Partie Centrale de notre Famille de Cl\u00f4ture en PVC, Stoccolma, comprend uniquement les panneaux au centre et non les deux poteaux externes","breadcrumb":{"@id":"https:\/\/www.recinzionipvc.com\/it\/produit\/parte-centrale-recinzione-pvc-modello-stoccolma\/#breadcrumb"},"inLanguage":"fr-FR","potentialAction":[{"@type":"ReadAction","target":["https:\/\/www.recinzionipvc.com\/it\/produit\/parte-centrale-recinzione-pvc-modello-stoccolma\/"]}]},{"@type":"ImageObject","inLanguage":"fr-FR","@id":"https:\/\/www.recinzionipvc.com\/it\/produit\/parte-centrale-recinzione-pvc-modello-stoccolma\/#primaryimage","url":"https:\/\/recinzionipvc.com\/wp-content\/uploads\/2020\/10\/Stoccolma_FD3_06-Trasparente-scaled.jpg","contentUrl":"https:\/\/recinzionipvc.com\/wp-content\/uploads\/2020\/10\/Stoccolma_FD3_06-Trasparente-scaled.jpg","width":2560,"height":1440},{"@type":"BreadcrumbList","@id":"https:\/\/www.recinzionipvc.com\/it\/produit\/parte-centrale-recinzione-pvc-modello-stoccolma\/#breadcrumb","itemListElement":[{"@type":"ListItem","position":1,"name":"Home","item":"https:\/\/www.recinzionipvc.com\/fr\/"},{"@type":"ListItem","position":2,"name":"Boutique","item":"https:\/\/recinzionipvc.com\/fr\/boutique\/"},{"@type":"ListItem","position":3,"name":"Stoccolma Partie Centrale"}]},{"@type":"WebSite","@id":"https:\/\/www.recinzionipvc.com\/it\/#website","url":"https:\/\/www.recinzionipvc.com\/it\/","name":"Recinzioni PVC","description":"La tua prossima recinzione, direttamente creata da te!","potentialAction":[{"@type":"SearchAction","target":{"@type":"EntryPoint","urlTemplate":"https:\/\/www.recinzionipvc.com\/it\/?s={search_term_string}"},"query-input":"required name=search_term_string"}],"inLanguage":"fr-FR"}]}},"_links":{"self":[{"href":"https:\/\/recinzionipvc.com\/fr\/wp-json\/wp\/v2\/product\/6759"}],"collection":[{"href":"https:\/\/recinzionipvc.com\/fr\/wp-json\/wp\/v2\/product"}],"about":[{"href":"https:\/\/recinzionipvc.com\/fr\/wp-json\/wp\/v2\/types\/product"}],"replies":[{"embeddable":true,"href":"https:\/\/recinzionipvc.com\/fr\/wp-json\/wp\/v2\/comments?post=6759"}],"wp:featuredmedia":[{"embeddable":true,"href":"https:\/\/recinzionipvc.com\/fr\/wp-json\/wp\/v2\/media\/7041"}],"wp:attachment":[{"href":"https:\/\/recinzionipvc.com\/fr\/wp-json\/wp\/v2\/media?parent=6759"}],"wp:term":[{"taxonomy":"product_cat","embeddable":true,"href":"https:\/\/recinzionipvc.com\/fr\/wp-json\/wp\/v2\/product_cat?post=6759"},{"taxonomy":"product_tag","embeddable":true,"href":"https:\/\/recinzionipvc.com\/fr\/wp-json\/wp\/v2\/product_tag?post=6759"}],"curies":[{"name":"wp","href":"https:\/\/api.w.org\/{rel}","templated":true}]}}