{"id":6774,"date":"2019-05-10T13:30:51","date_gmt":"2020-10-13T12:37:24","guid":{"rendered":"http:\/\/www.recinzionipvc.com\/prodotto-recinzione-pvc\/atlanta-partie-centrale\/"},"modified":"2020-12-14T12:15:28","modified_gmt":"2020-12-14T10:15:28","slug":"atlanta-partie-centrale-cloture-en-pvc","status":"publish","type":"product","link":"https:\/\/recinzionipvc.com\/fr\/produit\/atlanta-partie-centrale-cloture-en-pvc\/","title":{"rendered":"Atlanta Partie Centrale"},"content":{"rendered":"<em><strong>Notre cl\u00f4ture en PVC, mod\u00e8le <a href=\"https:\/\/www.recinzionipvc.com\/fr\/modeles-de-clotures-en-pvc\/atlanta\/\">Atlanta<\/a>, est principalement cr\u00e9\u00e9e pour les \u00e9coles d&rsquo;\u00e9quitation et les fermes: pour cette raison, par rapport aux autres mod\u00e8les <a href=\"https:\/\/www.recinzionipvc.com\/fr\/familles-de-clotures-en-pvc-cinq-modeles-differents\/clotures-pvc-famille-horse-ecoles-dequitation\/\">Horse<\/a>, nous avons con\u00e7u ce mod\u00e8le avec un \u00a0\u00bb X \u00a0\u00bb central horizontalement, pour s&rsquo;assurer qu&rsquo;il peut \u00eatre utilis\u00e9 \u00e0 la fois pour les animaux \u00e0 la fois esth\u00e9tiquement pour d\u00e9limiter une zone. <\/strong><\/em>\r\n\r\n<em><strong>Le mod\u00e8le <a href=\"https:\/\/www.recinzionipvc.com\/fr\/modeles-de-clotures-en-pvc\/atlanta\/\">Atlanta<\/a> appartient \u00e0 la famille <a href=\"https:\/\/www.recinzionipvc.com\/fr\/familles-de-clotures-en-pvc-cinq-modeles-differents\/clotures-pvc-famille-horse-ecoles-dequitation\/\">Horse<\/a>.<\/strong><\/em>","protected":false},"excerpt":{"rendered":"<strong> <em> Notre cl\u00f4ture en PVC, mod\u00e8le <a href=\"https:\/\/www.recinzionipvc.com\/fr\/modeles-de-clotures-en-pvc\/atlanta\/\">Atlanta<\/a>, est n\u00e9e comme une exigence de praticit\u00e9. <\/em> <a href=\"https:\/\/www.recinzionipvc.com\/fr\/modeles-de-clotures-en-pvc\/atlanta\/\">Atlanta<\/a>, donne beaut\u00e9 et personnalit\u00e9 \u00e0 une structure simple, principalement utilis\u00e9e pour <em> d\u00e9limiter la terre et enfermer les animaux. <\/em> <\/strong>\r\n\r\n<em> <strong> Ce qui le diff\u00e9rencie des autres mod\u00e8les <a href=\"https:\/\/www.recinzionipvc.com\/fr\/familles-de-clotures-en-pvc-cinq-modeles-differents\/clotures-pvc-famille-horse-ecoles-dequitation\/\">Horse<\/a>, c&rsquo;est la forme de croix horizontale form\u00e9e gr\u00e2ce aux deux traverses internes. <\/strong> <\/em>\r\n\r\n<em> <strong> (La partie centrale est d\u00e9mont\u00e9e pour l&rsquo;exp\u00e9dition et n&rsquo;inclut pas les poteaux externes) <\/strong> <\/em>","protected":false},"featured_media":7545,"comment_status":"open","ping_status":"closed","template":"","meta":[],"product_cat":[525],"product_tag":[573,571,572,551,549,471,473,452,466,465,461,464,458,462,568,569,570,499,453,456],"yoast_head":"<!-- This site is optimized with the Yoast SEO plugin v22.4 - https:\/\/yoast.com\/wordpress\/plugins\/seo\/ -->\n<title>Partie Centrale de notre famille de Cl\u00f4ture en PVC Atlanta<\/title>\n<meta name=\"description\" content=\"La Partie Centrale de notre famille de Cl\u00f4ture en PVC, Atlanta, comprend uniquement les panneaux au centre et non les deux poteaux externes\" \/>\n<meta name=\"robots\" content=\"index, follow, max-snippet:-1, max-image-preview:large, max-video-preview:-1\" \/>\n<link rel=\"canonical\" href=\"https:\/\/recinzionipvc.com\/fr\/produit\/atlanta-partie-centrale-cloture-en-pvc\/\" \/>\n<meta property=\"og:locale\" content=\"fr_FR\" \/>\n<meta property=\"og:type\" content=\"article\" \/>\n<meta property=\"og:title\" content=\"Partie Centrale de notre famille de Cl\u00f4ture en PVC Atlanta\" \/>\n<meta property=\"og:description\" content=\"La Partie Centrale de notre famille de Cl\u00f4ture en PVC, Atlanta, comprend uniquement les panneaux au centre et non les deux poteaux externes\" \/>\n<meta property=\"og:url\" content=\"https:\/\/recinzionipvc.com\/fr\/produit\/atlanta-partie-centrale-cloture-en-pvc\/\" \/>\n<meta property=\"og:site_name\" content=\"Recinzioni PVC\" \/>\n<meta property=\"article:publisher\" content=\"https:\/\/www.facebook.com\/ZucchiRecinzioniPVC\" \/>\n<meta property=\"article:modified_time\" content=\"2020-12-14T10:15:28+00:00\" \/>\n<meta property=\"og:image\" content=\"https:\/\/recinzionipvc.com\/wp-content\/uploads\/2020\/10\/Atlanta_FC3_06-TrasparenteRv01-scaled.jpg\" \/>\n\t<meta property=\"og:image:width\" content=\"2560\" \/>\n\t<meta property=\"og:image:height\" content=\"1440\" \/>\n\t<meta property=\"og:image:type\" content=\"image\/jpeg\" \/>\n<meta name=\"twitter:card\" content=\"summary_large_image\" \/>\n<script type=\"application\/ld+json\" class=\"yoast-schema-graph\">{\"@context\":\"https:\/\/schema.org\",\"@graph\":[{\"@type\":\"WebPage\",\"@id\":\"https:\/\/recinzionipvc.com\/fr\/produit\/atlanta-partie-centrale-cloture-en-pvc\/\",\"url\":\"https:\/\/recinzionipvc.com\/fr\/produit\/atlanta-partie-centrale-cloture-en-pvc\/\",\"name\":\"Partie Centrale de notre famille de Cl\u00f4ture en PVC Atlanta\",\"isPartOf\":{\"@id\":\"https:\/\/recinzionipvc.com\/it\/#website\"},\"primaryImageOfPage\":{\"@id\":\"https:\/\/recinzionipvc.com\/fr\/produit\/atlanta-partie-centrale-cloture-en-pvc\/#primaryimage\"},\"image\":{\"@id\":\"https:\/\/recinzionipvc.com\/fr\/produit\/atlanta-partie-centrale-cloture-en-pvc\/#primaryimage\"},\"thumbnailUrl\":\"https:\/\/recinzionipvc.com\/wp-content\/uploads\/2020\/10\/Atlanta_FC3_06-TrasparenteRv01-scaled.jpg\",\"datePublished\":\"2020-10-13T12:37:24+00:00\",\"dateModified\":\"2020-12-14T10:15:28+00:00\",\"description\":\"La Partie Centrale de notre famille de Cl\u00f4ture en PVC, Atlanta, comprend uniquement les panneaux au centre et non les deux poteaux externes\",\"breadcrumb\":{\"@id\":\"https:\/\/recinzionipvc.com\/fr\/produit\/atlanta-partie-centrale-cloture-en-pvc\/#breadcrumb\"},\"inLanguage\":\"fr-FR\",\"potentialAction\":[{\"@type\":\"ReadAction\",\"target\":[\"https:\/\/recinzionipvc.com\/fr\/produit\/atlanta-partie-centrale-cloture-en-pvc\/\"]}]},{\"@type\":\"ImageObject\",\"inLanguage\":\"fr-FR\",\"@id\":\"https:\/\/recinzionipvc.com\/fr\/produit\/atlanta-partie-centrale-cloture-en-pvc\/#primaryimage\",\"url\":\"https:\/\/recinzionipvc.com\/wp-content\/uploads\/2020\/10\/Atlanta_FC3_06-TrasparenteRv01-scaled.jpg\",\"contentUrl\":\"https:\/\/recinzionipvc.com\/wp-content\/uploads\/2020\/10\/Atlanta_FC3_06-TrasparenteRv01-scaled.jpg\",\"width\":2560,\"height\":1440},{\"@type\":\"BreadcrumbList\",\"@id\":\"https:\/\/recinzionipvc.com\/fr\/produit\/atlanta-partie-centrale-cloture-en-pvc\/#breadcrumb\",\"itemListElement\":[{\"@type\":\"ListItem\",\"position\":1,\"name\":\"Home\",\"item\":\"https:\/\/recinzionipvc.com\/fr\/\"},{\"@type\":\"ListItem\",\"position\":2,\"name\":\"Boutique\",\"item\":\"https:\/\/www.recinzionipvc.com\/fr\/boutique\/\"},{\"@type\":\"ListItem\",\"position\":3,\"name\":\"Atlanta Partie Centrale\"}]},{\"@type\":\"WebSite\",\"@id\":\"https:\/\/recinzionipvc.com\/it\/#website\",\"url\":\"https:\/\/recinzionipvc.com\/it\/\",\"name\":\"Recinzioni PVC\",\"description\":\"La tua prossima recinzione, direttamente creata da te!\",\"potentialAction\":[{\"@type\":\"SearchAction\",\"target\":{\"@type\":\"EntryPoint\",\"urlTemplate\":\"https:\/\/recinzionipvc.com\/it\/?s={search_term_string}\"},\"query-input\":\"required name=search_term_string\"}],\"inLanguage\":\"fr-FR\"}]}<\/script>\n<!-- \/ Yoast SEO plugin. -->","yoast_head_json":{"title":"Partie Centrale de notre famille de Cl\u00f4ture en PVC Atlanta","description":"La Partie Centrale de notre famille de Cl\u00f4ture en PVC, Atlanta, comprend uniquement les panneaux au centre et non les deux poteaux externes","robots":{"index":"index","follow":"follow","max-snippet":"max-snippet:-1","max-image-preview":"max-image-preview:large","max-video-preview":"max-video-preview:-1"},"canonical":"https:\/\/recinzionipvc.com\/fr\/produit\/atlanta-partie-centrale-cloture-en-pvc\/","og_locale":"fr_FR","og_type":"article","og_title":"Partie Centrale de notre famille de Cl\u00f4ture en PVC Atlanta","og_description":"La Partie Centrale de notre famille de Cl\u00f4ture en PVC, Atlanta, comprend uniquement les panneaux au centre et non les deux poteaux externes","og_url":"https:\/\/recinzionipvc.com\/fr\/produit\/atlanta-partie-centrale-cloture-en-pvc\/","og_site_name":"Recinzioni PVC","article_publisher":"https:\/\/www.facebook.com\/ZucchiRecinzioniPVC","article_modified_time":"2020-12-14T10:15:28+00:00","og_image":[{"width":2560,"height":1440,"url":"https:\/\/recinzionipvc.com\/wp-content\/uploads\/2020\/10\/Atlanta_FC3_06-TrasparenteRv01-scaled.jpg","type":"image\/jpeg"}],"twitter_card":"summary_large_image","schema":{"@context":"https:\/\/schema.org","@graph":[{"@type":"WebPage","@id":"https:\/\/recinzionipvc.com\/fr\/produit\/atlanta-partie-centrale-cloture-en-pvc\/","url":"https:\/\/recinzionipvc.com\/fr\/produit\/atlanta-partie-centrale-cloture-en-pvc\/","name":"Partie Centrale de notre famille de Cl\u00f4ture en PVC Atlanta","isPartOf":{"@id":"https:\/\/recinzionipvc.com\/it\/#website"},"primaryImageOfPage":{"@id":"https:\/\/recinzionipvc.com\/fr\/produit\/atlanta-partie-centrale-cloture-en-pvc\/#primaryimage"},"image":{"@id":"https:\/\/recinzionipvc.com\/fr\/produit\/atlanta-partie-centrale-cloture-en-pvc\/#primaryimage"},"thumbnailUrl":"https:\/\/recinzionipvc.com\/wp-content\/uploads\/2020\/10\/Atlanta_FC3_06-TrasparenteRv01-scaled.jpg","datePublished":"2020-10-13T12:37:24+00:00","dateModified":"2020-12-14T10:15:28+00:00","description":"La Partie Centrale de notre famille de Cl\u00f4ture en PVC, Atlanta, comprend uniquement les panneaux au centre et non les deux poteaux externes","breadcrumb":{"@id":"https:\/\/recinzionipvc.com\/fr\/produit\/atlanta-partie-centrale-cloture-en-pvc\/#breadcrumb"},"inLanguage":"fr-FR","potentialAction":[{"@type":"ReadAction","target":["https:\/\/recinzionipvc.com\/fr\/produit\/atlanta-partie-centrale-cloture-en-pvc\/"]}]},{"@type":"ImageObject","inLanguage":"fr-FR","@id":"https:\/\/recinzionipvc.com\/fr\/produit\/atlanta-partie-centrale-cloture-en-pvc\/#primaryimage","url":"https:\/\/recinzionipvc.com\/wp-content\/uploads\/2020\/10\/Atlanta_FC3_06-TrasparenteRv01-scaled.jpg","contentUrl":"https:\/\/recinzionipvc.com\/wp-content\/uploads\/2020\/10\/Atlanta_FC3_06-TrasparenteRv01-scaled.jpg","width":2560,"height":1440},{"@type":"BreadcrumbList","@id":"https:\/\/recinzionipvc.com\/fr\/produit\/atlanta-partie-centrale-cloture-en-pvc\/#breadcrumb","itemListElement":[{"@type":"ListItem","position":1,"name":"Home","item":"https:\/\/recinzionipvc.com\/fr\/"},{"@type":"ListItem","position":2,"name":"Boutique","item":"https:\/\/www.recinzionipvc.com\/fr\/boutique\/"},{"@type":"ListItem","position":3,"name":"Atlanta Partie Centrale"}]},{"@type":"WebSite","@id":"https:\/\/recinzionipvc.com\/it\/#website","url":"https:\/\/recinzionipvc.com\/it\/","name":"Recinzioni PVC","description":"La tua prossima recinzione, direttamente creata da te!","potentialAction":[{"@type":"SearchAction","target":{"@type":"EntryPoint","urlTemplate":"https:\/\/recinzionipvc.com\/it\/?s={search_term_string}"},"query-input":"required name=search_term_string"}],"inLanguage":"fr-FR"}]}},"_links":{"self":[{"href":"https:\/\/recinzionipvc.com\/fr\/wp-json\/wp\/v2\/product\/6774"}],"collection":[{"href":"https:\/\/recinzionipvc.com\/fr\/wp-json\/wp\/v2\/product"}],"about":[{"href":"https:\/\/recinzionipvc.com\/fr\/wp-json\/wp\/v2\/types\/product"}],"replies":[{"embeddable":true,"href":"https:\/\/recinzionipvc.com\/fr\/wp-json\/wp\/v2\/comments?post=6774"}],"wp:featuredmedia":[{"embeddable":true,"href":"https:\/\/recinzionipvc.com\/fr\/wp-json\/wp\/v2\/media\/7545"}],"wp:attachment":[{"href":"https:\/\/recinzionipvc.com\/fr\/wp-json\/wp\/v2\/media?parent=6774"}],"wp:term":[{"taxonomy":"product_cat","embeddable":true,"href":"https:\/\/recinzionipvc.com\/fr\/wp-json\/wp\/v2\/product_cat?post=6774"},{"taxonomy":"product_tag","embeddable":true,"href":"https:\/\/recinzionipvc.com\/fr\/wp-json\/wp\/v2\/product_tag?post=6774"}],"curies":[{"name":"wp","href":"https:\/\/api.w.org\/{rel}","templated":true}]}}