{"id":6787,"date":"2019-05-10T13:32:27","date_gmt":"2020-10-13T13:16:45","guid":{"rendered":"http:\/\/www.recinzionipvc.com\/prodotto-recinzione-pvc\/dubai-partie-centrale\/"},"modified":"2025-08-23T10:28:29","modified_gmt":"2025-08-23T08:28:29","slug":"dubai-partie-centrale-cloture-en-pvc","status":"publish","type":"product","link":"https:\/\/recinzionipvc.com\/fr\/produit\/dubai-partie-centrale-cloture-en-pvc\/","title":{"rendered":"Dubai Partie Centrale"},"content":{"rendered":"<em><strong>Notre cl\u00f4ture PVC, mod\u00e8le <a href=\"https:\/\/www.recinzionipvc.com\/fr\/modeles-de-clotures-en-pvc\/dubai\/\">Dubai<\/a>, a la particularit\u00e9 par rapport aux autres produits de la famille <a href=\"https:\/\/www.recinzionipvc.com\/fr\/familles-de-clotures-en-pvc-cinq-modeles-differents\/clotures-pvc-famille-horse-ecoles-dequitation\/\">Horse<\/a>, de n&rsquo;avoir que deux traverses horizontales.<\/strong><\/em>\r\n\r\n<em><strong>Le mod\u00e8le <a href=\"https:\/\/www.recinzionipvc.com\/fr\/modeles-de-clotures-en-pvc\/dubai\/\">Dubai<\/a> appartient \u00e0 la famille <a href=\"https:\/\/www.recinzionipvc.com\/fr\/familles-de-clotures-en-pvc-cinq-modeles-differents\/clotures-pvc-famille-horse-ecoles-dequitation\/\">Horse<\/a>.<\/strong><\/em>","protected":false},"excerpt":{"rendered":"<em> <strong> Notre cl\u00f4ture en PVC, mod\u00e8le <a href=\"https:\/\/www.recinzionipvc.com\/fr\/modeles-de-clotures-en-pvc\/dubai\/\">Dubai<\/a>, id\u00e9ale pour embellir l&rsquo;ext\u00e9rieur et en m\u00eame temps caract\u00e9riser l&rsquo;espace ext\u00e9rieur avec une touche unique et personnelle. <\/strong> <\/em>\r\n\r\n<em> <strong> Id\u00e9al pour les man\u00e8ges, utilis\u00e9 tr\u00e8s souvent pour cr\u00e9er des enclos mais aussi pour cl\u00f4turer une zone pour les animaux ou plus simplement, pour d\u00e9limiter le p\u00e9rim\u00e8tre de votre maison. <\/strong> <\/em>\r\n\r\n<em> <strong> (La partie centrale est d\u00e9mont\u00e9e pour l&rsquo;exp\u00e9dition et n&rsquo;inclut pas les poteaux externes) <\/strong> <\/em>","protected":false},"featured_media":7273,"comment_status":"open","ping_status":"closed","template":"","meta":[],"product_cat":[447,577,566,449],"product_tag":[573,571,572,551,450,473,452,459,457,466,465,461,464,458,462,455,454,460,481,480,453,456],"yoast_head":"<!-- This site is optimized with the Yoast SEO plugin v22.4 - https:\/\/yoast.com\/wordpress\/plugins\/seo\/ -->\n<title>Partie Centrale de notre famille de Cl\u00f4ture en PVC Dubai<\/title>\n<meta name=\"description\" content=\"Partie Centrale de notre famille de Cl\u00f4ture en PVC, Dubai: comprend uniquement les panneaux au centre et non les deux poteaux externes\" \/>\n<meta name=\"robots\" content=\"index, follow, max-snippet:-1, max-image-preview:large, max-video-preview:-1\" \/>\n<link rel=\"canonical\" href=\"https:\/\/www.recinzionipvc.com\/fr\/produit\/dubai-partie-centrale-cloture-en-pvc\/\" \/>\n<meta property=\"og:locale\" content=\"fr_FR\" \/>\n<meta property=\"og:type\" content=\"article\" \/>\n<meta property=\"og:title\" content=\"Partie Centrale de notre famille de Cl\u00f4ture en PVC Dubai\" \/>\n<meta property=\"og:description\" content=\"Partie Centrale de notre famille de Cl\u00f4ture en PVC, Dubai: comprend uniquement les panneaux au centre et non les deux poteaux externes\" \/>\n<meta property=\"og:url\" content=\"https:\/\/www.recinzionipvc.com\/fr\/produit\/dubai-partie-centrale-cloture-en-pvc\/\" \/>\n<meta property=\"og:site_name\" content=\"Recinzioni PVC\" \/>\n<meta property=\"article:publisher\" content=\"https:\/\/www.facebook.com\/ZucchiRecinzioniPVC\" \/>\n<meta property=\"article:modified_time\" content=\"2025-08-23T08:28:29+00:00\" \/>\n<meta property=\"og:image\" content=\"https:\/\/www.recinzionipvc.com\/wp-content\/uploads\/2020\/10\/Dubai_FC3_06-Trasparente-scaled.jpg\" \/>\n\t<meta property=\"og:image:width\" content=\"2560\" \/>\n\t<meta property=\"og:image:height\" content=\"1440\" \/>\n\t<meta property=\"og:image:type\" content=\"image\/jpeg\" \/>\n<meta name=\"twitter:card\" content=\"summary_large_image\" \/>\n<script type=\"application\/ld+json\" class=\"yoast-schema-graph\">{\"@context\":\"https:\/\/schema.org\",\"@graph\":[{\"@type\":\"WebPage\",\"@id\":\"https:\/\/www.recinzionipvc.com\/fr\/produit\/dubai-partie-centrale-cloture-en-pvc\/\",\"url\":\"https:\/\/www.recinzionipvc.com\/fr\/produit\/dubai-partie-centrale-cloture-en-pvc\/\",\"name\":\"Partie Centrale de notre famille de Cl\u00f4ture en PVC Dubai\",\"isPartOf\":{\"@id\":\"https:\/\/recinzionipvc.com\/it\/#website\"},\"primaryImageOfPage\":{\"@id\":\"https:\/\/www.recinzionipvc.com\/fr\/produit\/dubai-partie-centrale-cloture-en-pvc\/#primaryimage\"},\"image\":{\"@id\":\"https:\/\/www.recinzionipvc.com\/fr\/produit\/dubai-partie-centrale-cloture-en-pvc\/#primaryimage\"},\"thumbnailUrl\":\"https:\/\/recinzionipvc.com\/wp-content\/uploads\/2020\/10\/Dubai_FC3_06-Trasparente-scaled.jpg\",\"datePublished\":\"2020-10-13T13:16:45+00:00\",\"dateModified\":\"2025-08-23T08:28:29+00:00\",\"description\":\"Partie Centrale de notre famille de Cl\u00f4ture en PVC, Dubai: comprend uniquement les panneaux au centre et non les deux poteaux externes\",\"breadcrumb\":{\"@id\":\"https:\/\/www.recinzionipvc.com\/fr\/produit\/dubai-partie-centrale-cloture-en-pvc\/#breadcrumb\"},\"inLanguage\":\"fr-FR\",\"potentialAction\":[{\"@type\":\"ReadAction\",\"target\":[\"https:\/\/www.recinzionipvc.com\/fr\/produit\/dubai-partie-centrale-cloture-en-pvc\/\"]}]},{\"@type\":\"ImageObject\",\"inLanguage\":\"fr-FR\",\"@id\":\"https:\/\/www.recinzionipvc.com\/fr\/produit\/dubai-partie-centrale-cloture-en-pvc\/#primaryimage\",\"url\":\"https:\/\/recinzionipvc.com\/wp-content\/uploads\/2020\/10\/Dubai_FC3_06-Trasparente-scaled.jpg\",\"contentUrl\":\"https:\/\/recinzionipvc.com\/wp-content\/uploads\/2020\/10\/Dubai_FC3_06-Trasparente-scaled.jpg\",\"width\":2560,\"height\":1440},{\"@type\":\"BreadcrumbList\",\"@id\":\"https:\/\/www.recinzionipvc.com\/fr\/produit\/dubai-partie-centrale-cloture-en-pvc\/#breadcrumb\",\"itemListElement\":[{\"@type\":\"ListItem\",\"position\":1,\"name\":\"Home\",\"item\":\"https:\/\/recinzionipvc.com\/fr\/\"},{\"@type\":\"ListItem\",\"position\":2,\"name\":\"Boutique\",\"item\":\"https:\/\/recinzionipvc.com\/fr\/boutique\/\"},{\"@type\":\"ListItem\",\"position\":3,\"name\":\"Dubai Partie Centrale\"}]},{\"@type\":\"WebSite\",\"@id\":\"https:\/\/recinzionipvc.com\/it\/#website\",\"url\":\"https:\/\/recinzionipvc.com\/it\/\",\"name\":\"Recinzioni PVC\",\"description\":\"La tua prossima recinzione, direttamente creata da te!\",\"potentialAction\":[{\"@type\":\"SearchAction\",\"target\":{\"@type\":\"EntryPoint\",\"urlTemplate\":\"https:\/\/recinzionipvc.com\/it\/?s={search_term_string}\"},\"query-input\":\"required name=search_term_string\"}],\"inLanguage\":\"fr-FR\"}]}<\/script>\n<!-- \/ Yoast SEO plugin. -->","yoast_head_json":{"title":"Partie Centrale de notre famille de Cl\u00f4ture en PVC Dubai","description":"Partie Centrale de notre famille de Cl\u00f4ture en PVC, Dubai: comprend uniquement les panneaux au centre et non les deux poteaux externes","robots":{"index":"index","follow":"follow","max-snippet":"max-snippet:-1","max-image-preview":"max-image-preview:large","max-video-preview":"max-video-preview:-1"},"canonical":"https:\/\/www.recinzionipvc.com\/fr\/produit\/dubai-partie-centrale-cloture-en-pvc\/","og_locale":"fr_FR","og_type":"article","og_title":"Partie Centrale de notre famille de Cl\u00f4ture en PVC Dubai","og_description":"Partie Centrale de notre famille de Cl\u00f4ture en PVC, Dubai: comprend uniquement les panneaux au centre et non les deux poteaux externes","og_url":"https:\/\/www.recinzionipvc.com\/fr\/produit\/dubai-partie-centrale-cloture-en-pvc\/","og_site_name":"Recinzioni PVC","article_publisher":"https:\/\/www.facebook.com\/ZucchiRecinzioniPVC","article_modified_time":"2025-08-23T08:28:29+00:00","og_image":[{"width":2560,"height":1440,"url":"https:\/\/www.recinzionipvc.com\/wp-content\/uploads\/2020\/10\/Dubai_FC3_06-Trasparente-scaled.jpg","type":"image\/jpeg"}],"twitter_card":"summary_large_image","schema":{"@context":"https:\/\/schema.org","@graph":[{"@type":"WebPage","@id":"https:\/\/www.recinzionipvc.com\/fr\/produit\/dubai-partie-centrale-cloture-en-pvc\/","url":"https:\/\/www.recinzionipvc.com\/fr\/produit\/dubai-partie-centrale-cloture-en-pvc\/","name":"Partie Centrale de notre famille de Cl\u00f4ture en PVC Dubai","isPartOf":{"@id":"https:\/\/recinzionipvc.com\/it\/#website"},"primaryImageOfPage":{"@id":"https:\/\/www.recinzionipvc.com\/fr\/produit\/dubai-partie-centrale-cloture-en-pvc\/#primaryimage"},"image":{"@id":"https:\/\/www.recinzionipvc.com\/fr\/produit\/dubai-partie-centrale-cloture-en-pvc\/#primaryimage"},"thumbnailUrl":"https:\/\/recinzionipvc.com\/wp-content\/uploads\/2020\/10\/Dubai_FC3_06-Trasparente-scaled.jpg","datePublished":"2020-10-13T13:16:45+00:00","dateModified":"2025-08-23T08:28:29+00:00","description":"Partie Centrale de notre famille de Cl\u00f4ture en PVC, Dubai: comprend uniquement les panneaux au centre et non les deux poteaux externes","breadcrumb":{"@id":"https:\/\/www.recinzionipvc.com\/fr\/produit\/dubai-partie-centrale-cloture-en-pvc\/#breadcrumb"},"inLanguage":"fr-FR","potentialAction":[{"@type":"ReadAction","target":["https:\/\/www.recinzionipvc.com\/fr\/produit\/dubai-partie-centrale-cloture-en-pvc\/"]}]},{"@type":"ImageObject","inLanguage":"fr-FR","@id":"https:\/\/www.recinzionipvc.com\/fr\/produit\/dubai-partie-centrale-cloture-en-pvc\/#primaryimage","url":"https:\/\/recinzionipvc.com\/wp-content\/uploads\/2020\/10\/Dubai_FC3_06-Trasparente-scaled.jpg","contentUrl":"https:\/\/recinzionipvc.com\/wp-content\/uploads\/2020\/10\/Dubai_FC3_06-Trasparente-scaled.jpg","width":2560,"height":1440},{"@type":"BreadcrumbList","@id":"https:\/\/www.recinzionipvc.com\/fr\/produit\/dubai-partie-centrale-cloture-en-pvc\/#breadcrumb","itemListElement":[{"@type":"ListItem","position":1,"name":"Home","item":"https:\/\/recinzionipvc.com\/fr\/"},{"@type":"ListItem","position":2,"name":"Boutique","item":"https:\/\/recinzionipvc.com\/fr\/boutique\/"},{"@type":"ListItem","position":3,"name":"Dubai Partie Centrale"}]},{"@type":"WebSite","@id":"https:\/\/recinzionipvc.com\/it\/#website","url":"https:\/\/recinzionipvc.com\/it\/","name":"Recinzioni PVC","description":"La tua prossima recinzione, direttamente creata da te!","potentialAction":[{"@type":"SearchAction","target":{"@type":"EntryPoint","urlTemplate":"https:\/\/recinzionipvc.com\/it\/?s={search_term_string}"},"query-input":"required name=search_term_string"}],"inLanguage":"fr-FR"}]}},"_links":{"self":[{"href":"https:\/\/recinzionipvc.com\/fr\/wp-json\/wp\/v2\/product\/6787"}],"collection":[{"href":"https:\/\/recinzionipvc.com\/fr\/wp-json\/wp\/v2\/product"}],"about":[{"href":"https:\/\/recinzionipvc.com\/fr\/wp-json\/wp\/v2\/types\/product"}],"replies":[{"embeddable":true,"href":"https:\/\/recinzionipvc.com\/fr\/wp-json\/wp\/v2\/comments?post=6787"}],"wp:featuredmedia":[{"embeddable":true,"href":"https:\/\/recinzionipvc.com\/fr\/wp-json\/wp\/v2\/media\/7273"}],"wp:attachment":[{"href":"https:\/\/recinzionipvc.com\/fr\/wp-json\/wp\/v2\/media?parent=6787"}],"wp:term":[{"taxonomy":"product_cat","embeddable":true,"href":"https:\/\/recinzionipvc.com\/fr\/wp-json\/wp\/v2\/product_cat?post=6787"},{"taxonomy":"product_tag","embeddable":true,"href":"https:\/\/recinzionipvc.com\/fr\/wp-json\/wp\/v2\/product_tag?post=6787"}],"curies":[{"name":"wp","href":"https:\/\/api.w.org\/{rel}","templated":true}]}}