{"id":6842,"date":"2019-05-10T13:34:54","date_gmt":"2020-10-14T12:18:01","guid":{"rendered":"http:\/\/www.recinzionipvc.com\/prodotto-recinzione-pvc\/siena-partie-centrale\/"},"modified":"2020-12-11T15:36:27","modified_gmt":"2020-12-11T13:36:27","slug":"siena-partie-centrale-cloture-en-pvc","status":"publish","type":"product","link":"https:\/\/recinzionipvc.com\/fr\/produit\/siena-partie-centrale-cloture-en-pvc\/","title":{"rendered":"Siena Partie Centrale"},"content":{"rendered":"<em><strong>Notre cl\u00f4ture PVC, mod\u00e8le <a href=\"https:\/\/www.recinzionipvc.com\/it\/modelli-differenti-di-recinzioni-in-pvc\/recinzione-pvc-modello-siena-famiglia-horse\/\">Siena<\/a>, a la particularit\u00e9 par rapport aux autres produits de la famille <a href=\"https:\/\/www.recinzionipvc.com\/fr\/familles-de-clotures-en-pvc-cinq-modeles-differents\/clotures-pvc-famille-horse-ecoles-dequitation\/\">Horse<\/a>, des trois traverses horizontales. <\/strong><\/em>\r\n\r\n<em><strong>Le mod\u00e8le <a href=\"https:\/\/www.recinzionipvc.com\/it\/modelli-differenti-di-recinzioni-in-pvc\/recinzione-pvc-modello-siena-famiglia-horse\/\">Siena<\/a> appartient \u00e0 la famille <a href=\"https:\/\/www.recinzionipvc.com\/fr\/familles-de-clotures-en-pvc-cinq-modeles-differents\/clotures-pvc-famille-horse-ecoles-dequitation\/\">Horse<\/a>.<\/strong><\/em>","protected":false},"excerpt":{"rendered":"<em> <strong> Notre cl\u00f4ture en PVC, mod\u00e8le <a href=\"https:\/\/www.recinzionipvc.com\/it\/modelli-differenti-di-recinzioni-in-pvc\/recinzione-pvc-modello-siena-famiglia-horse\/\">Siena<\/a>, est la cl\u00f4ture classique qui nous fait penser \u00e0 l&rsquo;\u00e9quitation et aux comp\u00e9titions. <\/strong> <\/em>\r\n\r\n<em> <strong> Majestueux et imposant, mais en m\u00eame temps simple et gracieux. Ce type de cl\u00f4ture en PVC convient aux cl\u00f4tures pour les animaux, les \u00e9tables et les enclos pour chevaux. <\/strong> <\/em>\r\n\r\n<em> <strong> (La partie centrale est d\u00e9mont\u00e9e pour l&rsquo;exp\u00e9dition et n&rsquo;inclut pas les poteaux externes) <\/strong> <\/em>\r\n\r\n&amp; nbsp;","protected":false},"featured_media":7338,"comment_status":"open","ping_status":"closed","template":"","meta":[],"product_cat":[447,566,449,593],"product_tag":[573,571,572,551,549,450,471,452,459,457,466,465,461,464,458,462,550,455,568,569,454,570,451,453,456],"yoast_head":"<!-- This site is optimized with the Yoast SEO plugin v22.4 - https:\/\/yoast.com\/wordpress\/plugins\/seo\/ -->\n<title>Partie Centrale de notre Cl\u00f4ture en PVC Siena<\/title>\n<meta name=\"description\" content=\"La Partie Centrale de notre Cl\u00f4ture en PVC, Siena comprend uniquement les panneaux au centre et non les deux poteaux ext\u00e9rieurs\" \/>\n<meta name=\"robots\" content=\"index, follow, max-snippet:-1, max-image-preview:large, max-video-preview:-1\" \/>\n<link rel=\"canonical\" href=\"https:\/\/www.recinzionipvc.com\/fr\/produit\/siena-partie-centrale-cloture-en-pvc\/\" \/>\n<meta property=\"og:locale\" content=\"fr_FR\" \/>\n<meta property=\"og:type\" content=\"article\" \/>\n<meta property=\"og:title\" content=\"Partie Centrale de notre Cl\u00f4ture en PVC Siena\" \/>\n<meta property=\"og:description\" content=\"La Partie Centrale de notre Cl\u00f4ture en PVC, Siena comprend uniquement les panneaux au centre et non les deux poteaux ext\u00e9rieurs\" \/>\n<meta property=\"og:url\" content=\"https:\/\/www.recinzionipvc.com\/fr\/produit\/siena-partie-centrale-cloture-en-pvc\/\" \/>\n<meta property=\"og:site_name\" content=\"Recinzioni PVC\" \/>\n<meta property=\"article:publisher\" content=\"https:\/\/www.facebook.com\/ZucchiRecinzioniPVC\" \/>\n<meta property=\"article:modified_time\" content=\"2020-12-11T13:36:27+00:00\" \/>\n<meta property=\"og:image\" content=\"https:\/\/www.recinzionipvc.com\/wp-content\/uploads\/2020\/10\/Sienae_FC3_06Trasparente-scaled.jpg\" \/>\n\t<meta property=\"og:image:width\" content=\"2560\" \/>\n\t<meta property=\"og:image:height\" content=\"1440\" \/>\n\t<meta property=\"og:image:type\" content=\"image\/jpeg\" \/>\n<meta name=\"twitter:card\" content=\"summary_large_image\" \/>\n<script type=\"application\/ld+json\" class=\"yoast-schema-graph\">{\"@context\":\"https:\/\/schema.org\",\"@graph\":[{\"@type\":\"WebPage\",\"@id\":\"https:\/\/www.recinzionipvc.com\/fr\/produit\/siena-partie-centrale-cloture-en-pvc\/\",\"url\":\"https:\/\/www.recinzionipvc.com\/fr\/produit\/siena-partie-centrale-cloture-en-pvc\/\",\"name\":\"Partie Centrale de notre Cl\u00f4ture en PVC Siena\",\"isPartOf\":{\"@id\":\"https:\/\/www.recinzionipvc.com\/it\/#website\"},\"primaryImageOfPage\":{\"@id\":\"https:\/\/www.recinzionipvc.com\/fr\/produit\/siena-partie-centrale-cloture-en-pvc\/#primaryimage\"},\"image\":{\"@id\":\"https:\/\/www.recinzionipvc.com\/fr\/produit\/siena-partie-centrale-cloture-en-pvc\/#primaryimage\"},\"thumbnailUrl\":\"https:\/\/recinzionipvc.com\/wp-content\/uploads\/2020\/10\/Sienae_FC3_06Trasparente-scaled.jpg\",\"datePublished\":\"2020-10-14T12:18:01+00:00\",\"dateModified\":\"2020-12-11T13:36:27+00:00\",\"description\":\"La Partie Centrale de notre Cl\u00f4ture en PVC, Siena comprend uniquement les panneaux au centre et non les deux poteaux ext\u00e9rieurs\",\"breadcrumb\":{\"@id\":\"https:\/\/www.recinzionipvc.com\/fr\/produit\/siena-partie-centrale-cloture-en-pvc\/#breadcrumb\"},\"inLanguage\":\"fr-FR\",\"potentialAction\":[{\"@type\":\"ReadAction\",\"target\":[\"https:\/\/www.recinzionipvc.com\/fr\/produit\/siena-partie-centrale-cloture-en-pvc\/\"]}]},{\"@type\":\"ImageObject\",\"inLanguage\":\"fr-FR\",\"@id\":\"https:\/\/www.recinzionipvc.com\/fr\/produit\/siena-partie-centrale-cloture-en-pvc\/#primaryimage\",\"url\":\"https:\/\/recinzionipvc.com\/wp-content\/uploads\/2020\/10\/Sienae_FC3_06Trasparente-scaled.jpg\",\"contentUrl\":\"https:\/\/recinzionipvc.com\/wp-content\/uploads\/2020\/10\/Sienae_FC3_06Trasparente-scaled.jpg\",\"width\":2560,\"height\":1440},{\"@type\":\"BreadcrumbList\",\"@id\":\"https:\/\/www.recinzionipvc.com\/fr\/produit\/siena-partie-centrale-cloture-en-pvc\/#breadcrumb\",\"itemListElement\":[{\"@type\":\"ListItem\",\"position\":1,\"name\":\"Home\",\"item\":\"https:\/\/www.recinzionipvc.com\/fr\/\"},{\"@type\":\"ListItem\",\"position\":2,\"name\":\"Boutique\",\"item\":\"https:\/\/recinzionipvc.com\/fr\/boutique\/\"},{\"@type\":\"ListItem\",\"position\":3,\"name\":\"Siena Partie Centrale\"}]},{\"@type\":\"WebSite\",\"@id\":\"https:\/\/www.recinzionipvc.com\/it\/#website\",\"url\":\"https:\/\/www.recinzionipvc.com\/it\/\",\"name\":\"Recinzioni PVC\",\"description\":\"La tua prossima recinzione, direttamente creata da te!\",\"potentialAction\":[{\"@type\":\"SearchAction\",\"target\":{\"@type\":\"EntryPoint\",\"urlTemplate\":\"https:\/\/www.recinzionipvc.com\/it\/?s={search_term_string}\"},\"query-input\":\"required name=search_term_string\"}],\"inLanguage\":\"fr-FR\"}]}<\/script>\n<!-- \/ Yoast SEO plugin. -->","yoast_head_json":{"title":"Partie Centrale de notre Cl\u00f4ture en PVC Siena","description":"La Partie Centrale de notre Cl\u00f4ture en PVC, Siena comprend uniquement les panneaux au centre et non les deux poteaux ext\u00e9rieurs","robots":{"index":"index","follow":"follow","max-snippet":"max-snippet:-1","max-image-preview":"max-image-preview:large","max-video-preview":"max-video-preview:-1"},"canonical":"https:\/\/www.recinzionipvc.com\/fr\/produit\/siena-partie-centrale-cloture-en-pvc\/","og_locale":"fr_FR","og_type":"article","og_title":"Partie Centrale de notre Cl\u00f4ture en PVC Siena","og_description":"La Partie Centrale de notre Cl\u00f4ture en PVC, Siena comprend uniquement les panneaux au centre et non les deux poteaux ext\u00e9rieurs","og_url":"https:\/\/www.recinzionipvc.com\/fr\/produit\/siena-partie-centrale-cloture-en-pvc\/","og_site_name":"Recinzioni PVC","article_publisher":"https:\/\/www.facebook.com\/ZucchiRecinzioniPVC","article_modified_time":"2020-12-11T13:36:27+00:00","og_image":[{"width":2560,"height":1440,"url":"https:\/\/www.recinzionipvc.com\/wp-content\/uploads\/2020\/10\/Sienae_FC3_06Trasparente-scaled.jpg","type":"image\/jpeg"}],"twitter_card":"summary_large_image","schema":{"@context":"https:\/\/schema.org","@graph":[{"@type":"WebPage","@id":"https:\/\/www.recinzionipvc.com\/fr\/produit\/siena-partie-centrale-cloture-en-pvc\/","url":"https:\/\/www.recinzionipvc.com\/fr\/produit\/siena-partie-centrale-cloture-en-pvc\/","name":"Partie Centrale de notre Cl\u00f4ture en PVC Siena","isPartOf":{"@id":"https:\/\/www.recinzionipvc.com\/it\/#website"},"primaryImageOfPage":{"@id":"https:\/\/www.recinzionipvc.com\/fr\/produit\/siena-partie-centrale-cloture-en-pvc\/#primaryimage"},"image":{"@id":"https:\/\/www.recinzionipvc.com\/fr\/produit\/siena-partie-centrale-cloture-en-pvc\/#primaryimage"},"thumbnailUrl":"https:\/\/recinzionipvc.com\/wp-content\/uploads\/2020\/10\/Sienae_FC3_06Trasparente-scaled.jpg","datePublished":"2020-10-14T12:18:01+00:00","dateModified":"2020-12-11T13:36:27+00:00","description":"La Partie Centrale de notre Cl\u00f4ture en PVC, Siena comprend uniquement les panneaux au centre et non les deux poteaux ext\u00e9rieurs","breadcrumb":{"@id":"https:\/\/www.recinzionipvc.com\/fr\/produit\/siena-partie-centrale-cloture-en-pvc\/#breadcrumb"},"inLanguage":"fr-FR","potentialAction":[{"@type":"ReadAction","target":["https:\/\/www.recinzionipvc.com\/fr\/produit\/siena-partie-centrale-cloture-en-pvc\/"]}]},{"@type":"ImageObject","inLanguage":"fr-FR","@id":"https:\/\/www.recinzionipvc.com\/fr\/produit\/siena-partie-centrale-cloture-en-pvc\/#primaryimage","url":"https:\/\/recinzionipvc.com\/wp-content\/uploads\/2020\/10\/Sienae_FC3_06Trasparente-scaled.jpg","contentUrl":"https:\/\/recinzionipvc.com\/wp-content\/uploads\/2020\/10\/Sienae_FC3_06Trasparente-scaled.jpg","width":2560,"height":1440},{"@type":"BreadcrumbList","@id":"https:\/\/www.recinzionipvc.com\/fr\/produit\/siena-partie-centrale-cloture-en-pvc\/#breadcrumb","itemListElement":[{"@type":"ListItem","position":1,"name":"Home","item":"https:\/\/www.recinzionipvc.com\/fr\/"},{"@type":"ListItem","position":2,"name":"Boutique","item":"https:\/\/recinzionipvc.com\/fr\/boutique\/"},{"@type":"ListItem","position":3,"name":"Siena Partie Centrale"}]},{"@type":"WebSite","@id":"https:\/\/www.recinzionipvc.com\/it\/#website","url":"https:\/\/www.recinzionipvc.com\/it\/","name":"Recinzioni PVC","description":"La tua prossima recinzione, direttamente creata da te!","potentialAction":[{"@type":"SearchAction","target":{"@type":"EntryPoint","urlTemplate":"https:\/\/www.recinzionipvc.com\/it\/?s={search_term_string}"},"query-input":"required name=search_term_string"}],"inLanguage":"fr-FR"}]}},"_links":{"self":[{"href":"https:\/\/recinzionipvc.com\/fr\/wp-json\/wp\/v2\/product\/6842"}],"collection":[{"href":"https:\/\/recinzionipvc.com\/fr\/wp-json\/wp\/v2\/product"}],"about":[{"href":"https:\/\/recinzionipvc.com\/fr\/wp-json\/wp\/v2\/types\/product"}],"replies":[{"embeddable":true,"href":"https:\/\/recinzionipvc.com\/fr\/wp-json\/wp\/v2\/comments?post=6842"}],"wp:featuredmedia":[{"embeddable":true,"href":"https:\/\/recinzionipvc.com\/fr\/wp-json\/wp\/v2\/media\/7338"}],"wp:attachment":[{"href":"https:\/\/recinzionipvc.com\/fr\/wp-json\/wp\/v2\/media?parent=6842"}],"wp:term":[{"taxonomy":"product_cat","embeddable":true,"href":"https:\/\/recinzionipvc.com\/fr\/wp-json\/wp\/v2\/product_cat?post=6842"},{"taxonomy":"product_tag","embeddable":true,"href":"https:\/\/recinzionipvc.com\/fr\/wp-json\/wp\/v2\/product_tag?post=6842"}],"curies":[{"name":"wp","href":"https:\/\/api.w.org\/{rel}","templated":true}]}}