{"id":6843,"date":"2019-11-20T09:02:05","date_gmt":"2020-10-14T12:19:34","guid":{"rendered":"http:\/\/www.recinzionipvc.com\/prodotto-recinzione-pvc\/siena-pole-de-continuite\/"},"modified":"2020-12-11T15:53:38","modified_gmt":"2020-12-11T13:53:38","slug":"siena-pole-de-continuite-cloture-en-pvc","status":"publish","type":"product","link":"https:\/\/recinzionipvc.com\/fr\/produit\/siena-pole-de-continuite-cloture-en-pvc\/","title":{"rendered":"Siena P\u00f4le de Continuit\u00e9"},"content":{"rendered":"<p id=\"tw-target-text\" class=\"tw-data-text tw-text-large XcVN5d tw-ta\" dir=\"ltr\" data-placeholder=\"Traduzione\"><em><strong><span lang=\"fr\">Poteau de continuit\u00e9 utile pour connecter une partie centrale \u00e0 une autre partie centrale align\u00e9e. <\/span><\/strong><\/em><\/p>\r\n<p class=\"tw-data-text tw-text-large XcVN5d tw-ta\" dir=\"ltr\" data-placeholder=\"Traduzione\"><em><strong><span lang=\"fr\">Hauteurs disponibles: 1,37 mt<\/span><\/strong><\/em><\/p>\r\n<p class=\"tw-data-text tw-text-large XcVN5d tw-ta\" dir=\"ltr\" data-placeholder=\"Traduzione\"><em><strong><span lang=\"fr\"> \u00c0 utiliser uniquement et exclusivement avec le mod\u00e8le <a href=\"https:\/\/www.recinzionipvc.com\/fr\/modeles-de-clotures-en-pvc\/siena\/\">Siena<\/a>.<\/span><\/strong><\/em><\/p>","protected":false},"excerpt":{"rendered":"<strong> <i> Le poteau de continuation a les fraisages en ligne et est utilis\u00e9 lorsqu&rsquo;il est n\u00e9cessaire de continuer la cl\u00f4ture en ligne droite puis de joindre une partie centrale avec une autre partie centrale. <\/i> &lt;\/ fort&gt;<\/strong>\r\n\r\n<strong> <i> Ce type de poteau, lorsqu&rsquo;il s&rsquo;agit d&rsquo;une installation dans le b\u00e9ton, n\u00e9cessite un couplage avec le poteau en acier (qui est s\u00e9par\u00e9) pour pouvoir le fixer et le rendre plus r\u00e9sistant. <\/i> &lt; \/ fort&gt;<\/strong>\r\n\r\n<em> <strong> Ce b\u00e2ton doit \u00eatre utilis\u00e9 uniquement et exclusivement avec le mod\u00e8le <a href=\"https:\/\/www.recinzionipvc.com\/fr\/modeles-de-clotures-en-pvc\/siena\/\">Siena<\/a>. <\/strong> <\/em>","protected":false},"featured_media":6979,"comment_status":"open","ping_status":"closed","template":"","meta":[],"product_cat":[469,593],"product_tag":[473,528,529,472,474],"yoast_head":"<!-- This site is optimized with the Yoast SEO plugin v22.4 - https:\/\/yoast.com\/wordpress\/plugins\/seo\/ -->\n<title>Poteau de Continuation mod\u00e8le Siena pour Cl\u00f4ture PVC<\/title>\n<meta name=\"description\" content=\"Poteau de Continuation, mod\u00e8le Siena pour Cl\u00f4ture PVC: relie une partie centrale \u00e0 une autre partie centrale\" \/>\n<meta name=\"robots\" content=\"index, follow, max-snippet:-1, max-image-preview:large, max-video-preview:-1\" \/>\n<link rel=\"canonical\" href=\"https:\/\/recinzionipvc.com\/fr\/produit\/siena-pole-de-continuite-cloture-en-pvc\/\" \/>\n<meta property=\"og:locale\" content=\"fr_FR\" \/>\n<meta property=\"og:type\" content=\"article\" \/>\n<meta property=\"og:title\" content=\"Poteau de Continuation mod\u00e8le Siena pour Cl\u00f4ture PVC\" \/>\n<meta property=\"og:description\" content=\"Poteau de Continuation, mod\u00e8le Siena pour Cl\u00f4ture PVC: relie une partie centrale \u00e0 une autre partie centrale\" \/>\n<meta property=\"og:url\" content=\"https:\/\/recinzionipvc.com\/fr\/produit\/siena-pole-de-continuite-cloture-en-pvc\/\" \/>\n<meta property=\"og:site_name\" content=\"Recinzioni PVC\" \/>\n<meta property=\"article:publisher\" content=\"https:\/\/www.facebook.com\/ZucchiRecinzioniPVC\" \/>\n<meta property=\"article:modified_time\" content=\"2020-12-11T13:53:38+00:00\" \/>\n<meta property=\"og:image\" content=\"https:\/\/recinzionipvc.com\/wp-content\/uploads\/2020\/09\/palo-continuazione-1.png\" \/>\n\t<meta property=\"og:image:width\" content=\"125\" \/>\n\t<meta property=\"og:image:height\" content=\"132\" \/>\n\t<meta property=\"og:image:type\" content=\"image\/png\" \/>\n<meta name=\"twitter:card\" content=\"summary_large_image\" \/>\n<script type=\"application\/ld+json\" class=\"yoast-schema-graph\">{\"@context\":\"https:\/\/schema.org\",\"@graph\":[{\"@type\":\"WebPage\",\"@id\":\"https:\/\/recinzionipvc.com\/fr\/produit\/siena-pole-de-continuite-cloture-en-pvc\/\",\"url\":\"https:\/\/recinzionipvc.com\/fr\/produit\/siena-pole-de-continuite-cloture-en-pvc\/\",\"name\":\"Poteau de Continuation mod\u00e8le Siena pour Cl\u00f4ture PVC\",\"isPartOf\":{\"@id\":\"https:\/\/recinzionipvc.com\/it\/#website\"},\"primaryImageOfPage\":{\"@id\":\"https:\/\/recinzionipvc.com\/fr\/produit\/siena-pole-de-continuite-cloture-en-pvc\/#primaryimage\"},\"image\":{\"@id\":\"https:\/\/recinzionipvc.com\/fr\/produit\/siena-pole-de-continuite-cloture-en-pvc\/#primaryimage\"},\"thumbnailUrl\":\"https:\/\/recinzionipvc.com\/wp-content\/uploads\/2020\/09\/palo-continuazione-1.png\",\"datePublished\":\"2020-10-14T12:19:34+00:00\",\"dateModified\":\"2020-12-11T13:53:38+00:00\",\"description\":\"Poteau de Continuation, mod\u00e8le Siena pour Cl\u00f4ture PVC: relie une partie centrale \u00e0 une autre partie centrale\",\"breadcrumb\":{\"@id\":\"https:\/\/recinzionipvc.com\/fr\/produit\/siena-pole-de-continuite-cloture-en-pvc\/#breadcrumb\"},\"inLanguage\":\"fr-FR\",\"potentialAction\":[{\"@type\":\"ReadAction\",\"target\":[\"https:\/\/recinzionipvc.com\/fr\/produit\/siena-pole-de-continuite-cloture-en-pvc\/\"]}]},{\"@type\":\"ImageObject\",\"inLanguage\":\"fr-FR\",\"@id\":\"https:\/\/recinzionipvc.com\/fr\/produit\/siena-pole-de-continuite-cloture-en-pvc\/#primaryimage\",\"url\":\"https:\/\/recinzionipvc.com\/wp-content\/uploads\/2020\/09\/palo-continuazione-1.png\",\"contentUrl\":\"https:\/\/recinzionipvc.com\/wp-content\/uploads\/2020\/09\/palo-continuazione-1.png\",\"width\":125,\"height\":132},{\"@type\":\"BreadcrumbList\",\"@id\":\"https:\/\/recinzionipvc.com\/fr\/produit\/siena-pole-de-continuite-cloture-en-pvc\/#breadcrumb\",\"itemListElement\":[{\"@type\":\"ListItem\",\"position\":1,\"name\":\"Home\",\"item\":\"https:\/\/recinzionipvc.com\/fr\/\"},{\"@type\":\"ListItem\",\"position\":2,\"name\":\"Boutique\",\"item\":\"https:\/\/www.recinzionipvc.com\/fr\/boutique\/\"},{\"@type\":\"ListItem\",\"position\":3,\"name\":\"Siena P\u00f4le de Continuit\u00e9\"}]},{\"@type\":\"WebSite\",\"@id\":\"https:\/\/recinzionipvc.com\/it\/#website\",\"url\":\"https:\/\/recinzionipvc.com\/it\/\",\"name\":\"Recinzioni PVC\",\"description\":\"La tua prossima recinzione, direttamente creata da te!\",\"potentialAction\":[{\"@type\":\"SearchAction\",\"target\":{\"@type\":\"EntryPoint\",\"urlTemplate\":\"https:\/\/recinzionipvc.com\/it\/?s={search_term_string}\"},\"query-input\":\"required name=search_term_string\"}],\"inLanguage\":\"fr-FR\"}]}<\/script>\n<!-- \/ Yoast SEO plugin. -->","yoast_head_json":{"title":"Poteau de Continuation mod\u00e8le Siena pour Cl\u00f4ture PVC","description":"Poteau de Continuation, mod\u00e8le Siena pour Cl\u00f4ture PVC: relie une partie centrale \u00e0 une autre partie centrale","robots":{"index":"index","follow":"follow","max-snippet":"max-snippet:-1","max-image-preview":"max-image-preview:large","max-video-preview":"max-video-preview:-1"},"canonical":"https:\/\/recinzionipvc.com\/fr\/produit\/siena-pole-de-continuite-cloture-en-pvc\/","og_locale":"fr_FR","og_type":"article","og_title":"Poteau de Continuation mod\u00e8le Siena pour Cl\u00f4ture PVC","og_description":"Poteau de Continuation, mod\u00e8le Siena pour Cl\u00f4ture PVC: relie une partie centrale \u00e0 une autre partie centrale","og_url":"https:\/\/recinzionipvc.com\/fr\/produit\/siena-pole-de-continuite-cloture-en-pvc\/","og_site_name":"Recinzioni PVC","article_publisher":"https:\/\/www.facebook.com\/ZucchiRecinzioniPVC","article_modified_time":"2020-12-11T13:53:38+00:00","og_image":[{"width":125,"height":132,"url":"https:\/\/recinzionipvc.com\/wp-content\/uploads\/2020\/09\/palo-continuazione-1.png","type":"image\/png"}],"twitter_card":"summary_large_image","schema":{"@context":"https:\/\/schema.org","@graph":[{"@type":"WebPage","@id":"https:\/\/recinzionipvc.com\/fr\/produit\/siena-pole-de-continuite-cloture-en-pvc\/","url":"https:\/\/recinzionipvc.com\/fr\/produit\/siena-pole-de-continuite-cloture-en-pvc\/","name":"Poteau de Continuation mod\u00e8le Siena pour Cl\u00f4ture PVC","isPartOf":{"@id":"https:\/\/recinzionipvc.com\/it\/#website"},"primaryImageOfPage":{"@id":"https:\/\/recinzionipvc.com\/fr\/produit\/siena-pole-de-continuite-cloture-en-pvc\/#primaryimage"},"image":{"@id":"https:\/\/recinzionipvc.com\/fr\/produit\/siena-pole-de-continuite-cloture-en-pvc\/#primaryimage"},"thumbnailUrl":"https:\/\/recinzionipvc.com\/wp-content\/uploads\/2020\/09\/palo-continuazione-1.png","datePublished":"2020-10-14T12:19:34+00:00","dateModified":"2020-12-11T13:53:38+00:00","description":"Poteau de Continuation, mod\u00e8le Siena pour Cl\u00f4ture PVC: relie une partie centrale \u00e0 une autre partie centrale","breadcrumb":{"@id":"https:\/\/recinzionipvc.com\/fr\/produit\/siena-pole-de-continuite-cloture-en-pvc\/#breadcrumb"},"inLanguage":"fr-FR","potentialAction":[{"@type":"ReadAction","target":["https:\/\/recinzionipvc.com\/fr\/produit\/siena-pole-de-continuite-cloture-en-pvc\/"]}]},{"@type":"ImageObject","inLanguage":"fr-FR","@id":"https:\/\/recinzionipvc.com\/fr\/produit\/siena-pole-de-continuite-cloture-en-pvc\/#primaryimage","url":"https:\/\/recinzionipvc.com\/wp-content\/uploads\/2020\/09\/palo-continuazione-1.png","contentUrl":"https:\/\/recinzionipvc.com\/wp-content\/uploads\/2020\/09\/palo-continuazione-1.png","width":125,"height":132},{"@type":"BreadcrumbList","@id":"https:\/\/recinzionipvc.com\/fr\/produit\/siena-pole-de-continuite-cloture-en-pvc\/#breadcrumb","itemListElement":[{"@type":"ListItem","position":1,"name":"Home","item":"https:\/\/recinzionipvc.com\/fr\/"},{"@type":"ListItem","position":2,"name":"Boutique","item":"https:\/\/www.recinzionipvc.com\/fr\/boutique\/"},{"@type":"ListItem","position":3,"name":"Siena P\u00f4le de Continuit\u00e9"}]},{"@type":"WebSite","@id":"https:\/\/recinzionipvc.com\/it\/#website","url":"https:\/\/recinzionipvc.com\/it\/","name":"Recinzioni PVC","description":"La tua prossima recinzione, direttamente creata da te!","potentialAction":[{"@type":"SearchAction","target":{"@type":"EntryPoint","urlTemplate":"https:\/\/recinzionipvc.com\/it\/?s={search_term_string}"},"query-input":"required name=search_term_string"}],"inLanguage":"fr-FR"}]}},"_links":{"self":[{"href":"https:\/\/recinzionipvc.com\/fr\/wp-json\/wp\/v2\/product\/6843"}],"collection":[{"href":"https:\/\/recinzionipvc.com\/fr\/wp-json\/wp\/v2\/product"}],"about":[{"href":"https:\/\/recinzionipvc.com\/fr\/wp-json\/wp\/v2\/types\/product"}],"replies":[{"embeddable":true,"href":"https:\/\/recinzionipvc.com\/fr\/wp-json\/wp\/v2\/comments?post=6843"}],"wp:featuredmedia":[{"embeddable":true,"href":"https:\/\/recinzionipvc.com\/fr\/wp-json\/wp\/v2\/media\/6979"}],"wp:attachment":[{"href":"https:\/\/recinzionipvc.com\/fr\/wp-json\/wp\/v2\/media?parent=6843"}],"wp:term":[{"taxonomy":"product_cat","embeddable":true,"href":"https:\/\/recinzionipvc.com\/fr\/wp-json\/wp\/v2\/product_cat?post=6843"},{"taxonomy":"product_tag","embeddable":true,"href":"https:\/\/recinzionipvc.com\/fr\/wp-json\/wp\/v2\/product_tag?post=6843"}],"curies":[{"name":"wp","href":"https:\/\/api.w.org\/{rel}","templated":true}]}}