{"id":6866,"date":"2020-01-10T14:36:46","date_gmt":"2020-10-14T14:46:04","guid":{"rendered":"http:\/\/www.recinzionipvc.com\/prodotto-recinzione-pvc\/parigi-poteau-terminal\/"},"modified":"2020-12-10T12:53:03","modified_gmt":"2020-12-10T10:53:03","slug":"parigi-poteau-terminal-cloture-en-pvc","status":"publish","type":"product","link":"https:\/\/recinzionipvc.com\/fr\/produit\/parigi-poteau-terminal-cloture-en-pvc\/","title":{"rendered":"Parigi Poteau Terminal"},"content":{"rendered":"<em><strong>Le poteau terminal est utilis\u00e9 pour d\u00e9marrer et terminer la cl\u00f4ture. <\/strong><\/em>\r\n\r\n<em><strong>Hauteurs disponibles: 0.80mt \/ 1.00mt \/ 1.22mt \/ 1.50mt<\/strong><\/em>\r\n<p id=\"tw-target-text\" class=\"tw-data-text tw-text-large XcVN5d tw-ta\" dir=\"ltr\" data-placeholder=\"Traduzione\"><em><strong><span lang=\"fr\">\u00c0 <\/span>utiliser uniquement et exclusivement avec le mod\u00e8le <a href=\"https:\/\/www.recinzionipvc.com\/fr\/modeles-de-clotures-en-pvc\/parigi\/\">Parigi<\/a>.<\/strong><\/em><\/p>","protected":false},"excerpt":{"rendered":"<strong> <i> Le poteau terminal est frais\u00e9 d&rsquo;un seul c\u00f4t\u00e9 et est utilis\u00e9 pour d\u00e9marrer ou terminer la cl\u00f4ture. <\/i> <\/strong>\r\n\r\n<strong> <i> Ce type de poteau, lorsqu&rsquo;il s&rsquo;agit d&rsquo;une installation dans le b\u00e9ton, doit \u00eatre coupl\u00e9 au poteau en acier (qui est s\u00e9par\u00e9) afin de pouvoir le fixer sur un muret ou une base en b\u00e9ton. \/ i&gt; <\/i><\/strong>\r\n\r\n<em> <strong> Ce b\u00e2ton doit \u00eatre utilis\u00e9 uniquement et exclusivement avec le mod\u00e8le <a href=\"https:\/\/www.recinzionipvc.com\/fr\/modeles-de-clotures-en-pvc\/parigi\/\">Parigi <\/a><\/strong> <\/em>","protected":false},"featured_media":6986,"comment_status":"open","ping_status":"closed","template":"","meta":[],"product_cat":[603,469],"product_tag":[604,450,471,483,473,452,613,508,509,453],"yoast_head":"<!-- This site is optimized with the Yoast SEO plugin v22.4 - https:\/\/yoast.com\/wordpress\/plugins\/seo\/ -->\n<title>Poteau Terminal pour Cl\u00f4ture en PVC mod\u00e8le Parigi<\/title>\n<meta name=\"description\" content=\"Poteau Terminal pour Cl\u00f4ture en PVC, mod\u00e8le Parigi: il sert \u00e0 compl\u00e9ter l&#039;extr\u00e9mit\u00e9 de la cl\u00f4ture avec une partie centrale.\" \/>\n<meta name=\"robots\" content=\"index, follow, max-snippet:-1, max-image-preview:large, max-video-preview:-1\" \/>\n<link rel=\"canonical\" href=\"https:\/\/recinzionipvc.com\/fr\/produit\/parigi-poteau-terminal-cloture-en-pvc\/\" \/>\n<meta property=\"og:locale\" content=\"fr_FR\" \/>\n<meta property=\"og:type\" content=\"article\" \/>\n<meta property=\"og:title\" content=\"Poteau Terminal pour Cl\u00f4ture en PVC mod\u00e8le Parigi\" \/>\n<meta property=\"og:description\" content=\"Poteau Terminal pour Cl\u00f4ture en PVC, mod\u00e8le Parigi: il sert \u00e0 compl\u00e9ter l&#039;extr\u00e9mit\u00e9 de la cl\u00f4ture avec une partie centrale.\" \/>\n<meta property=\"og:url\" content=\"https:\/\/recinzionipvc.com\/fr\/produit\/parigi-poteau-terminal-cloture-en-pvc\/\" \/>\n<meta property=\"og:site_name\" content=\"Recinzioni PVC\" \/>\n<meta property=\"article:publisher\" content=\"https:\/\/www.facebook.com\/ZucchiRecinzioniPVC\" \/>\n<meta property=\"article:modified_time\" content=\"2020-12-10T10:53:03+00:00\" \/>\n<meta property=\"og:image\" content=\"https:\/\/recinzionipvc.com\/wp-content\/uploads\/2020\/09\/palo_terminale-1.png\" \/>\n\t<meta property=\"og:image:width\" content=\"125\" \/>\n\t<meta property=\"og:image:height\" content=\"117\" \/>\n\t<meta property=\"og:image:type\" content=\"image\/png\" \/>\n<meta name=\"twitter:card\" content=\"summary_large_image\" \/>\n<script type=\"application\/ld+json\" class=\"yoast-schema-graph\">{\"@context\":\"https:\/\/schema.org\",\"@graph\":[{\"@type\":\"WebPage\",\"@id\":\"https:\/\/recinzionipvc.com\/fr\/produit\/parigi-poteau-terminal-cloture-en-pvc\/\",\"url\":\"https:\/\/recinzionipvc.com\/fr\/produit\/parigi-poteau-terminal-cloture-en-pvc\/\",\"name\":\"Poteau Terminal pour Cl\u00f4ture en PVC mod\u00e8le Parigi\",\"isPartOf\":{\"@id\":\"https:\/\/recinzionipvc.com\/it\/#website\"},\"primaryImageOfPage\":{\"@id\":\"https:\/\/recinzionipvc.com\/fr\/produit\/parigi-poteau-terminal-cloture-en-pvc\/#primaryimage\"},\"image\":{\"@id\":\"https:\/\/recinzionipvc.com\/fr\/produit\/parigi-poteau-terminal-cloture-en-pvc\/#primaryimage\"},\"thumbnailUrl\":\"https:\/\/recinzionipvc.com\/wp-content\/uploads\/2020\/09\/palo_terminale-1.png\",\"datePublished\":\"2020-10-14T14:46:04+00:00\",\"dateModified\":\"2020-12-10T10:53:03+00:00\",\"description\":\"Poteau Terminal pour Cl\u00f4ture en PVC, mod\u00e8le Parigi: il sert \u00e0 compl\u00e9ter l'extr\u00e9mit\u00e9 de la cl\u00f4ture avec une partie centrale.\",\"breadcrumb\":{\"@id\":\"https:\/\/recinzionipvc.com\/fr\/produit\/parigi-poteau-terminal-cloture-en-pvc\/#breadcrumb\"},\"inLanguage\":\"fr-FR\",\"potentialAction\":[{\"@type\":\"ReadAction\",\"target\":[\"https:\/\/recinzionipvc.com\/fr\/produit\/parigi-poteau-terminal-cloture-en-pvc\/\"]}]},{\"@type\":\"ImageObject\",\"inLanguage\":\"fr-FR\",\"@id\":\"https:\/\/recinzionipvc.com\/fr\/produit\/parigi-poteau-terminal-cloture-en-pvc\/#primaryimage\",\"url\":\"https:\/\/recinzionipvc.com\/wp-content\/uploads\/2020\/09\/palo_terminale-1.png\",\"contentUrl\":\"https:\/\/recinzionipvc.com\/wp-content\/uploads\/2020\/09\/palo_terminale-1.png\",\"width\":125,\"height\":117},{\"@type\":\"BreadcrumbList\",\"@id\":\"https:\/\/recinzionipvc.com\/fr\/produit\/parigi-poteau-terminal-cloture-en-pvc\/#breadcrumb\",\"itemListElement\":[{\"@type\":\"ListItem\",\"position\":1,\"name\":\"Home\",\"item\":\"https:\/\/recinzionipvc.com\/fr\/\"},{\"@type\":\"ListItem\",\"position\":2,\"name\":\"Boutique\",\"item\":\"https:\/\/www.recinzionipvc.com\/fr\/boutique\/\"},{\"@type\":\"ListItem\",\"position\":3,\"name\":\"Parigi Poteau Terminal\"}]},{\"@type\":\"WebSite\",\"@id\":\"https:\/\/recinzionipvc.com\/it\/#website\",\"url\":\"https:\/\/recinzionipvc.com\/it\/\",\"name\":\"Recinzioni PVC\",\"description\":\"La tua prossima recinzione, direttamente creata da te!\",\"potentialAction\":[{\"@type\":\"SearchAction\",\"target\":{\"@type\":\"EntryPoint\",\"urlTemplate\":\"https:\/\/recinzionipvc.com\/it\/?s={search_term_string}\"},\"query-input\":\"required name=search_term_string\"}],\"inLanguage\":\"fr-FR\"}]}<\/script>\n<!-- \/ Yoast SEO plugin. -->","yoast_head_json":{"title":"Poteau Terminal pour Cl\u00f4ture en PVC mod\u00e8le Parigi","description":"Poteau Terminal pour Cl\u00f4ture en PVC, mod\u00e8le Parigi: il sert \u00e0 compl\u00e9ter l'extr\u00e9mit\u00e9 de la cl\u00f4ture avec une partie centrale.","robots":{"index":"index","follow":"follow","max-snippet":"max-snippet:-1","max-image-preview":"max-image-preview:large","max-video-preview":"max-video-preview:-1"},"canonical":"https:\/\/recinzionipvc.com\/fr\/produit\/parigi-poteau-terminal-cloture-en-pvc\/","og_locale":"fr_FR","og_type":"article","og_title":"Poteau Terminal pour Cl\u00f4ture en PVC mod\u00e8le Parigi","og_description":"Poteau Terminal pour Cl\u00f4ture en PVC, mod\u00e8le Parigi: il sert \u00e0 compl\u00e9ter l'extr\u00e9mit\u00e9 de la cl\u00f4ture avec une partie centrale.","og_url":"https:\/\/recinzionipvc.com\/fr\/produit\/parigi-poteau-terminal-cloture-en-pvc\/","og_site_name":"Recinzioni PVC","article_publisher":"https:\/\/www.facebook.com\/ZucchiRecinzioniPVC","article_modified_time":"2020-12-10T10:53:03+00:00","og_image":[{"width":125,"height":117,"url":"https:\/\/recinzionipvc.com\/wp-content\/uploads\/2020\/09\/palo_terminale-1.png","type":"image\/png"}],"twitter_card":"summary_large_image","schema":{"@context":"https:\/\/schema.org","@graph":[{"@type":"WebPage","@id":"https:\/\/recinzionipvc.com\/fr\/produit\/parigi-poteau-terminal-cloture-en-pvc\/","url":"https:\/\/recinzionipvc.com\/fr\/produit\/parigi-poteau-terminal-cloture-en-pvc\/","name":"Poteau Terminal pour Cl\u00f4ture en PVC mod\u00e8le Parigi","isPartOf":{"@id":"https:\/\/recinzionipvc.com\/it\/#website"},"primaryImageOfPage":{"@id":"https:\/\/recinzionipvc.com\/fr\/produit\/parigi-poteau-terminal-cloture-en-pvc\/#primaryimage"},"image":{"@id":"https:\/\/recinzionipvc.com\/fr\/produit\/parigi-poteau-terminal-cloture-en-pvc\/#primaryimage"},"thumbnailUrl":"https:\/\/recinzionipvc.com\/wp-content\/uploads\/2020\/09\/palo_terminale-1.png","datePublished":"2020-10-14T14:46:04+00:00","dateModified":"2020-12-10T10:53:03+00:00","description":"Poteau Terminal pour Cl\u00f4ture en PVC, mod\u00e8le Parigi: il sert \u00e0 compl\u00e9ter l'extr\u00e9mit\u00e9 de la cl\u00f4ture avec une partie centrale.","breadcrumb":{"@id":"https:\/\/recinzionipvc.com\/fr\/produit\/parigi-poteau-terminal-cloture-en-pvc\/#breadcrumb"},"inLanguage":"fr-FR","potentialAction":[{"@type":"ReadAction","target":["https:\/\/recinzionipvc.com\/fr\/produit\/parigi-poteau-terminal-cloture-en-pvc\/"]}]},{"@type":"ImageObject","inLanguage":"fr-FR","@id":"https:\/\/recinzionipvc.com\/fr\/produit\/parigi-poteau-terminal-cloture-en-pvc\/#primaryimage","url":"https:\/\/recinzionipvc.com\/wp-content\/uploads\/2020\/09\/palo_terminale-1.png","contentUrl":"https:\/\/recinzionipvc.com\/wp-content\/uploads\/2020\/09\/palo_terminale-1.png","width":125,"height":117},{"@type":"BreadcrumbList","@id":"https:\/\/recinzionipvc.com\/fr\/produit\/parigi-poteau-terminal-cloture-en-pvc\/#breadcrumb","itemListElement":[{"@type":"ListItem","position":1,"name":"Home","item":"https:\/\/recinzionipvc.com\/fr\/"},{"@type":"ListItem","position":2,"name":"Boutique","item":"https:\/\/www.recinzionipvc.com\/fr\/boutique\/"},{"@type":"ListItem","position":3,"name":"Parigi Poteau Terminal"}]},{"@type":"WebSite","@id":"https:\/\/recinzionipvc.com\/it\/#website","url":"https:\/\/recinzionipvc.com\/it\/","name":"Recinzioni PVC","description":"La tua prossima recinzione, direttamente creata da te!","potentialAction":[{"@type":"SearchAction","target":{"@type":"EntryPoint","urlTemplate":"https:\/\/recinzionipvc.com\/it\/?s={search_term_string}"},"query-input":"required name=search_term_string"}],"inLanguage":"fr-FR"}]}},"_links":{"self":[{"href":"https:\/\/recinzionipvc.com\/fr\/wp-json\/wp\/v2\/product\/6866"}],"collection":[{"href":"https:\/\/recinzionipvc.com\/fr\/wp-json\/wp\/v2\/product"}],"about":[{"href":"https:\/\/recinzionipvc.com\/fr\/wp-json\/wp\/v2\/types\/product"}],"replies":[{"embeddable":true,"href":"https:\/\/recinzionipvc.com\/fr\/wp-json\/wp\/v2\/comments?post=6866"}],"wp:featuredmedia":[{"embeddable":true,"href":"https:\/\/recinzionipvc.com\/fr\/wp-json\/wp\/v2\/media\/6986"}],"wp:attachment":[{"href":"https:\/\/recinzionipvc.com\/fr\/wp-json\/wp\/v2\/media?parent=6866"}],"wp:term":[{"taxonomy":"product_cat","embeddable":true,"href":"https:\/\/recinzionipvc.com\/fr\/wp-json\/wp\/v2\/product_cat?post=6866"},{"taxonomy":"product_tag","embeddable":true,"href":"https:\/\/recinzionipvc.com\/fr\/wp-json\/wp\/v2\/product_tag?post=6866"}],"curies":[{"name":"wp","href":"https:\/\/api.w.org\/{rel}","templated":true}]}}