{"id":6869,"date":"2019-12-10T16:22:38","date_gmt":"2020-10-15T06:36:49","guid":{"rendered":"http:\/\/www.recinzionipvc.com\/prodotto-recinzione-pvc\/chapiteau-gothic\/"},"modified":"2020-11-09T10:44:57","modified_gmt":"2020-11-09T08:44:57","slug":"chapiteau-gothic","status":"publish","type":"product","link":"https:\/\/recinzionipvc.com\/fr\/produit\/chapiteau-gothic\/","title":{"rendered":"Chapiteau Gothic"},"content":{"rendered":"<p id=\"tw-target-text\" class=\"tw-data-text tw-text-large XcVN5d tw-ta\" dir=\"ltr\" data-placeholder=\"Traduzione\"><strong><em><span lang=\"fr\">Chapiteau gothique, rappelant les pointes des fl\u00e8ches des cath\u00e9drales gothiques. Ce chapiteau donnera \u00e0 votre cl\u00f4ture un style plus vigoureux et distinct.<\/span><\/em><\/strong><\/p>","protected":false},"excerpt":{"rendered":"<em> <strong> Chapiteau \u00e9l\u00e9gant et sinueux, donne une touche de classicisme \u00e0 la cl\u00f4ture mais sans exag\u00e9rer. <\/strong> <\/em>\r\n\r\n<em> <strong> Id\u00e9al pour ceux qui veulent une capitale raffin\u00e9e mais simple. <\/strong> <\/em>\r\n\r\n<em> <strong> Convient \u00e0 tout type de cl\u00f4ture. <\/strong> <\/em>\r\n\r\n&amp; nbsp;\r\n\r\n&amp; nbsp;","protected":false},"featured_media":7655,"comment_status":"open","ping_status":"closed","template":"","meta":[],"product_cat":[619,597],"product_tag":[539,557,558,450,471,452,459,457,466,465,461,464,458,462,463,455,454,460,518,470,498,451,453,456],"yoast_head":"<!-- This site is optimized with the Yoast SEO plugin v22.4 - https:\/\/yoast.com\/wordpress\/plugins\/seo\/ -->\n<title>Chapiteau Gothic - Recinzioni PVC<\/title>\n<meta name=\"robots\" content=\"index, follow, max-snippet:-1, max-image-preview:large, max-video-preview:-1\" \/>\n<link rel=\"canonical\" href=\"https:\/\/recinzionipvc.com\/fr\/produit\/chapiteau-gothic\/\" \/>\n<meta property=\"og:locale\" content=\"fr_FR\" \/>\n<meta property=\"og:type\" content=\"article\" \/>\n<meta property=\"og:title\" content=\"Chapiteau Gothic - Recinzioni PVC\" \/>\n<meta property=\"og:description\" content=\"Chapiteau \u00e9l\u00e9gant et sinueux, donne une touche de classicisme \u00e0 la cl\u00f4ture mais sans exag\u00e9rer.    Id\u00e9al pour ceux qui veulent une capitale raffin\u00e9e mais simple.    Convient \u00e0 tout type de cl\u00f4ture.   &amp; nbsp;  &amp; nbsp;\" \/>\n<meta property=\"og:url\" content=\"https:\/\/recinzionipvc.com\/fr\/produit\/chapiteau-gothic\/\" \/>\n<meta property=\"og:site_name\" content=\"Recinzioni PVC\" \/>\n<meta property=\"article:publisher\" content=\"https:\/\/www.facebook.com\/ZucchiRecinzioniPVC\" \/>\n<meta property=\"article:modified_time\" content=\"2020-11-09T08:44:57+00:00\" \/>\n<meta property=\"og:image\" content=\"https:\/\/recinzionipvc.com\/wp-content\/uploads\/2020\/10\/capitello_gothic_cap.png\" \/>\n\t<meta property=\"og:image:width\" content=\"125\" \/>\n\t<meta property=\"og:image:height\" content=\"125\" \/>\n\t<meta property=\"og:image:type\" content=\"image\/png\" \/>\n<meta name=\"twitter:card\" content=\"summary_large_image\" \/>\n<script type=\"application\/ld+json\" class=\"yoast-schema-graph\">{\"@context\":\"https:\/\/schema.org\",\"@graph\":[{\"@type\":\"WebPage\",\"@id\":\"https:\/\/recinzionipvc.com\/fr\/produit\/chapiteau-gothic\/\",\"url\":\"https:\/\/recinzionipvc.com\/fr\/produit\/chapiteau-gothic\/\",\"name\":\"Chapiteau Gothic - Recinzioni PVC\",\"isPartOf\":{\"@id\":\"https:\/\/recinzionipvc.com\/it\/#website\"},\"primaryImageOfPage\":{\"@id\":\"https:\/\/recinzionipvc.com\/fr\/produit\/chapiteau-gothic\/#primaryimage\"},\"image\":{\"@id\":\"https:\/\/recinzionipvc.com\/fr\/produit\/chapiteau-gothic\/#primaryimage\"},\"thumbnailUrl\":\"https:\/\/recinzionipvc.com\/wp-content\/uploads\/2020\/10\/capitello_gothic_cap.png\",\"datePublished\":\"2020-10-15T06:36:49+00:00\",\"dateModified\":\"2020-11-09T08:44:57+00:00\",\"breadcrumb\":{\"@id\":\"https:\/\/recinzionipvc.com\/fr\/produit\/chapiteau-gothic\/#breadcrumb\"},\"inLanguage\":\"fr-FR\",\"potentialAction\":[{\"@type\":\"ReadAction\",\"target\":[\"https:\/\/recinzionipvc.com\/fr\/produit\/chapiteau-gothic\/\"]}]},{\"@type\":\"ImageObject\",\"inLanguage\":\"fr-FR\",\"@id\":\"https:\/\/recinzionipvc.com\/fr\/produit\/chapiteau-gothic\/#primaryimage\",\"url\":\"https:\/\/recinzionipvc.com\/wp-content\/uploads\/2020\/10\/capitello_gothic_cap.png\",\"contentUrl\":\"https:\/\/recinzionipvc.com\/wp-content\/uploads\/2020\/10\/capitello_gothic_cap.png\",\"width\":125,\"height\":125},{\"@type\":\"BreadcrumbList\",\"@id\":\"https:\/\/recinzionipvc.com\/fr\/produit\/chapiteau-gothic\/#breadcrumb\",\"itemListElement\":[{\"@type\":\"ListItem\",\"position\":1,\"name\":\"Home\",\"item\":\"https:\/\/recinzionipvc.com\/fr\/\"},{\"@type\":\"ListItem\",\"position\":2,\"name\":\"Boutique\",\"item\":\"https:\/\/www.recinzionipvc.com\/fr\/boutique\/\"},{\"@type\":\"ListItem\",\"position\":3,\"name\":\"Chapiteau Gothic\"}]},{\"@type\":\"WebSite\",\"@id\":\"https:\/\/recinzionipvc.com\/it\/#website\",\"url\":\"https:\/\/recinzionipvc.com\/it\/\",\"name\":\"Recinzioni PVC\",\"description\":\"La tua prossima recinzione, direttamente creata da te!\",\"potentialAction\":[{\"@type\":\"SearchAction\",\"target\":{\"@type\":\"EntryPoint\",\"urlTemplate\":\"https:\/\/recinzionipvc.com\/it\/?s={search_term_string}\"},\"query-input\":\"required name=search_term_string\"}],\"inLanguage\":\"fr-FR\"}]}<\/script>\n<!-- \/ Yoast SEO plugin. -->","yoast_head_json":{"title":"Chapiteau Gothic - Recinzioni PVC","robots":{"index":"index","follow":"follow","max-snippet":"max-snippet:-1","max-image-preview":"max-image-preview:large","max-video-preview":"max-video-preview:-1"},"canonical":"https:\/\/recinzionipvc.com\/fr\/produit\/chapiteau-gothic\/","og_locale":"fr_FR","og_type":"article","og_title":"Chapiteau Gothic - Recinzioni PVC","og_description":"Chapiteau \u00e9l\u00e9gant et sinueux, donne une touche de classicisme \u00e0 la cl\u00f4ture mais sans exag\u00e9rer.    Id\u00e9al pour ceux qui veulent une capitale raffin\u00e9e mais simple.    Convient \u00e0 tout type de cl\u00f4ture.   &amp; nbsp;  &amp; nbsp;","og_url":"https:\/\/recinzionipvc.com\/fr\/produit\/chapiteau-gothic\/","og_site_name":"Recinzioni PVC","article_publisher":"https:\/\/www.facebook.com\/ZucchiRecinzioniPVC","article_modified_time":"2020-11-09T08:44:57+00:00","og_image":[{"width":125,"height":125,"url":"https:\/\/recinzionipvc.com\/wp-content\/uploads\/2020\/10\/capitello_gothic_cap.png","type":"image\/png"}],"twitter_card":"summary_large_image","schema":{"@context":"https:\/\/schema.org","@graph":[{"@type":"WebPage","@id":"https:\/\/recinzionipvc.com\/fr\/produit\/chapiteau-gothic\/","url":"https:\/\/recinzionipvc.com\/fr\/produit\/chapiteau-gothic\/","name":"Chapiteau Gothic - Recinzioni PVC","isPartOf":{"@id":"https:\/\/recinzionipvc.com\/it\/#website"},"primaryImageOfPage":{"@id":"https:\/\/recinzionipvc.com\/fr\/produit\/chapiteau-gothic\/#primaryimage"},"image":{"@id":"https:\/\/recinzionipvc.com\/fr\/produit\/chapiteau-gothic\/#primaryimage"},"thumbnailUrl":"https:\/\/recinzionipvc.com\/wp-content\/uploads\/2020\/10\/capitello_gothic_cap.png","datePublished":"2020-10-15T06:36:49+00:00","dateModified":"2020-11-09T08:44:57+00:00","breadcrumb":{"@id":"https:\/\/recinzionipvc.com\/fr\/produit\/chapiteau-gothic\/#breadcrumb"},"inLanguage":"fr-FR","potentialAction":[{"@type":"ReadAction","target":["https:\/\/recinzionipvc.com\/fr\/produit\/chapiteau-gothic\/"]}]},{"@type":"ImageObject","inLanguage":"fr-FR","@id":"https:\/\/recinzionipvc.com\/fr\/produit\/chapiteau-gothic\/#primaryimage","url":"https:\/\/recinzionipvc.com\/wp-content\/uploads\/2020\/10\/capitello_gothic_cap.png","contentUrl":"https:\/\/recinzionipvc.com\/wp-content\/uploads\/2020\/10\/capitello_gothic_cap.png","width":125,"height":125},{"@type":"BreadcrumbList","@id":"https:\/\/recinzionipvc.com\/fr\/produit\/chapiteau-gothic\/#breadcrumb","itemListElement":[{"@type":"ListItem","position":1,"name":"Home","item":"https:\/\/recinzionipvc.com\/fr\/"},{"@type":"ListItem","position":2,"name":"Boutique","item":"https:\/\/www.recinzionipvc.com\/fr\/boutique\/"},{"@type":"ListItem","position":3,"name":"Chapiteau Gothic"}]},{"@type":"WebSite","@id":"https:\/\/recinzionipvc.com\/it\/#website","url":"https:\/\/recinzionipvc.com\/it\/","name":"Recinzioni PVC","description":"La tua prossima recinzione, direttamente creata da te!","potentialAction":[{"@type":"SearchAction","target":{"@type":"EntryPoint","urlTemplate":"https:\/\/recinzionipvc.com\/it\/?s={search_term_string}"},"query-input":"required name=search_term_string"}],"inLanguage":"fr-FR"}]}},"_links":{"self":[{"href":"https:\/\/recinzionipvc.com\/fr\/wp-json\/wp\/v2\/product\/6869"}],"collection":[{"href":"https:\/\/recinzionipvc.com\/fr\/wp-json\/wp\/v2\/product"}],"about":[{"href":"https:\/\/recinzionipvc.com\/fr\/wp-json\/wp\/v2\/types\/product"}],"replies":[{"embeddable":true,"href":"https:\/\/recinzionipvc.com\/fr\/wp-json\/wp\/v2\/comments?post=6869"}],"wp:featuredmedia":[{"embeddable":true,"href":"https:\/\/recinzionipvc.com\/fr\/wp-json\/wp\/v2\/media\/7655"}],"wp:attachment":[{"href":"https:\/\/recinzionipvc.com\/fr\/wp-json\/wp\/v2\/media?parent=6869"}],"wp:term":[{"taxonomy":"product_cat","embeddable":true,"href":"https:\/\/recinzionipvc.com\/fr\/wp-json\/wp\/v2\/product_cat?post=6869"},{"taxonomy":"product_tag","embeddable":true,"href":"https:\/\/recinzionipvc.com\/fr\/wp-json\/wp\/v2\/product_tag?post=6869"}],"curies":[{"name":"wp","href":"https:\/\/api.w.org\/{rel}","templated":true}]}}