{"id":6883,"date":"2019-08-02T15:22:05","date_gmt":"2020-10-15T07:17:05","guid":{"rendered":"http:\/\/www.recinzionipvc.com\/prodotto-recinzione-pvc\/couvercle-de-plaque\/"},"modified":"2020-11-09T10:48:00","modified_gmt":"2020-11-09T08:48:00","slug":"couvercle-de-plaque","status":"publish","type":"product","link":"https:\/\/recinzionipvc.com\/fr\/produit\/couvercle-de-plaque\/","title":{"rendered":"Couvercle de plaque"},"content":{"rendered":"<p id=\"tw-target-text\" class=\"tw-data-text tw-text-large XcVN5d tw-ta\" dir=\"ltr\" data-placeholder=\"Traduzione\"><strong><em><span lang=\"fr\">Le couvercle de plaque sert \u00e0 couvrir les dimensions globales de la plaque d&rsquo;acier qui d\u00e9passent les dimensions du poteau en PVC.<\/span><\/em><\/strong><\/p>","protected":false},"excerpt":{"rendered":"<em> <strong> La plaque de recouvrement est utilis\u00e9e uniquement dans les installations sur b\u00e9ton. <\/strong> <\/em>\r\n<em> <strong> Il doit \u00eatre utilis\u00e9 sur tout type de poteau: terminal, continuation, angle et vierge. <\/strong> <\/em>","protected":false},"featured_media":7711,"comment_status":"open","ping_status":"closed","template":"","meta":[],"product_cat":[469],"product_tag":[633,631,632,602,630],"yoast_head":"<!-- This site is optimized with the Yoast SEO plugin v22.4 - https:\/\/yoast.com\/wordpress\/plugins\/seo\/ -->\n<title>Couvercle de plaque - Recinzioni PVC<\/title>\n<meta name=\"robots\" content=\"index, follow, max-snippet:-1, max-image-preview:large, max-video-preview:-1\" \/>\n<link rel=\"canonical\" href=\"https:\/\/recinzionipvc.com\/fr\/produit\/couvercle-de-plaque\/\" \/>\n<meta property=\"og:locale\" content=\"fr_FR\" \/>\n<meta property=\"og:type\" content=\"article\" \/>\n<meta property=\"og:title\" content=\"Couvercle de plaque - Recinzioni PVC\" \/>\n<meta property=\"og:description\" content=\"La plaque de recouvrement est utilis\u00e9e uniquement dans les installations sur b\u00e9ton.   Il doit \u00eatre utilis\u00e9 sur tout type de poteau: terminal, continuation, angle et vierge.\" \/>\n<meta property=\"og:url\" content=\"https:\/\/recinzionipvc.com\/fr\/produit\/couvercle-de-plaque\/\" \/>\n<meta property=\"og:site_name\" content=\"Recinzioni PVC\" \/>\n<meta property=\"article:publisher\" content=\"https:\/\/www.facebook.com\/ZucchiRecinzioniPVC\" \/>\n<meta property=\"article:modified_time\" content=\"2020-11-09T08:48:00+00:00\" \/>\n<meta property=\"og:image\" content=\"https:\/\/recinzionipvc.com\/wp-content\/uploads\/2020\/10\/copripiastra.jpg\" \/>\n\t<meta property=\"og:image:width\" content=\"233\" \/>\n\t<meta property=\"og:image:height\" content=\"226\" \/>\n\t<meta property=\"og:image:type\" content=\"image\/jpeg\" \/>\n<meta name=\"twitter:card\" content=\"summary_large_image\" \/>\n<script type=\"application\/ld+json\" class=\"yoast-schema-graph\">{\"@context\":\"https:\/\/schema.org\",\"@graph\":[{\"@type\":\"WebPage\",\"@id\":\"https:\/\/recinzionipvc.com\/fr\/produit\/couvercle-de-plaque\/\",\"url\":\"https:\/\/recinzionipvc.com\/fr\/produit\/couvercle-de-plaque\/\",\"name\":\"Couvercle de plaque - Recinzioni PVC\",\"isPartOf\":{\"@id\":\"https:\/\/recinzionipvc.com\/it\/#website\"},\"primaryImageOfPage\":{\"@id\":\"https:\/\/recinzionipvc.com\/fr\/produit\/couvercle-de-plaque\/#primaryimage\"},\"image\":{\"@id\":\"https:\/\/recinzionipvc.com\/fr\/produit\/couvercle-de-plaque\/#primaryimage\"},\"thumbnailUrl\":\"https:\/\/recinzionipvc.com\/wp-content\/uploads\/2020\/10\/copripiastra.jpg\",\"datePublished\":\"2020-10-15T07:17:05+00:00\",\"dateModified\":\"2020-11-09T08:48:00+00:00\",\"breadcrumb\":{\"@id\":\"https:\/\/recinzionipvc.com\/fr\/produit\/couvercle-de-plaque\/#breadcrumb\"},\"inLanguage\":\"fr-FR\",\"potentialAction\":[{\"@type\":\"ReadAction\",\"target\":[\"https:\/\/recinzionipvc.com\/fr\/produit\/couvercle-de-plaque\/\"]}]},{\"@type\":\"ImageObject\",\"inLanguage\":\"fr-FR\",\"@id\":\"https:\/\/recinzionipvc.com\/fr\/produit\/couvercle-de-plaque\/#primaryimage\",\"url\":\"https:\/\/recinzionipvc.com\/wp-content\/uploads\/2020\/10\/copripiastra.jpg\",\"contentUrl\":\"https:\/\/recinzionipvc.com\/wp-content\/uploads\/2020\/10\/copripiastra.jpg\",\"width\":233,\"height\":226},{\"@type\":\"BreadcrumbList\",\"@id\":\"https:\/\/recinzionipvc.com\/fr\/produit\/couvercle-de-plaque\/#breadcrumb\",\"itemListElement\":[{\"@type\":\"ListItem\",\"position\":1,\"name\":\"Home\",\"item\":\"https:\/\/recinzionipvc.com\/fr\/\"},{\"@type\":\"ListItem\",\"position\":2,\"name\":\"Boutique\",\"item\":\"https:\/\/www.recinzionipvc.com\/fr\/boutique\/\"},{\"@type\":\"ListItem\",\"position\":3,\"name\":\"Couvercle de plaque\"}]},{\"@type\":\"WebSite\",\"@id\":\"https:\/\/recinzionipvc.com\/it\/#website\",\"url\":\"https:\/\/recinzionipvc.com\/it\/\",\"name\":\"Recinzioni PVC\",\"description\":\"La tua prossima recinzione, direttamente creata da te!\",\"potentialAction\":[{\"@type\":\"SearchAction\",\"target\":{\"@type\":\"EntryPoint\",\"urlTemplate\":\"https:\/\/recinzionipvc.com\/it\/?s={search_term_string}\"},\"query-input\":\"required name=search_term_string\"}],\"inLanguage\":\"fr-FR\"}]}<\/script>\n<!-- \/ Yoast SEO plugin. -->","yoast_head_json":{"title":"Couvercle de plaque - Recinzioni PVC","robots":{"index":"index","follow":"follow","max-snippet":"max-snippet:-1","max-image-preview":"max-image-preview:large","max-video-preview":"max-video-preview:-1"},"canonical":"https:\/\/recinzionipvc.com\/fr\/produit\/couvercle-de-plaque\/","og_locale":"fr_FR","og_type":"article","og_title":"Couvercle de plaque - Recinzioni PVC","og_description":"La plaque de recouvrement est utilis\u00e9e uniquement dans les installations sur b\u00e9ton.   Il doit \u00eatre utilis\u00e9 sur tout type de poteau: terminal, continuation, angle et vierge.","og_url":"https:\/\/recinzionipvc.com\/fr\/produit\/couvercle-de-plaque\/","og_site_name":"Recinzioni PVC","article_publisher":"https:\/\/www.facebook.com\/ZucchiRecinzioniPVC","article_modified_time":"2020-11-09T08:48:00+00:00","og_image":[{"width":233,"height":226,"url":"https:\/\/recinzionipvc.com\/wp-content\/uploads\/2020\/10\/copripiastra.jpg","type":"image\/jpeg"}],"twitter_card":"summary_large_image","schema":{"@context":"https:\/\/schema.org","@graph":[{"@type":"WebPage","@id":"https:\/\/recinzionipvc.com\/fr\/produit\/couvercle-de-plaque\/","url":"https:\/\/recinzionipvc.com\/fr\/produit\/couvercle-de-plaque\/","name":"Couvercle de plaque - Recinzioni PVC","isPartOf":{"@id":"https:\/\/recinzionipvc.com\/it\/#website"},"primaryImageOfPage":{"@id":"https:\/\/recinzionipvc.com\/fr\/produit\/couvercle-de-plaque\/#primaryimage"},"image":{"@id":"https:\/\/recinzionipvc.com\/fr\/produit\/couvercle-de-plaque\/#primaryimage"},"thumbnailUrl":"https:\/\/recinzionipvc.com\/wp-content\/uploads\/2020\/10\/copripiastra.jpg","datePublished":"2020-10-15T07:17:05+00:00","dateModified":"2020-11-09T08:48:00+00:00","breadcrumb":{"@id":"https:\/\/recinzionipvc.com\/fr\/produit\/couvercle-de-plaque\/#breadcrumb"},"inLanguage":"fr-FR","potentialAction":[{"@type":"ReadAction","target":["https:\/\/recinzionipvc.com\/fr\/produit\/couvercle-de-plaque\/"]}]},{"@type":"ImageObject","inLanguage":"fr-FR","@id":"https:\/\/recinzionipvc.com\/fr\/produit\/couvercle-de-plaque\/#primaryimage","url":"https:\/\/recinzionipvc.com\/wp-content\/uploads\/2020\/10\/copripiastra.jpg","contentUrl":"https:\/\/recinzionipvc.com\/wp-content\/uploads\/2020\/10\/copripiastra.jpg","width":233,"height":226},{"@type":"BreadcrumbList","@id":"https:\/\/recinzionipvc.com\/fr\/produit\/couvercle-de-plaque\/#breadcrumb","itemListElement":[{"@type":"ListItem","position":1,"name":"Home","item":"https:\/\/recinzionipvc.com\/fr\/"},{"@type":"ListItem","position":2,"name":"Boutique","item":"https:\/\/www.recinzionipvc.com\/fr\/boutique\/"},{"@type":"ListItem","position":3,"name":"Couvercle de plaque"}]},{"@type":"WebSite","@id":"https:\/\/recinzionipvc.com\/it\/#website","url":"https:\/\/recinzionipvc.com\/it\/","name":"Recinzioni PVC","description":"La tua prossima recinzione, direttamente creata da te!","potentialAction":[{"@type":"SearchAction","target":{"@type":"EntryPoint","urlTemplate":"https:\/\/recinzionipvc.com\/it\/?s={search_term_string}"},"query-input":"required name=search_term_string"}],"inLanguage":"fr-FR"}]}},"_links":{"self":[{"href":"https:\/\/recinzionipvc.com\/fr\/wp-json\/wp\/v2\/product\/6883"}],"collection":[{"href":"https:\/\/recinzionipvc.com\/fr\/wp-json\/wp\/v2\/product"}],"about":[{"href":"https:\/\/recinzionipvc.com\/fr\/wp-json\/wp\/v2\/types\/product"}],"replies":[{"embeddable":true,"href":"https:\/\/recinzionipvc.com\/fr\/wp-json\/wp\/v2\/comments?post=6883"}],"wp:featuredmedia":[{"embeddable":true,"href":"https:\/\/recinzionipvc.com\/fr\/wp-json\/wp\/v2\/media\/7711"}],"wp:attachment":[{"href":"https:\/\/recinzionipvc.com\/fr\/wp-json\/wp\/v2\/media?parent=6883"}],"wp:term":[{"taxonomy":"product_cat","embeddable":true,"href":"https:\/\/recinzionipvc.com\/fr\/wp-json\/wp\/v2\/product_cat?post=6883"},{"taxonomy":"product_tag","embeddable":true,"href":"https:\/\/recinzionipvc.com\/fr\/wp-json\/wp\/v2\/product_tag?post=6883"}],"curies":[{"name":"wp","href":"https:\/\/api.w.org\/{rel}","templated":true}]}}