{"id":7767,"date":"2019-05-10T13:19:03","date_gmt":"2019-05-10T11:19:03","guid":{"rendered":"http:\/\/www.recinzionipvc.com\/prodotto-recinzione-pvc\/parigi\/"},"modified":"2020-12-10T12:01:06","modified_gmt":"2020-12-10T10:01:06","slug":"parigi-partie-centrale-cloture-en-pvc","status":"publish","type":"product","link":"https:\/\/recinzionipvc.com\/fr\/produit\/parigi-partie-centrale-cloture-en-pvc\/","title":{"rendered":"Parigi Partie Centrale"},"content":{"rendered":"<p id=\"tw-target-text\" class=\"tw-data-text tw-text-large XcVN5d tw-ta\" dir=\"ltr\" data-placeholder=\"Traduzione\"><em><strong><span lang=\"fr\">Notre cl\u00f4ture PVC, mod\u00e8le <a href=\"https:\/\/www.recinzionipvc.com\/fr\/modeles-de-clotures-en-pvc\/parigi\/\">Parigi<\/a>, est id\u00e9ale pour ceux qui recherchent l&rsquo;\u00e9l\u00e9gance et le classicisme dans leur cl\u00f4ture, sans pour autant abandonner la lin\u00e9arit\u00e9 et l&rsquo;\u00e9l\u00e9gance. <\/span><\/strong><\/em><\/p>\r\n<p class=\"tw-data-text tw-text-large XcVN5d tw-ta\" dir=\"ltr\" data-placeholder=\"Traduzione\"><em><strong><span lang=\"fr\">Le mod\u00e8le <a href=\"https:\/\/www.recinzionipvc.com\/fr\/modeles-de-clotures-en-pvc\/parigi\/\">Parigi<\/a> fait partie de la famille <a href=\"https:\/\/www.recinzionipvc.com\/fr\/familles-de-clotures-en-pvc-cinq-modeles-differents\/classic\/\">Classic<\/a>.<\/span><\/strong><\/em><\/p>","protected":false},"excerpt":{"rendered":"<p id=\"tw-target-text\" class=\"tw-data-text tw-text-large XcVN5d tw-ta\" dir=\"ltr\" data-placeholder=\"Traduzione\"><strong><em><span lang=\"fr\">Notre cl\u00f4ture PVC, mod\u00e8le <a href=\"https:\/\/www.recinzionipvc.com\/fr\/modeles-de-clotures-en-pvc\/parigi\/\">Parigi<\/a>, se caract\u00e9rise par une \u00e9l\u00e9gante lin\u00e9arit\u00e9 des poteaux, rappelant ainsi les grands films du pass\u00e9. Pour les amoureux des grands classiques, cette cl\u00f4ture en PVC est le choix id\u00e9al. (La partie centrale est d\u00e9mont\u00e9e pour l&rsquo;exp\u00e9dition et n&rsquo;inclut pas les poteaux externes)<\/span><\/em><\/strong><\/p>","protected":false},"featured_media":7769,"comment_status":"open","ping_status":"closed","template":"","meta":[],"product_cat":[446,447,603,449],"product_tag":[450,471,452,459,457,466,465,461,464,458,462,463,455,454,460,518,451,499,453,456],"yoast_head":"<!-- This site is optimized with the Yoast SEO plugin v22.4 - https:\/\/yoast.com\/wordpress\/plugins\/seo\/ -->\n<title>Partie Centrale_Famille de Cl\u00f4ture en PVC_Parigi<\/title>\n<meta name=\"description\" content=\"Partie Centrale de notre famille de Cl\u00f4ture en PVC, Parigi, comprend uniquement les panneaux au centre et non les deux poteaux externes\" \/>\n<meta name=\"robots\" content=\"index, follow, max-snippet:-1, max-image-preview:large, max-video-preview:-1\" \/>\n<link rel=\"canonical\" href=\"https:\/\/www.recinzionipvc.com\/fr\/produit\/parigi-partie-centrale-cloture-en-pvc\/\" \/>\n<meta property=\"og:locale\" content=\"fr_FR\" \/>\n<meta property=\"og:type\" content=\"article\" \/>\n<meta property=\"og:title\" content=\"Partie Centrale_Famille de Cl\u00f4ture en PVC_Parigi\" \/>\n<meta property=\"og:description\" content=\"Partie Centrale de notre famille de Cl\u00f4ture en PVC, Parigi, comprend uniquement les panneaux au centre et non les deux poteaux externes\" \/>\n<meta property=\"og:url\" content=\"https:\/\/www.recinzionipvc.com\/fr\/produit\/parigi-partie-centrale-cloture-en-pvc\/\" \/>\n<meta property=\"og:site_name\" content=\"Recinzioni PVC\" \/>\n<meta property=\"article:publisher\" content=\"https:\/\/www.facebook.com\/ZucchiRecinzioniPVC\" \/>\n<meta property=\"article:modified_time\" content=\"2020-12-10T10:01:06+00:00\" \/>\n<meta property=\"og:image\" content=\"https:\/\/www.recinzionipvc.com\/wp-content\/uploads\/2019\/05\/Parigi_FD1_06-Trasparente-scaled.jpg\" \/>\n\t<meta property=\"og:image:width\" content=\"2560\" \/>\n\t<meta property=\"og:image:height\" content=\"1440\" \/>\n\t<meta property=\"og:image:type\" content=\"image\/jpeg\" \/>\n<meta name=\"twitter:card\" content=\"summary_large_image\" \/>\n<script type=\"application\/ld+json\" class=\"yoast-schema-graph\">{\"@context\":\"https:\/\/schema.org\",\"@graph\":[{\"@type\":\"WebPage\",\"@id\":\"https:\/\/www.recinzionipvc.com\/fr\/produit\/parigi-partie-centrale-cloture-en-pvc\/\",\"url\":\"https:\/\/www.recinzionipvc.com\/fr\/produit\/parigi-partie-centrale-cloture-en-pvc\/\",\"name\":\"Partie Centrale_Famille de Cl\u00f4ture en PVC_Parigi\",\"isPartOf\":{\"@id\":\"https:\/\/www.recinzionipvc.com\/it\/#website\"},\"primaryImageOfPage\":{\"@id\":\"https:\/\/www.recinzionipvc.com\/fr\/produit\/parigi-partie-centrale-cloture-en-pvc\/#primaryimage\"},\"image\":{\"@id\":\"https:\/\/www.recinzionipvc.com\/fr\/produit\/parigi-partie-centrale-cloture-en-pvc\/#primaryimage\"},\"thumbnailUrl\":\"https:\/\/recinzionipvc.com\/wp-content\/uploads\/2019\/05\/Parigi_FD1_06-Trasparente-scaled.jpg\",\"datePublished\":\"2019-05-10T11:19:03+00:00\",\"dateModified\":\"2020-12-10T10:01:06+00:00\",\"description\":\"Partie Centrale de notre famille de Cl\u00f4ture en PVC, Parigi, comprend uniquement les panneaux au centre et non les deux poteaux externes\",\"breadcrumb\":{\"@id\":\"https:\/\/www.recinzionipvc.com\/fr\/produit\/parigi-partie-centrale-cloture-en-pvc\/#breadcrumb\"},\"inLanguage\":\"fr-FR\",\"potentialAction\":[{\"@type\":\"ReadAction\",\"target\":[\"https:\/\/www.recinzionipvc.com\/fr\/produit\/parigi-partie-centrale-cloture-en-pvc\/\"]}]},{\"@type\":\"ImageObject\",\"inLanguage\":\"fr-FR\",\"@id\":\"https:\/\/www.recinzionipvc.com\/fr\/produit\/parigi-partie-centrale-cloture-en-pvc\/#primaryimage\",\"url\":\"https:\/\/recinzionipvc.com\/wp-content\/uploads\/2019\/05\/Parigi_FD1_06-Trasparente-scaled.jpg\",\"contentUrl\":\"https:\/\/recinzionipvc.com\/wp-content\/uploads\/2019\/05\/Parigi_FD1_06-Trasparente-scaled.jpg\",\"width\":2560,\"height\":1440},{\"@type\":\"BreadcrumbList\",\"@id\":\"https:\/\/www.recinzionipvc.com\/fr\/produit\/parigi-partie-centrale-cloture-en-pvc\/#breadcrumb\",\"itemListElement\":[{\"@type\":\"ListItem\",\"position\":1,\"name\":\"Home\",\"item\":\"https:\/\/www.recinzionipvc.com\/fr\/\"},{\"@type\":\"ListItem\",\"position\":2,\"name\":\"Boutique\",\"item\":\"https:\/\/recinzionipvc.com\/fr\/boutique\/\"},{\"@type\":\"ListItem\",\"position\":3,\"name\":\"Parigi Partie Centrale\"}]},{\"@type\":\"WebSite\",\"@id\":\"https:\/\/www.recinzionipvc.com\/it\/#website\",\"url\":\"https:\/\/www.recinzionipvc.com\/it\/\",\"name\":\"Recinzioni PVC\",\"description\":\"La tua prossima recinzione, direttamente creata da te!\",\"potentialAction\":[{\"@type\":\"SearchAction\",\"target\":{\"@type\":\"EntryPoint\",\"urlTemplate\":\"https:\/\/www.recinzionipvc.com\/it\/?s={search_term_string}\"},\"query-input\":\"required name=search_term_string\"}],\"inLanguage\":\"fr-FR\"}]}<\/script>\n<!-- \/ Yoast SEO plugin. -->","yoast_head_json":{"title":"Partie Centrale_Famille de Cl\u00f4ture en PVC_Parigi","description":"Partie Centrale de notre famille de Cl\u00f4ture en PVC, Parigi, comprend uniquement les panneaux au centre et non les deux poteaux externes","robots":{"index":"index","follow":"follow","max-snippet":"max-snippet:-1","max-image-preview":"max-image-preview:large","max-video-preview":"max-video-preview:-1"},"canonical":"https:\/\/www.recinzionipvc.com\/fr\/produit\/parigi-partie-centrale-cloture-en-pvc\/","og_locale":"fr_FR","og_type":"article","og_title":"Partie Centrale_Famille de Cl\u00f4ture en PVC_Parigi","og_description":"Partie Centrale de notre famille de Cl\u00f4ture en PVC, Parigi, comprend uniquement les panneaux au centre et non les deux poteaux externes","og_url":"https:\/\/www.recinzionipvc.com\/fr\/produit\/parigi-partie-centrale-cloture-en-pvc\/","og_site_name":"Recinzioni PVC","article_publisher":"https:\/\/www.facebook.com\/ZucchiRecinzioniPVC","article_modified_time":"2020-12-10T10:01:06+00:00","og_image":[{"width":2560,"height":1440,"url":"https:\/\/www.recinzionipvc.com\/wp-content\/uploads\/2019\/05\/Parigi_FD1_06-Trasparente-scaled.jpg","type":"image\/jpeg"}],"twitter_card":"summary_large_image","schema":{"@context":"https:\/\/schema.org","@graph":[{"@type":"WebPage","@id":"https:\/\/www.recinzionipvc.com\/fr\/produit\/parigi-partie-centrale-cloture-en-pvc\/","url":"https:\/\/www.recinzionipvc.com\/fr\/produit\/parigi-partie-centrale-cloture-en-pvc\/","name":"Partie Centrale_Famille de Cl\u00f4ture en PVC_Parigi","isPartOf":{"@id":"https:\/\/www.recinzionipvc.com\/it\/#website"},"primaryImageOfPage":{"@id":"https:\/\/www.recinzionipvc.com\/fr\/produit\/parigi-partie-centrale-cloture-en-pvc\/#primaryimage"},"image":{"@id":"https:\/\/www.recinzionipvc.com\/fr\/produit\/parigi-partie-centrale-cloture-en-pvc\/#primaryimage"},"thumbnailUrl":"https:\/\/recinzionipvc.com\/wp-content\/uploads\/2019\/05\/Parigi_FD1_06-Trasparente-scaled.jpg","datePublished":"2019-05-10T11:19:03+00:00","dateModified":"2020-12-10T10:01:06+00:00","description":"Partie Centrale de notre famille de Cl\u00f4ture en PVC, Parigi, comprend uniquement les panneaux au centre et non les deux poteaux externes","breadcrumb":{"@id":"https:\/\/www.recinzionipvc.com\/fr\/produit\/parigi-partie-centrale-cloture-en-pvc\/#breadcrumb"},"inLanguage":"fr-FR","potentialAction":[{"@type":"ReadAction","target":["https:\/\/www.recinzionipvc.com\/fr\/produit\/parigi-partie-centrale-cloture-en-pvc\/"]}]},{"@type":"ImageObject","inLanguage":"fr-FR","@id":"https:\/\/www.recinzionipvc.com\/fr\/produit\/parigi-partie-centrale-cloture-en-pvc\/#primaryimage","url":"https:\/\/recinzionipvc.com\/wp-content\/uploads\/2019\/05\/Parigi_FD1_06-Trasparente-scaled.jpg","contentUrl":"https:\/\/recinzionipvc.com\/wp-content\/uploads\/2019\/05\/Parigi_FD1_06-Trasparente-scaled.jpg","width":2560,"height":1440},{"@type":"BreadcrumbList","@id":"https:\/\/www.recinzionipvc.com\/fr\/produit\/parigi-partie-centrale-cloture-en-pvc\/#breadcrumb","itemListElement":[{"@type":"ListItem","position":1,"name":"Home","item":"https:\/\/www.recinzionipvc.com\/fr\/"},{"@type":"ListItem","position":2,"name":"Boutique","item":"https:\/\/recinzionipvc.com\/fr\/boutique\/"},{"@type":"ListItem","position":3,"name":"Parigi Partie Centrale"}]},{"@type":"WebSite","@id":"https:\/\/www.recinzionipvc.com\/it\/#website","url":"https:\/\/www.recinzionipvc.com\/it\/","name":"Recinzioni PVC","description":"La tua prossima recinzione, direttamente creata da te!","potentialAction":[{"@type":"SearchAction","target":{"@type":"EntryPoint","urlTemplate":"https:\/\/www.recinzionipvc.com\/it\/?s={search_term_string}"},"query-input":"required name=search_term_string"}],"inLanguage":"fr-FR"}]}},"_links":{"self":[{"href":"https:\/\/recinzionipvc.com\/fr\/wp-json\/wp\/v2\/product\/7767"}],"collection":[{"href":"https:\/\/recinzionipvc.com\/fr\/wp-json\/wp\/v2\/product"}],"about":[{"href":"https:\/\/recinzionipvc.com\/fr\/wp-json\/wp\/v2\/types\/product"}],"replies":[{"embeddable":true,"href":"https:\/\/recinzionipvc.com\/fr\/wp-json\/wp\/v2\/comments?post=7767"}],"wp:featuredmedia":[{"embeddable":true,"href":"https:\/\/recinzionipvc.com\/fr\/wp-json\/wp\/v2\/media\/7769"}],"wp:attachment":[{"href":"https:\/\/recinzionipvc.com\/fr\/wp-json\/wp\/v2\/media?parent=7767"}],"wp:term":[{"taxonomy":"product_cat","embeddable":true,"href":"https:\/\/recinzionipvc.com\/fr\/wp-json\/wp\/v2\/product_cat?post=7767"},{"taxonomy":"product_tag","embeddable":true,"href":"https:\/\/recinzionipvc.com\/fr\/wp-json\/wp\/v2\/product_tag?post=7767"}],"curies":[{"name":"wp","href":"https:\/\/api.w.org\/{rel}","templated":true}]}}