{"id":4289,"date":"2020-01-27T13:49:30","date_gmt":"2020-01-27T13:49:30","guid":{"rendered":"http:\/\/52.213.162.151\/?page_id=4289"},"modified":"2021-07-27T15:05:00","modified_gmt":"2021-07-27T13:05:00","slug":"recinzioni-pvc-famiglia-semiprivacy","status":"publish","type":"page","link":"https:\/\/recinzionipvc.com\/it\/famiglie-recinzioni-in-pvc\/recinzioni-pvc-famiglia-semiprivacy\/","title":{"rendered":"semi-privacy"},"content":{"rendered":"<div class=\"fusion-fullwidth fullwidth-box fusion-builder-row-1 nonhundred-percent-fullwidth non-hundred-percent-height-scrolling\" style=\"background-color: rgba(255,255,255,0);background-position: center center;background-repeat: no-repeat;padding-top:0px;padding-right:0px;padding-bottom:0px;padding-left:0px;margin-bottom: 0px;margin-top: 0px;border-width: 0px 0px 0px 0px;border-color:#eae9e9;border-style:solid;\" ><div class=\"fusion-builder-row fusion-row\"><div class=\"fusion-layout-column fusion_builder_column fusion-builder-column-0 fusion_builder_column_1_4 1_4 fusion-one-fourth fusion-column-first zucchi-product fusion-column-inner-bg-wrapper\" style=\"width:25%;width:calc(25% - ( ( 4% + 4% + 4% ) * 0.25 ) );margin-right: 4%;margin-top:0px;margin-bottom:20px;\"><div class=\"fusion-column-wrapper fusion-flex-column-wrapper-legacy\" style=\"padding: 0px 0px 0px 0px;\"><span class=\" fusion-imageframe imageframe-none imageframe-1 hover-type-none zucchi-product\"><img decoding=\"async\" width=\"300\" image_height=\"169\" image_id=\"4766\" title=\"Stoccolma_FD3_07-Stoccolma\" src=\"https:\/\/www.recinzionipvc.com\/wp-content\/uploads\/2020\/02\/Stoccolma_FD3_07-Stoccolma-1-300x169.jpg\" class=\"img-responsive wp-image-4766\" srcset=\"https:\/\/recinzionipvc.com\/wp-content\/uploads\/2020\/02\/Stoccolma_FD3_07-Stoccolma-1-200x113.jpg 200w, https:\/\/recinzionipvc.com\/wp-content\/uploads\/2020\/02\/Stoccolma_FD3_07-Stoccolma-1-400x225.jpg 400w, https:\/\/recinzionipvc.com\/wp-content\/uploads\/2020\/02\/Stoccolma_FD3_07-Stoccolma-1-600x338.jpg 600w, https:\/\/recinzionipvc.com\/wp-content\/uploads\/2020\/02\/Stoccolma_FD3_07-Stoccolma-1-800x450.jpg 800w, https:\/\/recinzionipvc.com\/wp-content\/uploads\/2020\/02\/Stoccolma_FD3_07-Stoccolma-1-1200x675.jpg 1200w, https:\/\/recinzionipvc.com\/wp-content\/uploads\/2020\/02\/Stoccolma_FD3_07-Stoccolma-1-scaled.jpg 2560w\" sizes=\"(max-width: 800px) 100vw, 300px\" \/><\/span><style type=\"text\/css\"><\/style><div class=\"fusion-title title fusion-title-1 fusion-sep-none fusion-title-center fusion-title-text fusion-title-size-one\" style=\"margin-top:0px;margin-bottom:31px;\"><h1 class=\"title-heading-center\" style=\"margin:0;\"><h2><em>Stoccolma<\/em><\/h2><\/h1><\/div><div class=\"fusion-text fusion-text-1\"><p><em>La nostra Recinzione in PVC, modello Stoccolma, \u00e8 ci\u00f2 che serve quando si desidera mantenere la privacy nel proprio terreno. <\/em><em>Stoccolma \u00e8 ci\u00f2 che viene richiesto quando, oltre all&#8217;esigenza della privacy, vi \u00e8 anche la necessit\u00e0 di avere un prodotto che possa rendere esteticamente bella la propria casa.<\/em><\/p>\n<\/div><div class=\"fusion-clearfix\"><\/div><\/div><span class=\"fusion-column-inner-bg hover-type-none\"><a href=\"https:\/\/www.recinzionipvc.com\/modelli-di-recinzioni-in-pvc\/stoccolma\/\"><span class=\"fusion-column-inner-bg-image\" style=\"background-position:left top;background-repeat:no-repeat;-webkit-background-size:cover;-moz-background-size:cover;-o-background-size:cover;background-size:cover;\"><\/span><\/a><\/span><\/div><div class=\"fusion-layout-column fusion_builder_column fusion-builder-column-1 fusion_builder_column_1_4 1_4 fusion-one-fourth zucchi-product fusion-column-inner-bg-wrapper\" style=\"width:25%;width:calc(25% - ( ( 4% + 4% + 4% ) * 0.25 ) );margin-right: 4%;margin-top:0px;margin-bottom:20px;\"><div class=\"fusion-column-wrapper fusion-flex-column-wrapper-legacy\" style=\"padding: 0px 0px 0px 0px;\"><span class=\" fusion-imageframe imageframe-none imageframe-2 hover-type-none zucchi-product\"><img decoding=\"async\" width=\"300\" image_height=\"169\" image_id=\"4767\" title=\"Copenaghen_FD3B_07-Bianco\" src=\"https:\/\/www.recinzionipvc.com\/wp-content\/uploads\/2020\/02\/Copenaghen_FD3B_07-Bianco-1-300x169.jpg\" class=\"img-responsive wp-image-4767\" srcset=\"https:\/\/recinzionipvc.com\/wp-content\/uploads\/2020\/02\/Copenaghen_FD3B_07-Bianco-1-200x113.jpg 200w, https:\/\/recinzionipvc.com\/wp-content\/uploads\/2020\/02\/Copenaghen_FD3B_07-Bianco-1-400x225.jpg 400w, https:\/\/recinzionipvc.com\/wp-content\/uploads\/2020\/02\/Copenaghen_FD3B_07-Bianco-1-600x338.jpg 600w, https:\/\/recinzionipvc.com\/wp-content\/uploads\/2020\/02\/Copenaghen_FD3B_07-Bianco-1-800x450.jpg 800w, https:\/\/recinzionipvc.com\/wp-content\/uploads\/2020\/02\/Copenaghen_FD3B_07-Bianco-1-1200x675.jpg 1200w, https:\/\/recinzionipvc.com\/wp-content\/uploads\/2020\/02\/Copenaghen_FD3B_07-Bianco-1-scaled.jpg 2560w\" sizes=\"(max-width: 800px) 100vw, 300px\" \/><\/span><style type=\"text\/css\"><\/style><div class=\"fusion-title title fusion-title-2 fusion-sep-none fusion-title-center fusion-title-text fusion-title-size-one\" style=\"margin-top:0px;margin-bottom:31px;\"><h1 class=\"title-heading-center\" style=\"margin:0;\"><h2><em>Copenaghen<\/em><\/h2><\/h1><\/div><div class=\"fusion-text fusion-text-2\"><p><em>La nostra Recinzione in PVC, modello Copenaghen, \u00e8 il prodotto ideale per chi desidera avere la privacy ma senza tralasciare un tocco di design ed estetica.<\/em><\/p>\n<\/div><div class=\"fusion-clearfix\"><\/div><\/div><span class=\"fusion-column-inner-bg hover-type-none\"><a href=\"https:\/\/www.recinzionipvc.com\/modelli-di-recinzioni-in-pvc\/copenaghen\/\"><span class=\"fusion-column-inner-bg-image\" style=\"background-position:left top;background-repeat:no-repeat;-webkit-background-size:cover;-moz-background-size:cover;-o-background-size:cover;background-size:cover;\"><\/span><\/a><\/span><\/div><div class=\"fusion-layout-column fusion_builder_column fusion-builder-column-2 fusion_builder_column_1_4 1_4 fusion-one-fourth zucchi-product fusion-column-inner-bg-wrapper\" style=\"width:25%;width:calc(25% - ( ( 4% + 4% + 4% ) * 0.25 ) );margin-right: 4%;margin-top:0px;margin-bottom:20px;\"><div class=\"fusion-column-wrapper fusion-flex-column-wrapper-legacy\" style=\"padding: 0px 0px 0px 0px;\"><span class=\" fusion-imageframe imageframe-none imageframe-3 hover-type-none zucchi-product\"><a class=\"fusion-no-lightbox\" href=\"https:\/\/www.recinzionipvc.com\/it\/recinzione-in-pvc-new-lisbona-con-inclinazione-a-persiana\/ \" target=\"_self\" aria-label=\"NewLisbona_07-Bianco\"><img decoding=\"async\" width=\"300\" image_height=\"169\" image_id=\"13309\" alt=\"https:\/\/www.recinzionipvc.com\/it\/recinzione-in-pvc-new-lisbona-con-inclinazione-a-persiana\/ \" src=\"https:\/\/www.recinzionipvc.com\/wp-content\/uploads\/2021\/07\/NewLisbona_07-Bianco-1-300x169.jpg\" class=\"img-responsive wp-image-13309\" srcset=\"https:\/\/recinzionipvc.com\/wp-content\/uploads\/2021\/07\/NewLisbona_07-Bianco-1-200x113.jpg 200w, https:\/\/recinzionipvc.com\/wp-content\/uploads\/2021\/07\/NewLisbona_07-Bianco-1-400x225.jpg 400w, https:\/\/recinzionipvc.com\/wp-content\/uploads\/2021\/07\/NewLisbona_07-Bianco-1-600x338.jpg 600w, https:\/\/recinzionipvc.com\/wp-content\/uploads\/2021\/07\/NewLisbona_07-Bianco-1-800x450.jpg 800w, https:\/\/recinzionipvc.com\/wp-content\/uploads\/2021\/07\/NewLisbona_07-Bianco-1-1200x675.jpg 1200w, https:\/\/recinzionipvc.com\/wp-content\/uploads\/2021\/07\/NewLisbona_07-Bianco-1-scaled.jpg 2560w\" sizes=\"(max-width: 800px) 100vw, 400px\" \/><\/a><\/span><style type=\"text\/css\"><\/style><div class=\"fusion-title title fusion-title-3 fusion-sep-none fusion-title-center fusion-title-text fusion-title-size-one\" style=\"margin-top:0px;margin-bottom:31px;\"><h1 class=\"title-heading-center\" style=\"margin:0;\"><h2><em>New Lisbona<\/em><\/h2><\/h1><\/div><div class=\"fusion-text fusion-text-3\"><p>La nostra Recinzione in PVC, modello New Lisbona, \u00e8 una recinzione <em>compatta, sicura e perfetta<\/em> per difendere la privacy del giardino, senza chiudere completamente lo spazio. Questo modelli si differenzia dagli altri per la sua pendenza, chiamata &#8221; a persiana&#8221;.<\/p>\n<\/div><div class=\"fusion-clearfix\"><\/div><\/div><span class=\"fusion-column-inner-bg hover-type-none\"><a href=\"https:\/\/www.recinzionipvc.com\/it\/recinzione-in-pvc-new-lisbona-con-inclinazione-a-persiana\/\"><span class=\"fusion-column-inner-bg-image\" style=\"background-position:left top;background-repeat:no-repeat;-webkit-background-size:cover;-moz-background-size:cover;-o-background-size:cover;background-size:cover;\"><\/span><\/a><\/span><\/div><div class=\"fusion-layout-column fusion_builder_column fusion-builder-column-3 fusion_builder_column_1_4 1_4 fusion-one-fourth fusion-column-last fusion-column-inner-bg-wrapper\" style=\"width:25%;width:calc(25% - ( ( 4% + 4% + 4% ) * 0.25 ) );margin-top:0px;margin-bottom:20px;\"><div class=\"fusion-column-wrapper fusion-flex-column-wrapper-legacy\" style=\"padding: 0px 0px 0px 0px;\"><span class=\" fusion-imageframe imageframe-none imageframe-4 hover-type-none zucchi-product\"><img decoding=\"async\" width=\"300\" image_height=\"169\" image_id=\"5251\" title=\"NewYork-Bianco\" src=\"https:\/\/www.recinzionipvc.com\/wp-content\/uploads\/2020\/06\/NewYork-Bianco-300x169.jpg\" class=\"img-responsive wp-image-5251\" srcset=\"https:\/\/recinzionipvc.com\/wp-content\/uploads\/2020\/06\/NewYork-Bianco-200x113.jpg 200w, https:\/\/recinzionipvc.com\/wp-content\/uploads\/2020\/06\/NewYork-Bianco-400x225.jpg 400w, https:\/\/recinzionipvc.com\/wp-content\/uploads\/2020\/06\/NewYork-Bianco-600x338.jpg 600w, https:\/\/recinzionipvc.com\/wp-content\/uploads\/2020\/06\/NewYork-Bianco-800x450.jpg 800w, https:\/\/recinzionipvc.com\/wp-content\/uploads\/2020\/06\/NewYork-Bianco-1200x675.jpg 1200w, https:\/\/recinzionipvc.com\/wp-content\/uploads\/2020\/06\/NewYork-Bianco-scaled.jpg 2560w\" sizes=\"(max-width: 800px) 100vw, 300px\" \/><\/span><style type=\"text\/css\"><\/style><div class=\"fusion-title title fusion-title-4 fusion-sep-none fusion-title-center fusion-title-text fusion-title-size-one\" style=\"margin-top:0px;margin-bottom:31px;\"><h1 class=\"title-heading-center\" style=\"margin:0;\"><h2><em>New York<\/em><\/h2><\/h1><\/div><div class=\"fusion-text fusion-text-4\"><p>La nostra<em><strong> Recinzione in PVC<\/strong><\/em>, modello <strong><em>New York<\/em><\/strong> \u00e8 l&#8217;ideale per chi ricerca <strong><em>privacy<\/em> <\/strong>ma anche un tocco di <strong><em>design<\/em><\/strong>, da far invidia. Questo modello \u00e8 nato unendo fra loro la parte alta del<strong><em> modello Roma<\/em><\/strong> e le doghe verticali del <strong><em>modello Stoccolma<\/em><\/strong>: la particolarit\u00e0 sta nel fatto che le doghe verticali sono distanziate fra loro, lasciando passare cos\u00ec la luce.<\/p>\n<\/div><div class=\"fusion-clearfix\"><\/div><\/div><span class=\"fusion-column-inner-bg hover-type-none\"><a href=\"https:\/\/www.recinzionipvc.com\/modelli-di-recinzioni-in-pvc\/new-york\/\"><span class=\"fusion-column-inner-bg-image\" style=\"background-position:left top;background-repeat:no-repeat;-webkit-background-size:cover;-moz-background-size:cover;-o-background-size:cover;background-size:cover;\"><\/span><\/a><\/span><\/div><\/div><\/div><div class=\"fusion-fullwidth fullwidth-box fusion-builder-row-2 fusion-flex-container nonhundred-percent-fullwidth non-hundred-percent-height-scrolling\" style=\"background-color: rgba(255,255,255,0);background-position: center center;background-repeat: no-repeat;border-width: 0px 0px 0px 0px;border-color:#eae9e9;border-style:solid;\" ><div class=\"fusion-builder-row fusion-row fusion-flex-align-items-flex-start\" style=\"max-width:1144px;margin-left: calc(-4% \/ 2 );margin-right: calc(-4% \/ 2 );\"><div class=\"fusion-layout-column fusion_builder_column fusion-builder-column-4 fusion_builder_column_1_4 1_4 fusion-flex-column\"><div class=\"fusion-column-wrapper fusion-flex-justify-content-flex-start fusion-content-layout-column\" style=\"background-position:left top;background-repeat:no-repeat;-webkit-background-size:cover;-moz-background-size:cover;-o-background-size:cover;background-size:cover;padding: 0px 0px 0px 0px;\"><div ><span class=\" fusion-imageframe imageframe-none imageframe-5 hover-type-none zucchi-product\"><a class=\"fusion-no-lightbox\" href=\"https:\/\/www.recinzionipvc.com\/it\/recinzione-in-pvc-modello-milano\/ \" target=\"_self\" aria-label=\"Milano\"><img decoding=\"async\" width=\"300\" image_height=\"169\" image_id=\"15059\" src=\"http:\/\/www.recinzionipvc.com\/wp-content\/uploads\/2021\/07\/Milano-2-300x169.jpg\" class=\"img-responsive wp-image-15059\" srcset=\"https:\/\/recinzionipvc.com\/wp-content\/uploads\/2021\/07\/Milano-2-200x113.jpg 200w, https:\/\/recinzionipvc.com\/wp-content\/uploads\/2021\/07\/Milano-2-400x225.jpg 400w, https:\/\/recinzionipvc.com\/wp-content\/uploads\/2021\/07\/Milano-2-600x338.jpg 600w, https:\/\/recinzionipvc.com\/wp-content\/uploads\/2021\/07\/Milano-2-800x450.jpg 800w, https:\/\/recinzionipvc.com\/wp-content\/uploads\/2021\/07\/Milano-2-1200x675.jpg 1200w, https:\/\/recinzionipvc.com\/wp-content\/uploads\/2021\/07\/Milano-2-scaled.jpg 2560w\" sizes=\"(max-width: 1024px) 100vw, (max-width: 640px) 100vw, 400px\" \/><\/a><\/span><\/div><style type=\"text\/css\">@media only screen and (max-width:1024px) {.fusion-title.fusion-title-5{margin-top:0px!important;margin-bottom:31px!important;}}<\/style><div class=\"fusion-title title fusion-title-5 fusion-sep-none fusion-title-center fusion-title-text fusion-title-size-one\" style=\"margin-top:0px;margin-bottom:31px;\"><h1 class=\"title-heading-center\" style=\"margin:0;\"><h2><\/h2>\r\n<h2><em>Milano<\/em><\/h2><\/h1><\/div><div class=\"fusion-text fusion-text-5\"><p><em>La nostra Recinzione in PVC, modello Milano, nasce dalla richiesta dei nostri clienti di avere un modello simile al Copenaghen, ma con maggiore privacy e riservatezza. Ecco quindi che tra una doga e l&#8217;altra vi \u00e8 la differenza di 1 cm, rendendo il modello pi\u00f9 coprente.\u00a0<\/em><\/p>\n<\/div><\/div><\/div><style type=\"text\/css\">.fusion-body .fusion-builder-column-4{width:25% !important;margin-top : 0px;margin-bottom : 20px;}.fusion-builder-column-4 > .fusion-column-wrapper {padding-top : 0px !important;padding-right : 0px !important;margin-right : 7.68%;padding-bottom : 0px !important;padding-left : 0px !important;margin-left : 7.68%;}@media only screen and (max-width:1024px) {.fusion-body .fusion-builder-column-4{width:100% !important;order : 0;}.fusion-builder-column-4 > .fusion-column-wrapper {margin-right : 1.92%;margin-left : 1.92%;}}@media only screen and (max-width:640px) {.fusion-body .fusion-builder-column-4{width:100% !important;order : 0;}.fusion-builder-column-4 > .fusion-column-wrapper {margin-right : 1.92%;margin-left : 1.92%;}}<\/style><div class=\"fusion-layout-column fusion_builder_column fusion-builder-column-5 fusion_builder_column_1_4 1_4 fusion-flex-column\"><div class=\"fusion-column-wrapper fusion-flex-justify-content-flex-start fusion-content-layout-column\" style=\"background-position:left top;background-repeat:no-repeat;-webkit-background-size:cover;-moz-background-size:cover;-o-background-size:cover;background-size:cover;padding: 0px 0px 0px 0px;\"><\/div><\/div><style type=\"text\/css\">.fusion-body .fusion-builder-column-5{width:25% !important;margin-top : 0px;margin-bottom : 20px;}.fusion-builder-column-5 > .fusion-column-wrapper {padding-top : 0px !important;padding-right : 0px !important;margin-right : 7.68%;padding-bottom : 0px !important;padding-left : 0px !important;margin-left : 7.68%;}@media only screen and (max-width:1024px) {.fusion-body .fusion-builder-column-5{width:100% !important;order : 0;}.fusion-builder-column-5 > .fusion-column-wrapper {margin-right : 1.92%;margin-left : 1.92%;}}@media only screen and (max-width:640px) {.fusion-body .fusion-builder-column-5{width:100% !important;order : 0;}.fusion-builder-column-5 > .fusion-column-wrapper {margin-right : 1.92%;margin-left : 1.92%;}}<\/style><div class=\"fusion-layout-column fusion_builder_column fusion-builder-column-6 fusion_builder_column_1_4 1_4 fusion-flex-column\"><div class=\"fusion-column-wrapper fusion-flex-justify-content-flex-start fusion-content-layout-column\" style=\"background-position:left top;background-repeat:no-repeat;-webkit-background-size:cover;-moz-background-size:cover;-o-background-size:cover;background-size:cover;padding: 0px 0px 0px 0px;\"><\/div><\/div><style type=\"text\/css\">.fusion-body .fusion-builder-column-6{width:25% !important;margin-top : 0px;margin-bottom : 20px;}.fusion-builder-column-6 > .fusion-column-wrapper {padding-top : 0px !important;padding-right : 0px !important;margin-right : 7.68%;padding-bottom : 0px !important;padding-left : 0px !important;margin-left : 7.68%;}@media only screen and (max-width:1024px) {.fusion-body .fusion-builder-column-6{width:100% !important;order : 0;}.fusion-builder-column-6 > .fusion-column-wrapper {margin-right : 1.92%;margin-left : 1.92%;}}@media only screen and (max-width:640px) {.fusion-body .fusion-builder-column-6{width:100% !important;order : 0;}.fusion-builder-column-6 > .fusion-column-wrapper {margin-right : 1.92%;margin-left : 1.92%;}}<\/style><div class=\"fusion-layout-column fusion_builder_column fusion-builder-column-7 fusion_builder_column_1_4 1_4 fusion-flex-column\"><div class=\"fusion-column-wrapper fusion-flex-justify-content-flex-start fusion-content-layout-column\" style=\"background-position:left top;background-repeat:no-repeat;-webkit-background-size:cover;-moz-background-size:cover;-o-background-size:cover;background-size:cover;padding: 0px 0px 0px 0px;\"><\/div><\/div><style type=\"text\/css\">.fusion-body .fusion-builder-column-7{width:25% !important;margin-top : 0px;margin-bottom : 20px;}.fusion-builder-column-7 > .fusion-column-wrapper {padding-top : 0px !important;padding-right : 0px !important;margin-right : 7.68%;padding-bottom : 0px !important;padding-left : 0px !important;margin-left : 7.68%;}@media only screen and (max-width:1024px) {.fusion-body .fusion-builder-column-7{width:100% !important;order : 0;}.fusion-builder-column-7 > .fusion-column-wrapper {margin-right : 1.92%;margin-left : 1.92%;}}@media only screen and (max-width:640px) {.fusion-body .fusion-builder-column-7{width:100% !important;order : 0;}.fusion-builder-column-7 > .fusion-column-wrapper {margin-right : 1.92%;margin-left : 1.92%;}}<\/style><\/div><style type=\"text\/css\">.fusion-body .fusion-flex-container.fusion-builder-row-2{ padding-top : 0px;margin-top : 0px;padding-right : 0px;padding-bottom : 0px;margin-bottom : 0px;padding-left : 0px;}<\/style><\/div>","protected":false},"excerpt":{"rendered":"","protected":false},"author":3,"featured_media":0,"parent":3464,"menu_order":0,"comment_status":"closed","ping_status":"closed","template":"","meta":{"footnotes":""},"yoast_head":"<!-- This site is optimized with the Yoast SEO plugin v22.4 - https:\/\/yoast.com\/wordpress\/plugins\/seo\/ -->\n<title>Recinzioni in PVC_Famiglia SemiPrivacy<\/title>\n<meta name=\"description\" content=\"Recinzioni in PVC_Famiglia SemiPrivacy. ideali per chi desidera proteggere un&#039;area ma non solo: chi desidera anche un tocco di design\" \/>\n<meta name=\"robots\" content=\"index, follow, max-snippet:-1, max-image-preview:large, max-video-preview:-1\" \/>\n<link rel=\"canonical\" href=\"https:\/\/www.recinzionipvc.com\/it\/famiglie-recinzioni-in-pvc\/recinzioni-pvc-famiglia-semiprivacy\/\" \/>\n<meta property=\"og:locale\" content=\"it_IT\" \/>\n<meta property=\"og:type\" content=\"article\" \/>\n<meta property=\"og:title\" content=\"Recinzioni in PVC_Famiglia SemiPrivacy\" \/>\n<meta property=\"og:description\" content=\"Recinzioni in PVC_Famiglia SemiPrivacy. ideali per chi desidera proteggere un&#039;area ma non solo: chi desidera anche un tocco di design\" \/>\n<meta property=\"og:url\" content=\"https:\/\/www.recinzionipvc.com\/it\/famiglie-recinzioni-in-pvc\/recinzioni-pvc-famiglia-semiprivacy\/\" \/>\n<meta property=\"og:site_name\" content=\"Recinzioni PVC\" \/>\n<meta property=\"article:publisher\" content=\"https:\/\/www.facebook.com\/ZucchiRecinzioniPVC\" \/>\n<meta property=\"article:modified_time\" content=\"2021-07-27T13:05:00+00:00\" \/>\n<meta name=\"twitter:card\" content=\"summary_large_image\" \/>\n<meta name=\"twitter:label1\" content=\"Tempo di lettura stimato\" \/>\n\t<meta name=\"twitter:data1\" content=\"6 minuti\" \/>\n<script type=\"application\/ld+json\" class=\"yoast-schema-graph\">{\"@context\":\"https:\/\/schema.org\",\"@graph\":[{\"@type\":\"WebPage\",\"@id\":\"https:\/\/www.recinzionipvc.com\/it\/famiglie-recinzioni-in-pvc\/recinzioni-pvc-famiglia-semiprivacy\/\",\"url\":\"https:\/\/www.recinzionipvc.com\/it\/famiglie-recinzioni-in-pvc\/recinzioni-pvc-famiglia-semiprivacy\/\",\"name\":\"Recinzioni in PVC_Famiglia SemiPrivacy\",\"isPartOf\":{\"@id\":\"https:\/\/www.recinzionipvc.com\/it\/#website\"},\"datePublished\":\"2020-01-27T13:49:30+00:00\",\"dateModified\":\"2021-07-27T13:05:00+00:00\",\"description\":\"Recinzioni in PVC_Famiglia SemiPrivacy. ideali per chi desidera proteggere un'area ma non solo: chi desidera anche un tocco di design\",\"breadcrumb\":{\"@id\":\"https:\/\/www.recinzionipvc.com\/it\/famiglie-recinzioni-in-pvc\/recinzioni-pvc-famiglia-semiprivacy\/#breadcrumb\"},\"inLanguage\":\"it-IT\",\"potentialAction\":[{\"@type\":\"ReadAction\",\"target\":[\"https:\/\/www.recinzionipvc.com\/it\/famiglie-recinzioni-in-pvc\/recinzioni-pvc-famiglia-semiprivacy\/\"]}]},{\"@type\":\"BreadcrumbList\",\"@id\":\"https:\/\/www.recinzionipvc.com\/it\/famiglie-recinzioni-in-pvc\/recinzioni-pvc-famiglia-semiprivacy\/#breadcrumb\",\"itemListElement\":[{\"@type\":\"ListItem\",\"position\":1,\"name\":\"Home\",\"item\":\"https:\/\/www.recinzionipvc.com\/it\/\"},{\"@type\":\"ListItem\",\"position\":2,\"name\":\"Famiglie di Recinzioni in PVC\",\"item\":\"https:\/\/www.recinzionipvc.com\/it\/famiglie-recinzioni-in-pvc\/\"},{\"@type\":\"ListItem\",\"position\":3,\"name\":\"semi-privacy\"}]},{\"@type\":\"WebSite\",\"@id\":\"https:\/\/www.recinzionipvc.com\/it\/#website\",\"url\":\"https:\/\/www.recinzionipvc.com\/it\/\",\"name\":\"Recinzioni PVC\",\"description\":\"La tua prossima recinzione, direttamente creata da te!\",\"potentialAction\":[{\"@type\":\"SearchAction\",\"target\":{\"@type\":\"EntryPoint\",\"urlTemplate\":\"https:\/\/www.recinzionipvc.com\/it\/?s={search_term_string}\"},\"query-input\":\"required name=search_term_string\"}],\"inLanguage\":\"it-IT\"}]}<\/script>\n<!-- \/ Yoast SEO plugin. -->","yoast_head_json":{"title":"Recinzioni in PVC_Famiglia SemiPrivacy","description":"Recinzioni in PVC_Famiglia SemiPrivacy. ideali per chi desidera proteggere un'area ma non solo: chi desidera anche un tocco di design","robots":{"index":"index","follow":"follow","max-snippet":"max-snippet:-1","max-image-preview":"max-image-preview:large","max-video-preview":"max-video-preview:-1"},"canonical":"https:\/\/www.recinzionipvc.com\/it\/famiglie-recinzioni-in-pvc\/recinzioni-pvc-famiglia-semiprivacy\/","og_locale":"it_IT","og_type":"article","og_title":"Recinzioni in PVC_Famiglia SemiPrivacy","og_description":"Recinzioni in PVC_Famiglia SemiPrivacy. ideali per chi desidera proteggere un'area ma non solo: chi desidera anche un tocco di design","og_url":"https:\/\/www.recinzionipvc.com\/it\/famiglie-recinzioni-in-pvc\/recinzioni-pvc-famiglia-semiprivacy\/","og_site_name":"Recinzioni PVC","article_publisher":"https:\/\/www.facebook.com\/ZucchiRecinzioniPVC","article_modified_time":"2021-07-27T13:05:00+00:00","twitter_card":"summary_large_image","twitter_misc":{"Tempo di lettura stimato":"6 minuti"},"schema":{"@context":"https:\/\/schema.org","@graph":[{"@type":"WebPage","@id":"https:\/\/www.recinzionipvc.com\/it\/famiglie-recinzioni-in-pvc\/recinzioni-pvc-famiglia-semiprivacy\/","url":"https:\/\/www.recinzionipvc.com\/it\/famiglie-recinzioni-in-pvc\/recinzioni-pvc-famiglia-semiprivacy\/","name":"Recinzioni in PVC_Famiglia SemiPrivacy","isPartOf":{"@id":"https:\/\/www.recinzionipvc.com\/it\/#website"},"datePublished":"2020-01-27T13:49:30+00:00","dateModified":"2021-07-27T13:05:00+00:00","description":"Recinzioni in PVC_Famiglia SemiPrivacy. ideali per chi desidera proteggere un'area ma non solo: chi desidera anche un tocco di design","breadcrumb":{"@id":"https:\/\/www.recinzionipvc.com\/it\/famiglie-recinzioni-in-pvc\/recinzioni-pvc-famiglia-semiprivacy\/#breadcrumb"},"inLanguage":"it-IT","potentialAction":[{"@type":"ReadAction","target":["https:\/\/www.recinzionipvc.com\/it\/famiglie-recinzioni-in-pvc\/recinzioni-pvc-famiglia-semiprivacy\/"]}]},{"@type":"BreadcrumbList","@id":"https:\/\/www.recinzionipvc.com\/it\/famiglie-recinzioni-in-pvc\/recinzioni-pvc-famiglia-semiprivacy\/#breadcrumb","itemListElement":[{"@type":"ListItem","position":1,"name":"Home","item":"https:\/\/www.recinzionipvc.com\/it\/"},{"@type":"ListItem","position":2,"name":"Famiglie di Recinzioni in PVC","item":"https:\/\/www.recinzionipvc.com\/it\/famiglie-recinzioni-in-pvc\/"},{"@type":"ListItem","position":3,"name":"semi-privacy"}]},{"@type":"WebSite","@id":"https:\/\/www.recinzionipvc.com\/it\/#website","url":"https:\/\/www.recinzionipvc.com\/it\/","name":"Recinzioni PVC","description":"La tua prossima recinzione, direttamente creata da te!","potentialAction":[{"@type":"SearchAction","target":{"@type":"EntryPoint","urlTemplate":"https:\/\/www.recinzionipvc.com\/it\/?s={search_term_string}"},"query-input":"required name=search_term_string"}],"inLanguage":"it-IT"}]}},"_links":{"self":[{"href":"https:\/\/recinzionipvc.com\/it\/wp-json\/wp\/v2\/pages\/4289"}],"collection":[{"href":"https:\/\/recinzionipvc.com\/it\/wp-json\/wp\/v2\/pages"}],"about":[{"href":"https:\/\/recinzionipvc.com\/it\/wp-json\/wp\/v2\/types\/page"}],"author":[{"embeddable":true,"href":"https:\/\/recinzionipvc.com\/it\/wp-json\/wp\/v2\/users\/3"}],"replies":[{"embeddable":true,"href":"https:\/\/recinzionipvc.com\/it\/wp-json\/wp\/v2\/comments?post=4289"}],"version-history":[{"count":23,"href":"https:\/\/recinzionipvc.com\/it\/wp-json\/wp\/v2\/pages\/4289\/revisions"}],"predecessor-version":[{"id":5027,"href":"https:\/\/recinzionipvc.com\/it\/wp-json\/wp\/v2\/pages\/4289\/revisions\/5027"}],"up":[{"embeddable":true,"href":"https:\/\/recinzionipvc.com\/it\/wp-json\/wp\/v2\/pages\/3464"}],"wp:attachment":[{"href":"https:\/\/recinzionipvc.com\/it\/wp-json\/wp\/v2\/media?parent=4289"}],"curies":[{"name":"wp","href":"https:\/\/api.w.org\/{rel}","templated":true}]}}