{"id":4294,"date":"2020-01-28T09:40:07","date_gmt":"2020-01-28T09:40:07","guid":{"rendered":"http:\/\/52.213.162.151\/?page_id=4294"},"modified":"2021-12-15T16:09:53","modified_gmt":"2021-12-15T14:09:53","slug":"recinzioni-pvc-famiglia-horse","status":"publish","type":"page","link":"https:\/\/recinzionipvc.com\/it\/famiglie-recinzioni-in-pvc\/recinzioni-pvc-famiglia-horse\/","title":{"rendered":"horse"},"content":{"rendered":"<div class=\"fusion-fullwidth fullwidth-box fusion-builder-row-1 nonhundred-percent-fullwidth non-hundred-percent-height-scrolling\" style=\"background-color: rgba(255,255,255,0);background-position: center center;background-repeat: no-repeat;padding-top:0px;padding-right:0px;padding-bottom:0px;padding-left:0px;margin-bottom: 0px;margin-top: 0px;border-width: 0px 0px 0px 0px;border-color:#eae9e9;border-style:solid;\" ><div class=\"fusion-builder-row fusion-row\"><div class=\"fusion-layout-column fusion_builder_column fusion-builder-column-0 fusion_builder_column_1_4 1_4 fusion-one-fourth fusion-column-first fusion-column-inner-bg-wrapper\" style=\"width:25%;width:calc(25% - ( ( 4% + 4% + 4% ) * 0.25 ) );margin-right: 4%;margin-top:0px;margin-bottom:20px;\"><div class=\"fusion-column-wrapper fusion-flex-column-wrapper-legacy\" style=\"padding: 0px 0px 0px 0px;\"><span class=\" fusion-imageframe imageframe-none imageframe-1 hover-type-none zucchi-product\"><img decoding=\"async\" width=\"300\" image_height=\"169\" image_id=\"4413\" title=\"Dubai_FC3_07-Bianco\" src=\"https:\/\/www.recinzionipvc.com\/wp-content\/uploads\/2020\/02\/Dubai_FC3_07-Bianco-300x169.jpg\" class=\"img-responsive wp-image-4413\" srcset=\"https:\/\/recinzionipvc.com\/wp-content\/uploads\/2020\/02\/Dubai_FC3_07-Bianco-200x113.jpg 200w, https:\/\/recinzionipvc.com\/wp-content\/uploads\/2020\/02\/Dubai_FC3_07-Bianco-400x225.jpg 400w, https:\/\/recinzionipvc.com\/wp-content\/uploads\/2020\/02\/Dubai_FC3_07-Bianco-600x338.jpg 600w, https:\/\/recinzionipvc.com\/wp-content\/uploads\/2020\/02\/Dubai_FC3_07-Bianco-800x450.jpg 800w, https:\/\/recinzionipvc.com\/wp-content\/uploads\/2020\/02\/Dubai_FC3_07-Bianco-1200x675.jpg 1200w, https:\/\/recinzionipvc.com\/wp-content\/uploads\/2020\/02\/Dubai_FC3_07-Bianco-scaled.jpg 2560w\" sizes=\"(max-width: 800px) 100vw, 300px\" \/><\/span><style type=\"text\/css\"><\/style><div class=\"fusion-title title fusion-title-1 fusion-sep-none fusion-title-center fusion-title-text fusion-title-size-two\" style=\"margin-top:0px;margin-bottom:31px;\"><h2 class=\"title-heading-center\" style=\"margin:0;\"><h2><em>Dubai<\/em><\/h2><\/h2><\/div><div class=\"fusion-text fusion-text-1\"><p><em>La nostra Recinzione in PVC, modello Dubai, ha la particolarit\u00e0 rispetto agli altri prodotti della famiglia Horse, di avere solamente due traverse orizzontali.<\/em><\/p>\n<\/div><div class=\"fusion-clearfix\"><\/div><\/div><span class=\"fusion-column-inner-bg hover-type-none\"><a href=\"https:\/\/www.recinzionipvc.com\/modelli-di-recinzioni-in-pvc\/dubai\/\"><span class=\"fusion-column-inner-bg-image\" style=\"background-position:left top;background-repeat:no-repeat;-webkit-background-size:cover;-moz-background-size:cover;-o-background-size:cover;background-size:cover;\"><\/span><\/a><\/span><\/div><div class=\"fusion-layout-column fusion_builder_column fusion-builder-column-1 fusion_builder_column_1_4 1_4 fusion-one-fourth fusion-column-inner-bg-wrapper\" style=\"width:25%;width:calc(25% - ( ( 4% + 4% + 4% ) * 0.25 ) );margin-right: 4%;margin-top:0px;margin-bottom:20px;\"><div class=\"fusion-column-wrapper fusion-flex-column-wrapper-legacy\" style=\"padding: 0px 0px 0px 0px;\"><span class=\" fusion-imageframe imageframe-none imageframe-2 hover-type-none zucchi-product\"><img decoding=\"async\" width=\"300\" image_height=\"169\" image_id=\"4415\" title=\"Siena_FC3_07-Bianco\" src=\"https:\/\/www.recinzionipvc.com\/wp-content\/uploads\/2020\/02\/Melbourne_FC3_07-Bianco-300x169.jpg\" class=\"img-responsive wp-image-4415\" srcset=\"https:\/\/recinzionipvc.com\/wp-content\/uploads\/2020\/02\/Melbourne_FC3_07-Bianco-200x113.jpg 200w, https:\/\/recinzionipvc.com\/wp-content\/uploads\/2020\/02\/Melbourne_FC3_07-Bianco-400x225.jpg 400w, https:\/\/recinzionipvc.com\/wp-content\/uploads\/2020\/02\/Melbourne_FC3_07-Bianco-600x338.jpg 600w, https:\/\/recinzionipvc.com\/wp-content\/uploads\/2020\/02\/Melbourne_FC3_07-Bianco-800x450.jpg 800w, https:\/\/recinzionipvc.com\/wp-content\/uploads\/2020\/02\/Melbourne_FC3_07-Bianco-1200x675.jpg 1200w, https:\/\/recinzionipvc.com\/wp-content\/uploads\/2020\/02\/Melbourne_FC3_07-Bianco-scaled.jpg 2560w\" sizes=\"(max-width: 800px) 100vw, 300px\" \/><\/span><style type=\"text\/css\"><\/style><div class=\"fusion-title title fusion-title-2 fusion-sep-none fusion-title-center fusion-title-text fusion-title-size-one\" style=\"margin-top:0px;margin-bottom:31px;\"><h1 class=\"title-heading-center\" style=\"margin:0;\"><h2><em>Siena<\/em><\/h2><\/h1><\/div><div class=\"fusion-text fusion-text-2\"><p><em>La nostra Recinzione in PVC, modello Siena, ha la particolarit\u00e0 rispetto agli altri prodotti della famiglia Horse, delle tre traverse orizzontali.<\/em><\/p>\n<\/div><div class=\"fusion-clearfix\"><\/div><\/div><span class=\"fusion-column-inner-bg hover-type-none\"><a href=\"https:\/\/www.recinzionipvc.com\/modelli-di-recinzioni-in-pvc\/siena\/\"><span class=\"fusion-column-inner-bg-image\" style=\"background-position:left top;background-repeat:no-repeat;-webkit-background-size:cover;-moz-background-size:cover;-o-background-size:cover;background-size:cover;\"><\/span><\/a><\/span><\/div><div class=\"fusion-layout-column fusion_builder_column fusion-builder-column-2 fusion_builder_column_1_4 1_4 fusion-one-fourth fusion-column-inner-bg-wrapper\" style=\"width:25%;width:calc(25% - ( ( 4% + 4% + 4% ) * 0.25 ) );margin-right: 4%;margin-top:0px;margin-bottom:20px;\"><div class=\"fusion-column-wrapper fusion-flex-column-wrapper-legacy\" style=\"padding: 0px 0px 0px 0px;\"><span class=\" fusion-imageframe imageframe-none imageframe-3 hover-type-none zucchi-product\"><img decoding=\"async\" width=\"300\" image_height=\"169\" image_id=\"4414\" title=\"Siena_FC3_07-Bianco\" src=\"https:\/\/www.recinzionipvc.com\/wp-content\/uploads\/2020\/02\/Siena_FC3_07-Bianco-300x169.jpg\" class=\"img-responsive wp-image-4414\" srcset=\"https:\/\/recinzionipvc.com\/wp-content\/uploads\/2020\/02\/Siena_FC3_07-Bianco-200x113.jpg 200w, https:\/\/recinzionipvc.com\/wp-content\/uploads\/2020\/02\/Siena_FC3_07-Bianco-400x225.jpg 400w, https:\/\/recinzionipvc.com\/wp-content\/uploads\/2020\/02\/Siena_FC3_07-Bianco-600x338.jpg 600w, https:\/\/recinzionipvc.com\/wp-content\/uploads\/2020\/02\/Siena_FC3_07-Bianco-800x450.jpg 800w, https:\/\/recinzionipvc.com\/wp-content\/uploads\/2020\/02\/Siena_FC3_07-Bianco-1200x675.jpg 1200w, https:\/\/recinzionipvc.com\/wp-content\/uploads\/2020\/02\/Siena_FC3_07-Bianco-scaled.jpg 2560w\" sizes=\"(max-width: 800px) 100vw, 300px\" \/><\/span><style type=\"text\/css\"><\/style><div class=\"fusion-title title fusion-title-3 fusion-sep-none fusion-title-center fusion-title-text fusion-title-size-one\" style=\"margin-top:0px;margin-bottom:31px;\"><h1 class=\"title-heading-center\" style=\"margin:0;\"><h2><em>Melbourne<\/em><\/h2><\/h1><\/div><div class=\"fusion-text fusion-text-3\"><p><em>La nostra Recinzione in PVC, modello Melbourne, ha la particolarit\u00e0 rispetto agli altri prodotti della famiglia Horse, di avere quattro traverse orizzontali.<\/em><\/p>\n<\/div><div class=\"fusion-clearfix\"><\/div><\/div><span class=\"fusion-column-inner-bg hover-type-none\"><a href=\"https:\/\/www.recinzionipvc.com\/modelli-di-recinzioni-in-pvc\/melbourne\/\"><span class=\"fusion-column-inner-bg-image\" style=\"background-position:left top;background-repeat:no-repeat;-webkit-background-size:cover;-moz-background-size:cover;-o-background-size:cover;background-size:cover;\"><\/span><\/a><\/span><\/div><div class=\"fusion-layout-column fusion_builder_column fusion-builder-column-3 fusion_builder_column_1_4 1_4 fusion-one-fourth fusion-column-last fusion-column-inner-bg-wrapper\" style=\"width:25%;width:calc(25% - ( ( 4% + 4% + 4% ) * 0.25 ) );margin-top:0px;margin-bottom:20px;\"><div class=\"fusion-column-wrapper fusion-flex-column-wrapper-legacy\" style=\"padding: 0px 0px 0px 0px;\"><span class=\" fusion-imageframe imageframe-none imageframe-4 hover-type-none zucchi-product\"><img decoding=\"async\" width=\"300\" image_height=\"169\" image_id=\"4416\" title=\"Atlanta_FC3_07-Bianco(Rv01)\" src=\"https:\/\/www.recinzionipvc.com\/wp-content\/uploads\/2020\/02\/Atlanta_FC3_07-BiancoRv01-300x169.jpg\" class=\"img-responsive wp-image-4416\" srcset=\"https:\/\/recinzionipvc.com\/wp-content\/uploads\/2020\/02\/Atlanta_FC3_07-BiancoRv01-200x113.jpg 200w, https:\/\/recinzionipvc.com\/wp-content\/uploads\/2020\/02\/Atlanta_FC3_07-BiancoRv01-400x225.jpg 400w, https:\/\/recinzionipvc.com\/wp-content\/uploads\/2020\/02\/Atlanta_FC3_07-BiancoRv01-600x338.jpg 600w, https:\/\/recinzionipvc.com\/wp-content\/uploads\/2020\/02\/Atlanta_FC3_07-BiancoRv01-800x450.jpg 800w, https:\/\/recinzionipvc.com\/wp-content\/uploads\/2020\/02\/Atlanta_FC3_07-BiancoRv01-1200x675.jpg 1200w, https:\/\/recinzionipvc.com\/wp-content\/uploads\/2020\/02\/Atlanta_FC3_07-BiancoRv01-scaled.jpg 2560w\" sizes=\"(max-width: 800px) 100vw, 300px\" \/><\/span><style type=\"text\/css\"><\/style><div class=\"fusion-title title fusion-title-4 fusion-sep-none fusion-title-center fusion-title-text fusion-title-size-one\" style=\"margin-top:0px;margin-bottom:31px;\"><h1 class=\"title-heading-center\" style=\"margin:0;\"><h2><em>Atlanta<\/em><\/h2><\/h1><\/div><div class=\"fusion-text fusion-text-4\"><p><em>La nostra Recinzione in PVC, modello Atlanta, ha la particolarit\u00e0 rispetto agli altri prodotti della famiglia Horse, di avere due traverse incrociate che vanno a formare una &#8216;X&#8217; orizzontale.\u00a0<\/em><\/p>\n<\/div><div class=\"fusion-clearfix\"><\/div><\/div><span class=\"fusion-column-inner-bg hover-type-none\"><a href=\"https:\/\/www.recinzionipvc.com\/modelli-di-recinzioni-in-pvc\/atlanta\/\"><span class=\"fusion-column-inner-bg-image\" style=\"background-position:left top;background-repeat:no-repeat;-webkit-background-size:cover;-moz-background-size:cover;-o-background-size:cover;background-size:cover;\"><\/span><\/a><\/span><\/div><\/div><\/div><div class=\"fusion-fullwidth fullwidth-box fusion-builder-row-2 fusion-flex-container nonhundred-percent-fullwidth non-hundred-percent-height-scrolling\" style=\"background-color: rgba(255,255,255,0);background-position: center center;background-repeat: no-repeat;border-width: 0px 0px 0px 0px;border-color:#eae9e9;border-style:solid;\" ><div class=\"fusion-builder-row fusion-row fusion-flex-align-items-flex-start\" style=\"max-width:1144px;margin-left: calc(-4% \/ 2 );margin-right: calc(-4% \/ 2 );\"><div class=\"fusion-layout-column fusion_builder_column fusion-builder-column-4 fusion_builder_column_1_4 1_4 fusion-flex-column fusion-column-inner-bg-wrapper\"><div class=\"fusion-column-wrapper fusion-flex-justify-content-flex-start fusion-content-layout-column\" style=\"padding: 0px 0px 0px 0px;\"><div ><span class=\" fusion-imageframe imageframe-none imageframe-5 hover-type-none\"><img decoding=\"async\" width=\"800\" image_height=\"450\" image_id=\"15793\" alt=\"recinzione in pvc per maneggi Alba\" title=\"modello Horse_Alba\" src=\"https:\/\/www.recinzionipvc.com\/wp-content\/uploads\/2021\/12\/modello-Horse_Alba-800x450.jpg\" class=\"img-responsive wp-image-15793\" srcset=\"https:\/\/recinzionipvc.com\/wp-content\/uploads\/2021\/12\/modello-Horse_Alba-200x113.jpg 200w, https:\/\/recinzionipvc.com\/wp-content\/uploads\/2021\/12\/modello-Horse_Alba-400x225.jpg 400w, https:\/\/recinzionipvc.com\/wp-content\/uploads\/2021\/12\/modello-Horse_Alba-600x338.jpg 600w, https:\/\/recinzionipvc.com\/wp-content\/uploads\/2021\/12\/modello-Horse_Alba-800x450.jpg 800w, https:\/\/recinzionipvc.com\/wp-content\/uploads\/2021\/12\/modello-Horse_Alba-1200x675.jpg 1200w, https:\/\/recinzionipvc.com\/wp-content\/uploads\/2021\/12\/modello-Horse_Alba-scaled.jpg 2560w\" sizes=\"(max-width: 1024px) 100vw, (max-width: 640px) 100vw, 400px\" \/><\/span><\/div><style type=\"text\/css\">@media only screen and (max-width:1024px) {.fusion-title.fusion-title-5{margin-top:0px!important;margin-bottom:31px!important;}}<\/style><div class=\"fusion-title title fusion-title-5 fusion-sep-none fusion-title-center fusion-title-text fusion-title-size-two\" style=\"margin-top:0px;margin-bottom:31px;\"><h2 class=\"title-heading-center\" style=\"margin:0;\"><h2 style=\"text-align: center;\"><em>Alba<\/em><\/h2><\/h2><\/div><div class=\"fusion-text fusion-text-5\"><p>La nostra Recinzione in PVC, modello Alba, si differenzia dal resto degli altri modelli Horse\u00a0perch\u00e9 \u00e8 formato solamente da una traversa nella parte alta, mentre nella parte bassa, vi \u00e8 la presenza di due fori per far passare un cavo elettrificato, qualora lo si voglia inserire.<\/p>\n<\/div><\/div><span class=\"fusion-column-inner-bg hover-type-none\"><a href=\"https:\/\/www.recinzionipvc.com\/it\/alba-recinzione-in-pvc-modello-horse\/\"><span class=\"fusion-column-inner-bg-image\" style=\"background-position:left top;background-repeat:no-repeat;-webkit-background-size:cover;-moz-background-size:cover;-o-background-size:cover;background-size:cover;\"><\/span><\/a><\/span><\/div><style type=\"text\/css\">.fusion-body .fusion-builder-column-4{width:25% !important;margin-top : 0px;margin-bottom : 20px;}.fusion-builder-column-4 > .fusion-column-wrapper {padding-top : 0px !important;padding-right : 0px !important;margin-right : 7.68%;padding-bottom : 0px !important;padding-left : 0px !important;margin-left : 7.68%;}.fusion-flex-container .fusion-row .fusion-builder-column-4 > .fusion-column-inner-bg { margin-right:7.68%;margin-left:7.68%; }@media only screen and (max-width:1024px) {.fusion-body .fusion-builder-column-4{width:100% !important;order : 0;}.fusion-builder-column-4 > .fusion-column-wrapper {margin-right : 1.92%;margin-left : 1.92%;}.fusion-flex-container .fusion-row .fusion-builder-column-4 > .fusion-column-inner-bg { margin-right:1.92%;margin-left:1.92%; }}@media only screen and (max-width:640px) {.fusion-body .fusion-builder-column-4{width:100% !important;order : 0;}.fusion-builder-column-4 > .fusion-column-wrapper {margin-right : 1.92%;margin-left : 1.92%;}.fusion-flex-container .fusion-row .fusion-builder-column-4 > .fusion-column-inner-bg { margin-right:1.92%;margin-left:1.92%; }}<\/style><\/div><style type=\"text\/css\">.fusion-body .fusion-flex-container.fusion-builder-row-2{ padding-top : 0px;margin-top : 0px;padding-right : 0px;padding-bottom : 0px;margin-bottom : 0px;padding-left : 0px;}<\/style><\/div>","protected":false},"excerpt":{"rendered":"","protected":false},"author":3,"featured_media":0,"parent":3464,"menu_order":0,"comment_status":"closed","ping_status":"closed","template":"","meta":{"footnotes":""},"yoast_head":"<!-- This site is optimized with the Yoast SEO plugin v22.4 - https:\/\/yoast.com\/wordpress\/plugins\/seo\/ -->\n<title>Recinzioni in PVC_Famiglia Horse<\/title>\n<meta name=\"description\" content=\"Recinzioni in PVC_Famiglia Horse: recinzioni ideali per maneggi e centri equestri, ma anche per recintare gli animali o il giardino.\" \/>\n<meta name=\"robots\" content=\"index, follow, max-snippet:-1, max-image-preview:large, max-video-preview:-1\" \/>\n<link rel=\"canonical\" href=\"https:\/\/www.recinzionipvc.com\/it\/famiglie-recinzioni-in-pvc\/recinzioni-pvc-famiglia-horse\/\" \/>\n<meta property=\"og:locale\" content=\"it_IT\" \/>\n<meta property=\"og:type\" content=\"article\" \/>\n<meta property=\"og:title\" content=\"Recinzioni in PVC_Famiglia Horse\" \/>\n<meta property=\"og:description\" content=\"Recinzioni in PVC_Famiglia Horse: recinzioni ideali per maneggi e centri equestri, ma anche per recintare gli animali o il giardino.\" \/>\n<meta property=\"og:url\" content=\"https:\/\/www.recinzionipvc.com\/it\/famiglie-recinzioni-in-pvc\/recinzioni-pvc-famiglia-horse\/\" \/>\n<meta property=\"og:site_name\" content=\"Recinzioni PVC\" \/>\n<meta property=\"article:publisher\" content=\"https:\/\/www.facebook.com\/ZucchiRecinzioniPVC\" \/>\n<meta property=\"article:modified_time\" content=\"2021-12-15T14:09:53+00:00\" \/>\n<meta name=\"twitter:card\" content=\"summary_large_image\" \/>\n<meta name=\"twitter:label1\" content=\"Tempo di lettura stimato\" \/>\n\t<meta name=\"twitter:data1\" content=\"5 minuti\" \/>\n<script type=\"application\/ld+json\" class=\"yoast-schema-graph\">{\"@context\":\"https:\/\/schema.org\",\"@graph\":[{\"@type\":\"WebPage\",\"@id\":\"https:\/\/www.recinzionipvc.com\/it\/famiglie-recinzioni-in-pvc\/recinzioni-pvc-famiglia-horse\/\",\"url\":\"https:\/\/www.recinzionipvc.com\/it\/famiglie-recinzioni-in-pvc\/recinzioni-pvc-famiglia-horse\/\",\"name\":\"Recinzioni in PVC_Famiglia Horse\",\"isPartOf\":{\"@id\":\"https:\/\/www.recinzionipvc.com\/it\/#website\"},\"datePublished\":\"2020-01-28T09:40:07+00:00\",\"dateModified\":\"2021-12-15T14:09:53+00:00\",\"description\":\"Recinzioni in PVC_Famiglia Horse: recinzioni ideali per maneggi e centri equestri, ma anche per recintare gli animali o il giardino.\",\"breadcrumb\":{\"@id\":\"https:\/\/www.recinzionipvc.com\/it\/famiglie-recinzioni-in-pvc\/recinzioni-pvc-famiglia-horse\/#breadcrumb\"},\"inLanguage\":\"it-IT\",\"potentialAction\":[{\"@type\":\"ReadAction\",\"target\":[\"https:\/\/www.recinzionipvc.com\/it\/famiglie-recinzioni-in-pvc\/recinzioni-pvc-famiglia-horse\/\"]}]},{\"@type\":\"BreadcrumbList\",\"@id\":\"https:\/\/www.recinzionipvc.com\/it\/famiglie-recinzioni-in-pvc\/recinzioni-pvc-famiglia-horse\/#breadcrumb\",\"itemListElement\":[{\"@type\":\"ListItem\",\"position\":1,\"name\":\"Home\",\"item\":\"https:\/\/www.recinzionipvc.com\/it\/\"},{\"@type\":\"ListItem\",\"position\":2,\"name\":\"Famiglie di Recinzioni in PVC\",\"item\":\"https:\/\/www.recinzionipvc.com\/it\/famiglie-recinzioni-in-pvc\/\"},{\"@type\":\"ListItem\",\"position\":3,\"name\":\"horse\"}]},{\"@type\":\"WebSite\",\"@id\":\"https:\/\/www.recinzionipvc.com\/it\/#website\",\"url\":\"https:\/\/www.recinzionipvc.com\/it\/\",\"name\":\"Recinzioni PVC\",\"description\":\"La tua prossima recinzione, direttamente creata da te!\",\"potentialAction\":[{\"@type\":\"SearchAction\",\"target\":{\"@type\":\"EntryPoint\",\"urlTemplate\":\"https:\/\/www.recinzionipvc.com\/it\/?s={search_term_string}\"},\"query-input\":\"required name=search_term_string\"}],\"inLanguage\":\"it-IT\"}]}<\/script>\n<!-- \/ Yoast SEO plugin. -->","yoast_head_json":{"title":"Recinzioni in PVC_Famiglia Horse","description":"Recinzioni in PVC_Famiglia Horse: recinzioni ideali per maneggi e centri equestri, ma anche per recintare gli animali o il giardino.","robots":{"index":"index","follow":"follow","max-snippet":"max-snippet:-1","max-image-preview":"max-image-preview:large","max-video-preview":"max-video-preview:-1"},"canonical":"https:\/\/www.recinzionipvc.com\/it\/famiglie-recinzioni-in-pvc\/recinzioni-pvc-famiglia-horse\/","og_locale":"it_IT","og_type":"article","og_title":"Recinzioni in PVC_Famiglia Horse","og_description":"Recinzioni in PVC_Famiglia Horse: recinzioni ideali per maneggi e centri equestri, ma anche per recintare gli animali o il giardino.","og_url":"https:\/\/www.recinzionipvc.com\/it\/famiglie-recinzioni-in-pvc\/recinzioni-pvc-famiglia-horse\/","og_site_name":"Recinzioni PVC","article_publisher":"https:\/\/www.facebook.com\/ZucchiRecinzioniPVC","article_modified_time":"2021-12-15T14:09:53+00:00","twitter_card":"summary_large_image","twitter_misc":{"Tempo di lettura stimato":"5 minuti"},"schema":{"@context":"https:\/\/schema.org","@graph":[{"@type":"WebPage","@id":"https:\/\/www.recinzionipvc.com\/it\/famiglie-recinzioni-in-pvc\/recinzioni-pvc-famiglia-horse\/","url":"https:\/\/www.recinzionipvc.com\/it\/famiglie-recinzioni-in-pvc\/recinzioni-pvc-famiglia-horse\/","name":"Recinzioni in PVC_Famiglia Horse","isPartOf":{"@id":"https:\/\/www.recinzionipvc.com\/it\/#website"},"datePublished":"2020-01-28T09:40:07+00:00","dateModified":"2021-12-15T14:09:53+00:00","description":"Recinzioni in PVC_Famiglia Horse: recinzioni ideali per maneggi e centri equestri, ma anche per recintare gli animali o il giardino.","breadcrumb":{"@id":"https:\/\/www.recinzionipvc.com\/it\/famiglie-recinzioni-in-pvc\/recinzioni-pvc-famiglia-horse\/#breadcrumb"},"inLanguage":"it-IT","potentialAction":[{"@type":"ReadAction","target":["https:\/\/www.recinzionipvc.com\/it\/famiglie-recinzioni-in-pvc\/recinzioni-pvc-famiglia-horse\/"]}]},{"@type":"BreadcrumbList","@id":"https:\/\/www.recinzionipvc.com\/it\/famiglie-recinzioni-in-pvc\/recinzioni-pvc-famiglia-horse\/#breadcrumb","itemListElement":[{"@type":"ListItem","position":1,"name":"Home","item":"https:\/\/www.recinzionipvc.com\/it\/"},{"@type":"ListItem","position":2,"name":"Famiglie di Recinzioni in PVC","item":"https:\/\/www.recinzionipvc.com\/it\/famiglie-recinzioni-in-pvc\/"},{"@type":"ListItem","position":3,"name":"horse"}]},{"@type":"WebSite","@id":"https:\/\/www.recinzionipvc.com\/it\/#website","url":"https:\/\/www.recinzionipvc.com\/it\/","name":"Recinzioni PVC","description":"La tua prossima recinzione, direttamente creata da te!","potentialAction":[{"@type":"SearchAction","target":{"@type":"EntryPoint","urlTemplate":"https:\/\/www.recinzionipvc.com\/it\/?s={search_term_string}"},"query-input":"required name=search_term_string"}],"inLanguage":"it-IT"}]}},"_links":{"self":[{"href":"https:\/\/recinzionipvc.com\/it\/wp-json\/wp\/v2\/pages\/4294"}],"collection":[{"href":"https:\/\/recinzionipvc.com\/it\/wp-json\/wp\/v2\/pages"}],"about":[{"href":"https:\/\/recinzionipvc.com\/it\/wp-json\/wp\/v2\/types\/page"}],"author":[{"embeddable":true,"href":"https:\/\/recinzionipvc.com\/it\/wp-json\/wp\/v2\/users\/3"}],"replies":[{"embeddable":true,"href":"https:\/\/recinzionipvc.com\/it\/wp-json\/wp\/v2\/comments?post=4294"}],"version-history":[{"count":13,"href":"https:\/\/recinzionipvc.com\/it\/wp-json\/wp\/v2\/pages\/4294\/revisions"}],"predecessor-version":[{"id":16056,"href":"https:\/\/recinzionipvc.com\/it\/wp-json\/wp\/v2\/pages\/4294\/revisions\/16056"}],"up":[{"embeddable":true,"href":"https:\/\/recinzionipvc.com\/it\/wp-json\/wp\/v2\/pages\/3464"}],"wp:attachment":[{"href":"https:\/\/recinzionipvc.com\/it\/wp-json\/wp\/v2\/media?parent=4294"}],"curies":[{"name":"wp","href":"https:\/\/api.w.org\/{rel}","templated":true}]}}