{"id":5014,"date":"2020-04-25T08:29:22","date_gmt":"2020-04-25T08:29:22","guid":{"rendered":"http:\/\/52.213.162.151\/?page_id=5014"},"modified":"2020-11-20T18:30:35","modified_gmt":"2020-11-20T16:30:35","slug":"modelli-differenti-di-recinzioni-in-pvc","status":"publish","type":"page","link":"https:\/\/recinzionipvc.com\/it\/modelli-differenti-di-recinzioni-in-pvc\/","title":{"rendered":"Modelli di recinzioni in pvc"},"content":{"rendered":"<div class=\"fusion-fullwidth fullwidth-box fusion-builder-row-1 nonhundred-percent-fullwidth non-hundred-percent-height-scrolling\" style=\"background-color: rgba(255,255,255,0);background-position: center center;background-repeat: no-repeat;padding-top:0px;padding-right:0px;padding-bottom:0px;padding-left:0px;margin-bottom: 0px;margin-top: 0px;border-width: 0px 0px 0px 0px;border-color:#eae9e9;border-style:solid;\" ><div class=\"fusion-builder-row fusion-row\"><div class=\"fusion-layout-column fusion_builder_column fusion-builder-column-0 fusion_builder_column_1_1 1_1 fusion-one-full fusion-column-first fusion-column-last\" style=\"margin-top:0px;margin-bottom:20px;\"><div class=\"fusion-column-wrapper fusion-flex-column-wrapper-legacy\" style=\"background-position:left top;background-repeat:no-repeat;-webkit-background-size:cover;-moz-background-size:cover;-o-background-size:cover;background-size:cover;padding: 0px 0px 0px 0px;\"><style type=\"text\/css\"><\/style><div class=\"fusion-title title fusion-title-1 fusion-sep-none fusion-title-text fusion-title-size-one\" style=\"margin-top:0px;margin-bottom:31px;\"><h1 class=\"title-heading-left\" style=\"margin:0;\"><h1><em>Modelli di Recinzioni in PVC<\/em><\/h1>\r\nTutti i nostri modelli di <em><strong>Recinzioni in PVC<\/strong><\/em>, sono stati creati per poter <em><strong>soddisfare<\/strong><\/em> qualsiasi tipo di esigenza ci venga richiesta.\r\n\r\nEcco quindi, che nascono cinque diverse tipologie di <em><strong>Famiglie<\/strong><\/em>, la quale ognuna comprende diversi <em><strong>modelli<\/strong> <\/em>fra loro, soddisfacendo ogni necessit\u00e0, sia a livello <em><strong>estetico<\/strong><\/em> ma anche a livello di <em><strong>bisogno<\/strong><\/em>.\r\n\r\nPer noi \u00e8 molto importante saper<em><strong> soddisfare il cliente<\/strong><\/em>, proprio per questo, la nostra gamma dei <em><strong>prodotti<\/strong> <\/em>\u00e8 in continua evoluzione: se un cliente ci contatta per un <em><strong>modello<\/strong><\/em>, che non fa parte di quelli che proponiamo, noi ci impegniamo per far si che ci\u00f2 che ci viene richiesto venga creato.\r\n\r\nQuindi, dopo un piccolo <em><strong>brief<\/strong> <\/em>con il compratore ( studiamo le sue esigenze e tutte le possibili informazioni che ci fornisce) un nostro tecnico collaborer\u00e0 con il cliente stesso per far si che ci\u00f2 che richiede, prenda vita: ecco cos\u00ec, che si aggiunger\u00e0 un nuovo <em><strong>modello<\/strong> <\/em>di <em><strong>Recinzione in PVC<\/strong><\/em> alle nostre <em><strong>Famiglie<\/strong> <\/em>gi\u00e0 esistenti.\r\n\r\nE tu, stai cercando un\u00a0<em><strong>modello<\/strong>\u00a0<\/em>in particolare e non lo hai trovato?\r\n\r\nContattaci al numero <em><strong>0174\/681492<\/strong><\/em> o su<em><strong> info@recinzionipvc.com<\/strong><\/em> ti aiuteremo a trovare il <em><strong>modello<\/strong> <\/em>di <em><strong>Recinzione in PVC<\/strong><\/em> adatto a te!<\/h1><\/div><div class=\"fusion-clearfix\"><\/div><\/div><\/div><\/div><\/div>","protected":false},"excerpt":{"rendered":"","protected":false},"author":2,"featured_media":0,"parent":0,"menu_order":0,"comment_status":"closed","ping_status":"closed","template":"","meta":{"footnotes":""},"yoast_head":"<!-- This site is optimized with the Yoast SEO plugin v22.4 - https:\/\/yoast.com\/wordpress\/plugins\/seo\/ -->\n<title>Modelli differenti di Recinzioni in PVC in base all&#039;esigenza<\/title>\n<meta name=\"description\" content=\"La Zucchi Recinzioni PVC, offre un vasto catalogo di modelli differenti tra loro, ideati in base alle diverse esigenze che vengono richieste\" \/>\n<meta name=\"robots\" content=\"index, follow, max-snippet:-1, max-image-preview:large, max-video-preview:-1\" \/>\n<link rel=\"canonical\" href=\"https:\/\/www.recinzionipvc.com\/it\/modelli-differenti-di-recinzioni-in-pvc\/\" \/>\n<meta property=\"og:locale\" content=\"it_IT\" \/>\n<meta property=\"og:type\" content=\"article\" \/>\n<meta property=\"og:title\" content=\"Modelli differenti di Recinzioni in PVC in base all&#039;esigenza\" \/>\n<meta property=\"og:description\" content=\"La Zucchi Recinzioni PVC, offre un vasto catalogo di modelli differenti tra loro, ideati in base alle diverse esigenze che vengono richieste\" \/>\n<meta property=\"og:url\" content=\"https:\/\/www.recinzionipvc.com\/it\/modelli-differenti-di-recinzioni-in-pvc\/\" \/>\n<meta property=\"og:site_name\" content=\"Recinzioni PVC\" \/>\n<meta property=\"article:publisher\" content=\"https:\/\/www.facebook.com\/ZucchiRecinzioniPVC\" \/>\n<meta property=\"article:modified_time\" content=\"2020-11-20T16:30:35+00:00\" \/>\n<meta name=\"twitter:card\" content=\"summary_large_image\" \/>\n<meta name=\"twitter:label1\" content=\"Tempo di lettura stimato\" \/>\n\t<meta name=\"twitter:data1\" content=\"2 minuti\" \/>\n<script type=\"application\/ld+json\" class=\"yoast-schema-graph\">{\"@context\":\"https:\/\/schema.org\",\"@graph\":[{\"@type\":\"WebPage\",\"@id\":\"https:\/\/www.recinzionipvc.com\/it\/modelli-differenti-di-recinzioni-in-pvc\/\",\"url\":\"https:\/\/www.recinzionipvc.com\/it\/modelli-differenti-di-recinzioni-in-pvc\/\",\"name\":\"Modelli differenti di Recinzioni in PVC in base all'esigenza\",\"isPartOf\":{\"@id\":\"https:\/\/www.recinzionipvc.com\/it\/#website\"},\"datePublished\":\"2020-04-25T08:29:22+00:00\",\"dateModified\":\"2020-11-20T16:30:35+00:00\",\"description\":\"La Zucchi Recinzioni PVC, offre un vasto catalogo di modelli differenti tra loro, ideati in base alle diverse esigenze che vengono richieste\",\"breadcrumb\":{\"@id\":\"https:\/\/www.recinzionipvc.com\/it\/modelli-differenti-di-recinzioni-in-pvc\/#breadcrumb\"},\"inLanguage\":\"it-IT\",\"potentialAction\":[{\"@type\":\"ReadAction\",\"target\":[\"https:\/\/www.recinzionipvc.com\/it\/modelli-differenti-di-recinzioni-in-pvc\/\"]}]},{\"@type\":\"BreadcrumbList\",\"@id\":\"https:\/\/www.recinzionipvc.com\/it\/modelli-differenti-di-recinzioni-in-pvc\/#breadcrumb\",\"itemListElement\":[{\"@type\":\"ListItem\",\"position\":1,\"name\":\"Home\",\"item\":\"https:\/\/www.recinzionipvc.com\/it\/\"},{\"@type\":\"ListItem\",\"position\":2,\"name\":\"Modelli di recinzioni in pvc\"}]},{\"@type\":\"WebSite\",\"@id\":\"https:\/\/www.recinzionipvc.com\/it\/#website\",\"url\":\"https:\/\/www.recinzionipvc.com\/it\/\",\"name\":\"Recinzioni PVC\",\"description\":\"La tua prossima recinzione, direttamente creata da te!\",\"potentialAction\":[{\"@type\":\"SearchAction\",\"target\":{\"@type\":\"EntryPoint\",\"urlTemplate\":\"https:\/\/www.recinzionipvc.com\/it\/?s={search_term_string}\"},\"query-input\":\"required name=search_term_string\"}],\"inLanguage\":\"it-IT\"}]}<\/script>\n<!-- \/ Yoast SEO plugin. -->","yoast_head_json":{"title":"Modelli differenti di Recinzioni in PVC in base all'esigenza","description":"La Zucchi Recinzioni PVC, offre un vasto catalogo di modelli differenti tra loro, ideati in base alle diverse esigenze che vengono richieste","robots":{"index":"index","follow":"follow","max-snippet":"max-snippet:-1","max-image-preview":"max-image-preview:large","max-video-preview":"max-video-preview:-1"},"canonical":"https:\/\/www.recinzionipvc.com\/it\/modelli-differenti-di-recinzioni-in-pvc\/","og_locale":"it_IT","og_type":"article","og_title":"Modelli differenti di Recinzioni in PVC in base all'esigenza","og_description":"La Zucchi Recinzioni PVC, offre un vasto catalogo di modelli differenti tra loro, ideati in base alle diverse esigenze che vengono richieste","og_url":"https:\/\/www.recinzionipvc.com\/it\/modelli-differenti-di-recinzioni-in-pvc\/","og_site_name":"Recinzioni PVC","article_publisher":"https:\/\/www.facebook.com\/ZucchiRecinzioniPVC","article_modified_time":"2020-11-20T16:30:35+00:00","twitter_card":"summary_large_image","twitter_misc":{"Tempo di lettura stimato":"2 minuti"},"schema":{"@context":"https:\/\/schema.org","@graph":[{"@type":"WebPage","@id":"https:\/\/www.recinzionipvc.com\/it\/modelli-differenti-di-recinzioni-in-pvc\/","url":"https:\/\/www.recinzionipvc.com\/it\/modelli-differenti-di-recinzioni-in-pvc\/","name":"Modelli differenti di Recinzioni in PVC in base all'esigenza","isPartOf":{"@id":"https:\/\/www.recinzionipvc.com\/it\/#website"},"datePublished":"2020-04-25T08:29:22+00:00","dateModified":"2020-11-20T16:30:35+00:00","description":"La Zucchi Recinzioni PVC, offre un vasto catalogo di modelli differenti tra loro, ideati in base alle diverse esigenze che vengono richieste","breadcrumb":{"@id":"https:\/\/www.recinzionipvc.com\/it\/modelli-differenti-di-recinzioni-in-pvc\/#breadcrumb"},"inLanguage":"it-IT","potentialAction":[{"@type":"ReadAction","target":["https:\/\/www.recinzionipvc.com\/it\/modelli-differenti-di-recinzioni-in-pvc\/"]}]},{"@type":"BreadcrumbList","@id":"https:\/\/www.recinzionipvc.com\/it\/modelli-differenti-di-recinzioni-in-pvc\/#breadcrumb","itemListElement":[{"@type":"ListItem","position":1,"name":"Home","item":"https:\/\/www.recinzionipvc.com\/it\/"},{"@type":"ListItem","position":2,"name":"Modelli di recinzioni in pvc"}]},{"@type":"WebSite","@id":"https:\/\/www.recinzionipvc.com\/it\/#website","url":"https:\/\/www.recinzionipvc.com\/it\/","name":"Recinzioni PVC","description":"La tua prossima recinzione, direttamente creata da te!","potentialAction":[{"@type":"SearchAction","target":{"@type":"EntryPoint","urlTemplate":"https:\/\/www.recinzionipvc.com\/it\/?s={search_term_string}"},"query-input":"required name=search_term_string"}],"inLanguage":"it-IT"}]}},"_links":{"self":[{"href":"https:\/\/recinzionipvc.com\/it\/wp-json\/wp\/v2\/pages\/5014"}],"collection":[{"href":"https:\/\/recinzionipvc.com\/it\/wp-json\/wp\/v2\/pages"}],"about":[{"href":"https:\/\/recinzionipvc.com\/it\/wp-json\/wp\/v2\/types\/page"}],"author":[{"embeddable":true,"href":"https:\/\/recinzionipvc.com\/it\/wp-json\/wp\/v2\/users\/2"}],"replies":[{"embeddable":true,"href":"https:\/\/recinzionipvc.com\/it\/wp-json\/wp\/v2\/comments?post=5014"}],"version-history":[{"count":6,"href":"https:\/\/recinzionipvc.com\/it\/wp-json\/wp\/v2\/pages\/5014\/revisions"}],"predecessor-version":[{"id":11521,"href":"https:\/\/recinzionipvc.com\/it\/wp-json\/wp\/v2\/pages\/5014\/revisions\/11521"}],"wp:attachment":[{"href":"https:\/\/recinzionipvc.com\/it\/wp-json\/wp\/v2\/media?parent=5014"}],"curies":[{"name":"wp","href":"https:\/\/api.w.org\/{rel}","templated":true}]}}