{"id":5068,"date":"2020-05-08T14:04:15","date_gmt":"2020-05-08T14:04:15","guid":{"rendered":"http:\/\/52.213.162.151\/?page_id=5068"},"modified":"2020-08-27T08:38:56","modified_gmt":"2020-08-27T08:38:56","slug":"domande-frequenti","status":"publish","type":"page","link":"https:\/\/recinzionipvc.com\/it\/recinzioni-pvc-colori-disponibili-estrusione-materiali\/domande-frequenti\/","title":{"rendered":"Domande frequenti"},"content":{"rendered":"<div class=\"fusion-fullwidth fullwidth-box fusion-builder-row-1 nonhundred-percent-fullwidth non-hundred-percent-height-scrolling\" style=\"background-color: rgba(255,255,255,0);background-position: center center;background-repeat: no-repeat;padding-top:0px;padding-right:0px;padding-bottom:0px;padding-left:0px;margin-bottom: 0px;margin-top: 0px;border-width: 0px 0px 0px 0px;border-color:#eae9e9;border-style:solid;\" ><div class=\"fusion-builder-row fusion-row\"><\/div><\/div><div class=\"fusion-fullwidth fullwidth-box fusion-builder-row-2 nonhundred-percent-fullwidth non-hundred-percent-height-scrolling\" style=\"background-color: rgba(255,255,255,0);background-position: center center;background-repeat: no-repeat;padding-top:0px;padding-right:0px;padding-bottom:0px;padding-left:0px;margin-bottom: 0px;margin-top: 0px;border-width: 0px 0px 0px 0px;border-color:#eae9e9;border-style:solid;\" ><div class=\"fusion-builder-row fusion-row\"><div class=\"fusion-layout-column fusion_builder_column fusion-builder-column-0 fusion_builder_column_1_1 1_1 fusion-one-full fusion-column-first fusion-column-last\" style=\"margin-top:0px;margin-bottom:20px;\"><div class=\"fusion-column-wrapper fusion-flex-column-wrapper-legacy\" style=\"background-position:left top;background-repeat:no-repeat;-webkit-background-size:cover;-moz-background-size:cover;-o-background-size:cover;background-size:cover;padding: 0px 0px 0px 0px;\"><style type=\"text\/css\"><\/style><div class=\"fusion-title title fusion-title-1 fusion-sep-none fusion-title-center fusion-title-text fusion-title-size-one\" style=\"margin-top:0px;margin-bottom:31px;\"><h1 class=\"title-heading-center\" style=\"margin:0;\"><h1>DOMANDE FREQUENTI SULLE RECINZIONI IN PVC<\/h1><\/h1><\/div><div class=\"fusion-clearfix\"><\/div><\/div><\/div><\/div><\/div><div class=\"fusion-fullwidth fullwidth-box fusion-builder-row-3 nonhundred-percent-fullwidth non-hundred-percent-height-scrolling\" style=\"background-color: rgba(255,255,255,0);background-position: center center;background-repeat: no-repeat;padding-top:0px;padding-right:0px;padding-bottom:0px;padding-left:0px;margin-bottom: 0px;margin-top: 0px;border-width: 0px 0px 0px 0px;border-color:#eae9e9;border-style:solid;\" ><div class=\"fusion-builder-row fusion-row\"><div class=\"fusion-layout-column fusion_builder_column fusion-builder-column-1 fusion_builder_column_1_4 1_4 fusion-one-fourth fusion-column-first\" style=\"width:25%;width:calc(25% - ( ( 4% + 4% + 4% ) * 0.25 ) );margin-right: 4%;margin-top:0px;margin-bottom:20px;\"><div class=\"fusion-column-wrapper fusion-flex-column-wrapper-legacy\" style=\"background-position:left top;background-repeat:no-repeat;-webkit-background-size:cover;-moz-background-size:cover;-o-background-size:cover;background-size:cover;padding: 0px 0px 0px 0px;\"><span class=\" fusion-imageframe imageframe-none imageframe-1 hover-type-none\"><a class=\"fusion-no-lightbox\" href=\"https:\/\/www.recinzionipvc.com\/modelli-di-recinzioni-in-pvc\/berlino\/\" target=\"_self\" aria-label=\"Berlino\"><img decoding=\"async\" width=\"300\" image_height=\"300\" image_id=\"5190\" src=\"https:\/\/www.recinzionipvc.com\/wp-content\/uploads\/2020\/05\/FA1-57-1-300x300.jpg\" class=\"img-responsive wp-image-5190\" srcset=\"https:\/\/recinzionipvc.com\/wp-content\/uploads\/2020\/05\/FA1-57-1-200x200.jpg 200w, https:\/\/recinzionipvc.com\/wp-content\/uploads\/2020\/05\/FA1-57-1-400x400.jpg 400w, https:\/\/recinzionipvc.com\/wp-content\/uploads\/2020\/05\/FA1-57-1-600x600.jpg 600w, https:\/\/recinzionipvc.com\/wp-content\/uploads\/2020\/05\/FA1-57-1-800x800.jpg 800w, https:\/\/recinzionipvc.com\/wp-content\/uploads\/2020\/05\/FA1-57-1-1200x1200.jpg 1200w, https:\/\/recinzionipvc.com\/wp-content\/uploads\/2020\/05\/FA1-57-1-scaled.jpg 2560w\" sizes=\"(max-width: 800px) 100vw, 300px\" \/><\/a><\/span><div class=\"fusion-clearfix\"><\/div><\/div><\/div><div class=\"fusion-layout-column fusion_builder_column fusion-builder-column-2 fusion_builder_column_1_4 1_4 fusion-one-fourth\" style=\"width:25%;width:calc(25% - ( ( 4% + 4% + 4% ) * 0.25 ) );margin-right: 4%;margin-top:0px;margin-bottom:20px;\"><div class=\"fusion-column-wrapper fusion-flex-column-wrapper-legacy\" style=\"background-position:left top;background-repeat:no-repeat;-webkit-background-size:cover;-moz-background-size:cover;-o-background-size:cover;background-size:cover;padding: 0px 0px 0px 0px;\"><span class=\" fusion-imageframe imageframe-none imageframe-2 hover-type-none\"><a class=\"fusion-no-lightbox\" href=\"https:\/\/www.recinzionipvc.com\/modelli-di-recinzioni-in-pvc\/vienna\/\" target=\"_self\" aria-label=\"Recinzioni Giardino Fai da Te\"><img decoding=\"async\" width=\"300\" image_height=\"298\" image_id=\"5187\" alt=\"Recinzioni Giardino Fai da Te\" src=\"https:\/\/www.recinzionipvc.com\/wp-content\/uploads\/2020\/05\/FC5-15-1-300x298.jpg\" class=\"img-responsive wp-image-5187\" srcset=\"https:\/\/recinzionipvc.com\/wp-content\/uploads\/2020\/05\/FC5-15-1-200x199.jpg 200w, https:\/\/recinzionipvc.com\/wp-content\/uploads\/2020\/05\/FC5-15-1-400x398.jpg 400w, https:\/\/recinzionipvc.com\/wp-content\/uploads\/2020\/05\/FC5-15-1.jpg 590w\" sizes=\"(max-width: 800px) 100vw, 300px\" \/><\/a><\/span><div class=\"fusion-clearfix\"><\/div><\/div><\/div><div class=\"fusion-layout-column fusion_builder_column fusion-builder-column-3 fusion_builder_column_1_4 1_4 fusion-one-fourth\" style=\"width:25%;width:calc(25% - ( ( 4% + 4% + 4% ) * 0.25 ) );margin-right: 4%;margin-top:0px;margin-bottom:20px;\"><div class=\"fusion-column-wrapper fusion-flex-column-wrapper-legacy\" style=\"background-position:left top;background-repeat:no-repeat;-webkit-background-size:cover;-moz-background-size:cover;-o-background-size:cover;background-size:cover;padding: 0px 0px 0px 0px;\"><span class=\" fusion-imageframe imageframe-none imageframe-3 hover-type-none\"><a class=\"fusion-no-lightbox\" href=\"https:\/\/www.recinzionipvc.com\/modelli-di-recinzioni-in-pvc\/copenaghen\/\" target=\"_self\" aria-label=\"Copenaghen, grigio\"><img decoding=\"async\" width=\"300\" image_height=\"300\" image_id=\"5188\" src=\"https:\/\/www.recinzionipvc.com\/wp-content\/uploads\/2020\/05\/IMG-20190618-WA0004-1-300x300.jpg\" class=\"img-responsive wp-image-5188\" srcset=\"https:\/\/recinzionipvc.com\/wp-content\/uploads\/2020\/05\/IMG-20190618-WA0004-1-200x200.jpg 200w, https:\/\/recinzionipvc.com\/wp-content\/uploads\/2020\/05\/IMG-20190618-WA0004-1-400x400.jpg 400w, https:\/\/recinzionipvc.com\/wp-content\/uploads\/2020\/05\/IMG-20190618-WA0004-1-600x600.jpg 600w, https:\/\/recinzionipvc.com\/wp-content\/uploads\/2020\/05\/IMG-20190618-WA0004-1-800x800.jpg 800w, https:\/\/recinzionipvc.com\/wp-content\/uploads\/2020\/05\/IMG-20190618-WA0004-1.jpg 849w\" sizes=\"(max-width: 800px) 100vw, 300px\" \/><\/a><\/span><div class=\"fusion-clearfix\"><\/div><\/div><\/div><div class=\"fusion-layout-column fusion_builder_column fusion-builder-column-4 fusion_builder_column_1_4 1_4 fusion-one-fourth fusion-column-last\" style=\"width:25%;width:calc(25% - ( ( 4% + 4% + 4% ) * 0.25 ) );margin-top:0px;margin-bottom:20px;\"><div class=\"fusion-column-wrapper fusion-flex-column-wrapper-legacy\" style=\"background-position:left top;background-repeat:no-repeat;-webkit-background-size:cover;-moz-background-size:cover;-o-background-size:cover;background-size:cover;padding: 0px 0px 0px 0px;\"><span class=\" fusion-imageframe imageframe-none imageframe-4 hover-type-none https:\/\/www.recinzionipvc.com\/modelli-di-recinzioni-in-pvc\/siena\/\"><img decoding=\"async\" width=\"300\" image_height=\"300\" image_id=\"5186\" title=\"Siena\" src=\"https:\/\/www.recinzionipvc.com\/wp-content\/uploads\/2020\/05\/FC3-2R137-3-1-300x300.jpg\" class=\"img-responsive wp-image-5186\" srcset=\"https:\/\/recinzionipvc.com\/wp-content\/uploads\/2020\/05\/FC3-2R137-3-1-200x200.jpg 200w, https:\/\/recinzionipvc.com\/wp-content\/uploads\/2020\/05\/FC3-2R137-3-1-400x399.jpg 400w, https:\/\/recinzionipvc.com\/wp-content\/uploads\/2020\/05\/FC3-2R137-3-1-600x599.jpg 600w, https:\/\/recinzionipvc.com\/wp-content\/uploads\/2020\/05\/FC3-2R137-3-1.jpg 738w\" sizes=\"(max-width: 800px) 100vw, 300px\" \/><\/span><div class=\"fusion-clearfix\"><\/div><\/div><\/div><\/div><\/div><div class=\"fusion-fullwidth fullwidth-box fusion-builder-row-4 nonhundred-percent-fullwidth non-hundred-percent-height-scrolling\" style=\"background-color: rgba(255,255,255,0);background-position: center center;background-repeat: no-repeat;padding-top:0px;padding-right:0px;padding-bottom:0px;padding-left:0px;margin-bottom: 0px;margin-top: 0px;border-width: 0px 0px 0px 0px;border-color:#eae9e9;border-style:solid;\" ><div class=\"fusion-builder-row fusion-row\"><div class=\"fusion-layout-column fusion_builder_column fusion-builder-column-5 fusion_builder_column_1_2 1_2 fusion-one-half fusion-column-first\" style=\"width:50%;width:calc(50% - ( ( 4% ) * 0.5 ) );margin-right: 4%;margin-top:0px;margin-bottom:20px;\"><div class=\"fusion-column-wrapper fusion-flex-column-wrapper-legacy\" style=\"background-position:left top;background-repeat:no-repeat;-webkit-background-size:cover;-moz-background-size:cover;-o-background-size:cover;background-size:cover;padding: 0px 0px 0px 0px;\"><div class=\"fusion-text fusion-text-1\"><h2><strong><em>Qual \u00e8 la composizione della struttura delle Recinzioni in PVC?<\/em><\/strong><\/h2>\n<p>L\u2019ingrediente base della struttura \u00e8 <strong>PVC<\/strong> (cloruro di polivinile) <strong>omopolimero<\/strong> composto prodotto da <strong>Zucchi Recinzioni PVC<\/strong>, con un alto livello di pigmenti di biossido di titanio i quali garantiscono la <strong>protezione<\/strong> dai<strong> raggi ultravioletti<\/strong> (UV) a lungo termine mentre i modificatori d\u2019impatto ne aumentano la <strong>resistenza<\/strong>. La formulazione \u00e8 simile a quella dei <strong>rivestimenti<\/strong> delle finestre in <strong>PVC\u00a0<\/strong>che hanno una storia ventennale e resistono ad ogni tipo di agente atmosferico.<\/p>\n<h2><strong><em>Qual \u00e8 il vinile utilizzato?<\/em><\/strong><\/h2>\n<p>Tutta la nostra linea di <strong>prodotti<\/strong> \u00e8 composta da <strong>cloruro vergine di polivinile<\/strong> (<strong>PVC<\/strong>) e altri ingredienti critici come <strong>inibitori UV<\/strong> e <strong>modificatori di impatto<\/strong>; questo conferisce al materiale la <strong>durevolezza<\/strong> e la <strong>flessibilit\u00e0<\/strong> a lungo termine.<\/p>\n<h2><strong><em>Che cos\u2019\u00e8 il vinile vergine?<\/em><\/strong><\/h2>\n<p>Molto semplicemente, 100% nuovo <strong>PVC<\/strong> (cloruro di polivinile). <strong>Zucchi Recinzioni PVC<\/strong> non contiene prodotti riciclati. Il termine \u2018riciclato\u2019 significa portare al consumatore materiale industriale proveniente dal flusso dei rifiuti. \u00a0Anche se il <strong>PVC<\/strong> verr\u00e0 riciclato, non usiamo il flusso di rifiuti come fonte.<\/p>\n<\/div><div class=\"fusion-clearfix\"><\/div><\/div><\/div><div class=\"fusion-layout-column fusion_builder_column fusion-builder-column-6 fusion_builder_column_1_2 1_2 fusion-one-half fusion-column-last\" style=\"width:50%;width:calc(50% - ( ( 4% ) * 0.5 ) );margin-top:0px;margin-bottom:20px;\"><div class=\"fusion-column-wrapper fusion-flex-column-wrapper-legacy\" style=\"background-position:left top;background-repeat:no-repeat;-webkit-background-size:cover;-moz-background-size:cover;-o-background-size:cover;background-size:cover;padding: 0px 0px 0px 0px;\"><div class=\"fusion-text fusion-text-2\"><h2><strong><em>Zucchi Recinzioni PVC ingiallisce?<\/em><\/strong><\/h2>\n<p>No. A differenza dei <strong>prodotti in plastica<\/strong>, prodotti in serie, la linea dei nostri articoli \u00e8 progettata per mantenere il suo <strong>vero colore<\/strong> per tutta la vita. La nostra produzione contiene il 10% di <strong>biossido di titanio<\/strong> (Ti02), nonch\u00e9 altri <strong>additivi chimici<\/strong> che impediscono il degrado dovuto hai raggi ultravioletti. <strong>L\u2019ingiallimento<\/strong> dei prodotti <strong>vinilici<\/strong> \u00e8 dovuto ai <strong>raggi ultravioletti<\/strong> del sole. La quantit\u00e0 di inibitori di raggi UV presenti nelle nostre <strong>Recinzioni in PVC<\/strong> garantisce la tenuta anche nelle zone con un<strong> clima estremo<\/strong>.<\/p>\n<h2><strong><em>Il vinile pu\u00f2 prendere fuoco?<\/em><\/strong><\/h2>\n<p>Il <strong>PVC<\/strong> ha un punto di infiammabilit\u00e0 di 483 \u00b0 Celsius \u00e8 quindi non facilmente <strong>infiammabile<\/strong>. Il vinile \u00e8 classificato come \u201c<strong>auto estinguente<\/strong>\u201d.<\/p>\n<h2><strong><em>Quanto \u00e8 forte il vinile?<\/em><\/strong><\/h2>\n<p>La struttura delle nostre <strong>Recinzioni in PVC<\/strong> \u00e8 stata implementata chimicamente con modificatori d\u2019impatto che rendono la <strong>Recinzione <\/strong>stessa capace di fornire prestazioni ottimali in ogni tipo di campo.<\/p>\n<h2><strong><em>Come posso pulire la mia Recinzione in PVC?<\/em><\/strong><\/h2>\n<p>In circostanze normali un semplice risciacquo con un tubo da <strong>giardino<\/strong> sar\u00e0 sufficiente. Per le <strong>macchie<\/strong> pi\u00f9 ostinate tuttavia, si raccomanda un detergente contenente un <strong>abrasivo dolce<\/strong>.<\/p>\n<\/div><div class=\"fusion-clearfix\"><\/div><\/div><\/div><\/div><\/div><div class=\"fusion-fullwidth fullwidth-box fusion-builder-row-5 nonhundred-percent-fullwidth non-hundred-percent-height-scrolling\" style=\"background-color: rgba(255,255,255,0);background-position: center center;background-repeat: no-repeat;padding-top:0px;padding-right:0px;padding-bottom:0px;padding-left:0px;margin-bottom: 0px;margin-top: 0px;border-width: 0px 0px 0px 0px;border-color:#eae9e9;border-style:solid;\" ><div class=\"fusion-builder-row fusion-row\"><div class=\"fusion-layout-column fusion_builder_column fusion-builder-column-7 fusion_builder_column_1_1 1_1 fusion-one-full fusion-column-first fusion-column-last\" style=\"margin-top:0px;margin-bottom:20px;\"><div class=\"fusion-column-wrapper fusion-flex-column-wrapper-legacy\" style=\"background-position:left top;background-repeat:no-repeat;-webkit-background-size:cover;-moz-background-size:cover;-o-background-size:cover;background-size:cover;padding: 0px 0px 0px 0px;\"><div class=\"fusion-sep-clear\"><\/div><div class=\"fusion-separator\" style=\"margin-left: auto;margin-right: auto;margin-top:40PX;margin-bottom:40PX;width:100%;max-width:60%;\"><div class=\"fusion-separator-border sep-single sep-dashed\" style=\"border-color:#e0dede;border-top-width:1px;\"><\/div><\/div><div class=\"fusion-sep-clear\"><\/div><div class=\"fusion-clearfix\"><\/div><\/div><\/div><\/div><\/div><div class=\"fusion-fullwidth fullwidth-box fusion-builder-row-6 nonhundred-percent-fullwidth non-hundred-percent-height-scrolling\" style=\"background-color: rgba(255,255,255,0);background-position: center center;background-repeat: no-repeat;padding-top:0px;padding-right:0px;padding-bottom:0px;padding-left:0px;margin-bottom: 0px;margin-top: 0px;border-width: 0px 0px 0px 0px;border-color:#eae9e9;border-style:solid;\" ><div class=\"fusion-builder-row fusion-row\"><div class=\"fusion-layout-column fusion_builder_column fusion-builder-column-8 fusion_builder_column_1_2 1_2 fusion-one-half fusion-column-first\" style=\"width:50%;width:calc(50% - ( ( 4% ) * 0.5 ) );margin-right: 4%;margin-top:0px;margin-bottom:20px;\"><div class=\"fusion-column-wrapper fusion-flex-column-wrapper-legacy\" style=\"background-position:left top;background-repeat:no-repeat;-webkit-background-size:cover;-moz-background-size:cover;-o-background-size:cover;background-size:cover;padding: 0px 0px 0px 0px;\"><div class=\"fusion-text fusion-text-3\"><h2><strong><em>Perch\u00e9 acquistare Zucchi Recinzioni PVC?<\/em><\/strong><\/h2>\n<p>I <strong>prodotti<\/strong> proposti utilizzano le complete linee di produzione automatiche di estrusione di ingegneria Tedesca e Austriaca e impiegano la pi\u00f9 avanzate tecnologia per la produzione e la formulazione degli stampi. La capacit\u00e0 di produzione annuale di tutta la sezione del materiale \u00e8 di 20.000 tonnellate. Acquista con fiducia con una societ\u00e0 che sar\u00e0 in grado di darti una garanzia.<\/p>\n<h2><strong><em>Perch\u00e9 le Zucchi Recinzioni PVC sono tra le migliori recinzioni sul mercato?<\/em><\/strong><\/h2>\n<p>Non tutte le <strong>Recinzioni<\/strong> in <strong>vinile<\/strong> sono uguali. Le nostre <strong>Recinzioni in PVC<\/strong> sono prodotte con la pi\u00f9 alta <strong>protezione UV<\/strong> e con il 100% di vinile vergine. Questo assicura <strong>lunga durata<\/strong>, <strong>flessibilit\u00e0<\/strong> e <strong>resistenza<\/strong> agli agenti atmosferici anche nelle zone con un clima difficile. Il nostro design esclusivo brevettato, rende il <strong>montaggio<\/strong> e il trasporto molto pi\u00f9 facile. Le nostre <strong>Recinzioni in PVC<\/strong> sono costruite per durare, ecco perch\u00e9 sono <strong>garantite 20 anni <\/strong>nel colore bianco e<strong> 2 anni <\/strong>nei colori beige e grigio. Inoltre grazie al nostro sistema di produzione ad alta efficienza riusciamo a mantenere standard qualitativi molto alti pur mantenendo un costo basso, quindi i nostri clienti possono godere di un rapporto <strong>qualit\u00e0\/prezzo<\/strong> molto vantaggioso.<\/p>\n<h2><strong><em>Perch\u00e9 alcune aziende vendono Recinzioni in PVC con spessore 3,43 mm mentre la Zucchi Recinzioni PVC ha uno spessore di 3,81mm?<\/em><\/strong><\/h2>\n<p>Le aziende che usano lo spessore di 3,43 mm sono meno costose perch\u00e9 utilizzano meno <strong>vinile<\/strong> e non sono cos\u00ec forti; non hanno una durata pari alle nostre <strong>Recinzioni in PVC<\/strong> : la nostra filosofia \u00e8 fornire prodotto di <strong>alta qualit\u00e0<\/strong> e <strong>resistenza<\/strong>, quindi non realizziamo prodotti di spessore inferiore a 3,43 mm.<\/p>\n<\/div><div class=\"fusion-clearfix\"><\/div><\/div><\/div><div class=\"fusion-layout-column fusion_builder_column fusion-builder-column-9 fusion_builder_column_1_2 1_2 fusion-one-half fusion-column-last\" style=\"width:50%;width:calc(50% - ( ( 4% ) * 0.5 ) );margin-top:0px;margin-bottom:20px;\"><div class=\"fusion-column-wrapper fusion-flex-column-wrapper-legacy\" style=\"background-position:left top;background-repeat:no-repeat;-webkit-background-size:cover;-moz-background-size:cover;-o-background-size:cover;background-size:cover;padding: 0px 0px 0px 0px;\"><div class=\"fusion-text fusion-text-4\"><h2><strong><em>La struttura delle Recinzioni in PVC Zucchi pu\u00f2 rompersi?<\/em><\/strong><\/h2>\n<p>La presenza di un alto contenuto di <strong>inibitori di impatto<\/strong>, impedisce la rottura della <strong>Recinzione<\/strong>, installata correttamente in condizioni di utilizzo normali. Naturalmente, l\u2019impatto drammatico e diretto come il colpo di una macchina pu\u00f2 causare danni, nel caso in cui un elemento della <strong>Recinzione<\/strong> dovesse rompersi \u00e8 bene sapere che tutti i componenti delle <strong>Recinzioni in PVC Zucchi<\/strong> sono facili da sostituire.<\/p>\n<h2><strong><em>La struttura delle Recinzioni in PVC pu\u00f2 indebolirsi con il freddo?<\/em><\/strong><\/h2>\n<p>Mentre i <strong>materiali plastici<\/strong> fanno diventare meno flessibili la struttura della <strong>Recinzione<\/strong> quando fa <strong>freddo<\/strong>, i componenti delle nostre <strong>Recinzioni in PVC<\/strong> sono progettati per ospitare le normali <strong>oscillazioni di temperatura<\/strong>. Gli <strong>inibitori di impatto<\/strong> che usiamo per prevenire <strong>rotture<\/strong> servono anche a sopportare le rigide condizioni climatiche invernali.<\/p>\n<h2><strong><em>Il vinile \u00e8 dannoso per i bambini e gli animali?<\/em><\/strong><\/h2>\n<p>NO! Il <strong>vinile<\/strong> ha una superficie non porosa, liscia, senza spigoli vivi o schegge. I vostri bambini e gli animali sono in realt\u00e0 pi\u00f9 sicuri rispetto alle recinzioni in legno. Inoltre ,le nostre <strong>Recinzioni in PVC<\/strong> hanno una <strong>superficie dura<\/strong> e <strong>trattengono l\u2019umidit\u00e0<\/strong>.<\/p>\n<\/div><div class=\"fusion-clearfix\"><\/div><\/div><\/div><\/div><\/div>","protected":false},"excerpt":{"rendered":"","protected":false},"author":2,"featured_media":0,"parent":5065,"menu_order":0,"comment_status":"closed","ping_status":"closed","template":"","meta":{"footnotes":""},"yoast_head":"<!-- This site is optimized with the Yoast SEO plugin v22.4 - https:\/\/yoast.com\/wordpress\/plugins\/seo\/ -->\n<title>Domande frequenti - Recinzioni PVC<\/title>\n<meta name=\"robots\" content=\"index, follow, max-snippet:-1, max-image-preview:large, max-video-preview:-1\" \/>\n<link rel=\"canonical\" href=\"https:\/\/www.recinzionipvc.com\/it\/recinzioni-pvc-colori-disponibili-estrusione-materiali\/domande-frequenti\/\" \/>\n<meta property=\"og:locale\" content=\"it_IT\" \/>\n<meta property=\"og:type\" content=\"article\" \/>\n<meta property=\"og:title\" content=\"Domande frequenti - Recinzioni PVC\" \/>\n<meta property=\"og:url\" content=\"https:\/\/www.recinzionipvc.com\/it\/recinzioni-pvc-colori-disponibili-estrusione-materiali\/domande-frequenti\/\" \/>\n<meta property=\"og:site_name\" content=\"Recinzioni PVC\" \/>\n<meta property=\"article:publisher\" content=\"https:\/\/www.facebook.com\/ZucchiRecinzioniPVC\" \/>\n<meta property=\"article:modified_time\" content=\"2020-08-27T08:38:56+00:00\" \/>\n<meta name=\"twitter:card\" content=\"summary_large_image\" \/>\n<meta name=\"twitter:label1\" content=\"Tempo di lettura stimato\" \/>\n\t<meta name=\"twitter:data1\" content=\"14 minuti\" \/>\n<script type=\"application\/ld+json\" class=\"yoast-schema-graph\">{\"@context\":\"https:\/\/schema.org\",\"@graph\":[{\"@type\":\"WebPage\",\"@id\":\"https:\/\/www.recinzionipvc.com\/it\/recinzioni-pvc-colori-disponibili-estrusione-materiali\/domande-frequenti\/\",\"url\":\"https:\/\/www.recinzionipvc.com\/it\/recinzioni-pvc-colori-disponibili-estrusione-materiali\/domande-frequenti\/\",\"name\":\"Domande frequenti - Recinzioni PVC\",\"isPartOf\":{\"@id\":\"https:\/\/www.recinzionipvc.com\/it\/#website\"},\"datePublished\":\"2020-05-08T14:04:15+00:00\",\"dateModified\":\"2020-08-27T08:38:56+00:00\",\"breadcrumb\":{\"@id\":\"https:\/\/www.recinzionipvc.com\/it\/recinzioni-pvc-colori-disponibili-estrusione-materiali\/domande-frequenti\/#breadcrumb\"},\"inLanguage\":\"it-IT\",\"potentialAction\":[{\"@type\":\"ReadAction\",\"target\":[\"https:\/\/www.recinzionipvc.com\/it\/recinzioni-pvc-colori-disponibili-estrusione-materiali\/domande-frequenti\/\"]}]},{\"@type\":\"BreadcrumbList\",\"@id\":\"https:\/\/www.recinzionipvc.com\/it\/recinzioni-pvc-colori-disponibili-estrusione-materiali\/domande-frequenti\/#breadcrumb\",\"itemListElement\":[{\"@type\":\"ListItem\",\"position\":1,\"name\":\"Home\",\"item\":\"https:\/\/www.recinzionipvc.com\/it\/\"},{\"@type\":\"ListItem\",\"position\":2,\"name\":\"Recinzioni PVC\",\"item\":\"https:\/\/www.recinzionipvc.com\/it\/recinzioni-pvc-colori-disponibili-estrusione-materiali\/\"},{\"@type\":\"ListItem\",\"position\":3,\"name\":\"Domande frequenti\"}]},{\"@type\":\"WebSite\",\"@id\":\"https:\/\/www.recinzionipvc.com\/it\/#website\",\"url\":\"https:\/\/www.recinzionipvc.com\/it\/\",\"name\":\"Recinzioni PVC\",\"description\":\"La tua prossima recinzione, direttamente creata da te!\",\"potentialAction\":[{\"@type\":\"SearchAction\",\"target\":{\"@type\":\"EntryPoint\",\"urlTemplate\":\"https:\/\/www.recinzionipvc.com\/it\/?s={search_term_string}\"},\"query-input\":\"required name=search_term_string\"}],\"inLanguage\":\"it-IT\"}]}<\/script>\n<!-- \/ Yoast SEO plugin. -->","yoast_head_json":{"title":"Domande frequenti - Recinzioni PVC","robots":{"index":"index","follow":"follow","max-snippet":"max-snippet:-1","max-image-preview":"max-image-preview:large","max-video-preview":"max-video-preview:-1"},"canonical":"https:\/\/www.recinzionipvc.com\/it\/recinzioni-pvc-colori-disponibili-estrusione-materiali\/domande-frequenti\/","og_locale":"it_IT","og_type":"article","og_title":"Domande frequenti - Recinzioni PVC","og_url":"https:\/\/www.recinzionipvc.com\/it\/recinzioni-pvc-colori-disponibili-estrusione-materiali\/domande-frequenti\/","og_site_name":"Recinzioni PVC","article_publisher":"https:\/\/www.facebook.com\/ZucchiRecinzioniPVC","article_modified_time":"2020-08-27T08:38:56+00:00","twitter_card":"summary_large_image","twitter_misc":{"Tempo di lettura stimato":"14 minuti"},"schema":{"@context":"https:\/\/schema.org","@graph":[{"@type":"WebPage","@id":"https:\/\/www.recinzionipvc.com\/it\/recinzioni-pvc-colori-disponibili-estrusione-materiali\/domande-frequenti\/","url":"https:\/\/www.recinzionipvc.com\/it\/recinzioni-pvc-colori-disponibili-estrusione-materiali\/domande-frequenti\/","name":"Domande frequenti - Recinzioni PVC","isPartOf":{"@id":"https:\/\/www.recinzionipvc.com\/it\/#website"},"datePublished":"2020-05-08T14:04:15+00:00","dateModified":"2020-08-27T08:38:56+00:00","breadcrumb":{"@id":"https:\/\/www.recinzionipvc.com\/it\/recinzioni-pvc-colori-disponibili-estrusione-materiali\/domande-frequenti\/#breadcrumb"},"inLanguage":"it-IT","potentialAction":[{"@type":"ReadAction","target":["https:\/\/www.recinzionipvc.com\/it\/recinzioni-pvc-colori-disponibili-estrusione-materiali\/domande-frequenti\/"]}]},{"@type":"BreadcrumbList","@id":"https:\/\/www.recinzionipvc.com\/it\/recinzioni-pvc-colori-disponibili-estrusione-materiali\/domande-frequenti\/#breadcrumb","itemListElement":[{"@type":"ListItem","position":1,"name":"Home","item":"https:\/\/www.recinzionipvc.com\/it\/"},{"@type":"ListItem","position":2,"name":"Recinzioni PVC","item":"https:\/\/www.recinzionipvc.com\/it\/recinzioni-pvc-colori-disponibili-estrusione-materiali\/"},{"@type":"ListItem","position":3,"name":"Domande frequenti"}]},{"@type":"WebSite","@id":"https:\/\/www.recinzionipvc.com\/it\/#website","url":"https:\/\/www.recinzionipvc.com\/it\/","name":"Recinzioni PVC","description":"La tua prossima recinzione, direttamente creata da te!","potentialAction":[{"@type":"SearchAction","target":{"@type":"EntryPoint","urlTemplate":"https:\/\/www.recinzionipvc.com\/it\/?s={search_term_string}"},"query-input":"required name=search_term_string"}],"inLanguage":"it-IT"}]}},"_links":{"self":[{"href":"https:\/\/recinzionipvc.com\/it\/wp-json\/wp\/v2\/pages\/5068"}],"collection":[{"href":"https:\/\/recinzionipvc.com\/it\/wp-json\/wp\/v2\/pages"}],"about":[{"href":"https:\/\/recinzionipvc.com\/it\/wp-json\/wp\/v2\/types\/page"}],"author":[{"embeddable":true,"href":"https:\/\/recinzionipvc.com\/it\/wp-json\/wp\/v2\/users\/2"}],"replies":[{"embeddable":true,"href":"https:\/\/recinzionipvc.com\/it\/wp-json\/wp\/v2\/comments?post=5068"}],"version-history":[{"count":12,"href":"https:\/\/recinzionipvc.com\/it\/wp-json\/wp\/v2\/pages\/5068\/revisions"}],"predecessor-version":[{"id":5954,"href":"https:\/\/recinzionipvc.com\/it\/wp-json\/wp\/v2\/pages\/5068\/revisions\/5954"}],"up":[{"embeddable":true,"href":"https:\/\/recinzionipvc.com\/it\/wp-json\/wp\/v2\/pages\/5065"}],"wp:attachment":[{"href":"https:\/\/recinzionipvc.com\/it\/wp-json\/wp\/v2\/media?parent=5068"}],"curies":[{"name":"wp","href":"https:\/\/api.w.org\/{rel}","templated":true}]}}