{"id":5534,"date":"2020-07-06T15:42:19","date_gmt":"2020-07-06T15:42:19","guid":{"rendered":"http:\/\/52.213.162.151\/?page_id=5534"},"modified":"2020-09-04T14:54:39","modified_gmt":"2020-09-04T14:54:39","slug":"privacy-policy","status":"publish","type":"page","link":"https:\/\/recinzionipvc.com\/it\/privacy-policy\/","title":{"rendered":"Privacy Policy"},"content":{"rendered":"<h2><strong>Informazioni contrattuali<\/strong><\/h2>\r\n<h3><strong>Societ\u00e0 venditrice<\/strong><\/h3>\r\nLa <strong>Zucchi srl<\/strong>, corrente in 12084 &#8211; Mondov\u00ec (CN), Via S. Anna n. 106, c.f. p. i.v.a. e numero di iscrizione alla Camera di Commercio di Cuneo: 02889130049 &#8211; n. REA &#8211; 244902 tel 0174 681492 &#8211; info@recinzionipvc.com\r\n<h3><strong>Condizioni generali<\/strong><\/h3>\r\nLe presenti condizioni di vendita sono regolate dal Codice del Consumo (D. Lgs. n. 206\/2005 e s.m.i.) e dalle norme in materia di commercio elettronico (D. Lgs. n. 70\/2003 e s.m.i.).\r\n<h3><strong>Oggetto del contratto<\/strong><\/h3>\r\nI beni oggetto del contratto sono Recinzioni in PVC (cloruro di polivinile), <strong>predisposte, su ordinazione e confezionate su misura<\/strong>, descritte ed accettate come da preventivo predisposto attraverso il percorso online che deve essere debitamente approvato e sottoscritto.\r\n<h3><strong>Conclusione del contratto<\/strong><\/h3>\r\n<ol>\r\n \t<li>Attraverso il completamento del preventivo in ogni sua parte (generalit\u00e0 e dati acquirente, importo del contratto con richiamo all&#8217;ordine dettagliato della merce compravenduta comprensivo di misure, luogo della consegna, doppia sottoscrizione delle clausole, informativa sulla riservatezza e dati personali ed allegato documento di identit\u00e0 dell&#8217;ordinante), la sua sottoscrizione e il successivo inoltro ai recapiti della societ\u00e0 venditrice, l&#8217;acquirente si impegna ad onorare il contratto in ogni sua parte e di ordinarne la <strong><u>predisposizione e confezionamento su misura<\/u><\/strong>.<\/li>\r\n \t<li>Prima dell&#8217;inoltro dell&#8217;ordine, l&#8217;acquirente dovr\u00e0 verificare le misure indicate nell&#8217;ordine ed \u00e8 esclusiva sua responsabilit\u00e0 la corretta comunicazione delle stesse. Eventuali errori nell&#8217;indicazione delle misure comunicate alla venditrice non potranno essere imputati alla venditrice e non sar\u00e0 quindi possibile, una volta inviato il presente contratto, modificare le misure indicate nell&#8217;allegato preventivo.<\/li>\r\n<\/ol>\r\n<h3><strong>Pagamento<\/strong><\/h3>\r\nle modalit\u00e0 di pagamento ***********************\r\n\r\nTutti i Prezzi dei Prodotti indicati sul sito, sono comprensivi di IVA. In caso di variazioni IVA, inclusa nei prezzi, Zucchi s.r.l. sar\u00e0 costretta ad adeguarsi alla normativa in vigore.\r\n\r\nQualora, a causa di imprevedibili inconvenienti o guasti tecnici indipendenti dalla volont\u00e0 di Zucchi s.r.l., il prezzo indicato sul sito dovesse risultare manifestamente inferiore rispetto a quello realmente applicato al bene offerto, far\u00e0 testo il preventivo inviato a seguito delle verifiche a cui abbia proceduto la venditrice.\r\n\r\nLe Spese di Trasporto, Consegna e le spese relative a eventuali ulteriori Servizi messi a disposizione da Zucchi s.r.l., cos\u00ec come indicati nel preventivo trasmesso, sono a carico del Cliente ed adeguatamente dettagliate nell\u2019Ordine di Acquisto. Ai Prodotti ed ai Servizi si applica il prezzo evidenziato nel preventivo che viene elaborato da Zucchi s.r.l. a seguito della trasmissione delle misure prescelte dall&#8217;acquirente, al momento dell&#8217;invio della richiesta di preventivo.\r\n<h3><strong>Spedizione e consegna<\/strong><\/h3>\r\nI suddetti oggetto della compravendita beni saranno consegnati entro 15\/30 giorni lavorativi decorrenti dalla ricezione del pagamento presso l&#8217;indirizzo ove l&#8217;acquirente o persona da questo incaricata curer\u00e0 la verifica della rispondenza della merce all&#8217;ordine, nonch\u00e9 la conformit\u00e0 della stessa in buon stato conservativo, impegnandosi ad accettare la consegna esclusivamente qualora l&#8217;imballaggio della merce spedita sia intatto.\r\n<h3><strong>Garanzia<\/strong><\/h3>\r\nLa <strong>Zucchi S.r.l.<\/strong> garantisce &#8211; per una durata di 20 anni le recinzioni bianche e per una durata di 2 anni le recinzioni colorate, decorrenti dalla prova di acquisto &#8211; che tutti i componenti in pvc delle Recinzioni in PVC acquistate dall\u2019acquirente non arrugginiscono e non marciscano; siano prive di fessure e crepe in condizioni di utilizzo normali, in base alle seguenti condizioni:\r\n\r\n<strong>a <\/strong>&#8211; se in qualsiasi momento l&#8217;acquirente contesti che il prodotto sia stato rovinato da sfaldature, desquamazione, vesciche, corrosione, ruggine, putrefazione, screpolature e rotture, sar\u00e0 responsabilit\u00e0 del suddetto acquirente spedire le parti gi\u00e0 pagate che sono presumibilmente guaste (a spese dell&#8217;acquirente) all\u2019indirizzo del venditore;\r\n\r\n<strong>b <\/strong>&#8211; E\u0300 richiesto all&#8217;acquirente di mostrare la prova d\u2019acquisto e la data in cui il prodotto \u00e8 stato acquistato;\r\n\r\n<strong>c <\/strong>&#8211; Nessun reclamo sar\u00e0 valido se la dichiarazione di garanzia acclusa al preventivo che consente la conclusione del contratto non sar\u00e0 completata e restituita al venditore Zucchi srl entro 30 giorni dall\u2019acquisto. Laddove Zucchi s.r.l. verifichi la correttezza del richiesta di garanzia, sar\u00e0 responsabilit\u00e0 del venditore Zucchi srl, per propria discrezionalit\u00e0, sostituire o rimborsare la\/le suddetta\/e parte\/i danneggiata\/e;\r\n\r\n<strong>d <\/strong>&#8211; Il venditore Zucchi srl in caso di attivazione della presente garanzia non sar\u00e0 ritenuto responsabile per le spese di manodopera o di alcun tipo di spese in relazione alla rimozione o l\u2019installazione sia del prodotto originale che del prodotto sostituito;\r\n\r\n<strong>e <\/strong>&#8211; La Zucchi S.r.l. non garantisce contro un uso improprio, danni risultanti da un installazione non corretta (fatta eccezione nel caso di prova dell\u2019installazione eseguita da dipendenti od incaricati dal venditore (Zucchi s.r.l.)), movimentazione, trasporto, stoccaggio e conservazione in magazzino, cause di forza maggiore ed esposizioni a fattori inquinanti ambientali. E\u2019 escluso dalla presente garanzia qualsiasi tipo di danno indiretto o diretto derivante dal guasto della recinzione.\r\n\r\n<strong>f <\/strong>&#8211; Quanto sopra costituisce la garanzia completa da parte della Zucchi S.r.l. e nessun altro accordo scritto, verbale o implicito \u00e8 valido. Questa garanzia limitata non \u00e8 trasferibile. La Garanzia costituisce parte integrante del contratto e del preventivo.\r\n<h3><strong>Modifiche alle pattuizioni<\/strong><\/h3>\r\nLe presenti condizioni contrattuali, per essere modificate, dovranno obbligatoriamente essere modificate attraverso la forma scritta per la stipulazione di qualsiasi patto diverso e\/o aggiuntivo rispetto alla presente scrittura privata alla sottoscrizione del presente contratto avranno valore solo se scritti sull\u2019originale o su separato documento che faccia espresso richiamo alla presente scrittura privata\r\n<h3><strong>Foro competente<\/strong><\/h3>\r\nCompetente a decidere per qualsivoglia controversia relativa all&#8217;inadempimento del presente contratto o qualsivoglia altra questione connessa o che tragga origine dal presente contratto \u00e8 il Foro connesso alla sede del venditore (Tribunale di Cuneo, Giudice di Pace di Mondov\u00ec).\r\n\r\nLe parti inoltre convengono che, in caso di avvio della procedura di mediazione, competente alla relativa fase sar\u00e0 l&#8217;organismo di mediazione dell&#8217;Ordine degli avvocati di Cuneo, qualora dovr\u00e0 procedersi alla stipula di convenzione di negoziazione assistita, gli incontri eventualmente da svolgersi nel contesto della negoziazione stessa dovranno svolgersi a Cuneo o a Mondov\u00ec.\r\n<h3><strong>Diritto di recesso<\/strong><\/h3>\r\nTrattandosi di acquisto di beni confezionati su misura e comunque personalizzati, \u00e8 escluso il diritto di recesso.\r\n\r\n&nbsp;\r\n<h2 id=\"privacy\"><strong>Privacy ex art. 13 DEL REGOLAMENTO UE 2016\/679 acquisti on-line e in negozio<\/strong><\/h2>\r\nTitolare del trattamento e DPO\r\n\r\n<strong>Zucchi srl<\/strong>, corrente in 12084 &#8211; Mondov\u00ec (CN), Via S. Anna n. 106, c.f. p. i.v.a. e numero di iscrizione alla Camera di Commercio di Cuneo: 02889130049 &#8211; n. REA \u2013 244902\r\n\r\nData Protection Officer (DPO)\r\n\r\n*******************************\r\n\r\n*******************************\r\n\r\n*******************************\r\n\r\n*******************************\r\n\r\nCategorie di dati che vengono sottoposti a trattamento\r\n\r\nI dati trattati da Zucchi s.r.l. sono esclusivamente i dati definiti \u201cdati personali\u201d (ex. Art. 4.1 del GDPR), quali, a titolo esemplificativo e non esaustivo: dati anagrafici ed identificativi (nome, data di nascita, luogo di nascita, nazionalit\u00e0, codice fiscale, Partita IVA, occupazione\/mestiere, ecc.); dati di contatto (indirizzo, indirizzo e-mail, indirizzo IP, numero di telefono e dati similari); dati relativi alle modalit\u00e0 di pagamento e quelli inerenti il pagamento effettuato; dati relativi ai servizi erogati e usufruiti, agli acquisti effettuati e altri dati, comunque da definire quali dati non \u201cparticolari\u201d.\r\n\r\nLiceit\u00e0 e finalit\u00e0 del trattamento\r\n\r\nIl trattamento dei dati personali avviene in conformit\u00e0 alle disposizioni del Regolamento generale sulla protezione dei dati (GDPR):\r\n\r\nLa finalit\u00e0 del trattamento dei dati relativi alla transazione conclusa (art. 6, paragrafo 1 (c) del GDPR) riguarda l&#8217;adempimento di obblighi previsti dalle norme vigenti, nonch\u00e9 da disposizioni impartite da Autorit\u00e0 o da Organi di Vigilanza e Controllo in relazione o comunque connessi alla transazione tra il cliente e Zucchi s.r.l..\r\n\r\n<strong>Il periodo di conservazione <\/strong>dei dati personali, relativamente alle finalit\u00e0 di cui alla presente sezione \u00e8 di 10 anni, dal termine del rapporto contrattuale o commerciale, salvo modifiche normative.\r\n\r\nLe finalit\u00e0 del trattamento volte all\u2019esecuzione di un contratto o di misure precontrattuali (Art. 6, sezione 1 (b) del GDPR) riguardano:\r\n<ol>\r\n \t<li>l&#8217;esecuzione di attivit\u00e0 precontrattuali, anche con riferimento al primo contatto, anche telefonico o via email \u2013 conservazione fino al termine dell&#8217;attivit\u00e0 precontrattuale-;<\/li>\r\n \t<li>adempimento degli obblighi contrattuali e negozi giuridici e in particolare del contratto stipulato (ad esempio esecuzione dell\u2019ordine, incluso l\u2019invio di comunicazioni funzionali tramite posta elettronica e\/o tramite SMS, nonch\u00e9 l\u2019esecuzione dei servizi di trasporto e di assistenza post-vendita alla clientela) -conservazione 10 anni dall\u2019acquisto o dal termine del rapporto contrattuale o commerciale;<\/li>\r\n \t<li>gestione dei processi amministrativi, contabili, fiscali e finanziari connessi all&#8217;erogazione del prodotto o servizio fornito -conservazione 10 anni dall\u2019acquisto o dal termine del rapporto contrattuale o commerciale;<\/li>\r\n \t<li>tutela dei diritti contrattuali o comunque derivanti dai rapporti intercorrenti tra le parti-conservazione 10 anni dall\u2019acquisto o dal termine del rapporto contrattuale o commerciale.\r\nI termini di cui sopra potranno allungarsi in caso di contenzioso o per speciali disposizioni contrattuali.<\/li>\r\n<\/ol>\r\nDestinatari o categorie di destinatari dei dati personali (ex art. 13 paragrafo 1 (e) del GDPR)*\r\nNell&#8217;ambito delle suindicate finalit\u00e0, il Titolare del trattamento potr\u00e0 comunicare i Suoi dati a:\r\n<ol>\r\n \t<li>uffici del Titolare medesimo;<\/li>\r\n \t<li>societ\u00e0 terze appositamente incaricata per l\u2019espletamento delle verifiche relative ai pagamenti;<\/li>\r\n \t<li>fornitori che prestano servizi, quali in particolare, societ\u00e0 che forniscono servizi informatici, ivi inclusi i servizi di hosting;<\/li>\r\n \t<li>societ\u00e0 che svolgono servizi a favore di Zucchi s.r.l. con particolare riferimento alla gestione della contabilit\u00e0, al trasporto e alla consegna;<\/li>\r\n \t<li>eventuali pubbliche amministrazioni e autorit\u00e0 pubbliche, qualora fosse espressamente richiesto dal Cliente in relazione a specifiche pratiche.<\/li>\r\n<\/ol>\r\nDiritti del Soggetto Interessato (ex. Art. 13 paragrafo 2 (b) del GDPR)\r\n\r\nL\u2019interessato pu\u00f2 far valere i seguenti diritti: <strong>diritto di accesso dell\u2019interessato <\/strong>[art. 15 del Regolamento UE] (la possibilit\u00e0 di essere informato sui trattamenti effettuati sui propri Dati Personali ed eventualmente riceverne copia); <strong>diritto di rettifica dei propri Dati Personali <\/strong>[art. 16 del Regolamento UE] (l\u2019interessato ha diritto alla rettifica dei dati personali inesatti che lo riguardano); <strong>diritto alla cancellazione dei propri Dati Personali senza ingiustificato ritardo <\/strong>(\u201cdiritto all\u2019oblio\u201d) [art. 17 del Regolamento UE] (l\u2019interessato ha, cos\u00ec come avr\u00e0, diritto alla cancellazione dei propri dati); <strong>diritto di limitazione di trattamento dei propri Dati Personali<\/strong> nei casi previsti dall\u2019art. 18 del Regolamento UE, tra cui nel caso di trattamenti illeciti o contestazione dell\u2019esattezza dei Dati Personali da parte dell\u2019interessato [art. 18 del Regolamento UE]; <strong>diritto alla portabilit\u00e0 dei dati<\/strong> [art. 20 del Regolamento UE], l\u2019interessato potr\u00e0 richiedere in formato strutturato i propri Dati Personali al fine di trasmetterli ad altro titolare, nei casi previsti dal medesimo articolo; <strong>diritto di opposizione al trattamento dei propri Dati Personali<\/strong> [art. 21 del Regolamento UE] (l\u2019interessato ha, cos\u00ec come avr\u00e0, diritto alla opposizione del trattamento dei propri dati personali); <strong>diritto di non essere sottoposto a processi decisionali automatizzati,<\/strong> [art. 22 del Regolamento UE] (l\u2019interessato ha, cos\u00ec come avr\u00e0, diritto a non essere sottoposto ad una decisione basata unicamente sul trattamento automatizzato). <strong>d<\/strong>iritto di proporre reclamo (art. 13 paragrafo 2 (d) del GDPR) l\u2019interessato, qualora ritenga che i propri diritti siano stati compromessi, ha diritto di proporre reclamo all\u2019Autorit\u00e0 Garante per la protezione dei dati personali, secondo le modalit\u00e0 indicate dalla stessa Autorit\u00e0 nel proprio sito web o inviando comunicazione scritta all\u2019Autorit\u00e0 Garante per la Protezione dei Dati Personali, Piazza Monte Citorio n.121, 00186 Roma.\r\n\r\nPossibile conseguenza della mancata comunicazione dei dati, natura del conferimento dei dati (art. 13 paragrafo 2 (e) del GDPR)\r\n\r\nIn caso di adempimento di obblighi di legge o contrattuali. Si informa che qualora le finalit\u00e0 di trattamento abbiano come base giuridica un obbligo legale o contrattuale (o anche precontrattuale), l\u2019interessato deve necessariamente fornire i dati richiesti. In caso contrario vi sar\u00e0 l\u2019impossibilit\u00e0 da parte del Titolare di procedere al perseguimento delle specifiche finalit\u00e0 di trattamento.\r\n\r\nIn caso di perseguimento di legittimo interesse. Parimenti, relativamente alle finalit\u00e0 basate su un interesse legittimo e che non richiedono il consenso, l\u2019opposizione dell\u2019interessato comporta o comporter\u00e0 l\u2019impossibilit\u00e0 di procedere alla realizzazione delle rispettive finalit\u00e0 e degli eventuali servizi connessi, per cui rispettivamente l\u2019interessato si \u00e8 opposto, salvo motivi legittimi cogenti prevalenti o finalizzati alla tutela dei diritti in sede giudiziaria. Quando i dati non sono pi\u00f9 necessari per perseguire le finalit\u00e0 sopra indicate, questi vengono regolarmente cancellati, qualora la loro cancellazione risulti impossibile o possibile solo a fronte di uno sforzo sproporzionato a causa di una modalit\u00e0 di conservazione particolare il dato non potr\u00e0 essere trattato e dovr\u00e0 essere archiviato in aree non accessibili.\r\n\r\nEsistenza di un processo decisionale automatizzato (profilazione inclusa). \u00c8 attualmente escluso l&#8217;uso di processi decisionali meramente automatizzati come dettagliato dall&#8217;articolo 22 del GDPR. Se in futuro si decidesse di istituire tali processi per casi singoli, l&#8217;interessato ne ricever\u00e0 notifica in separata sede qualora ci\u00f2 sia previsto dalla legge o aggiornamento della presente informativa.\r\n\r\nModalit\u00e0 del trattamento. I dati personali verranno trattati in forma cartacea, informatizzata e telematica ed inseriti nelle pertinenti banche dati (clienti, utenti, ecc.) cui potranno accedere, e quindi venirne a conoscenza, gli addetti espressamente designati dal Titolare quali Responsabili ed Autorizzati del trattamento dei dati personali, che potranno effettuare operazioni di consultazione, utilizzo, elaborazione, raffronto ed ogni altra opportuna operazione anche automatizzata nel rispetto delle disposizioni di legge necessarie a garantire, tra l&#8217;altro, la riservatezza e la sicurezza dei dati nonch\u00e9 l\u2019esattezza, l\u2019aggiornamento e la pertinenza dei dati rispetto alle finalit\u00e0 dichiarate.","protected":false},"excerpt":{"rendered":"Informazioni contrattuali Societ\u00e0 venditrice La Zucchi srl, corrente in 12084 [&hellip;]","protected":false},"author":2,"featured_media":0,"parent":0,"menu_order":0,"comment_status":"closed","ping_status":"closed","template":"","meta":{"footnotes":""},"yoast_head":"<!-- This site is optimized with the Yoast SEO plugin v22.4 - https:\/\/yoast.com\/wordpress\/plugins\/seo\/ -->\n<title>Privacy Policy - Recinzioni PVC<\/title>\n<meta name=\"robots\" content=\"index, follow, max-snippet:-1, max-image-preview:large, max-video-preview:-1\" \/>\n<link rel=\"canonical\" href=\"https:\/\/www.recinzionipvc.com\/it\/privacy-policy\/\" \/>\n<meta property=\"og:locale\" content=\"it_IT\" \/>\n<meta property=\"og:type\" content=\"article\" \/>\n<meta property=\"og:title\" content=\"Privacy Policy - Recinzioni PVC\" \/>\n<meta property=\"og:description\" content=\"Informazioni contrattuali Societ\u00e0 venditrice La Zucchi srl, corrente in 12084 [&hellip;]\" \/>\n<meta property=\"og:url\" content=\"https:\/\/www.recinzionipvc.com\/it\/privacy-policy\/\" \/>\n<meta property=\"og:site_name\" content=\"Recinzioni PVC\" \/>\n<meta property=\"article:publisher\" content=\"https:\/\/www.facebook.com\/ZucchiRecinzioniPVC\" \/>\n<meta property=\"article:modified_time\" content=\"2020-09-04T14:54:39+00:00\" \/>\n<meta name=\"twitter:card\" content=\"summary_large_image\" \/>\n<meta name=\"twitter:label1\" content=\"Tempo di lettura stimato\" \/>\n\t<meta name=\"twitter:data1\" content=\"11 minuti\" \/>\n<script type=\"application\/ld+json\" class=\"yoast-schema-graph\">{\"@context\":\"https:\/\/schema.org\",\"@graph\":[{\"@type\":\"WebPage\",\"@id\":\"https:\/\/www.recinzionipvc.com\/it\/privacy-policy\/\",\"url\":\"https:\/\/www.recinzionipvc.com\/it\/privacy-policy\/\",\"name\":\"Privacy Policy - Recinzioni PVC\",\"isPartOf\":{\"@id\":\"https:\/\/www.recinzionipvc.com\/it\/#website\"},\"datePublished\":\"2020-07-06T15:42:19+00:00\",\"dateModified\":\"2020-09-04T14:54:39+00:00\",\"breadcrumb\":{\"@id\":\"https:\/\/www.recinzionipvc.com\/it\/privacy-policy\/#breadcrumb\"},\"inLanguage\":\"it-IT\",\"potentialAction\":[{\"@type\":\"ReadAction\",\"target\":[\"https:\/\/www.recinzionipvc.com\/it\/privacy-policy\/\"]}]},{\"@type\":\"BreadcrumbList\",\"@id\":\"https:\/\/www.recinzionipvc.com\/it\/privacy-policy\/#breadcrumb\",\"itemListElement\":[{\"@type\":\"ListItem\",\"position\":1,\"name\":\"Home\",\"item\":\"https:\/\/www.recinzionipvc.com\/it\/\"},{\"@type\":\"ListItem\",\"position\":2,\"name\":\"Privacy Policy\"}]},{\"@type\":\"WebSite\",\"@id\":\"https:\/\/www.recinzionipvc.com\/it\/#website\",\"url\":\"https:\/\/www.recinzionipvc.com\/it\/\",\"name\":\"Recinzioni PVC\",\"description\":\"La tua prossima recinzione, direttamente creata da te!\",\"potentialAction\":[{\"@type\":\"SearchAction\",\"target\":{\"@type\":\"EntryPoint\",\"urlTemplate\":\"https:\/\/www.recinzionipvc.com\/it\/?s={search_term_string}\"},\"query-input\":\"required name=search_term_string\"}],\"inLanguage\":\"it-IT\"}]}<\/script>\n<!-- \/ Yoast SEO plugin. -->","yoast_head_json":{"title":"Privacy Policy - Recinzioni PVC","robots":{"index":"index","follow":"follow","max-snippet":"max-snippet:-1","max-image-preview":"max-image-preview:large","max-video-preview":"max-video-preview:-1"},"canonical":"https:\/\/www.recinzionipvc.com\/it\/privacy-policy\/","og_locale":"it_IT","og_type":"article","og_title":"Privacy Policy - Recinzioni PVC","og_description":"Informazioni contrattuali Societ\u00e0 venditrice La Zucchi srl, corrente in 12084 [&hellip;]","og_url":"https:\/\/www.recinzionipvc.com\/it\/privacy-policy\/","og_site_name":"Recinzioni PVC","article_publisher":"https:\/\/www.facebook.com\/ZucchiRecinzioniPVC","article_modified_time":"2020-09-04T14:54:39+00:00","twitter_card":"summary_large_image","twitter_misc":{"Tempo di lettura stimato":"11 minuti"},"schema":{"@context":"https:\/\/schema.org","@graph":[{"@type":"WebPage","@id":"https:\/\/www.recinzionipvc.com\/it\/privacy-policy\/","url":"https:\/\/www.recinzionipvc.com\/it\/privacy-policy\/","name":"Privacy Policy - Recinzioni PVC","isPartOf":{"@id":"https:\/\/www.recinzionipvc.com\/it\/#website"},"datePublished":"2020-07-06T15:42:19+00:00","dateModified":"2020-09-04T14:54:39+00:00","breadcrumb":{"@id":"https:\/\/www.recinzionipvc.com\/it\/privacy-policy\/#breadcrumb"},"inLanguage":"it-IT","potentialAction":[{"@type":"ReadAction","target":["https:\/\/www.recinzionipvc.com\/it\/privacy-policy\/"]}]},{"@type":"BreadcrumbList","@id":"https:\/\/www.recinzionipvc.com\/it\/privacy-policy\/#breadcrumb","itemListElement":[{"@type":"ListItem","position":1,"name":"Home","item":"https:\/\/www.recinzionipvc.com\/it\/"},{"@type":"ListItem","position":2,"name":"Privacy Policy"}]},{"@type":"WebSite","@id":"https:\/\/www.recinzionipvc.com\/it\/#website","url":"https:\/\/www.recinzionipvc.com\/it\/","name":"Recinzioni PVC","description":"La tua prossima recinzione, direttamente creata da te!","potentialAction":[{"@type":"SearchAction","target":{"@type":"EntryPoint","urlTemplate":"https:\/\/www.recinzionipvc.com\/it\/?s={search_term_string}"},"query-input":"required name=search_term_string"}],"inLanguage":"it-IT"}]}},"_links":{"self":[{"href":"https:\/\/recinzionipvc.com\/it\/wp-json\/wp\/v2\/pages\/5534"}],"collection":[{"href":"https:\/\/recinzionipvc.com\/it\/wp-json\/wp\/v2\/pages"}],"about":[{"href":"https:\/\/recinzionipvc.com\/it\/wp-json\/wp\/v2\/types\/page"}],"author":[{"embeddable":true,"href":"https:\/\/recinzionipvc.com\/it\/wp-json\/wp\/v2\/users\/2"}],"replies":[{"embeddable":true,"href":"https:\/\/recinzionipvc.com\/it\/wp-json\/wp\/v2\/comments?post=5534"}],"version-history":[{"count":9,"href":"https:\/\/recinzionipvc.com\/it\/wp-json\/wp\/v2\/pages\/5534\/revisions"}],"predecessor-version":[{"id":6305,"href":"https:\/\/recinzionipvc.com\/it\/wp-json\/wp\/v2\/pages\/5534\/revisions\/6305"}],"wp:attachment":[{"href":"https:\/\/recinzionipvc.com\/it\/wp-json\/wp\/v2\/media?parent=5534"}],"curies":[{"name":"wp","href":"https:\/\/api.w.org\/{rel}","templated":true}]}}