{"id":148,"date":"2019-05-10T13:13:30","date_gmt":"2019-05-10T13:13:30","guid":{"rendered":"http:\/\/52.213.162.151\/?post_type=product&#038;p=148"},"modified":"2022-04-07T15:03:10","modified_gmt":"2022-04-07T13:03:10","slug":"parte-centrale-recinzione-pvc-vienna","status":"publish","type":"product","link":"https:\/\/recinzionipvc.com\/it\/prodotto\/parte-centrale-recinzione-pvc-vienna\/","title":{"rendered":"Vienna Parte Centrale"},"content":{"rendered":"<em><strong>La nostra Recinzione in PVC, modello <a href=\"https:\/\/www.recinzionipvc.com\/it\/modelli-differenti-di-recinzioni-in-pvc\/recinzione-pvc-modello-vienna-famiglia-classic\/\">Vienna<\/a>, \u00e8 l&#8217;ideale quando si desidera avere un&#8217;area ben circoscritta ma non abbandonando l&#8217;idea del bello estetico.<\/strong><\/em>\r\n\r\n<em><strong>Il motivo ad onda, nella parte alta della Recinzione, \u00e8 quel cambiamento, rispetto alle Recinzioni classiche, che fa la differenza.<\/strong><\/em>\r\n\r\n&nbsp;\r\n\r\n<em><strong>Il modello <a href=\"https:\/\/www.recinzionipvc.com\/it\/modelli-differenti-di-recinzioni-in-pvc\/recinzione-pvc-modello-vienna-famiglia-classic\/\">Vienna<\/a> fa parte della famiglia <a href=\"https:\/\/www.recinzionipvc.com\/it\/famiglie-recinzioni-in-pvc\/recinzioni-pvc-famiglia-classic\/\">Classic<\/a>.<\/strong><\/em>","protected":false},"excerpt":{"rendered":"<strong><em>La nostra Recinzione in PVC, modello <a href=\"https:\/\/www.recinzionipvc.com\/it\/modelli-differenti-di-recinzioni-in-pvc\/recinzione-pvc-modello-vienna-famiglia-classic\/\">Vienna<\/a> \u00e8 un prodotto dallo stile e dalla linea classica; impreziosito dal motivo ad onda dei paletti, questo disegno confluisce un movimento morbido in tutta la Recinzione e all&#8217;area da recintare.<\/em><\/strong>\r\n\r\n<strong><em>Il bianco poi \u00e8 da sempre un must e regaler\u00e0 ancora pi\u00f9 luminosit\u00e0 e armonia al proprio giardino.<\/em><\/strong>\r\n\r\n<strong><em>(La parte centrale si presenta smontata per la spedizione e non comprende i pali esterni)<\/em><\/strong>\r\n\r\n&nbsp;\r\n\r\n<span style=\"color: #ff0000;\"><em><strong>Per visualizzare la scheda tecnica del pannello completo, cliccare\u00a0<a style=\"color: #ff0000;\" href=\"https:\/\/www.recinzionipvc.com\/it\/modelli-differenti-di-recinzioni-in-pvc\/recinzione-pvc-modello-vienna-famiglia-classic\/\">qui<\/a>\u00a0e andare a fondo pagina.<\/strong><\/em><\/span>","protected":false},"featured_media":4792,"comment_status":"open","ping_status":"closed","template":"","meta":[],"product_cat":[16,125,31,90],"product_tag":[63,26,70,71,62,66,65,60,61,68,27,67,20,22,21,58,23,28,59,24],"yoast_head":"<!-- This site is optimized with the Yoast SEO plugin v22.4 - https:\/\/yoast.com\/wordpress\/plugins\/seo\/ -->\n<title>Parte Centrale per Recinzione in PVC Modello Vienna<\/title>\n<meta name=\"description\" content=\"La Parte Centrale della nostra Recinzione in PVC, Vienna, comprende solamente i pannelli al centro e non i due pali esterni\" \/>\n<meta name=\"robots\" content=\"index, follow, max-snippet:-1, max-image-preview:large, max-video-preview:-1\" \/>\n<link rel=\"canonical\" href=\"https:\/\/www.recinzionipvc.com\/it\/prodotto\/parte-centrale-recinzione-pvc-vienna\/\" \/>\n<meta property=\"og:locale\" content=\"it_IT\" \/>\n<meta property=\"og:type\" content=\"article\" \/>\n<meta property=\"og:title\" content=\"Parte Centrale per Recinzione in PVC Modello Vienna\" \/>\n<meta property=\"og:description\" content=\"La Parte Centrale della nostra Recinzione in PVC, Vienna, comprende solamente i pannelli al centro e non i due pali esterni\" \/>\n<meta property=\"og:url\" content=\"https:\/\/www.recinzionipvc.com\/it\/prodotto\/parte-centrale-recinzione-pvc-vienna\/\" \/>\n<meta property=\"og:site_name\" content=\"Recinzioni PVC\" \/>\n<meta property=\"article:publisher\" content=\"https:\/\/www.facebook.com\/ZucchiRecinzioniPVC\" \/>\n<meta property=\"article:modified_time\" content=\"2022-04-07T13:03:10+00:00\" \/>\n<meta property=\"og:image\" content=\"https:\/\/www.recinzionipvc.com\/wp-content\/uploads\/2019\/05\/Vienna_FC5_06-Trasparente-scaled.jpg\" \/>\n\t<meta property=\"og:image:width\" content=\"2560\" \/>\n\t<meta property=\"og:image:height\" content=\"1440\" \/>\n\t<meta property=\"og:image:type\" content=\"image\/jpeg\" \/>\n<meta name=\"twitter:card\" content=\"summary_large_image\" \/>\n<script type=\"application\/ld+json\" class=\"yoast-schema-graph\">{\"@context\":\"https:\/\/schema.org\",\"@graph\":[{\"@type\":\"WebPage\",\"@id\":\"https:\/\/www.recinzionipvc.com\/it\/prodotto\/parte-centrale-recinzione-pvc-vienna\/\",\"url\":\"https:\/\/www.recinzionipvc.com\/it\/prodotto\/parte-centrale-recinzione-pvc-vienna\/\",\"name\":\"Parte Centrale per Recinzione in PVC Modello Vienna\",\"isPartOf\":{\"@id\":\"https:\/\/recinzionipvc.com\/fr\/#website\"},\"primaryImageOfPage\":{\"@id\":\"https:\/\/www.recinzionipvc.com\/it\/prodotto\/parte-centrale-recinzione-pvc-vienna\/#primaryimage\"},\"image\":{\"@id\":\"https:\/\/www.recinzionipvc.com\/it\/prodotto\/parte-centrale-recinzione-pvc-vienna\/#primaryimage\"},\"thumbnailUrl\":\"https:\/\/recinzionipvc.com\/wp-content\/uploads\/2019\/05\/Vienna_FC5_06-Trasparente-scaled.jpg\",\"datePublished\":\"2019-05-10T13:13:30+00:00\",\"dateModified\":\"2022-04-07T13:03:10+00:00\",\"description\":\"La Parte Centrale della nostra Recinzione in PVC, Vienna, comprende solamente i pannelli al centro e non i due pali esterni\",\"breadcrumb\":{\"@id\":\"https:\/\/www.recinzionipvc.com\/it\/prodotto\/parte-centrale-recinzione-pvc-vienna\/#breadcrumb\"},\"inLanguage\":\"it-IT\",\"potentialAction\":[{\"@type\":\"ReadAction\",\"target\":[\"https:\/\/www.recinzionipvc.com\/it\/prodotto\/parte-centrale-recinzione-pvc-vienna\/\"]}]},{\"@type\":\"ImageObject\",\"inLanguage\":\"it-IT\",\"@id\":\"https:\/\/www.recinzionipvc.com\/it\/prodotto\/parte-centrale-recinzione-pvc-vienna\/#primaryimage\",\"url\":\"https:\/\/recinzionipvc.com\/wp-content\/uploads\/2019\/05\/Vienna_FC5_06-Trasparente-scaled.jpg\",\"contentUrl\":\"https:\/\/recinzionipvc.com\/wp-content\/uploads\/2019\/05\/Vienna_FC5_06-Trasparente-scaled.jpg\",\"width\":2560,\"height\":1440},{\"@type\":\"BreadcrumbList\",\"@id\":\"https:\/\/www.recinzionipvc.com\/it\/prodotto\/parte-centrale-recinzione-pvc-vienna\/#breadcrumb\",\"itemListElement\":[{\"@type\":\"ListItem\",\"position\":1,\"name\":\"Home\",\"item\":\"https:\/\/recinzionipvc.com\/it\/\"},{\"@type\":\"ListItem\",\"position\":2,\"name\":\"Shop\",\"item\":\"https:\/\/recinzionipvc.com\/it\/negozio\/\"},{\"@type\":\"ListItem\",\"position\":3,\"name\":\"Vienna Parte Centrale\"}]},{\"@type\":\"WebSite\",\"@id\":\"https:\/\/recinzionipvc.com\/fr\/#website\",\"url\":\"https:\/\/recinzionipvc.com\/fr\/\",\"name\":\"Recinzioni PVC\",\"description\":\"La tua prossima recinzione, direttamente creata da te!\",\"potentialAction\":[{\"@type\":\"SearchAction\",\"target\":{\"@type\":\"EntryPoint\",\"urlTemplate\":\"https:\/\/recinzionipvc.com\/fr\/?s={search_term_string}\"},\"query-input\":\"required name=search_term_string\"}],\"inLanguage\":\"it-IT\"}]}<\/script>\n<!-- \/ Yoast SEO plugin. -->","yoast_head_json":{"title":"Parte Centrale per Recinzione in PVC Modello Vienna","description":"La Parte Centrale della nostra Recinzione in PVC, Vienna, comprende solamente i pannelli al centro e non i due pali esterni","robots":{"index":"index","follow":"follow","max-snippet":"max-snippet:-1","max-image-preview":"max-image-preview:large","max-video-preview":"max-video-preview:-1"},"canonical":"https:\/\/www.recinzionipvc.com\/it\/prodotto\/parte-centrale-recinzione-pvc-vienna\/","og_locale":"it_IT","og_type":"article","og_title":"Parte Centrale per Recinzione in PVC Modello Vienna","og_description":"La Parte Centrale della nostra Recinzione in PVC, Vienna, comprende solamente i pannelli al centro e non i due pali esterni","og_url":"https:\/\/www.recinzionipvc.com\/it\/prodotto\/parte-centrale-recinzione-pvc-vienna\/","og_site_name":"Recinzioni PVC","article_publisher":"https:\/\/www.facebook.com\/ZucchiRecinzioniPVC","article_modified_time":"2022-04-07T13:03:10+00:00","og_image":[{"width":2560,"height":1440,"url":"https:\/\/www.recinzionipvc.com\/wp-content\/uploads\/2019\/05\/Vienna_FC5_06-Trasparente-scaled.jpg","type":"image\/jpeg"}],"twitter_card":"summary_large_image","schema":{"@context":"https:\/\/schema.org","@graph":[{"@type":"WebPage","@id":"https:\/\/www.recinzionipvc.com\/it\/prodotto\/parte-centrale-recinzione-pvc-vienna\/","url":"https:\/\/www.recinzionipvc.com\/it\/prodotto\/parte-centrale-recinzione-pvc-vienna\/","name":"Parte Centrale per Recinzione in PVC Modello Vienna","isPartOf":{"@id":"https:\/\/recinzionipvc.com\/fr\/#website"},"primaryImageOfPage":{"@id":"https:\/\/www.recinzionipvc.com\/it\/prodotto\/parte-centrale-recinzione-pvc-vienna\/#primaryimage"},"image":{"@id":"https:\/\/www.recinzionipvc.com\/it\/prodotto\/parte-centrale-recinzione-pvc-vienna\/#primaryimage"},"thumbnailUrl":"https:\/\/recinzionipvc.com\/wp-content\/uploads\/2019\/05\/Vienna_FC5_06-Trasparente-scaled.jpg","datePublished":"2019-05-10T13:13:30+00:00","dateModified":"2022-04-07T13:03:10+00:00","description":"La Parte Centrale della nostra Recinzione in PVC, Vienna, comprende solamente i pannelli al centro e non i due pali esterni","breadcrumb":{"@id":"https:\/\/www.recinzionipvc.com\/it\/prodotto\/parte-centrale-recinzione-pvc-vienna\/#breadcrumb"},"inLanguage":"it-IT","potentialAction":[{"@type":"ReadAction","target":["https:\/\/www.recinzionipvc.com\/it\/prodotto\/parte-centrale-recinzione-pvc-vienna\/"]}]},{"@type":"ImageObject","inLanguage":"it-IT","@id":"https:\/\/www.recinzionipvc.com\/it\/prodotto\/parte-centrale-recinzione-pvc-vienna\/#primaryimage","url":"https:\/\/recinzionipvc.com\/wp-content\/uploads\/2019\/05\/Vienna_FC5_06-Trasparente-scaled.jpg","contentUrl":"https:\/\/recinzionipvc.com\/wp-content\/uploads\/2019\/05\/Vienna_FC5_06-Trasparente-scaled.jpg","width":2560,"height":1440},{"@type":"BreadcrumbList","@id":"https:\/\/www.recinzionipvc.com\/it\/prodotto\/parte-centrale-recinzione-pvc-vienna\/#breadcrumb","itemListElement":[{"@type":"ListItem","position":1,"name":"Home","item":"https:\/\/recinzionipvc.com\/it\/"},{"@type":"ListItem","position":2,"name":"Shop","item":"https:\/\/recinzionipvc.com\/it\/negozio\/"},{"@type":"ListItem","position":3,"name":"Vienna Parte Centrale"}]},{"@type":"WebSite","@id":"https:\/\/recinzionipvc.com\/fr\/#website","url":"https:\/\/recinzionipvc.com\/fr\/","name":"Recinzioni PVC","description":"La tua prossima recinzione, direttamente creata da te!","potentialAction":[{"@type":"SearchAction","target":{"@type":"EntryPoint","urlTemplate":"https:\/\/recinzionipvc.com\/fr\/?s={search_term_string}"},"query-input":"required name=search_term_string"}],"inLanguage":"it-IT"}]}},"_links":{"self":[{"href":"https:\/\/recinzionipvc.com\/it\/wp-json\/wp\/v2\/product\/148"}],"collection":[{"href":"https:\/\/recinzionipvc.com\/it\/wp-json\/wp\/v2\/product"}],"about":[{"href":"https:\/\/recinzionipvc.com\/it\/wp-json\/wp\/v2\/types\/product"}],"replies":[{"embeddable":true,"href":"https:\/\/recinzionipvc.com\/it\/wp-json\/wp\/v2\/comments?post=148"}],"wp:featuredmedia":[{"embeddable":true,"href":"https:\/\/recinzionipvc.com\/it\/wp-json\/wp\/v2\/media\/4792"}],"wp:attachment":[{"href":"https:\/\/recinzionipvc.com\/it\/wp-json\/wp\/v2\/media?parent=148"}],"wp:term":[{"taxonomy":"product_cat","embeddable":true,"href":"https:\/\/recinzionipvc.com\/it\/wp-json\/wp\/v2\/product_cat?post=148"},{"taxonomy":"product_tag","embeddable":true,"href":"https:\/\/recinzionipvc.com\/it\/wp-json\/wp\/v2\/product_tag?post=148"}],"curies":[{"name":"wp","href":"https:\/\/api.w.org\/{rel}","templated":true}]}}