{"id":3866,"date":"2020-01-13T09:11:06","date_gmt":"2020-01-13T09:11:06","guid":{"rendered":"http:\/\/52.213.162.151\/?post_type=product&#038;p=3866"},"modified":"2022-04-13T11:06:36","modified_gmt":"2022-04-13T09:06:36","slug":"madrid-palo-angolare-recinzione-pvc","status":"publish","type":"product","link":"https:\/\/recinzionipvc.com\/it\/prodotto\/madrid-palo-angolare-recinzione-pvc\/","title":{"rendered":"Madrid Palo Angolare"},"content":{"rendered":"<strong><em>Palo angolare utile per collegare una parte centrale ad un\u2019altra quando c&#8217;\u00e8 la presenza di un angolo a 90\u00b0.<\/em><\/strong>\r\n\r\n<em><strong>Altezze disponibili: 0,80mt\/ 1,00mt \/ 1,22mt<\/strong><\/em>\r\n\r\n<em><strong>Da utilizzare solo ed esclusivamente con il modello <a href=\"https:\/\/www.recinzionipvc.com\/it\/modelli-differenti-di-recinzioni-in-pvc\/recinzione-pvc-modello-madrid-famiglia-privacy\/\">Madrid<\/a>.<\/strong><\/em>","protected":false},"excerpt":{"rendered":"<strong><i>Il palo angolare presenta le fresature su due lati a 90\u00b0 e serve nel momento in cui si presenta un angolo e c\u2019\u00e8 la necessit\u00e0 di unire due parti centrali.<\/i><\/strong>\r\n\r\n<strong><i>Questa tipologia di palo, quando si tratta di un\u2019installazione nel cemento, necessita l\u2019accoppiamento con il palo in acciaio (il quale \u00e8 a parte) per poterlo su di un muretto o basamento in cemento.<\/i><\/strong>\r\n\r\n<em><strong>Questo palo \u00e8 da utilizzare solo ed esclusivamente con il modello <a href=\"https:\/\/www.recinzionipvc.com\/it\/modelli-differenti-di-recinzioni-in-pvc\/recinzione-pvc-modello-madrid-famiglia-privacy\/\">Madrid<\/a>.<\/strong><\/em>","protected":false},"featured_media":413,"comment_status":"open","ping_status":"closed","template":"","meta":[],"product_cat":[105,34],"product_tag":[78,77,79,57,86,85,21,58],"yoast_head":"<!-- This site is optimized with the Yoast SEO plugin v22.4 - https:\/\/yoast.com\/wordpress\/plugins\/seo\/ -->\n<title>Palo Angolare per Recinzione in PVC Modello Madrid<\/title>\n<meta name=\"description\" content=\"Palo Angolare per Recinzione in PVC, modello Madrid: \u00e8 utilizzato quando vi \u00e8 la presenza di uno o pi\u00f9 angoli nella tratta da recintare\" \/>\n<meta name=\"robots\" content=\"index, follow, max-snippet:-1, max-image-preview:large, max-video-preview:-1\" \/>\n<link rel=\"canonical\" href=\"https:\/\/recinzionipvc.com\/it\/prodotto\/madrid-palo-angolare-recinzione-pvc\/\" \/>\n<meta property=\"og:locale\" content=\"it_IT\" \/>\n<meta property=\"og:type\" content=\"article\" \/>\n<meta property=\"og:title\" content=\"Palo Angolare per Recinzione in PVC Modello Madrid\" \/>\n<meta property=\"og:description\" content=\"Palo Angolare per Recinzione in PVC, modello Madrid: \u00e8 utilizzato quando vi \u00e8 la presenza di uno o pi\u00f9 angoli nella tratta da recintare\" \/>\n<meta property=\"og:url\" content=\"https:\/\/recinzionipvc.com\/it\/prodotto\/madrid-palo-angolare-recinzione-pvc\/\" \/>\n<meta property=\"og:site_name\" content=\"Recinzioni PVC\" \/>\n<meta property=\"article:publisher\" content=\"https:\/\/www.facebook.com\/ZucchiRecinzioniPVC\" \/>\n<meta property=\"article:modified_time\" content=\"2022-04-13T09:06:36+00:00\" \/>\n<meta property=\"og:image\" content=\"https:\/\/recinzionipvc.com\/wp-content\/uploads\/2019\/06\/palo_angolo.png\" \/>\n\t<meta property=\"og:image:width\" content=\"125\" \/>\n\t<meta property=\"og:image:height\" content=\"128\" \/>\n\t<meta property=\"og:image:type\" content=\"image\/png\" \/>\n<meta name=\"twitter:card\" content=\"summary_large_image\" \/>\n<script type=\"application\/ld+json\" class=\"yoast-schema-graph\">{\"@context\":\"https:\/\/schema.org\",\"@graph\":[{\"@type\":\"WebPage\",\"@id\":\"https:\/\/recinzionipvc.com\/it\/prodotto\/madrid-palo-angolare-recinzione-pvc\/\",\"url\":\"https:\/\/recinzionipvc.com\/it\/prodotto\/madrid-palo-angolare-recinzione-pvc\/\",\"name\":\"Palo Angolare per Recinzione in PVC Modello Madrid\",\"isPartOf\":{\"@id\":\"https:\/\/recinzionipvc.com\/it\/#website\"},\"primaryImageOfPage\":{\"@id\":\"https:\/\/recinzionipvc.com\/it\/prodotto\/madrid-palo-angolare-recinzione-pvc\/#primaryimage\"},\"image\":{\"@id\":\"https:\/\/recinzionipvc.com\/it\/prodotto\/madrid-palo-angolare-recinzione-pvc\/#primaryimage\"},\"thumbnailUrl\":\"https:\/\/recinzionipvc.com\/wp-content\/uploads\/2019\/06\/palo_angolo.png\",\"datePublished\":\"2020-01-13T09:11:06+00:00\",\"dateModified\":\"2022-04-13T09:06:36+00:00\",\"description\":\"Palo Angolare per Recinzione in PVC, modello Madrid: \u00e8 utilizzato quando vi \u00e8 la presenza di uno o pi\u00f9 angoli nella tratta da recintare\",\"breadcrumb\":{\"@id\":\"https:\/\/recinzionipvc.com\/it\/prodotto\/madrid-palo-angolare-recinzione-pvc\/#breadcrumb\"},\"inLanguage\":\"it-IT\",\"potentialAction\":[{\"@type\":\"ReadAction\",\"target\":[\"https:\/\/recinzionipvc.com\/it\/prodotto\/madrid-palo-angolare-recinzione-pvc\/\"]}]},{\"@type\":\"ImageObject\",\"inLanguage\":\"it-IT\",\"@id\":\"https:\/\/recinzionipvc.com\/it\/prodotto\/madrid-palo-angolare-recinzione-pvc\/#primaryimage\",\"url\":\"https:\/\/recinzionipvc.com\/wp-content\/uploads\/2019\/06\/palo_angolo.png\",\"contentUrl\":\"https:\/\/recinzionipvc.com\/wp-content\/uploads\/2019\/06\/palo_angolo.png\",\"width\":125,\"height\":128},{\"@type\":\"BreadcrumbList\",\"@id\":\"https:\/\/recinzionipvc.com\/it\/prodotto\/madrid-palo-angolare-recinzione-pvc\/#breadcrumb\",\"itemListElement\":[{\"@type\":\"ListItem\",\"position\":1,\"name\":\"Home\",\"item\":\"https:\/\/www.recinzionipvc.com\/it\/\"},{\"@type\":\"ListItem\",\"position\":2,\"name\":\"Shop\",\"item\":\"https:\/\/recinzionipvc.com\/it\/negozio\/\"},{\"@type\":\"ListItem\",\"position\":3,\"name\":\"Madrid Palo Angolare\"}]},{\"@type\":\"WebSite\",\"@id\":\"https:\/\/recinzionipvc.com\/it\/#website\",\"url\":\"https:\/\/recinzionipvc.com\/it\/\",\"name\":\"Recinzioni PVC\",\"description\":\"La tua prossima recinzione, direttamente creata da te!\",\"potentialAction\":[{\"@type\":\"SearchAction\",\"target\":{\"@type\":\"EntryPoint\",\"urlTemplate\":\"https:\/\/recinzionipvc.com\/it\/?s={search_term_string}\"},\"query-input\":\"required name=search_term_string\"}],\"inLanguage\":\"it-IT\"}]}<\/script>\n<!-- \/ Yoast SEO plugin. -->","yoast_head_json":{"title":"Palo Angolare per Recinzione in PVC Modello Madrid","description":"Palo Angolare per Recinzione in PVC, modello Madrid: \u00e8 utilizzato quando vi \u00e8 la presenza di uno o pi\u00f9 angoli nella tratta da recintare","robots":{"index":"index","follow":"follow","max-snippet":"max-snippet:-1","max-image-preview":"max-image-preview:large","max-video-preview":"max-video-preview:-1"},"canonical":"https:\/\/recinzionipvc.com\/it\/prodotto\/madrid-palo-angolare-recinzione-pvc\/","og_locale":"it_IT","og_type":"article","og_title":"Palo Angolare per Recinzione in PVC Modello Madrid","og_description":"Palo Angolare per Recinzione in PVC, modello Madrid: \u00e8 utilizzato quando vi \u00e8 la presenza di uno o pi\u00f9 angoli nella tratta da recintare","og_url":"https:\/\/recinzionipvc.com\/it\/prodotto\/madrid-palo-angolare-recinzione-pvc\/","og_site_name":"Recinzioni PVC","article_publisher":"https:\/\/www.facebook.com\/ZucchiRecinzioniPVC","article_modified_time":"2022-04-13T09:06:36+00:00","og_image":[{"width":125,"height":128,"url":"https:\/\/recinzionipvc.com\/wp-content\/uploads\/2019\/06\/palo_angolo.png","type":"image\/png"}],"twitter_card":"summary_large_image","schema":{"@context":"https:\/\/schema.org","@graph":[{"@type":"WebPage","@id":"https:\/\/recinzionipvc.com\/it\/prodotto\/madrid-palo-angolare-recinzione-pvc\/","url":"https:\/\/recinzionipvc.com\/it\/prodotto\/madrid-palo-angolare-recinzione-pvc\/","name":"Palo Angolare per Recinzione in PVC Modello Madrid","isPartOf":{"@id":"https:\/\/recinzionipvc.com\/it\/#website"},"primaryImageOfPage":{"@id":"https:\/\/recinzionipvc.com\/it\/prodotto\/madrid-palo-angolare-recinzione-pvc\/#primaryimage"},"image":{"@id":"https:\/\/recinzionipvc.com\/it\/prodotto\/madrid-palo-angolare-recinzione-pvc\/#primaryimage"},"thumbnailUrl":"https:\/\/recinzionipvc.com\/wp-content\/uploads\/2019\/06\/palo_angolo.png","datePublished":"2020-01-13T09:11:06+00:00","dateModified":"2022-04-13T09:06:36+00:00","description":"Palo Angolare per Recinzione in PVC, modello Madrid: \u00e8 utilizzato quando vi \u00e8 la presenza di uno o pi\u00f9 angoli nella tratta da recintare","breadcrumb":{"@id":"https:\/\/recinzionipvc.com\/it\/prodotto\/madrid-palo-angolare-recinzione-pvc\/#breadcrumb"},"inLanguage":"it-IT","potentialAction":[{"@type":"ReadAction","target":["https:\/\/recinzionipvc.com\/it\/prodotto\/madrid-palo-angolare-recinzione-pvc\/"]}]},{"@type":"ImageObject","inLanguage":"it-IT","@id":"https:\/\/recinzionipvc.com\/it\/prodotto\/madrid-palo-angolare-recinzione-pvc\/#primaryimage","url":"https:\/\/recinzionipvc.com\/wp-content\/uploads\/2019\/06\/palo_angolo.png","contentUrl":"https:\/\/recinzionipvc.com\/wp-content\/uploads\/2019\/06\/palo_angolo.png","width":125,"height":128},{"@type":"BreadcrumbList","@id":"https:\/\/recinzionipvc.com\/it\/prodotto\/madrid-palo-angolare-recinzione-pvc\/#breadcrumb","itemListElement":[{"@type":"ListItem","position":1,"name":"Home","item":"https:\/\/www.recinzionipvc.com\/it\/"},{"@type":"ListItem","position":2,"name":"Shop","item":"https:\/\/recinzionipvc.com\/it\/negozio\/"},{"@type":"ListItem","position":3,"name":"Madrid Palo Angolare"}]},{"@type":"WebSite","@id":"https:\/\/recinzionipvc.com\/it\/#website","url":"https:\/\/recinzionipvc.com\/it\/","name":"Recinzioni PVC","description":"La tua prossima recinzione, direttamente creata da te!","potentialAction":[{"@type":"SearchAction","target":{"@type":"EntryPoint","urlTemplate":"https:\/\/recinzionipvc.com\/it\/?s={search_term_string}"},"query-input":"required name=search_term_string"}],"inLanguage":"it-IT"}]}},"_links":{"self":[{"href":"https:\/\/recinzionipvc.com\/it\/wp-json\/wp\/v2\/product\/3866"}],"collection":[{"href":"https:\/\/recinzionipvc.com\/it\/wp-json\/wp\/v2\/product"}],"about":[{"href":"https:\/\/recinzionipvc.com\/it\/wp-json\/wp\/v2\/types\/product"}],"replies":[{"embeddable":true,"href":"https:\/\/recinzionipvc.com\/it\/wp-json\/wp\/v2\/comments?post=3866"}],"wp:featuredmedia":[{"embeddable":true,"href":"https:\/\/recinzionipvc.com\/it\/wp-json\/wp\/v2\/media\/413"}],"wp:attachment":[{"href":"https:\/\/recinzionipvc.com\/it\/wp-json\/wp\/v2\/media?parent=3866"}],"wp:term":[{"taxonomy":"product_cat","embeddable":true,"href":"https:\/\/recinzionipvc.com\/it\/wp-json\/wp\/v2\/product_cat?post=3866"},{"taxonomy":"product_tag","embeddable":true,"href":"https:\/\/recinzionipvc.com\/it\/wp-json\/wp\/v2\/product_tag?post=3866"}],"curies":[{"name":"wp","href":"https:\/\/api.w.org\/{rel}","templated":true}]}}