{"id":4143,"date":"2020-01-13T15:52:47","date_gmt":"2020-01-13T15:52:47","guid":{"rendered":"http:\/\/52.213.162.151\/?post_type=product&#038;p=4143"},"modified":"2022-04-22T15:32:38","modified_gmt":"2022-04-22T13:32:38","slug":"firenze-recinzione-pvc-temporanea-temporary","status":"publish","type":"product","link":"https:\/\/recinzionipvc.com\/it\/prodotto\/firenze-recinzione-pvc-temporanea-temporary\/","title":{"rendered":"Firenze"},"content":{"rendered":"<em><strong>Recinzione in PVC temporanea, modello Firenze.<\/strong><\/em>\r\n\r\n<em><strong>Ideale per fiere, congressi, sagre&#8230; facili da montare e da smontare.<\/strong><\/em>\r\n\r\n&nbsp;\r\n\r\n<em><strong>Il modello Firenze fa parte della famiglia <a href=\"https:\/\/www.recinzionipvc.com\/it\/famiglie-recinzioni-in-pvc\/recinzioni-pvc-famiglie-temporary\/\">Temporary<\/a>.<\/strong><\/em>","protected":false},"excerpt":{"rendered":"<strong><em>La nostra Recinzione in PVC, modello Firenze, \u00e8 una delle due tipologie delle Recinzioni temporanee; questo tipo di Recinzione in PVC \u00e8 ideale per essere trasportata e cambiata di luogo quante volte si voglia, proprio perch\u00e9 non richiede alcun tipo di installazione nel suolo.<\/em><\/strong>","protected":false},"featured_media":4145,"comment_status":"open","ping_status":"closed","template":"","meta":[],"product_cat":[122,29],"product_tag":[101,102,100,78,63,26,70,71,62,66,68,23,24],"yoast_head":"<!-- This site is optimized with the Yoast SEO plugin v22.4 - https:\/\/yoast.com\/wordpress\/plugins\/seo\/ -->\n<title>Recinzione in PVC Temporanea Modello Firenze, Temporary<\/title>\n<meta name=\"description\" content=\"Recinzione in PVC, Temporanea modello Firenze: \u00e8 il prodotto ideale per manifestazioni perch\u00e8 pu\u00f2 essere montata e smontata tranquillamente\" \/>\n<meta name=\"robots\" content=\"index, follow, max-snippet:-1, max-image-preview:large, max-video-preview:-1\" \/>\n<link rel=\"canonical\" href=\"https:\/\/recinzionipvc.com\/it\/prodotto\/firenze-recinzione-pvc-temporanea-temporary\/\" \/>\n<meta property=\"og:locale\" content=\"it_IT\" \/>\n<meta property=\"og:type\" content=\"article\" \/>\n<meta property=\"og:title\" content=\"Recinzione in PVC Temporanea Modello Firenze, Temporary\" \/>\n<meta property=\"og:description\" content=\"Recinzione in PVC, Temporanea modello Firenze: \u00e8 il prodotto ideale per manifestazioni perch\u00e8 pu\u00f2 essere montata e smontata tranquillamente\" \/>\n<meta property=\"og:url\" content=\"https:\/\/recinzionipvc.com\/it\/prodotto\/firenze-recinzione-pvc-temporanea-temporary\/\" \/>\n<meta property=\"og:site_name\" content=\"Recinzioni PVC\" \/>\n<meta property=\"article:publisher\" content=\"https:\/\/www.facebook.com\/ZucchiRecinzioniPVC\" \/>\n<meta property=\"article:modified_time\" content=\"2022-04-22T13:32:38+00:00\" \/>\n<meta property=\"og:image\" content=\"https:\/\/recinzionipvc.com\/wp-content\/uploads\/2020\/01\/Firenze-2-scaled.jpg\" \/>\n\t<meta property=\"og:image:width\" content=\"2560\" \/>\n\t<meta property=\"og:image:height\" content=\"1440\" \/>\n\t<meta property=\"og:image:type\" content=\"image\/jpeg\" \/>\n<meta name=\"twitter:card\" content=\"summary_large_image\" \/>\n<script type=\"application\/ld+json\" class=\"yoast-schema-graph\">{\"@context\":\"https:\/\/schema.org\",\"@graph\":[{\"@type\":\"WebPage\",\"@id\":\"https:\/\/recinzionipvc.com\/it\/prodotto\/firenze-recinzione-pvc-temporanea-temporary\/\",\"url\":\"https:\/\/recinzionipvc.com\/it\/prodotto\/firenze-recinzione-pvc-temporanea-temporary\/\",\"name\":\"Recinzione in PVC Temporanea Modello Firenze, Temporary\",\"isPartOf\":{\"@id\":\"https:\/\/recinzionipvc.com\/it\/#website\"},\"primaryImageOfPage\":{\"@id\":\"https:\/\/recinzionipvc.com\/it\/prodotto\/firenze-recinzione-pvc-temporanea-temporary\/#primaryimage\"},\"image\":{\"@id\":\"https:\/\/recinzionipvc.com\/it\/prodotto\/firenze-recinzione-pvc-temporanea-temporary\/#primaryimage\"},\"thumbnailUrl\":\"https:\/\/recinzionipvc.com\/wp-content\/uploads\/2020\/01\/Firenze-2-scaled.jpg\",\"datePublished\":\"2020-01-13T15:52:47+00:00\",\"dateModified\":\"2022-04-22T13:32:38+00:00\",\"description\":\"Recinzione in PVC, Temporanea modello Firenze: \u00e8 il prodotto ideale per manifestazioni perch\u00e8 pu\u00f2 essere montata e smontata tranquillamente\",\"breadcrumb\":{\"@id\":\"https:\/\/recinzionipvc.com\/it\/prodotto\/firenze-recinzione-pvc-temporanea-temporary\/#breadcrumb\"},\"inLanguage\":\"it-IT\",\"potentialAction\":[{\"@type\":\"ReadAction\",\"target\":[\"https:\/\/recinzionipvc.com\/it\/prodotto\/firenze-recinzione-pvc-temporanea-temporary\/\"]}]},{\"@type\":\"ImageObject\",\"inLanguage\":\"it-IT\",\"@id\":\"https:\/\/recinzionipvc.com\/it\/prodotto\/firenze-recinzione-pvc-temporanea-temporary\/#primaryimage\",\"url\":\"https:\/\/recinzionipvc.com\/wp-content\/uploads\/2020\/01\/Firenze-2-scaled.jpg\",\"contentUrl\":\"https:\/\/recinzionipvc.com\/wp-content\/uploads\/2020\/01\/Firenze-2-scaled.jpg\",\"width\":2560,\"height\":1440},{\"@type\":\"BreadcrumbList\",\"@id\":\"https:\/\/recinzionipvc.com\/it\/prodotto\/firenze-recinzione-pvc-temporanea-temporary\/#breadcrumb\",\"itemListElement\":[{\"@type\":\"ListItem\",\"position\":1,\"name\":\"Home\",\"item\":\"https:\/\/www.recinzionipvc.com\/it\/\"},{\"@type\":\"ListItem\",\"position\":2,\"name\":\"Shop\",\"item\":\"https:\/\/recinzionipvc.com\/it\/negozio\/\"},{\"@type\":\"ListItem\",\"position\":3,\"name\":\"Firenze\"}]},{\"@type\":\"WebSite\",\"@id\":\"https:\/\/recinzionipvc.com\/it\/#website\",\"url\":\"https:\/\/recinzionipvc.com\/it\/\",\"name\":\"Recinzioni PVC\",\"description\":\"La tua prossima recinzione, direttamente creata da te!\",\"potentialAction\":[{\"@type\":\"SearchAction\",\"target\":{\"@type\":\"EntryPoint\",\"urlTemplate\":\"https:\/\/recinzionipvc.com\/it\/?s={search_term_string}\"},\"query-input\":\"required name=search_term_string\"}],\"inLanguage\":\"it-IT\"}]}<\/script>\n<!-- \/ Yoast SEO plugin. -->","yoast_head_json":{"title":"Recinzione in PVC Temporanea Modello Firenze, Temporary","description":"Recinzione in PVC, Temporanea modello Firenze: \u00e8 il prodotto ideale per manifestazioni perch\u00e8 pu\u00f2 essere montata e smontata tranquillamente","robots":{"index":"index","follow":"follow","max-snippet":"max-snippet:-1","max-image-preview":"max-image-preview:large","max-video-preview":"max-video-preview:-1"},"canonical":"https:\/\/recinzionipvc.com\/it\/prodotto\/firenze-recinzione-pvc-temporanea-temporary\/","og_locale":"it_IT","og_type":"article","og_title":"Recinzione in PVC Temporanea Modello Firenze, Temporary","og_description":"Recinzione in PVC, Temporanea modello Firenze: \u00e8 il prodotto ideale per manifestazioni perch\u00e8 pu\u00f2 essere montata e smontata tranquillamente","og_url":"https:\/\/recinzionipvc.com\/it\/prodotto\/firenze-recinzione-pvc-temporanea-temporary\/","og_site_name":"Recinzioni PVC","article_publisher":"https:\/\/www.facebook.com\/ZucchiRecinzioniPVC","article_modified_time":"2022-04-22T13:32:38+00:00","og_image":[{"width":2560,"height":1440,"url":"https:\/\/recinzionipvc.com\/wp-content\/uploads\/2020\/01\/Firenze-2-scaled.jpg","type":"image\/jpeg"}],"twitter_card":"summary_large_image","schema":{"@context":"https:\/\/schema.org","@graph":[{"@type":"WebPage","@id":"https:\/\/recinzionipvc.com\/it\/prodotto\/firenze-recinzione-pvc-temporanea-temporary\/","url":"https:\/\/recinzionipvc.com\/it\/prodotto\/firenze-recinzione-pvc-temporanea-temporary\/","name":"Recinzione in PVC Temporanea Modello Firenze, Temporary","isPartOf":{"@id":"https:\/\/recinzionipvc.com\/it\/#website"},"primaryImageOfPage":{"@id":"https:\/\/recinzionipvc.com\/it\/prodotto\/firenze-recinzione-pvc-temporanea-temporary\/#primaryimage"},"image":{"@id":"https:\/\/recinzionipvc.com\/it\/prodotto\/firenze-recinzione-pvc-temporanea-temporary\/#primaryimage"},"thumbnailUrl":"https:\/\/recinzionipvc.com\/wp-content\/uploads\/2020\/01\/Firenze-2-scaled.jpg","datePublished":"2020-01-13T15:52:47+00:00","dateModified":"2022-04-22T13:32:38+00:00","description":"Recinzione in PVC, Temporanea modello Firenze: \u00e8 il prodotto ideale per manifestazioni perch\u00e8 pu\u00f2 essere montata e smontata tranquillamente","breadcrumb":{"@id":"https:\/\/recinzionipvc.com\/it\/prodotto\/firenze-recinzione-pvc-temporanea-temporary\/#breadcrumb"},"inLanguage":"it-IT","potentialAction":[{"@type":"ReadAction","target":["https:\/\/recinzionipvc.com\/it\/prodotto\/firenze-recinzione-pvc-temporanea-temporary\/"]}]},{"@type":"ImageObject","inLanguage":"it-IT","@id":"https:\/\/recinzionipvc.com\/it\/prodotto\/firenze-recinzione-pvc-temporanea-temporary\/#primaryimage","url":"https:\/\/recinzionipvc.com\/wp-content\/uploads\/2020\/01\/Firenze-2-scaled.jpg","contentUrl":"https:\/\/recinzionipvc.com\/wp-content\/uploads\/2020\/01\/Firenze-2-scaled.jpg","width":2560,"height":1440},{"@type":"BreadcrumbList","@id":"https:\/\/recinzionipvc.com\/it\/prodotto\/firenze-recinzione-pvc-temporanea-temporary\/#breadcrumb","itemListElement":[{"@type":"ListItem","position":1,"name":"Home","item":"https:\/\/www.recinzionipvc.com\/it\/"},{"@type":"ListItem","position":2,"name":"Shop","item":"https:\/\/recinzionipvc.com\/it\/negozio\/"},{"@type":"ListItem","position":3,"name":"Firenze"}]},{"@type":"WebSite","@id":"https:\/\/recinzionipvc.com\/it\/#website","url":"https:\/\/recinzionipvc.com\/it\/","name":"Recinzioni PVC","description":"La tua prossima recinzione, direttamente creata da te!","potentialAction":[{"@type":"SearchAction","target":{"@type":"EntryPoint","urlTemplate":"https:\/\/recinzionipvc.com\/it\/?s={search_term_string}"},"query-input":"required name=search_term_string"}],"inLanguage":"it-IT"}]}},"_links":{"self":[{"href":"https:\/\/recinzionipvc.com\/it\/wp-json\/wp\/v2\/product\/4143"}],"collection":[{"href":"https:\/\/recinzionipvc.com\/it\/wp-json\/wp\/v2\/product"}],"about":[{"href":"https:\/\/recinzionipvc.com\/it\/wp-json\/wp\/v2\/types\/product"}],"replies":[{"embeddable":true,"href":"https:\/\/recinzionipvc.com\/it\/wp-json\/wp\/v2\/comments?post=4143"}],"wp:featuredmedia":[{"embeddable":true,"href":"https:\/\/recinzionipvc.com\/it\/wp-json\/wp\/v2\/media\/4145"}],"wp:attachment":[{"href":"https:\/\/recinzionipvc.com\/it\/wp-json\/wp\/v2\/media?parent=4143"}],"wp:term":[{"taxonomy":"product_cat","embeddable":true,"href":"https:\/\/recinzionipvc.com\/it\/wp-json\/wp\/v2\/product_cat?post=4143"},{"taxonomy":"product_tag","embeddable":true,"href":"https:\/\/recinzionipvc.com\/it\/wp-json\/wp\/v2\/product_tag?post=4143"}],"curies":[{"name":"wp","href":"https:\/\/api.w.org\/{rel}","templated":true}]}}